{"id":134,"date":"2020-10-27T11:33:55","date_gmt":"2020-10-27T10:33:55","guid":{"rendered":"https:\/\/hungerprojekt.ch\/?page_id=134"},"modified":"2026-03-09T08:35:01","modified_gmt":"2026-03-09T07:35:01","slug":"wer-wir-sind","status":"publish","type":"page","link":"https:\/\/hungerprojekt.ch\/de\/wer-wir-sind\/","title":{"rendered":"Wer wir sind"},"content":{"rendered":"<div class=\"wpb-content-wrapper\"><p>[vc_row css_animation=&#8220;&#8220; row_type=&#8220;row&#8220; use_row_as_full_screen_section=&#8220;no&#8220; type=&#8220;full_width&#8220; angled_section=&#8220;no&#8220; text_align=&#8220;center&#8220; background_image_as_pattern=&#8220;without_pattern&#8220; z_index=&#8220;&#8220; css=&#8220;.vc_custom_1603794829461{background-color: #ffffff !important;}&#8220;][vc_column][vc_row_inner row_type=&#8220;row&#8220; type=&#8220;full_width&#8220; text_align=&#8220;center&#8220; css_animation=&#8220;&#8220;][vc_column_inner offset=&#8220;vc_hidden-sm vc_hidden-xs&#8220; css=&#8220;.vc_custom_1603796078825{padding-top: 500px !important;background-image: url(https:\/\/hungerprojekt.ch\/wp-content\/uploads\/2020\/10\/5016074_20d255afb5_k.jpg?id=141) !important;background-position: center !important;background-repeat: no-repeat !important;background-size: cover !important;}&#8220;][\/vc_column_inner][\/vc_row_inner][vc_row_inner row_type=&#8220;row&#8220; type=&#8220;full_width&#8220; text_align=&#8220;center&#8220; css_animation=&#8220;&#8220;][vc_column_inner offset=&#8220;vc_hidden-lg vc_hidden-md&#8220; css=&#8220;.vc_custom_1603796090705{padding-top: 200px !important;background-image: url(https:\/\/hungerprojekt.ch\/wp-content\/uploads\/2020\/10\/5016074_20d255afb5_k.jpg?id=141) !important;background-position: center !important;background-repeat: no-repeat !important;background-size: cover !important;}&#8220;][\/vc_column_inner][\/vc_row_inner][vc_row_inner row_type=&#8220;row&#8220; type=&#8220;grid&#8220; text_align=&#8220;center&#8220; css_animation=&#8220;&#8220;][vc_column_inner width=&#8220;1\/6&#8243;][\/vc_column_inner][vc_column_inner width=&#8220;2\/3&#8243; css=&#8220;.vc_custom_1604575186633{margin-top: -100px !important;background-color: #ffffff !important;}&#8220;][vc_column_text]<\/p>\n<div class=\"et_pb_module et_pb_text et_pb_text_0 et_pb_text_align_center et_pb_bg_layout_light\">\n<div class=\"et_pb_text_inner\">\n<h1 style=\"text-align: center;\">Wer wir sind<\/h1>\n<\/div>\n<\/div>\n<p>&nbsp;<\/p>\n<div class=\"et_pb_module et_pb_text et_pb_text_1 et_pb_text_align_center et_pb_bg_layout_light\">\n<div class=\"et_pb_text_inner\">\n<p style=\"text-align: center;\">Das Hunger Projekt ist eine globale Non-profit Hilfsorganisation im Bereich der Entwicklungshilfe. Als internationale Bewegung verfolgt sie das Ziel, den Welthunger und extreme Armut zu \u00fcberwinden.<\/p>\n<\/div>\n<\/div>\n<p>[\/vc_column_text][\/vc_column_inner][vc_column_inner width=&#8220;1\/6&#8243;][\/vc_column_inner][\/vc_row_inner][vc_row_inner row_type=&#8220;row&#8220; type=&#8220;grid&#8220; text_align=&#8220;center&#8220; css_animation=&#8220;&#8220;][vc_column_inner width=&#8220;1\/6&#8243;][\/vc_column_inner][vc_column_inner width=&#8220;1\/6&#8243;][\/vc_column_inner][vc_column_inner width=&#8220;1\/6&#8243;][vc_empty_space height=&#8220;30&#8243;]<a  itemprop=\"url\" href=\"\/wer-wir-sind\/organisation\/\" target=\"_self\" data-hover-background-color='#00beaf' data-hover-border-color='#00beaf' data-hover-color='#ffffff' class=\"qbutton  small center default\" style=\"color: #00beaf; border-color: #00beaf; font-style: normal; font-weight: 700; font-family: Source Sans Pro; text-transform: uppercase; background-color: #ffffff;\">Organisation<\/a>[\/vc_column_inner][vc_column_inner width=&#8220;1\/6&#8243;][vc_empty_space height=&#8220;30&#8243;]<a  itemprop=\"url\" href=\"\/spenden\/\" target=\"_self\" data-hover-background-color='#0011aa' data-hover-border-color='#0011aa' data-hover-color='#ffffff' class=\"qbutton  small center default\" style=\"color: #ffffff; border-color: #0011aa; font-style: normal; font-weight: 700; font-family: Source Sans Pro; text-transform: uppercase; background-color: #0011aa;\">Jetzt spenden<\/a>[\/vc_column_inner][vc_column_inner width=&#8220;1\/6&#8243;][\/vc_column_inner][vc_column_inner width=&#8220;1\/6&#8243;][\/vc_column_inner][\/vc_row_inner][vc_row_inner row_type=&#8220;row&#8220; type=&#8220;grid&#8220; text_align=&#8220;center&#8220; css_animation=&#8220;&#8220; css=&#8220;.vc_custom_1605968075521{margin-top: 90px !important;}&#8220;][vc_column_inner]<div class=\"qode_video_box disabled_hover_zoom\">\n\t<a itemprop=\"image\" class=\"qode_video_image\" href=\"https:\/\/www.youtube.com\/watch?v=cY_iAEGL-1g\" data-rel=\"prettyPhoto\">\n\t\t\t\n\t\t\t<img decoding=\"async\" src=\"https:\/\/hungerprojekt.ch\/wp-content\/uploads\/2020\/10\/48260025486_96cc4538ce_c.jpg\" \/>\n\t\t\t<span class=\"qode_video_box_button_holder\">\n\t\t\t\t<span class=\"qode_video_box_button\">\n\t\t\t\t\t<span class=\"qode_video_box_button_arrow\">\n\t\t\t\t\t<\/span>\n\t\t\t\t<\/span>\n\t\t\t<\/span>\n\t\t\t<\/a>\n<\/div>[\/vc_column_inner][\/vc_row_inner][vc_row_inner row_type=&#8220;row&#8220; type=&#8220;grid&#8220; text_align=&#8220;center&#8220; css_animation=&#8220;&#8220; css=&#8220;.vc_custom_1605719548373{margin-top: 70px !important;background-color: #ffffff !important;}&#8220;][vc_column_inner css=&#8220;.vc_custom_1603804560748{background-color: #ffffff !important;}&#8220;][vc_column_text]<\/p>\n<div class=\"et_pb_module et_pb_text et_pb_text_0 et_pb_text_align_center et_pb_bg_layout_light\">\n<div class=\"et_pb_text_inner\">\n<h1 style=\"text-align: center;\">Das Hunger Projekt<\/h1>\n<\/div>\n<\/div>\n<p>[\/vc_column_text][\/vc_column_inner][\/vc_row_inner][vc_row_inner row_type=&#8220;row&#8220; type=&#8220;grid&#8220; text_align=&#8220;center&#8220; css_animation=&#8220;&#8220; css=&#8220;.vc_custom_1602340980458{margin-top: 40px !important;}&#8220;][vc_column_inner width=&#8220;1\/3&#8243;][vc_single_image image=&#8220;125&#8243; img_size=&#8220;100&#8243; alignment=&#8220;center&#8220; qode_css_animation=&#8220;&#8220;][vc_empty_space height=&#8220;10&#8243;]<div class=\"custom_font_holder\" style=\"font-family: Source Sans Pro; font-size: 20px; font-style: normal; font-weight: 700; color: #0011aa; text-decoration: none; letter-spacing: 0px; text-align: center;\">st\u00e4rkt Frauen in ihrem Engagement\u00a0bei Ver\u00e4nderungsprozessen<\/div>[vc_empty_space height=&#8220;30&#8243;][\/vc_column_inner][vc_column_inner width=&#8220;1\/3&#8243;][vc_single_image image=&#8220;126&#8243; img_size=&#8220;100&#8243; alignment=&#8220;center&#8220; qode_css_animation=&#8220;&#8220;][vc_empty_space height=&#8220;10&#8243;]<div class=\"custom_font_holder\" style=\"font-family: Source Sans Pro; font-size: 20px; font-style: normal; font-weight: 700; color: #0011aa; text-decoration: none; letter-spacing: 0px; text-align: center;\">mobilisiert die Menschen an der Basis f\u00fcr Eigenverantwortung<\/div>[vc_empty_space height=&#8220;30&#8243;][\/vc_column_inner][vc_column_inner width=&#8220;1\/3&#8243;][vc_single_image image=&#8220;127&#8243; img_size=&#8220;100&#8243; alignment=&#8220;center&#8220; qode_css_animation=&#8220;&#8220;][vc_empty_space height=&#8220;10&#8243;]<div class=\"custom_font_holder\" style=\"font-family: Source Sans Pro; font-size: 20px; font-style: normal; font-weight: 700; color: #0011aa; text-decoration: none; letter-spacing: 0px; text-align: center;\">arbeitet partnerschaftlich mit lokalen Beh\u00f6rden zusammen<\/div>[vc_empty_space height=&#8220;30&#8243;][\/vc_column_inner][\/vc_row_inner][vc_row_inner row_type=&#8220;row&#8220; type=&#8220;grid&#8220; text_align=&#8220;center&#8220; css_animation=&#8220;&#8220;][vc_column_inner width=&#8220;1\/6&#8243;][\/vc_column_inner][vc_column_inner width=&#8220;1\/6&#8243;][\/vc_column_inner][vc_column_inner width=&#8220;1\/6&#8243;][vc_empty_space height=&#8220;30&#8243;]<a  itemprop=\"url\" href=\"\/wer-wir-sind\/vision\/\" target=\"_self\" data-hover-background-color='#0011aa' data-hover-border-color='#0011aa' data-hover-color='#ffffff' class=\"qbutton  small center default\" style=\"color: #0011aa; border-color: #0011aa; font-style: normal; font-weight: 700; font-family: Source Sans Pro; text-transform: uppercase; background-color: #ffffff;\">Vision &amp; Mission<\/a>[\/vc_column_inner][vc_column_inner width=&#8220;1\/6&#8243;][vc_empty_space height=&#8220;30&#8243;]<a  itemprop=\"url\" href=\"\/wp-content\/uploads\/2020\/10\/allgemeiner_flyer_thp_190516.pdf\" target=\"_blank\" data-hover-background-color='#0011aa' data-hover-border-color='#0011aa' data-hover-color='#ffffff' class=\"qbutton  small center default\" style=\"color: #ffffff; border-color: #0011aa; font-style: normal; font-weight: 700; font-family: Source Sans Pro; text-transform: uppercase; background-color: #0011aa;\">Factsheet<\/a>[\/vc_column_inner][vc_column_inner width=&#8220;1\/6&#8243;][\/vc_column_inner][vc_column_inner width=&#8220;1\/6&#8243;][\/vc_column_inner][\/vc_row_inner][vc_row_inner row_type=&#8220;row&#8220; type=&#8220;grid&#8220; text_align=&#8220;center&#8220; css_animation=&#8220;&#8220; css=&#8220;.vc_custom_1605968067387{margin-top: 90px !important;}&#8220;][vc_column_inner width=&#8220;1\/6&#8243;][\/vc_column_inner][vc_column_inner width=&#8220;2\/3&#8243;][vc_column_text]<\/p>\n<div class=\"et_pb_module et_pb_text et_pb_text_0 et_pb_text_align_center et_pb_bg_layout_light\">\n<div class=\"et_pb_text_inner\">\n<h1 style=\"text-align: center;\">THP Weltweit:<br \/>\n<span style=\"color: #ff8787;\">Programm- und Partnerl\u00e4nder<\/span><\/h1>\n<\/div>\n<\/div>\n<p>&nbsp;<\/p>\n<p style=\"text-align: center;\">Das Hunger Projekt ist eine globale Bewegung von Einzelpersonen und Organisationen in 23 L\u00e4ndern weltweit, die in authentischer Partnerschaft f\u00fcr das nachhaltige Ende des Hungers arbeiten.<\/p>\n<p>&nbsp;<\/p>\n<p style=\"text-align: center;\">Mit Spenden\u00a0und\/oder Freiwilligenarbeit als engagierter Volunteer k\u00f6nnen Sie einen Beitrag zur \u00dcberwindung des Welthungers leisten. Mehr Informationen dar\u00fcber finden Sie unter dem Reiter oben\u00a0&#8222;Ihr Beitrag&#8220;.<\/p>\n<p>[\/vc_column_text][\/vc_column_inner][vc_column_inner width=&#8220;1\/6&#8243;][\/vc_column_inner][\/vc_row_inner][vc_row_inner row_type=&#8220;row&#8220; type=&#8220;grid&#8220; text_align=&#8220;center&#8220; css_animation=&#8220;&#8220;][vc_column_inner width=&#8220;1\/6&#8243;][\/vc_column_inner][vc_column_inner width=&#8220;1\/6&#8243;][\/vc_column_inner][vc_column_inner width=&#8220;1\/6&#8243;][vc_empty_space height=&#8220;30&#8243;]<a  itemprop=\"url\" href=\"\/wer-wir-sind\/thp-in-der-welt\/\" target=\"_self\" data-hover-background-color='#ff8787' data-hover-border-color='#ff8787' data-hover-color='#ffffff' class=\"qbutton  small center default\" style=\"color: #ff8787; border-color: #ff8787; font-style: normal; font-weight: 700; font-family: Source Sans Pro; text-transform: uppercase; background-color: #ffffff;\">THP Weltweit<\/a>[\/vc_column_inner][vc_column_inner width=&#8220;1\/6&#8243;][vc_empty_space height=&#8220;30&#8243;]<a  itemprop=\"url\" href=\"\/thp-programme\/\" target=\"_self\" data-hover-background-color='#0011aa' data-hover-border-color='#0011aa' data-hover-color='#ffffff' class=\"qbutton  small center default\" style=\"color: #ffffff; border-color: #0011aa; font-style: normal; font-weight: 700; font-family: Source Sans Pro; text-transform: uppercase; background-color: #0011aa;\">Unsere Wirkung<\/a>[\/vc_column_inner][vc_column_inner width=&#8220;1\/6&#8243;][\/vc_column_inner][vc_column_inner width=&#8220;1\/6&#8243;][\/vc_column_inner][\/vc_row_inner][\/vc_column][\/vc_row][vc_row css_animation=&#8220;&#8220; row_type=&#8220;row&#8220; use_row_as_full_screen_section=&#8220;no&#8220; type=&#8220;full_width&#8220; angled_section=&#8220;no&#8220; text_align=&#8220;center&#8220; background_image_as_pattern=&#8220;without_pattern&#8220; z_index=&#8220;&#8220; css=&#8220;.vc_custom_1602087442483{margin-top: 50px !important;background-color: #0011aa !important;}&#8220;][vc_column][vc_row_inner row_type=&#8220;row&#8220; type=&#8220;grid&#8220; text_align=&#8220;center&#8220; css_animation=&#8220;&#8220; css=&#8220;.vc_custom_1602082086628{padding-top: 50px !important;padding-bottom: 50px !important;}&#8220;][vc_column_inner width=&#8220;2\/3&#8243; css=&#8220;.vc_custom_1602075588363{padding-top: 10px !important;padding-bottom: 10px !important;}&#8220;]<div class=\"custom_font_holder\" style=\"font-family: Unna; font-size: 34px; line-height: 41px; font-style: normal; font-weight: 300; color: #ffffff; text-decoration: none; text-align: center;\">Empowerment &#8211; Investieren Sie in Menschen!<\/div>[\/vc_column_inner][vc_column_inner width=&#8220;1\/3&#8243; css=&#8220;.vc_custom_1602075582964{padding-top: 10px !important;padding-bottom: 10px !important;}&#8220;]<a  itemprop=\"url\" href=\"\/spenden\/\" target=\"_self\" data-hover-background-color='#ffffff' data-hover-border-color='#ffffff' data-hover-color='#0011aa' class=\"qbutton  small center default\" style=\"color: #ffffff; border-color: #ffffff; font-style: normal; font-weight: 700; font-family: Source Sans Pro; text-transform: uppercase; background-color: #0011aa;\">Jetzt spenden<\/a>[\/vc_column_inner][\/vc_row_inner][\/vc_column][\/vc_row]<\/p>\n<\/div>","protected":false},"excerpt":{"rendered":"<p>[vc_row css_animation=&#8220;&#8220; row_type=&#8220;row&#8220; use_row_as_full_screen_section=&#8220;no&#8220; type=&#8220;full_width&#8220; angled_section=&#8220;no&#8220; text_align=&#8220;center&#8220; background_image_as_pattern=&#8220;without_pattern&#8220; z_index=&#8220;&#8220; css=&#8220;.vc_custom_1603794829461{background-color: #ffffff !important;}&#8220;][vc_column][vc_row_inner row_type=&#8220;row&#8220; type=&#8220;full_width&#8220; text_align=&#8220;center&#8220; css_animation=&#8220;&#8220;][vc_column_inner offset=&#8220;vc_hidden-sm vc_hidden-xs&#8220; css=&#8220;.vc_custom_1603796078825{padding-top: 500px !important;background-image: url(https:\/\/hungerprojekt.ch\/wp-content\/uploads\/2020\/10\/5016074_20d255afb5_k.jpg?id=141) !important;background-position: center !important;background-repeat: no-repeat !important;background-size: cover !important;}&#8220;][\/vc_column_inner][\/vc_row_inner][vc_row_inner row_type=&#8220;row&#8220; type=&#8220;full_width&#8220; text_align=&#8220;center&#8220; css_animation=&#8220;&#8220;][vc_column_inner offset=&#8220;vc_hidden-lg vc_hidden-md&#8220; css=&#8220;.vc_custom_1603796090705{padding-top: 200px !important;background-image: url(https:\/\/hungerprojekt.ch\/wp-content\/uploads\/2020\/10\/5016074_20d255afb5_k.jpg?id=141) !important;background-position: center !important;background-repeat: no-repeat !important;background-size: cover&#8230;<\/p>\n","protected":false},"author":1,"featured_media":0,"parent":0,"menu_order":0,"comment_status":"closed","ping_status":"closed","template":"full_width.php","meta":{"inline_featured_image":false,"footnotes":""},"class_list":["post-134","page","type-page","status-publish","hentry"],"_links":{"self":[{"href":"https:\/\/hungerprojekt.ch\/de\/wp-json\/wp\/v2\/pages\/134","targetHints":{"allow":["GET"]}}],"collection":[{"href":"https:\/\/hungerprojekt.ch\/de\/wp-json\/wp\/v2\/pages"}],"about":[{"href":"https:\/\/hungerprojekt.ch\/de\/wp-json\/wp\/v2\/types\/page"}],"author":[{"embeddable":true,"href":"https:\/\/hungerprojekt.ch\/de\/wp-json\/wp\/v2\/users\/1"}],"replies":[{"embeddable":true,"href":"https:\/\/hungerprojekt.ch\/de\/wp-json\/wp\/v2\/comments?post=134"}],"version-history":[{"count":46,"href":"https:\/\/hungerprojekt.ch\/de\/wp-json\/wp\/v2\/pages\/134\/revisions"}],"predecessor-version":[{"id":6358,"href":"https:\/\/hungerprojekt.ch\/de\/wp-json\/wp\/v2\/pages\/134\/revisions\/6358"}],"wp:attachment":[{"href":"https:\/\/hungerprojekt.ch\/de\/wp-json\/wp\/v2\/media?parent=134"}],"curies":[{"name":"wp","href":"https:\/\/api.w.org\/{rel}","templated":true}]}}