{"id":240,"date":"2020-11-05T16:47:02","date_gmt":"2020-11-05T15:47:02","guid":{"rendered":"https:\/\/hungerprojekt.ch\/?page_id=240"},"modified":"2023-12-20T09:34:37","modified_gmt":"2023-12-20T08:34:37","slug":"vision","status":"publish","type":"page","link":"https:\/\/hungerprojekt.ch\/de\/wer-wir-sind\/vision\/","title":{"rendered":"Vision und Mission"},"content":{"rendered":"<div class=\"wpb-content-wrapper\"><p>[vc_row css_animation=&#8220;&#8220; row_type=&#8220;row&#8220; use_row_as_full_screen_section=&#8220;no&#8220; type=&#8220;full_width&#8220; angled_section=&#8220;no&#8220; text_align=&#8220;center&#8220; background_image_as_pattern=&#8220;without_pattern&#8220; z_index=&#8220;&#8220; css=&#8220;.vc_custom_1604521825735{background-color: #ffffff !important;}&#8220;][vc_column][vc_row_inner row_type=&#8220;row&#8220; type=&#8220;full_width&#8220; text_align=&#8220;center&#8220; css_animation=&#8220;&#8220;][vc_column_inner offset=&#8220;vc_hidden-sm vc_hidden-xs&#8220; css=&#8220;.vc_custom_1604591124079{padding-top: 500px !important;background-image: url(https:\/\/hungerprojekt.ch\/wp-content\/uploads\/2020\/11\/23389181502_050466fb06_o.jpg?id=247) !important;background-position: center !important;background-repeat: no-repeat !important;background-size: cover !important;}&#8220;][\/vc_column_inner][\/vc_row_inner][vc_row_inner row_type=&#8220;row&#8220; type=&#8220;full_width&#8220; text_align=&#8220;center&#8220; css_animation=&#8220;&#8220;][vc_column_inner offset=&#8220;vc_hidden-lg vc_hidden-md&#8220; css=&#8220;.vc_custom_1604591140743{padding-top: 200px !important;background-image: url(https:\/\/hungerprojekt.ch\/wp-content\/uploads\/2020\/11\/23389181502_050466fb06_o.jpg?id=247) !important;background-position: center !important;background-repeat: no-repeat !important;background-size: cover !important;}&#8220;][\/vc_column_inner][\/vc_row_inner][\/vc_column][\/vc_row][vc_row css_animation=&#8220;&#8220; row_type=&#8220;row&#8220; use_row_as_full_screen_section=&#8220;no&#8220; type=&#8220;grid&#8220; angled_section=&#8220;no&#8220; text_align=&#8220;center&#8220; background_image_as_pattern=&#8220;without_pattern&#8220; z_index=&#8220;&#8220;][vc_column width=&#8220;9\/12&#8243; offset=&#8220;vc_hidden-sm vc_hidden-xs&#8220;][vc_column_text css=&#8220;.vc_custom_1604591246588{margin-top: -100px !important;padding-top: 30px !important;padding-right: 40px !important;padding-left: 40px !important;background-color: #ffffff !important;}&#8220;]<\/p>\n<h6 style=\"text-align: left;\"><a href=\"http:\/\/hungerprojekt.ch\">Home<\/a> &gt; <a href=\"\/wer-wir-sind\/\">Wer wir sind<\/a> &gt; <a href=\"\/wer-wir-sind\/vision\/\">Vision und Mission<\/a><\/h6>\n<p>[\/vc_column_text][vc_empty_space height=&#8220;20&#8243; css=&#8220;.vc_custom_1604579018353{background-color: #ffffff !important;}&#8220;][vc_column_text css=&#8220;.vc_custom_1703061193185{padding-right: 40px !important;padding-left: 40px !important;background-color: #ffffff !important;}&#8220;]<\/p>\n<div class=\"et_pb_module et_pb_text et_pb_text_0 et_pb_text_align_center et_pb_bg_layout_light\">\n<div class=\"et_pb_text_inner\">\n<h1 style=\"text-align: left;\">Vision, Mission und Prinzipien, Agenda 2030<\/h1>\n<\/div>\n<p>&nbsp;<\/p>\n<h1><\/h1>\n<div class=\"et_pb_text_inner\">\n<div class=\"npobject\">\n<h2 style=\"text-align: left;\">Unsere Vision<\/h2>\n<\/div>\n<div class=\"npobject\">\n<h3><\/h3>\n<h3 style=\"text-align: left;\">Eine Welt ohne Hunger.<\/h3>\n<\/div>\n<\/div>\n<\/div>\n<div class=\"et_pb_module et_pb_text et_pb_text_1 et_pb_text_align_center et_pb_bg_layout_light\">\n<div class=\"et_pb_text_inner\">\n<p>&nbsp;<\/p>\n<\/div>\n<\/div>\n<div class=\"npobject\">\n<h2><\/h2>\n<h2 style=\"text-align: left;\">Unsere Mission<\/h2>\n<\/div>\n<div class=\"npobject\">\n<h3><\/h3>\n<h3 style=\"text-align: left;\">Individuelle und kollektive Massnahmen f\u00f6rdern, um ungerechte Systeme zu transformieren, die Hunger verursachen und aufrechterhalten.<\/h3>\n<\/div>\n<p>&nbsp;<\/p>\n<div class=\"npobject\">\n<h3 style=\"text-align: left;\"><span style=\"text-decoration: underline;\"><a href=\"\/thp-programme\/das-grundprinzip-unserer-arbeit\/\" target=\"_blank\" rel=\"noopener noreferrer\">Unsere 3 St\u00fctzpfeiler<\/a><\/span><\/h3>\n<\/div>\n<p>&nbsp;<\/p>\n<div class=\"npobject\">\n<h3 style=\"text-align: left;\"><span style=\"text-decoration: underline;\"><a class=\"nplink\" href=\"https:\/\/hungerprojekt.ch\/wp-content\/uploads\/2023\/12\/Unsere-10-Prinzipien.pdf\" target=\"_blank\" rel=\"noopener noreferrer\">Unsere 10 Prinzipien<\/a><\/span><\/h3>\n<\/div>\n<p>&nbsp;<\/p>\n<h3 style=\"text-align: left;\"><span style=\"text-decoration: underline;\"><a class=\"nplink\" href=\"\/thp-programme\/thp-und-agenda-2030\/\" target=\"_blank\" rel=\"noopener noreferrer\">THP und Agenda 2030<\/a><\/span><\/h3>\n<p>&nbsp;<\/p>\n<p><img fetchpriority=\"high\" decoding=\"async\" class=\"wp-image-252 alignnone\" src=\"https:\/\/hungerprojekt.ch\/wp-content\/uploads\/2020\/11\/agenda2030-300x150.png\" alt=\"\" width=\"484\" height=\"242\" srcset=\"https:\/\/hungerprojekt.ch\/wp-content\/uploads\/2020\/11\/agenda2030-300x150.png 300w, https:\/\/hungerprojekt.ch\/wp-content\/uploads\/2020\/11\/agenda2030.png 400w\" sizes=\"(max-width: 484px) 100vw, 484px\" \/><\/p>\n<p>&nbsp;<\/p>\n<div class=\"npobject\">\n<h2 style=\"text-align: left;\">Willenserkl\u00e4rung des Hunger Projekts Schweiz<\/h2>\n<\/div>\n<p>&nbsp;<\/p>\n<div class=\"npobject\">\n<p style=\"text-align: left;\">Wir laden Menschen und Institutionen in der Schweiz ein, hervorzutreten und sich zusammen mit dem Hunger Projekt f\u00fcr das dauerhafte Ende chronischen Hungers weltweit einzusetzen.<\/p>\n<p>&nbsp;<\/p>\n<p style=\"text-align: left;\">Das Hunger Projekt wird seine Partnerschaft mit den \u00c4rmsten, die jeden Tag unter nachteiligen Bedingungen ums \u00dcberleben k\u00e4mpfen, fortsetzen, bis sie best\u00e4ndige L\u00f6sungen gefunden haben gegen Dem\u00fctigung, Armut und Hunger. Diese Partnerschaft er\u00f6ffnet uns im Gegenzug wertvolle Erfahrungen, welche unsere eigene Entwicklung f\u00f6rdern<\/p>\n<p>&nbsp;<\/p>\n<p style=\"text-align: left;\">\n<\/div>\n<p>[\/vc_column_text][\/vc_column][vc_column width=&#8220;3\/12&#8243; offset=&#8220;vc_hidden-md vc_hidden-sm vc_hidden-xs&#8220;][vc_column_text css=&#8220;.vc_custom_1606233932267{margin-top: 100px !important;margin-right: 1px !important;margin-left: 41px !important;padding-top: 20px !important;padding-bottom: 20px !important;padding-left: 20px !important;background-color: #0000aa !important;}&#8220;]<\/p>\n<h5 style=\"text-align: left;\"><a href=\"\/wer-wir-sind\/\"><strong>WER WIR SIND<\/strong><\/a><\/h5>\n<h5 style=\"text-align: left;\"><span style=\"color: #ffd214;\"><a style=\"color: #ffd214;\" href=\"\/wer-wir-sind\/vision\/\">Vision und Mission<\/a><\/span><\/h5>\n<h5 style=\"text-align: left;\"><a href=\"\/wer-wir-sind\/organisation\/\">Organisation<\/a><\/h5>\n<h5 style=\"text-align: left;\"><a href=\"\/wer-wir-sind\/thp-in-der-welt\/\">THP in der Welt<\/a><\/h5>\n<h5 style=\"text-align: left;\">\u00a0 \u00a0 \u00a0 <a href=\"\/wer-wir-sind\/thp-in-der-welt\/programmlaender\/\">&#8211; Programml\u00e4nder<\/a><\/h5>\n<h5 style=\"text-align: left;\">\u00a0 \u00a0 \u00a0 <a href=\"\/wer-wir-sind\/thp-in-der-welt\/partnerlaender\/\">&#8211; Partnerl\u00e4nder<\/a><\/h5>\n<h5 style=\"text-align: left;\"><a href=\"\/thp-programme\/thp-schweiz-programmlaender\/\">THP Schweiz<\/a><\/h5>\n<h5 style=\"text-align: left;\"><a href=\"\/thp-programme\/thp-schweiz-programmlaender\/aethiopien\/\">\u00a0 \u00a0 \u00a0 &#8211; \u00c4thiopien<\/a><\/h5>\n<h5 style=\"text-align: left;\"><a href=\"\/thp-programme\/thp-schweiz-programmlaender\/burkina-faso\/\">\u00a0 \u00a0 \u00a0 &#8211; Burkina Faso<\/a><\/h5>\n<h5 style=\"text-align: left;\"><a href=\"\/thp-programme\/thp-schweiz-programmlaender\/ghana\/\">\u00a0 \u00a0 \u00a0 &#8211; Ghana<\/a><\/h5>\n<h5 style=\"text-align: left;\"><a href=\"\/thp-programme\/thp-schweiz-programmlaender\/mosambik\/\">\u00a0 \u00a0 \u00a0 &#8211; Mosambik<\/a><\/h5>\n<h5 style=\"text-align: left;\"><a href=\"\/thp-schweiz-programmlaender\/indien\/\">\u00a0 \u00a0 \u00a0 &#8211; Indien<\/a><\/h5>\n<h5 style=\"text-align: left;\"><a href=\"\/wer-wir-sind\/jahresberichte\/\">Jahresberichte<\/a><\/h5>\n<h5 style=\"text-align: left;\"><a href=\"\/wer-wir-sind\/zewo-zertifizierung\/\">ZEWO Zertifizierung<\/a><\/h5>\n<h5 style=\"text-align: left;\"><a href=\"\/wer-wir-sind\/videos-und-flyer\/\">Flyer und Videos<\/a><\/h5>\n<p>[\/vc_column_text][\/vc_column][\/vc_row][vc_row css_animation=&#8220;&#8220; row_type=&#8220;row&#8220; use_row_as_full_screen_section=&#8220;no&#8220; type=&#8220;grid&#8220; angled_section=&#8220;no&#8220; text_align=&#8220;center&#8220; background_image_as_pattern=&#8220;without_pattern&#8220; z_index=&#8220;&#8220;][vc_column width=&#8220;9\/12&#8243; offset=&#8220;vc_hidden-lg vc_hidden-md&#8220;][vc_column_text css=&#8220;.vc_custom_1604592625252{padding-top: 30px !important;background-color: #ffffff !important;}&#8220;]<\/p>\n<h6 style=\"text-align: left;\"><a href=\"http:\/\/hungerprojekt.ch\">Home<\/a> &gt; <a href=\"\/wer-wir-sind\/\">Wer wir sind<\/a> &gt; <a href=\"\/wer-wir-sind\/vision\/\">Vision und Mission<\/a><\/h6>\n<p>[\/vc_column_text][vc_empty_space height=&#8220;20&#8243; css=&#8220;.vc_custom_1604579018353{background-color: #ffffff !important;}&#8220;][vc_column_text css=&#8220;.vc_custom_1703061274787{background-color: #ffffff !important;}&#8220;]<\/p>\n<div class=\"et_pb_module et_pb_text et_pb_text_0 et_pb_text_align_center et_pb_bg_layout_light\">\n<div class=\"et_pb_text_inner\">\n<div class=\"et_pb_module et_pb_text et_pb_text_0 et_pb_text_align_center et_pb_bg_layout_light\">\n<div class=\"et_pb_text_inner\">\n<h1 style=\"text-align: left;\">Vision, Mission und Prinzipien, Agenda 2030<\/h1>\n<\/div>\n<p>&nbsp;<\/p>\n<h1><\/h1>\n<div class=\"et_pb_text_inner\">\n<div class=\"npobject\">\n<h2 style=\"text-align: left;\">Unsere Vision<\/h2>\n<\/div>\n<div class=\"npobject\">\n<h3><\/h3>\n<h3 style=\"text-align: left;\">Eine Welt ohne Hunger.<\/h3>\n<\/div>\n<\/div>\n<\/div>\n<div class=\"et_pb_module et_pb_text et_pb_text_1 et_pb_text_align_center et_pb_bg_layout_light\">\n<div class=\"et_pb_text_inner\">\n<p>&nbsp;<\/p>\n<\/div>\n<\/div>\n<div class=\"npobject\">\n<h2><\/h2>\n<h2 style=\"text-align: left;\">Unsere Mission<\/h2>\n<\/div>\n<div class=\"npobject\">\n<h3><\/h3>\n<h3 style=\"text-align: left;\">Individuelle und kollektive Massnahmen f\u00f6rdern, um ungerechte Systeme zu transformieren, die Hunger verursachen und aufrechterhalten.<\/h3>\n<\/div>\n<p>&nbsp;<\/p>\n<p>&nbsp;<\/p>\n<\/div>\n<\/div>\n<h3 style=\"text-align: left;\"><span style=\"text-decoration: underline;\"><a href=\"\/thp-programme\/das-grundprinzip-unserer-arbeit\/\" target=\"_blank\" rel=\"noopener noreferrer\">Unsere 3 St\u00fctzpfeiler<\/a><\/span><\/h3>\n<p>&nbsp;<\/p>\n<div class=\"et_pb_module et_pb_text et_pb_text_0 et_pb_text_align_center et_pb_bg_layout_light\">\n<div class=\"et_pb_text_inner\">\n<div class=\"npobject\">\n<h3 style=\"text-align: left;\"><span style=\"text-decoration: underline;\"><a class=\"nplink\" href=\"https:\/\/hungerprojekt.ch\/wp-content\/uploads\/2023\/12\/Unsere-10-Prinzipien.pdf\" target=\"_blank\" rel=\"noopener noreferrer\">Unsere 10 Prinzipien<\/a><\/span><\/h3>\n<\/div>\n<\/div>\n<\/div>\n<h2 style=\"text-align: left;\"><\/h2>\n<p>&nbsp;<\/p>\n<div class=\"et_pb_module et_pb_text et_pb_text_0 et_pb_text_align_center et_pb_bg_layout_light\">\n<div class=\"et_pb_text_inner\">\n<h2 style=\"text-align: left;\"><span style=\"text-decoration: underline;\"><a class=\"nplink\" href=\"\/thp-programme\/thp-und-agenda-2030\/\" target=\"_blank\" rel=\"noopener noreferrer\">THP und Agenda 2030<\/a><\/span><\/h2>\n<p>&nbsp;<\/p>\n<\/div>\n<\/div>\n<p>&nbsp;<\/p>\n<p><img fetchpriority=\"high\" decoding=\"async\" class=\"wp-image-252 alignnone\" src=\"https:\/\/hungerprojekt.ch\/wp-content\/uploads\/2020\/11\/agenda2030-300x150.png\" alt=\"\" width=\"484\" height=\"242\" srcset=\"https:\/\/hungerprojekt.ch\/wp-content\/uploads\/2020\/11\/agenda2030-300x150.png 300w, https:\/\/hungerprojekt.ch\/wp-content\/uploads\/2020\/11\/agenda2030.png 400w\" sizes=\"(max-width: 484px) 100vw, 484px\" \/><\/p>\n<p>&nbsp;<\/p>\n<div class=\"npobject\">\n<h2 style=\"text-align: left;\">Willenserkl\u00e4rung des Hunger Projekts Schweiz<\/h2>\n<\/div>\n<p>&nbsp;<\/p>\n<div class=\"npobject\">\n<p style=\"text-align: left;\">Wir laden Menschen und Institutionen in der Schweiz ein, hervorzutreten und sich zusammen mit dem Hunger Projekt f\u00fcr das dauerhafte Ende chronischen Hungers weltweit einzusetzen.<\/p>\n<p>&nbsp;<\/p>\n<p style=\"text-align: left;\">Das Hunger Projekt wird seine Partnerschaft mit den \u00c4rmsten, die jeden Tag unter nachteiligen Bedingungen ums \u00dcberleben k\u00e4mpfen, fortsetzen, bis sie best\u00e4ndige L\u00f6sungen gefunden haben gegen Dem\u00fctigung, Armut und Hunger. Diese Partnerschaft er\u00f6ffnet uns im Gegenzug wertvolle Erfahrungen, welche unsere eigene Entwicklung f\u00f6rdern<\/p>\n<p style=\"text-align: left;\">\n<\/div>\n<p>[\/vc_column_text][\/vc_column][vc_column width=&#8220;3\/12&#8243; offset=&#8220;vc_hidden-md vc_hidden-sm vc_hidden-xs&#8220;][\/vc_column][\/vc_row][vc_row css_animation=&#8220;&#8220; row_type=&#8220;row&#8220; use_row_as_full_screen_section=&#8220;no&#8220; type=&#8220;full_width&#8220; angled_section=&#8220;no&#8220; text_align=&#8220;center&#8220; background_image_as_pattern=&#8220;without_pattern&#8220; z_index=&#8220;&#8220; css=&#8220;.vc_custom_1602087442483{margin-top: 50px !important;background-color: #0011aa !important;}&#8220;][vc_column][vc_row_inner row_type=&#8220;row&#8220; type=&#8220;grid&#8220; text_align=&#8220;center&#8220; css_animation=&#8220;&#8220; css=&#8220;.vc_custom_1602082086628{padding-top: 50px !important;padding-bottom: 50px !important;}&#8220;][vc_column_inner width=&#8220;2\/3&#8243; css=&#8220;.vc_custom_1602075588363{padding-top: 10px !important;padding-bottom: 10px !important;}&#8220;]<div class=\"custom_font_holder\" style=\"font-family: Unna; font-size: 34px; line-height: 41px; font-style: normal; font-weight: 300; color: #ffffff; text-decoration: none; text-align: center;\">Empowerment &#8211; Investieren Sie in Menschen!<\/div>[\/vc_column_inner][vc_column_inner width=&#8220;1\/3&#8243; css=&#8220;.vc_custom_1602075582964{padding-top: 10px !important;padding-bottom: 10px !important;}&#8220;]<a  itemprop=\"url\" href=\"\/spenden\/\" target=\"_self\" data-hover-background-color='#ffffff' data-hover-border-color='#ffffff' data-hover-color='#0011aa' class=\"qbutton  small center default\" style=\"color: #ffffff; border-color: #ffffff; font-style: normal; font-weight: 700; font-family: Source Sans Pro; text-transform: uppercase; background-color: #0011aa;\">Jetzt spenden<\/a>[\/vc_column_inner][\/vc_row_inner][\/vc_column][\/vc_row]<\/p>\n<\/div>","protected":false},"excerpt":{"rendered":"<p>[vc_row css_animation=&#8220;&#8220; row_type=&#8220;row&#8220; use_row_as_full_screen_section=&#8220;no&#8220; type=&#8220;full_width&#8220; angled_section=&#8220;no&#8220; text_align=&#8220;center&#8220; background_image_as_pattern=&#8220;without_pattern&#8220; z_index=&#8220;&#8220; css=&#8220;.vc_custom_1604521825735{background-color: #ffffff !important;}&#8220;][vc_column][vc_row_inner row_type=&#8220;row&#8220; type=&#8220;full_width&#8220; text_align=&#8220;center&#8220; css_animation=&#8220;&#8220;][vc_column_inner offset=&#8220;vc_hidden-sm vc_hidden-xs&#8220; css=&#8220;.vc_custom_1604591124079{padding-top: 500px !important;background-image: url(https:\/\/hungerprojekt.ch\/wp-content\/uploads\/2020\/11\/23389181502_050466fb06_o.jpg?id=247) !important;background-position: center !important;background-repeat: no-repeat !important;background-size: cover !important;}&#8220;][\/vc_column_inner][\/vc_row_inner][vc_row_inner row_type=&#8220;row&#8220; type=&#8220;full_width&#8220; text_align=&#8220;center&#8220; css_animation=&#8220;&#8220;][vc_column_inner offset=&#8220;vc_hidden-lg vc_hidden-md&#8220; css=&#8220;.vc_custom_1604591140743{padding-top: 200px !important;background-image: url(https:\/\/hungerprojekt.ch\/wp-content\/uploads\/2020\/11\/23389181502_050466fb06_o.jpg?id=247) !important;background-position: center !important;background-repeat: no-repeat !important;background-size: cover&#8230;<\/p>\n","protected":false},"author":1,"featured_media":0,"parent":134,"menu_order":1,"comment_status":"closed","ping_status":"closed","template":"full_width.php","meta":{"inline_featured_image":false,"footnotes":""},"class_list":["post-240","page","type-page","status-publish","hentry"],"_links":{"self":[{"href":"https:\/\/hungerprojekt.ch\/de\/wp-json\/wp\/v2\/pages\/240","targetHints":{"allow":["GET"]}}],"collection":[{"href":"https:\/\/hungerprojekt.ch\/de\/wp-json\/wp\/v2\/pages"}],"about":[{"href":"https:\/\/hungerprojekt.ch\/de\/wp-json\/wp\/v2\/types\/page"}],"author":[{"embeddable":true,"href":"https:\/\/hungerprojekt.ch\/de\/wp-json\/wp\/v2\/users\/1"}],"replies":[{"embeddable":true,"href":"https:\/\/hungerprojekt.ch\/de\/wp-json\/wp\/v2\/comments?post=240"}],"version-history":[{"count":47,"href":"https:\/\/hungerprojekt.ch\/de\/wp-json\/wp\/v2\/pages\/240\/revisions"}],"predecessor-version":[{"id":4607,"href":"https:\/\/hungerprojekt.ch\/de\/wp-json\/wp\/v2\/pages\/240\/revisions\/4607"}],"up":[{"embeddable":true,"href":"https:\/\/hungerprojekt.ch\/de\/wp-json\/wp\/v2\/pages\/134"}],"wp:attachment":[{"href":"https:\/\/hungerprojekt.ch\/de\/wp-json\/wp\/v2\/media?parent=240"}],"curies":[{"name":"wp","href":"https:\/\/api.w.org\/{rel}","templated":true}]}}