{"id":368,"date":"2020-11-07T10:34:08","date_gmt":"2020-11-07T09:34:08","guid":{"rendered":"https:\/\/hungerprojekt.ch\/?page_id=368"},"modified":"2026-01-15T10:56:35","modified_gmt":"2026-01-15T09:56:35","slug":"zewo-zertifizierung","status":"publish","type":"page","link":"https:\/\/hungerprojekt.ch\/de\/wer-wir-sind\/zewo-zertifizierung\/","title":{"rendered":"ZEWO Zertifizierung"},"content":{"rendered":"<div class=\"wpb-content-wrapper\"><p>[vc_row css_animation=&#8220;&#8220; row_type=&#8220;row&#8220; use_row_as_full_screen_section=&#8220;no&#8220; type=&#8220;full_width&#8220; angled_section=&#8220;no&#8220; text_align=&#8220;center&#8220; background_image_as_pattern=&#8220;without_pattern&#8220; z_index=&#8220;&#8220; css=&#8220;.vc_custom_1604521825735{background-color: #ffffff !important;}&#8220;][vc_column][vc_row_inner row_type=&#8220;row&#8220; type=&#8220;full_width&#8220; text_align=&#8220;center&#8220; css_animation=&#8220;&#8220;][vc_column_inner offset=&#8220;vc_hidden-sm vc_hidden-xs&#8220; css=&#8220;.vc_custom_1604741667762{padding-top: 500px !important;background-image: url(https:\/\/hungerprojekt.ch\/wp-content\/uploads\/2020\/11\/5510497082_2de7816b87_k.jpg?id=369) !important;background-position: center !important;background-repeat: no-repeat !important;background-size: cover !important;}&#8220;][\/vc_column_inner][\/vc_row_inner][vc_row_inner row_type=&#8220;row&#8220; type=&#8220;full_width&#8220; text_align=&#8220;center&#8220; css_animation=&#8220;&#8220;][vc_column_inner offset=&#8220;vc_hidden-lg vc_hidden-md&#8220; css=&#8220;.vc_custom_1604741674200{padding-top: 200px !important;background-image: url(https:\/\/hungerprojekt.ch\/wp-content\/uploads\/2020\/11\/5510497082_2de7816b87_k.jpg?id=369) !important;background-position: center !important;background-repeat: no-repeat !important;background-size: cover !important;}&#8220;][\/vc_column_inner][\/vc_row_inner][\/vc_column][\/vc_row][vc_row css_animation=&#8220;&#8220; row_type=&#8220;row&#8220; use_row_as_full_screen_section=&#8220;no&#8220; type=&#8220;grid&#8220; angled_section=&#8220;no&#8220; text_align=&#8220;left&#8220; background_image_as_pattern=&#8220;without_pattern&#8220; z_index=&#8220;&#8220;][vc_column width=&#8220;9\/12&#8243; offset=&#8220;vc_hidden-sm vc_hidden-xs&#8220;][vc_column_text css=&#8220;.vc_custom_1604741723006{margin-top: -100px !important;padding-top: 30px !important;padding-right: 40px !important;padding-left: 40px !important;background-color: #ffffff !important;}&#8220;]<\/p>\n<h6 style=\"text-align: left;\"><a href=\"http:\/\/hungerprojekt.ch\">Home<\/a> &gt; <a href=\"\/wer-wir-sind\/\">Wer wir sind<\/a> &gt; <a href=\"\/wer-wir-sind\/zewo-zertifizierung\/\">ZEWO Zertifizierung<\/a><\/h6>\n<p>[\/vc_column_text][vc_empty_space height=&#8220;20&#8243; css=&#8220;.vc_custom_1604579018353{background-color: #ffffff !important;}&#8220;][vc_column_text css=&#8220;.vc_custom_1768470916477{padding-right: 40px !important;padding-left: 40px !important;background-color: #ffffff !important;}&#8220;]<\/p>\n<div class=\"et_pb_module et_pb_text et_pb_text_0 et_pb_text_align_center et_pb_bg_layout_light\">\n<div class=\"et_pb_text_inner\">\n<h1 style=\"text-align: left;\">ZEWO Zertifizierung<\/h1>\n<\/div>\n<\/div>\n<p>&nbsp;<\/p>\n<div class=\"et_pb_module et_pb_text et_pb_text_1 et_pb_text_align_center et_pb_bg_layout_light\">\n<div class=\"et_pb_text_inner\">\n<div class=\"npobject\">\n<div class=\"npobject\">\n<div class=\"npobject\">\n<p>Das Hunger Projekt Schweiz ist ZEWO-zertifiziert und\u00a0auf\u00adgrund sei\u00adnes ge\u00admein\u00adn\u00fct\u00adzi\u00adgen Zwe\u00adckes steu\u00ader\u00adbe\u00adfreit.<\/p>\n<p>&nbsp;<\/p>\n<\/div>\n<\/div>\n<\/div>\n<\/div>\n<\/div>\n<div class=\"npobject\"><\/div>\n<div><a href=\"https:\/\/hungerprojekt.ch\/wp-content\/uploads\/2026\/01\/Bestaetigung-der-Berechtigung-zur-Fuehrung-des-Zewo-Guetesiegels.pdf\"><span style=\"text-decoration: underline;\">ZEWO Zertifikat<\/span><\/a><\/div>\n<div><span style=\"text-decoration: underline;\"><a href=\"https:\/\/zewo.ch\/de\/spenden-von-der-steuer-abziehen\/\" target=\"_blank\" rel=\"noopener noreferrer\">Steuerbefreiung<\/a><\/span><\/div>\n<div><\/div>\n<p>&nbsp;<\/p>\n<p>&nbsp;<\/p>\n<div><img fetchpriority=\"high\" decoding=\"async\" class=\"alignnone wp-image-381\" src=\"https:\/\/hungerprojekt.ch\/wp-content\/uploads\/2020\/11\/zewo-logo-rotschwarz-de-DE.svg\" alt=\"\" width=\"458\" height=\"115\" \/><\/div>\n<div><\/div>\n<div><\/div>\n<div><\/div>\n<div><\/div>\n<div><\/div>\n<div><\/div>\n<p>&nbsp;<\/p>\n<p>&nbsp;<\/p>\n<h1>\u00dcberwachung, Evaluation<\/h1>\n<p>&nbsp;<\/p>\n<p>Das Hunger Projekt stellt sicher, dass die Spenden zweckm\u00e4ssig investiert werden. Zus\u00e4tzlich besichtigt ein Repr\u00e4sentant des Hunger Projekts Schweiz alle zwei Jahre die Programme vor Ort gem\u00e4ss ZEWO-Vorgaben.<\/p>\n<p>&nbsp;<\/p>\n<p>Das Hunger Projekt verpflichtet sich, seinen Geldgebern objektive und zuverl\u00e4ssige Daten zu liefern \u00fcber die Resultate unserer Projekte und allgemein \u00fcber die Wirkung unserer Strategien. Das Kontroll- und Bewertungssystem des Hunger Projekts (Participatory Monitoring and Evaluation System, kurz PM&amp;E) hat die folgenden Ziele:<\/p>\n<p>&nbsp;<\/p>\n<ul>\n<li>Unterst\u00fctzung der Partnergemeinden mit Informationen und Arbeitshilfen, die ben\u00f6tigt werden, um die Bed\u00fcrfnisse abzukl\u00e4ren, Akzente zu setzen und die Fortschritte bei den Entwicklungsprojekten der Gemeinden zu verfolgen.<\/li>\n<\/ul>\n<p>&nbsp;<\/p>\n<ul>\n<li>F\u00f6rderung von Lernprozessen in der Organisation, indem den Mitarbeitern des Hunger Projekts und der Partnerorganisationen erm\u00f6glicht wird, unsere Programme fortlaufend zu \u00fcberpr\u00fcfen und zu verbessern.<\/li>\n<\/ul>\n<p>&nbsp;<\/p>\n<ul>\n<li>F\u00f6rderung von Verantwortlichkeit und Transparenz innerhalb der Organisation und unter Partnern und Investoren.<\/li>\n<\/ul>\n<p>&nbsp;<\/p>\n<ul>\n<li>Bereitstellung von Material, welches politische Entscheidungstr\u00e4ger und andere Vordenker beeinflusst, sich f\u00fcr das bew\u00e4hrte Vorgehen des Hunger Projekts einzusetzen, n\u00e4mlich die geschlechtsspezifische Entwicklung von unten nach oben.<\/li>\n<\/ul>\n<p>&nbsp;<\/p>\n<ul>\n<li>Unsere dynamische Internetplattform zur Datenkontrolle soll Informationen zu Programmen und Finanzen zusammenfassen und verfolgen:\u00a0<strong>Inputs<\/strong>\u00a0(finanzielle und personelle Mittel);\u00a0<strong>Activities<\/strong>\u00a0(Ausbildungs-Workshops und von Gemeinden durchgef\u00fchrte Projekte),\u00a0<strong>Outputs<\/strong>\u00a0(Anzahl der ausgebildeten Menschen, Anzahl der abgeschlossenen Projekte),\u00a0<strong>Near-Term Outcomes<\/strong>\u00a0(verbesserter Zugang zu Ressourcen, gest\u00e4rkte Leistungsf\u00e4higkeit), und\u00a0<strong>Long-Term Impacts<\/strong>\u00a0(verbesserte Existenzgrundlagen, gesunde Gemeinschaften) in jedem der elf L\u00e4nder, wo unsere Programme durchgef\u00fchrt werden.<\/li>\n<\/ul>\n<p>&nbsp;<\/p>\n<ul>\n<li>Die L\u00e4nder mit THP Programmen verfolgen seit 2008 viertelj\u00e4hrlich gewissenhaft die Aktionen und Leistungsindikatoren und sind nun daran, sorgf\u00e4ltig die Kern-Leistungsindikatoren zu bestimmen, die unseren Erfolg im Hinblick auf langfristige Zielsetzungen messen sollen. Ein Pilotprojekt zur Auswertung wird durchgef\u00fchrt und testet in der Praxis neue Instrumente zum Sammeln von Daten (Haushaltsbefragungen, Handb\u00fccher f\u00fcr Gruppendiskussionen, Frageb\u00f6gen f\u00fcr Schl\u00fcsselinformanten), die dem Hunger Projekt erlauben, die Wirkung der Programme sowohl auf der Haushalts- als auch auf der Gemeindeebene systematisch zu verfolgen.<\/li>\n<\/ul>\n<p>&nbsp;<\/p>\n<p>&nbsp;<\/p>\n<div class=\"npobject\">\n<h2>Externe Evaluation<\/h2>\n<p>&nbsp;<\/p>\n<ul>\n<li>Zus\u00e4tzlich zieht das Hunger Projekt unabh\u00e4ngige, externe Gutachter zu, um die Wirkung unserer Programme kritisch zu pr\u00fcfen. Diese externen Beurteilungen der Wirkung liefern dem Hunger Projekt transparente und objektive Bewertungen unserer Projekte, die sich auswirken auf die Entscheidungen bei der Leitung unserer Programme. Diese externen Berichte bewerten nicht nur unsere Arbeit, sondern geben uns wertvolle Empfehlungen und zeigen optimale Verfahren auf, die wir mit unseren Geldgebern und anderen Entwicklungs-Fachleuten teilen k\u00f6nnen.<\/li>\n<\/ul>\n<\/div>\n<p>&nbsp;<\/p>\n<ul>\n<li>Zum Beispiel liefert das\u00a02009 Uganda Assessment, A Change to Believe in\u00a0eine fesselnde Analyse unserer Arbeit in diesem Land. Sie zeigt auf, inwiefern sich das Hunger Projekt abhebt von anderen Organisationen, die \u00e4hnliche Arbeit leisten und weist hin auf Schl\u00fcsselbereiche f\u00fcr unser Wachstum.<\/li>\n<\/ul>\n<p>[\/vc_column_text][\/vc_column][vc_column width=&#8220;3\/12&#8243; offset=&#8220;vc_hidden-md vc_hidden-sm vc_hidden-xs&#8220;][vc_column_text css=&#8220;.vc_custom_1606233846470{margin-top: 100px !important;margin-right: 1px !important;margin-left: 41px !important;padding-top: 20px !important;padding-bottom: 20px !important;padding-left: 20px !important;background-color: #0000aa !important;}&#8220;]<\/p>\n<h5 style=\"text-align: left;\"><a href=\"\/wer-wir-sind\/\"><strong>WER WIR SIND<\/strong><\/a><\/h5>\n<h5 style=\"text-align: left;\"><a href=\"\/wer-wir-sind\/vision\/\">Vision und Mission<\/a><\/h5>\n<h5 style=\"text-align: left;\"><a href=\"\/wer-wir-sind\/organisation\/\">Organisation<\/a><\/h5>\n<h5 style=\"text-align: left;\"><a href=\"\/wer-wir-sind\/thp-in-der-welt\/\">THP in der Welt<\/a><\/h5>\n<h5 style=\"text-align: left;\"><a href=\"\/wer-wir-sind\/programmlaender\">\u00a0 \u00a0 \u00a0 &#8211; Programml\u00e4nder<\/a><\/h5>\n<h5><a href=\"\/wer-wir-sind\/thp-in-der-welt\/partnerlaender\/\">\u00a0 \u00a0 \u00a0 &#8211; Partnerl\u00e4nder<\/a><\/h5>\n<h5 style=\"text-align: left;\"><a href=\"\/thp-programme\/thp-schweiz-programmlaender\/\">THP Schweiz<\/a><\/h5>\n<h5 style=\"text-align: left;\"><a href=\"\/thp-programme\/thp-schweiz-programmlaender\/aethiopien\/\">\u00a0 \u00a0 \u00a0 &#8211; \u00c4thiopien<\/a><\/h5>\n<h5 style=\"text-align: left;\"><a href=\"\/thp-programme\/thp-schweiz-programmlaender\/burkina-faso\/\">\u00a0 \u00a0 \u00a0 &#8211; Burkina Faso<\/a><\/h5>\n<h5 style=\"text-align: left;\"><a href=\"\/thp-programme\/thp-schweiz-programmlaender\/ghana\/\">\u00a0 \u00a0 \u00a0 &#8211; Ghana<\/a><\/h5>\n<h5 style=\"text-align: left;\"><a href=\"\/thp-programme\/thp-schweiz-programmlaender\/mosambik\/\">\u00a0 \u00a0 \u00a0 &#8211; Mosambik<\/a><\/h5>\n<h5 style=\"text-align: left;\"><a href=\"\/thp-schweiz-programmlaender\/indien\/\">\u00a0 \u00a0 \u00a0 &#8211; Indien<\/a><\/h5>\n<h5><a href=\"\/wer-wir-sind\/jahresberichte\">Jahresberichte<\/a><\/h5>\n<h5 style=\"text-align: left;\"><span style=\"color: #ffd214;\"><a style=\"color: #ffd214;\" href=\"\/wer-wir-sind\/zewo-zertifizierung\/\">ZEWO Zertifizierung<\/a><\/span><\/h5>\n<h5 style=\"text-align: left;\"><a href=\"\/wer-wir-sind\/videos-und-flyer\/\">Flyer und Videos<\/a><\/h5>\n<p>[\/vc_column_text][\/vc_column][\/vc_row][vc_row css_animation=&#8220;&#8220; row_type=&#8220;row&#8220; use_row_as_full_screen_section=&#8220;no&#8220; type=&#8220;grid&#8220; angled_section=&#8220;no&#8220; text_align=&#8220;left&#8220; background_image_as_pattern=&#8220;without_pattern&#8220; z_index=&#8220;&#8220;][vc_column width=&#8220;9\/12&#8243; offset=&#8220;vc_hidden-lg vc_hidden-md&#8220;][vc_column_text css=&#8220;.vc_custom_1604754122523{padding-top: 30px !important;background-color: #ffffff !important;}&#8220;]<\/p>\n<h6 style=\"text-align: left;\"><a href=\"http:\/\/hungerprojekt.ch\">Home<\/a> &gt; <a href=\"\/wer-wir-sind\/\">Wer wir sind<\/a> &gt; <a href=\"\/wer-wir-sind\/zewo-zertifizierung\/\">ZEWO Zertifizierung<\/a><\/h6>\n<p>[\/vc_column_text][vc_empty_space height=&#8220;20&#8243; css=&#8220;.vc_custom_1604579018353{background-color: #ffffff !important;}&#8220;][vc_column_text css=&#8220;.vc_custom_1768470989020{background-color: #ffffff !important;}&#8220;]<\/p>\n<div class=\"et_pb_module et_pb_text et_pb_text_0 et_pb_text_align_center et_pb_bg_layout_light\">\n<div class=\"et_pb_text_inner\">\n<h1 style=\"text-align: left;\">ZEWO Zertifizierung<\/h1>\n<\/div>\n<\/div>\n<p>&nbsp;<\/p>\n<div class=\"et_pb_module et_pb_text et_pb_text_1 et_pb_text_align_center et_pb_bg_layout_light\">\n<div class=\"et_pb_text_inner\">\n<div class=\"npobject\">\n<div class=\"npobject\">\n<div class=\"npobject\">\n<div class=\"et_pb_module et_pb_text et_pb_text_1 et_pb_text_align_center et_pb_bg_layout_light\">\n<div class=\"et_pb_text_inner\">\n<div class=\"npobject\">\n<div class=\"npobject\">\n<div class=\"npobject\">\n<p>Das Hunger Projekt Schweiz ist ZEWO-zertifiziert und\u00a0auf\u00adgrund sei\u00adnes ge\u00admein\u00adn\u00fct\u00adzi\u00adgen Zwe\u00adckes steu\u00ader\u00adbe\u00adfreit.<\/p>\n<p>&nbsp;<\/p>\n<\/div>\n<\/div>\n<\/div>\n<\/div>\n<\/div>\n<div class=\"npobject\"><\/div>\n<div><a href=\"https:\/\/hungerprojekt.ch\/wp-content\/uploads\/2026\/01\/Bestaetigung-der-Berechtigung-zur-Fuehrung-des-Zewo-Guetesiegels.pdf\"><span style=\"text-decoration: underline;\">ZEWO Zertifikat<\/span><\/a><\/div>\n<div><span style=\"text-decoration: underline;\"><a href=\"https:\/\/zewo.ch\/de\/spenden-von-der-steuer-abziehen\/\" target=\"_blank\" rel=\"noopener noreferrer\">Steuerbefreiung<\/a><\/span><\/div>\n<\/div>\n<\/div>\n<\/div>\n<\/div>\n<\/div>\n<p>&nbsp;<\/p>\n<p>&nbsp;<\/p>\n<div><img fetchpriority=\"high\" decoding=\"async\" class=\"alignnone wp-image-381\" src=\"https:\/\/hungerprojekt.ch\/wp-content\/uploads\/2020\/11\/zewo-logo-rotschwarz-de-DE.svg\" alt=\"\" width=\"458\" height=\"115\" \/><\/div>\n<div><\/div>\n<p>&nbsp;<\/p>\n<p>&nbsp;<\/p>\n<h1>\u00dcberwachung, Evaluation<\/h1>\n<p>&nbsp;<\/p>\n<p>Das Hunger Projekt stellt sicher, dass die Spenden zweckm\u00e4ssig investiert werden. Zus\u00e4tzlich besichtigt ein Repr\u00e4sentant des Hunger Projekts Schweiz alle zwei Jahre die Programme vor Ort gem\u00e4ss ZEWO-Vorgaben.<\/p>\n<p>&nbsp;<\/p>\n<p>Das Hunger Projekt verpflichtet sich, seinen Geldgebern objektive und zuverl\u00e4ssige Daten zu liefern \u00fcber die Resultate unserer Projekte und allgemein \u00fcber die Wirkung unserer Strategien. Das Kontroll- und Bewertungssystem des Hunger Projekts (Participatory Monitoring and Evaluation System, kurz PM&amp;E) hat die folgenden Ziele:<\/p>\n<p>&nbsp;<\/p>\n<ul>\n<li>Unterst\u00fctzung der Partnergemeinden mit Informationen und Arbeitshilfen, die ben\u00f6tigt werden, um die Bed\u00fcrfnisse abzukl\u00e4ren, Akzente zu setzen und die Fortschritte bei den Entwicklungsprojekten der Gemeinden zu verfolgen.<\/li>\n<\/ul>\n<p>&nbsp;<\/p>\n<ul>\n<li>F\u00f6rderung von Lernprozessen in der Organisation, indem den Mitarbeitern des Hunger Projekts und der Partnerorganisationen erm\u00f6glicht wird, unsere Programme fortlaufend zu \u00fcberpr\u00fcfen und zu verbessern.<\/li>\n<\/ul>\n<p>&nbsp;<\/p>\n<ul>\n<li>F\u00f6rderung von Verantwortlichkeit und Transparenz innerhalb der Organisation und unter Partnern und Investoren.<\/li>\n<\/ul>\n<p>&nbsp;<\/p>\n<ul>\n<li>Bereitstellung von Material, welches politische Entscheidungstr\u00e4ger und andere Vordenker beeinflusst, sich f\u00fcr das bew\u00e4hrte Vorgehen des Hunger Projekts einzusetzen, n\u00e4mlich die geschlechtsspezifische Entwicklung von unten nach oben.<\/li>\n<\/ul>\n<p>&nbsp;<\/p>\n<ul>\n<li>Unsere dynamische Internetplattform zur Datenkontrolle soll Informationen zu Programmen und Finanzen zusammenfassen und verfolgen:\u00a0<strong>Inputs<\/strong>\u00a0(finanzielle und personelle Mittel);\u00a0<strong>Activities<\/strong>\u00a0(Ausbildungs-Workshops und von Gemeinden durchgef\u00fchrte Projekte),\u00a0<strong>Outputs<\/strong>\u00a0(Anzahl der ausgebildeten Menschen, Anzahl der abgeschlossenen Projekte),\u00a0<strong>Near-Term Outcomes<\/strong>\u00a0(verbesserter Zugang zu Ressourcen, gest\u00e4rkte Leistungsf\u00e4higkeit), und\u00a0<strong>Long-Term Impacts<\/strong>\u00a0(verbesserte Existenzgrundlagen, gesunde Gemeinschaften) in jedem der elf L\u00e4nder, wo unsere Programme durchgef\u00fchrt werden.<\/li>\n<\/ul>\n<p>&nbsp;<\/p>\n<ul>\n<li>Die L\u00e4nder mit THP Programmen verfolgen seit 2008 viertelj\u00e4hrlich gewissenhaft die Aktionen und Leistungsindikatoren und sind nun daran, sorgf\u00e4ltig die Kern-Leistungsindikatoren zu bestimmen, die unseren Erfolg im Hinblick auf langfristige Zielsetzungen messen sollen. Ein Pilotprojekt zur Auswertung wird durchgef\u00fchrt und testet in der Praxis neue Instrumente zum Sammeln von Daten (Haushaltsbefragungen, Handb\u00fccher f\u00fcr Gruppendiskussionen, Frageb\u00f6gen f\u00fcr Schl\u00fcsselinformanten), die dem Hunger Projekt erlauben, die Wirkung der Programme sowohl auf der Haushalts- als auch auf der Gemeindeebene systematisch zu verfolgen.<\/li>\n<\/ul>\n<p>&nbsp;<\/p>\n<p>&nbsp;<\/p>\n<div class=\"npobject\">\n<h2>Externe Evaluation<\/h2>\n<p>&nbsp;<\/p>\n<ul>\n<li>Zus\u00e4tzlich zieht das Hunger Projekt unabh\u00e4ngige, externe Gutachter zu, um die Wirkung unserer Programme kritisch zu pr\u00fcfen. Diese externen Beurteilungen der Wirkung liefern dem Hunger Projekt transparente und objektive Bewertungen unserer Projekte, die sich auswirken auf die Entscheidungen bei der Leitung unserer Programme. Diese externen Berichte bewerten nicht nur unsere Arbeit, sondern geben uns wertvolle Empfehlungen und zeigen optimale Verfahren auf, die wir mit unseren Geldgebern und anderen Entwicklungs-Fachleuten teilen k\u00f6nnen.<\/li>\n<\/ul>\n<\/div>\n<p>&nbsp;<\/p>\n<ul>\n<li>Zum Beispiel liefert das\u00a02009 Uganda Assessment, A Change to Believe in\u00a0eine fesselnde Analyse unserer Arbeit in diesem Land. Sie zeigt auf, inwiefern sich das Hunger Projekt abhebt von anderen Organisationen, die \u00e4hnliche Arbeit leisten und weist hin auf Schl\u00fcsselbereiche f\u00fcr unser Wachstum.<\/li>\n<\/ul>\n<p>[\/vc_column_text][\/vc_column][vc_column width=&#8220;3\/12&#8243; offset=&#8220;vc_hidden-md vc_hidden-sm vc_hidden-xs&#8220;][\/vc_column][\/vc_row][vc_row css_animation=&#8220;&#8220; row_type=&#8220;row&#8220; use_row_as_full_screen_section=&#8220;no&#8220; type=&#8220;full_width&#8220; angled_section=&#8220;no&#8220; text_align=&#8220;center&#8220; background_image_as_pattern=&#8220;without_pattern&#8220; z_index=&#8220;&#8220; css=&#8220;.vc_custom_1602087442483{margin-top: 50px !important;background-color: #0011aa !important;}&#8220;][vc_column][vc_row_inner row_type=&#8220;row&#8220; type=&#8220;grid&#8220; text_align=&#8220;center&#8220; css_animation=&#8220;&#8220; css=&#8220;.vc_custom_1602082086628{padding-top: 50px !important;padding-bottom: 50px !important;}&#8220;][vc_column_inner width=&#8220;2\/3&#8243; css=&#8220;.vc_custom_1602075588363{padding-top: 10px !important;padding-bottom: 10px !important;}&#8220;]<div class=\"custom_font_holder\" style=\"font-family: Unna; font-size: 34px; line-height: 41px; font-style: normal; font-weight: 300; color: #ffffff; text-decoration: none; text-align: center;\">Empowerment &#8211; Investieren Sie in Menschen!<\/div>[\/vc_column_inner][vc_column_inner width=&#8220;1\/3&#8243; css=&#8220;.vc_custom_1602075582964{padding-top: 10px !important;padding-bottom: 10px !important;}&#8220;]<a  itemprop=\"url\" href=\"\/spenden\/\" target=\"_self\" data-hover-background-color='#ffffff' data-hover-border-color='#ffffff' data-hover-color='#0011aa' class=\"qbutton  small center default\" style=\"color: #ffffff; border-color: #ffffff; font-style: normal; font-weight: 700; font-family: Source Sans Pro; text-transform: uppercase; background-color: #0011aa;\">Jetzt spenden<\/a>[\/vc_column_inner][\/vc_row_inner][\/vc_column][\/vc_row]<\/p>\n<\/div>","protected":false},"excerpt":{"rendered":"<p>[vc_row css_animation=&#8220;&#8220; row_type=&#8220;row&#8220; use_row_as_full_screen_section=&#8220;no&#8220; type=&#8220;full_width&#8220; angled_section=&#8220;no&#8220; text_align=&#8220;center&#8220; background_image_as_pattern=&#8220;without_pattern&#8220; z_index=&#8220;&#8220; css=&#8220;.vc_custom_1604521825735{background-color: #ffffff !important;}&#8220;][vc_column][vc_row_inner row_type=&#8220;row&#8220; type=&#8220;full_width&#8220; text_align=&#8220;center&#8220; css_animation=&#8220;&#8220;][vc_column_inner offset=&#8220;vc_hidden-sm vc_hidden-xs&#8220; css=&#8220;.vc_custom_1604741667762{padding-top: 500px !important;background-image: url(https:\/\/hungerprojekt.ch\/wp-content\/uploads\/2020\/11\/5510497082_2de7816b87_k.jpg?id=369) !important;background-position: center !important;background-repeat: no-repeat !important;background-size: cover !important;}&#8220;][\/vc_column_inner][\/vc_row_inner][vc_row_inner row_type=&#8220;row&#8220; type=&#8220;full_width&#8220; text_align=&#8220;center&#8220; css_animation=&#8220;&#8220;][vc_column_inner offset=&#8220;vc_hidden-lg vc_hidden-md&#8220; css=&#8220;.vc_custom_1604741674200{padding-top: 200px !important;background-image: url(https:\/\/hungerprojekt.ch\/wp-content\/uploads\/2020\/11\/5510497082_2de7816b87_k.jpg?id=369) !important;background-position: center !important;background-repeat: no-repeat !important;background-size: cover&#8230;<\/p>\n","protected":false},"author":1,"featured_media":0,"parent":134,"menu_order":1,"comment_status":"closed","ping_status":"closed","template":"full_width.php","meta":{"inline_featured_image":false,"footnotes":""},"class_list":["post-368","page","type-page","status-publish","hentry"],"_links":{"self":[{"href":"https:\/\/hungerprojekt.ch\/de\/wp-json\/wp\/v2\/pages\/368","targetHints":{"allow":["GET"]}}],"collection":[{"href":"https:\/\/hungerprojekt.ch\/de\/wp-json\/wp\/v2\/pages"}],"about":[{"href":"https:\/\/hungerprojekt.ch\/de\/wp-json\/wp\/v2\/types\/page"}],"author":[{"embeddable":true,"href":"https:\/\/hungerprojekt.ch\/de\/wp-json\/wp\/v2\/users\/1"}],"replies":[{"embeddable":true,"href":"https:\/\/hungerprojekt.ch\/de\/wp-json\/wp\/v2\/comments?post=368"}],"version-history":[{"count":18,"href":"https:\/\/hungerprojekt.ch\/de\/wp-json\/wp\/v2\/pages\/368\/revisions"}],"predecessor-version":[{"id":6172,"href":"https:\/\/hungerprojekt.ch\/de\/wp-json\/wp\/v2\/pages\/368\/revisions\/6172"}],"up":[{"embeddable":true,"href":"https:\/\/hungerprojekt.ch\/de\/wp-json\/wp\/v2\/pages\/134"}],"wp:attachment":[{"href":"https:\/\/hungerprojekt.ch\/de\/wp-json\/wp\/v2\/media?parent=368"}],"curies":[{"name":"wp","href":"https:\/\/api.w.org\/{rel}","templated":true}]}}