{"id":422,"date":"2020-11-07T14:06:31","date_gmt":"2020-11-07T13:06:31","guid":{"rendered":"https:\/\/hungerprojekt.ch\/?page_id=422"},"modified":"2026-02-23T08:40:00","modified_gmt":"2026-02-23T07:40:00","slug":"das-grundprinzip-unserer-arbeit","status":"publish","type":"page","link":"https:\/\/hungerprojekt.ch\/de\/thp-programme\/das-grundprinzip-unserer-arbeit\/","title":{"rendered":"Das Grundprinzip unserer Arbeit"},"content":{"rendered":"<div class=\"wpb-content-wrapper\"><p>[vc_row css_animation=&#8220;&#8220; row_type=&#8220;row&#8220; use_row_as_full_screen_section=&#8220;no&#8220; type=&#8220;full_width&#8220; angled_section=&#8220;no&#8220; text_align=&#8220;center&#8220; background_image_as_pattern=&#8220;without_pattern&#8220; z_index=&#8220;&#8220; css=&#8220;.vc_custom_1604521825735{background-color: #ffffff !important;}&#8220;][vc_column][vc_row_inner row_type=&#8220;row&#8220; type=&#8220;full_width&#8220; text_align=&#8220;center&#8220; css_animation=&#8220;&#8220;][vc_column_inner offset=&#8220;vc_hidden-sm vc_hidden-xs&#8220; css=&#8220;.vc_custom_1606213152519{padding-top: 500px !important;background-image: url(https:\/\/hungerprojekt.ch\/wp-content\/uploads\/2020\/11\/293235.jpg?id=626) !important;background-position: center !important;background-repeat: no-repeat !important;background-size: cover !important;}&#8220;][\/vc_column_inner][\/vc_row_inner][vc_row_inner row_type=&#8220;row&#8220; type=&#8220;full_width&#8220; text_align=&#8220;center&#8220; css_animation=&#8220;&#8220;][vc_column_inner offset=&#8220;vc_hidden-lg vc_hidden-md&#8220; css=&#8220;.vc_custom_1606213160002{padding-top: 200px !important;background-image: url(https:\/\/hungerprojekt.ch\/wp-content\/uploads\/2020\/11\/293235.jpg?id=626) !important;background-position: center !important;background-repeat: no-repeat !important;background-size: cover !important;}&#8220;][\/vc_column_inner][\/vc_row_inner][\/vc_column][\/vc_row][vc_row css_animation=&#8220;&#8220; row_type=&#8220;row&#8220; use_row_as_full_screen_section=&#8220;no&#8220; type=&#8220;grid&#8220; angled_section=&#8220;no&#8220; text_align=&#8220;left&#8220; background_image_as_pattern=&#8220;without_pattern&#8220; z_index=&#8220;&#8220;][vc_column width=&#8220;9\/12&#8243; offset=&#8220;vc_hidden-sm vc_hidden-xs&#8220;][vc_column_text css=&#8220;.vc_custom_1606253511799{margin-top: -100px !important;padding-top: 30px !important;padding-right: 40px !important;padding-left: 40px !important;background-color: #ffffff !important;}&#8220;]<\/p>\n<h6 style=\"text-align: left;\"><a href=\"http:\/\/hungerprojekt.ch\">Home<\/a> &gt; <a href=\"\/thp-programme\/\">THP Programme<\/a> &gt; <a href=\"\/thp-programme\/das-grundprinzip-unserer-arbeit\/\">Unser Grundprinzip<\/a><\/h6>\n<p>[\/vc_column_text][vc_empty_space height=&#8220;20&#8243; css=&#8220;.vc_custom_1604579018353{background-color: #ffffff !important;}&#8220;][vc_column_text css=&#8220;.vc_custom_1771832042668{padding-right: 40px !important;padding-left: 40px !important;background-color: #ffffff !important;}&#8220;]<\/p>\n<div class=\"et_pb_module et_pb_text et_pb_text_0 et_pb_text_align_center et_pb_bg_layout_light\">\n<div class=\"et_pb_text_inner\">\n<h1 style=\"text-align: left;\">Unser Grundprinzip (3 St\u00fctzpfeiler)<\/h1>\n<div class=\"npcontent\">\n<p class=\"npobject\">\n<\/div>\n<\/div>\n<\/div>\n<p>&nbsp;<\/p>\n<div>\n<div>\n<div>\n<div>Die Menschen, deren Leben unmittelbar von Hunger und Armut gepr\u00e4gt ist, werden nicht als Problem betrachtet \u2013 vielmehr spielen sie die Schl\u00fcsselrolle bei der Identifizierung, Planung und Umsetzung nachhaltiger L\u00f6sungen. Mit ihrer Kreativit\u00e4t, ihren F\u00e4higkeiten, ihren Ressourcen und ihrer Entscheidungskraft entwickeln und gestalten sie selbst ihr Leben neu.<\/div>\n<\/div>\n<\/div>\n<\/div>\n<p>&nbsp;<\/p>\n<div class=\"npobject\">\n<h2><strong>Das Hunger Projekt:<\/strong><\/h2>\n<p>&nbsp;<\/p>\n<\/div>\n<ul>\n<li><strong>st\u00e4rkt Frauen in ihrer Schl\u00fcsselrolle bei Ver\u00e4nderungen:<\/strong> Frauen tragen meist die Verantwortung f\u00fcr die Ern\u00e4hrungssicherung der Familie, erhalten aber selten die n\u00f6tigen Ressourcen und Freiheiten. Unsere Priorit\u00e4t: Frauen politisch, gesellschaftlich und wirtschaftlich st\u00e4rken, damit ganze Gemeinschaften profitieren: Familien werden widerstandsf\u00e4higer und ges\u00fcnder, Kinder erhalten bessere Bildungschancen, Produktivit\u00e4t und Einkommen steigen.<\/li>\n<li><strong>mobilisiert die Menschen an der Basis f\u00fcr Eigenverantwortung:<\/strong> Wir f\u00f6rdern die Eigenverantwortung betroffener Menschen vor Ort, indem wir ihre F\u00e4higkeiten, F\u00fchrungskompetenz und ihr Selbst-vertrauen durch gezielte Schulungen st\u00e4rken. Ausgebildete lokale Entwicklungstrainer:innen geben dieses Wissen weiter, motivieren andere Dorfbewohner:innen und stossen so eine Bewegung aus eigener Kraft an.<\/li>\n<li><strong>arbeitet partnerschaftlich mit lokalen Beh\u00f6rden zusammen:<\/strong> Wir binden lokale Beh\u00f6rden in die Gestaltung von Entwicklungsprozessen ein, damit Ver\u00e4nderungen nachhaltig und langfristig wirken. Um lokale Strukturen nachhaltig zu st\u00e4rken, setzen wir uns f\u00fcr notwendige Gesetzes\u00e4nderungen auf Landesebene ein.<\/li>\n<\/ul>\n<p>[\/vc_column_text][vc_row_inner row_type=&#8220;row&#8220; type=&#8220;full_width&#8220; text_align=&#8220;left&#8220; css_animation=&#8220;&#8220; css=&#8220;.vc_custom_1606299019073{margin-top: 50px !important;}&#8220;][vc_column_inner width=&#8220;1\/3&#8243;][vc_single_image image=&#8220;125&#8243; alignment=&#8220;center&#8220; qode_css_animation=&#8220;&#8220;]<div class=\"custom_font_holder\" style=\"font-family: Source Sans Pro; font-size: 20px; line-height: 26px; font-style: normal; font-weight: 700; color: #0011aa; text-decoration: none; text-align: center;\">Mit Frauen beginnen<\/div>[vc_empty_space height=&#8220;20&#8243;][\/vc_column_inner][vc_column_inner width=&#8220;1\/3&#8243;][vc_single_image image=&#8220;126&#8243; alignment=&#8220;center&#8220; qode_css_animation=&#8220;&#8220;]<div class=\"custom_font_holder\" style=\"font-family: Source Sans Pro; font-size: 20px; line-height: 26px; font-style: normal; font-weight: 700; color: #0011aa; text-decoration: none; text-align: center;\">Gemeinschaften mobilisieren<\/div>[vc_empty_space height=&#8220;20&#8243;][\/vc_column_inner][vc_column_inner width=&#8220;1\/3&#8243;][vc_single_image image=&#8220;127&#8243; alignment=&#8220;center&#8220; qode_css_animation=&#8220;&#8220;]<div class=\"custom_font_holder\" style=\"font-family: Source Sans Pro; font-size: 20px; line-height: 26px; font-style: normal; font-weight: 700; color: #0011aa; text-decoration: none; text-align: center;\">Lokale Beh\u00f6rden einbeziehen<\/div>[vc_empty_space height=&#8220;20&#8243;][\/vc_column_inner][\/vc_row_inner][vc_column_text css=&#8220;.vc_custom_1771832270042{margin-top: 40px !important;padding-right: 40px !important;padding-left: 40px !important;background-color: #ffffff !important;}&#8220;]Die Menschen vor Ort nehmen mit ihrer Kreativit\u00e4t, mit ihrem Potenzial und mit ihren eigenen Ressourcen die Schl\u00fcsselrolle bei der \u00dcberwindung chronischen Hungers ein.\u00a0<strong>Aus diesem Grund wird die Arbeit in den sich entwickelnden L\u00e4ndern nur von Landsleuten geleitet und durchgef\u00fchrt.<\/strong><\/p>\n<p>&nbsp;<\/p>\n<p class=\"npthumbtitle\">Einkommensschaffendes Ziegenz\u00fcchterprojekt<\/p>\n<div><img fetchpriority=\"high\" decoding=\"async\" class=\"alignnone wp-image-427\" src=\"https:\/\/hungerprojekt.ch\/wp-content\/uploads\/2020\/11\/293219-300x225.jpg\" alt=\"\" width=\"459\" height=\"344\" srcset=\"https:\/\/hungerprojekt.ch\/wp-content\/uploads\/2020\/11\/293219-300x225.jpg 300w, https:\/\/hungerprojekt.ch\/wp-content\/uploads\/2020\/11\/293219-768x576.jpg 768w, https:\/\/hungerprojekt.ch\/wp-content\/uploads\/2020\/11\/293219-800x600.jpg 800w, https:\/\/hungerprojekt.ch\/wp-content\/uploads\/2020\/11\/293219-700x525.jpg 700w, https:\/\/hungerprojekt.ch\/wp-content\/uploads\/2020\/11\/293219.jpg 1000w\" sizes=\"(max-width: 459px) 100vw, 459px\" \/><\/div>\n<p>[\/vc_column_text][\/vc_column][vc_column width=&#8220;3\/12&#8243; offset=&#8220;vc_hidden-md vc_hidden-sm vc_hidden-xs&#8220;][vc_column_text css=&#8220;.vc_custom_1606253474013{margin-top: 100px !important;margin-right: 1px !important;margin-left: 41px !important;padding-top: 20px !important;padding-bottom: 20px !important;padding-left: 20px !important;background-color: #0000aa !important;}&#8220;]<\/p>\n<h5 style=\"text-align: left;\"><a href=\"\/thp-programme\/\"><strong>THP PROGRAMME<\/strong><\/a><\/h5>\n<h5 style=\"text-align: left;\"><span style=\"color: #ffd214;\"><a style=\"color: #ffd214;\" href=\"\/thp-programme\/das-grundprinzip-unserer-arbeit\/\">Unser Grundprinzip<\/a><\/span><\/h5>\n<h5 style=\"text-align: left;\"><a href=\"\/thp-programme\/epicenterstrategie-in-afrika\/\">Epicenterstrategie<\/a><\/h5>\n<h5 style=\"text-align: left;\"><a href=\"\/thp-programme\/mikrofinanzprogramm-als-teil-der-epicenterstrategie\/\">Mikrofinanzprogramm<\/a><\/h5>\n<h5 style=\"text-align: left;\"><a href=\"\/thp-programme\/empowerment-von-frauen-in-indien\/\">Empowerment<\/a><\/h5>\n<h5 style=\"text-align: left;\"><a href=\"\/thp-programme\/thp-und-agenda-2030\/\">THP und Agenda 2030<\/a><\/h5>\n<p>[\/vc_column_text][\/vc_column][\/vc_row][vc_row css_animation=&#8220;&#8220; row_type=&#8220;row&#8220; use_row_as_full_screen_section=&#8220;no&#8220; type=&#8220;grid&#8220; angled_section=&#8220;no&#8220; text_align=&#8220;left&#8220; background_image_as_pattern=&#8220;without_pattern&#8220; z_index=&#8220;&#8220;][vc_column width=&#8220;9\/12&#8243; offset=&#8220;vc_hidden-lg vc_hidden-md&#8220;][vc_column_text css=&#8220;.vc_custom_1606299089726{padding-top: 30px !important;background-color: #ffffff !important;}&#8220;]<\/p>\n<h6 style=\"text-align: left;\"><a href=\"http:\/\/hungerprojekt.ch\">Home<\/a> &gt; <a href=\"\/thp-programme\/\">THP Programme<\/a> &gt; <a href=\"\/thp-programme\/das-grundprinzip-unserer-arbeit\/\">Unser Grundprinzip<\/a><\/h6>\n<p>[\/vc_column_text][vc_empty_space height=&#8220;20&#8243; css=&#8220;.vc_custom_1604579018353{background-color: #ffffff !important;}&#8220;][vc_column_text css=&#8220;.vc_custom_1771832397832{background-color: #ffffff !important;}&#8220;]<\/p>\n<div class=\"et_pb_module et_pb_text et_pb_text_0 et_pb_text_align_center et_pb_bg_layout_light\">\n<div class=\"et_pb_text_inner\">\n<h1 style=\"text-align: left;\">Unser Grundprinzip<\/h1>\n<div class=\"npcontent\">\n<div class=\"npobject\"><\/div>\n<div class=\"npobject\"><\/div>\n<\/div>\n<\/div>\n<\/div>\n<p>&nbsp;<\/p>\n<div class=\"et_pb_module et_pb_text et_pb_text_1 et_pb_text_align_center et_pb_bg_layout_light\">\n<div class=\"et_pb_text_inner\">\n<div class=\"npobject\">\n<div class=\"npobject\">\n<div class=\"npobject\">\n<p>Die Menschen, deren Leben unmittelbar von Hunger und Armut gepr\u00e4gt ist, werden nicht als Problem betrachtet \u2013 vielmehr spielen sie die Schl\u00fcsselrolle bei der Identifizierung, Planung und Umsetzung nachhaltiger L\u00f6sungen. Mit ihrer Kreativit\u00e4t, ihren F\u00e4higkeiten, ihren Ressourcen und ihrer Entscheidungskraft entwickeln und gestalten sie selbst ihr Leben neu.<\/p>\n<\/div>\n<\/div>\n<\/div>\n<\/div>\n<\/div>\n<p>&nbsp;<\/p>\n<div class=\"npobject\">\n<h2>Das Hunger Projekt:<\/h2>\n<p>&nbsp;<\/p>\n<\/div>\n<ul>\n<li class=\"cvGsUA direction-ltr align-justify para-style-body\"><strong><span class=\"a_GcMg font-feature-liga-off font-feature-clig-off font-feature-calt-off text-decoration-none text-strikethrough-none\">st\u00e4rkt Frauen in ihrer Schl\u00fcsselrolle bei Ver\u00e4nderungen: <\/span><\/strong>Frauen tragen meist die Verantwortung f\u00fcr die Ern\u00e4hrungssicherung der Familie, erhalten aber selten die n\u00f6tigen Ressourcen und Freiheiten. Unsere Priorit\u00e4t: <span class=\"a_GcMg font-feature-liga-off font-feature-clig-off font-feature-calt-off text-decoration-none text-strikethrough-none\">Frauen politisch, gesellschaftlich und wirtschaftlich st\u00e4rken, <\/span><span class=\"a_GcMg font-feature-liga-off font-feature-clig-off font-feature-calt-off text-decoration-none text-strikethrough-none\">damit ganze Gemeinschaften profitieren: Familien werden widerstandsf\u00e4higer und ges\u00fcnder, Kinder erhalten bessere Bildungschancen, Produktivit\u00e4t und Einkommen steigen.<\/span><\/li>\n<\/ul>\n<ul>\n<li class=\"cvGsUA direction-ltr align-justify para-style-body\"><strong><span class=\"a_GcMg font-feature-liga-off font-feature-clig-off font-feature-calt-off text-decoration-none text-strikethrough-none\">mobilisiert die Menschen an der Basis f\u00fcr Eigenverantwortung: <\/span><\/strong>Wir f\u00f6rdern die Eigenverantwortung betroffener Menschen vor Ort, indem wir ihre <span class=\"a_GcMg font-feature-liga-off font-feature-clig-off font-feature-calt-off text-decoration-none text-strikethrough-none\">F\u00e4higkeiten, F\u00fchrungskompetenz und ihr Selbst-vertrauen durch gezielte Schulungen st\u00e4rken<\/span><span class=\"a_GcMg font-feature-liga-off font-feature-clig-off font-feature-calt-off text-decoration-none text-strikethrough-none\">. Ausgebildete lokale Entwicklungstrainer:innen geben dieses Wissen weiter, motivieren andere Dorfbewohner:innen und stossen so eine <\/span><span class=\"a_GcMg font-feature-liga-off font-feature-clig-off font-feature-calt-off text-decoration-none text-strikethrough-none\">Bewegung aus eigener Kraft<\/span><span class=\"a_GcMg font-feature-liga-off font-feature-clig-off font-feature-calt-off text-decoration-none text-strikethrough-none\"> an.<\/span><\/li>\n<\/ul>\n<ul>\n<li class=\"cvGsUA direction-ltr align-justify para-style-body\"><strong>arbeitet partnerschaftlich mit lokalen Beh\u00f6rden zusammen: <\/strong>Wir binden lokale Beh\u00f6rden in die Gestaltung von Entwicklungsprozessen ein, damit <span class=\"a_GcMg font-feature-liga-off font-feature-clig-off font-feature-calt-off text-decoration-none text-strikethrough-none\">Ver\u00e4nderungen nachhaltig und langfristig<\/span><span class=\"a_GcMg font-feature-liga-off font-feature-clig-off font-feature-calt-off text-decoration-none text-strikethrough-none\"> wirken. Um lokale Strukturen nachhaltig zu st\u00e4rken, setzen wir uns f\u00fcr notwendige Gesetzes\u00e4nderungen auf Landesebene ein.<\/span><\/li>\n<\/ul>\n<p>[\/vc_column_text][vc_row_inner row_type=&#8220;row&#8220; type=&#8220;full_width&#8220; text_align=&#8220;left&#8220; css_animation=&#8220;&#8220; css=&#8220;.vc_custom_1606299019073{margin-top: 50px !important;}&#8220;][vc_column_inner width=&#8220;1\/3&#8243;][vc_single_image image=&#8220;125&#8243; alignment=&#8220;center&#8220; qode_css_animation=&#8220;&#8220;]<div class=\"custom_font_holder\" style=\"font-family: Source Sans Pro; font-size: 20px; line-height: 26px; font-style: normal; font-weight: 700; color: #0011aa; text-decoration: none; text-align: center;\">Mit Frauen beginnen<\/div>[vc_empty_space height=&#8220;20&#8243;][\/vc_column_inner][vc_column_inner width=&#8220;1\/3&#8243;][vc_single_image image=&#8220;126&#8243; alignment=&#8220;center&#8220; qode_css_animation=&#8220;&#8220;]<div class=\"custom_font_holder\" style=\"font-family: Source Sans Pro; font-size: 20px; line-height: 26px; font-style: normal; font-weight: 700; color: #0011aa; text-decoration: none; text-align: center;\">Gemeinschaften mobilisieren<\/div>[vc_empty_space height=&#8220;20&#8243;][\/vc_column_inner][vc_column_inner width=&#8220;1\/3&#8243;][vc_single_image image=&#8220;127&#8243; alignment=&#8220;center&#8220; qode_css_animation=&#8220;&#8220;]<div class=\"custom_font_holder\" style=\"font-family: Source Sans Pro; font-size: 20px; line-height: 26px; font-style: normal; font-weight: 700; color: #0011aa; text-decoration: none; text-align: center;\">Lokale Beh\u00f6rden einbeziehen<\/div>[vc_empty_space height=&#8220;20&#8243;][\/vc_column_inner][\/vc_row_inner][vc_column_text css=&#8220;.vc_custom_1606299111555{margin-top: 40px !important;background-color: #ffffff !important;}&#8220;]Die Menschen vor Ort nehmen mit ihrer Kreativit\u00e4t, mit ihrem Potenzial und mit ihren eigenen Ressourcen die Schl\u00fcsselrolle bei der \u00dcberwindung chronischen Hungers ein.\u00a0<strong>Aus diesem Grund wird die Arbeit in den sich entwickelnden L\u00e4ndern nur von Landsleuten geleitet und durchgef\u00fchrt.<\/strong><\/p>\n<p>&nbsp;<\/p>\n<h6 class=\"npthumbtitle\">Einkommensschaffendes Ziegenz\u00fcchterprojekt<\/h6>\n<div><img fetchpriority=\"high\" decoding=\"async\" class=\"alignnone wp-image-427\" src=\"https:\/\/hungerprojekt.ch\/wp-content\/uploads\/2020\/11\/293219-300x225.jpg\" alt=\"\" width=\"459\" height=\"344\" srcset=\"https:\/\/hungerprojekt.ch\/wp-content\/uploads\/2020\/11\/293219-300x225.jpg 300w, https:\/\/hungerprojekt.ch\/wp-content\/uploads\/2020\/11\/293219-768x576.jpg 768w, https:\/\/hungerprojekt.ch\/wp-content\/uploads\/2020\/11\/293219-800x600.jpg 800w, https:\/\/hungerprojekt.ch\/wp-content\/uploads\/2020\/11\/293219-700x525.jpg 700w, https:\/\/hungerprojekt.ch\/wp-content\/uploads\/2020\/11\/293219.jpg 1000w\" sizes=\"(max-width: 459px) 100vw, 459px\" \/><\/div>\n<p>[\/vc_column_text][\/vc_column][vc_column width=&#8220;3\/12&#8243; offset=&#8220;vc_hidden-md vc_hidden-sm vc_hidden-xs&#8220;][\/vc_column][\/vc_row][vc_row css_animation=&#8220;&#8220; row_type=&#8220;row&#8220; use_row_as_full_screen_section=&#8220;no&#8220; type=&#8220;full_width&#8220; angled_section=&#8220;no&#8220; text_align=&#8220;center&#8220; background_image_as_pattern=&#8220;without_pattern&#8220; z_index=&#8220;&#8220; css=&#8220;.vc_custom_1602087442483{margin-top: 50px !important;background-color: #0011aa !important;}&#8220;][vc_column][vc_row_inner row_type=&#8220;row&#8220; type=&#8220;grid&#8220; text_align=&#8220;center&#8220; css_animation=&#8220;&#8220; css=&#8220;.vc_custom_1602082086628{padding-top: 50px !important;padding-bottom: 50px !important;}&#8220;][vc_column_inner width=&#8220;2\/3&#8243; css=&#8220;.vc_custom_1602075588363{padding-top: 10px !important;padding-bottom: 10px !important;}&#8220;]<div class=\"custom_font_holder\" style=\"font-family: Unna; font-size: 34px; line-height: 41px; font-style: normal; font-weight: 300; color: #ffffff; text-decoration: none; text-align: center;\">Empowerment &#8211; Investieren Sie in Menschen!<\/div>[\/vc_column_inner][vc_column_inner width=&#8220;1\/3&#8243; css=&#8220;.vc_custom_1602075582964{padding-top: 10px !important;padding-bottom: 10px !important;}&#8220;]<a  itemprop=\"url\" href=\"\/spenden\/\" target=\"_self\" data-hover-background-color='#ffffff' data-hover-border-color='#ffffff' data-hover-color='#0011aa' class=\"qbutton  small center default\" style=\"color: #ffffff; border-color: #ffffff; font-style: normal; font-weight: 700; font-family: Source Sans Pro; text-transform: uppercase; background-color: #0011aa;\">Jetzt spenden<\/a>[\/vc_column_inner][\/vc_row_inner][\/vc_column][\/vc_row]<\/p>\n<\/div>","protected":false},"excerpt":{"rendered":"<p>[vc_row css_animation=&#8220;&#8220; row_type=&#8220;row&#8220; use_row_as_full_screen_section=&#8220;no&#8220; type=&#8220;full_width&#8220; angled_section=&#8220;no&#8220; text_align=&#8220;center&#8220; background_image_as_pattern=&#8220;without_pattern&#8220; z_index=&#8220;&#8220; css=&#8220;.vc_custom_1604521825735{background-color: #ffffff !important;}&#8220;][vc_column][vc_row_inner row_type=&#8220;row&#8220; type=&#8220;full_width&#8220; text_align=&#8220;center&#8220; css_animation=&#8220;&#8220;][vc_column_inner offset=&#8220;vc_hidden-sm vc_hidden-xs&#8220; css=&#8220;.vc_custom_1606213152519{padding-top: 500px !important;background-image: url(https:\/\/hungerprojekt.ch\/wp-content\/uploads\/2020\/11\/293235.jpg?id=626) !important;background-position: center !important;background-repeat: no-repeat !important;background-size: cover !important;}&#8220;][\/vc_column_inner][\/vc_row_inner][vc_row_inner row_type=&#8220;row&#8220; type=&#8220;full_width&#8220; text_align=&#8220;center&#8220; css_animation=&#8220;&#8220;][vc_column_inner offset=&#8220;vc_hidden-lg vc_hidden-md&#8220; css=&#8220;.vc_custom_1606213160002{padding-top: 200px !important;background-image: url(https:\/\/hungerprojekt.ch\/wp-content\/uploads\/2020\/11\/293235.jpg?id=626) !important;background-position: center !important;background-repeat: no-repeat !important;background-size: cover&#8230;<\/p>\n","protected":false},"author":1,"featured_media":0,"parent":400,"menu_order":1,"comment_status":"closed","ping_status":"closed","template":"full_width.php","meta":{"inline_featured_image":false,"footnotes":""},"class_list":["post-422","page","type-page","status-publish","hentry"],"_links":{"self":[{"href":"https:\/\/hungerprojekt.ch\/de\/wp-json\/wp\/v2\/pages\/422","targetHints":{"allow":["GET"]}}],"collection":[{"href":"https:\/\/hungerprojekt.ch\/de\/wp-json\/wp\/v2\/pages"}],"about":[{"href":"https:\/\/hungerprojekt.ch\/de\/wp-json\/wp\/v2\/types\/page"}],"author":[{"embeddable":true,"href":"https:\/\/hungerprojekt.ch\/de\/wp-json\/wp\/v2\/users\/1"}],"replies":[{"embeddable":true,"href":"https:\/\/hungerprojekt.ch\/de\/wp-json\/wp\/v2\/comments?post=422"}],"version-history":[{"count":29,"href":"https:\/\/hungerprojekt.ch\/de\/wp-json\/wp\/v2\/pages\/422\/revisions"}],"predecessor-version":[{"id":6200,"href":"https:\/\/hungerprojekt.ch\/de\/wp-json\/wp\/v2\/pages\/422\/revisions\/6200"}],"up":[{"embeddable":true,"href":"https:\/\/hungerprojekt.ch\/de\/wp-json\/wp\/v2\/pages\/400"}],"wp:attachment":[{"href":"https:\/\/hungerprojekt.ch\/de\/wp-json\/wp\/v2\/media?parent=422"}],"curies":[{"name":"wp","href":"https:\/\/api.w.org\/{rel}","templated":true}]}}