{"id":433,"date":"2020-11-07T14:46:38","date_gmt":"2020-11-07T13:46:38","guid":{"rendered":"https:\/\/hungerprojekt.ch\/?page_id=433"},"modified":"2022-05-12T15:02:44","modified_gmt":"2022-05-12T13:02:44","slug":"epicenterstrategie-in-afrika","status":"publish","type":"page","link":"https:\/\/hungerprojekt.ch\/de\/thp-programme\/epicenterstrategie-in-afrika\/","title":{"rendered":"Epicenterstrategie in Afrika"},"content":{"rendered":"<div class=\"wpb-content-wrapper\"><p>[vc_row css_animation=&#8220;&#8220; row_type=&#8220;row&#8220; use_row_as_full_screen_section=&#8220;no&#8220; type=&#8220;full_width&#8220; angled_section=&#8220;no&#8220; text_align=&#8220;center&#8220; background_image_as_pattern=&#8220;without_pattern&#8220; z_index=&#8220;&#8220; css=&#8220;.vc_custom_1604521825735{background-color: #ffffff !important;}&#8220;][vc_column][vc_row_inner row_type=&#8220;row&#8220; type=&#8220;full_width&#8220; text_align=&#8220;center&#8220; css_animation=&#8220;&#8220;][vc_column_inner offset=&#8220;vc_hidden-sm vc_hidden-xs&#8220; css=&#8220;.vc_custom_1604757562475{padding-top: 500px !important;background-image: url(https:\/\/hungerprojekt.ch\/wp-content\/uploads\/2020\/11\/35573122_b315b4b8d1_k.jpg?id=438) !important;background-position: center !important;background-repeat: no-repeat !important;background-size: cover !important;}&#8220;][\/vc_column_inner][\/vc_row_inner][vc_row_inner row_type=&#8220;row&#8220; type=&#8220;full_width&#8220; text_align=&#8220;center&#8220; css_animation=&#8220;&#8220;][vc_column_inner offset=&#8220;vc_hidden-lg vc_hidden-md&#8220; css=&#8220;.vc_custom_1604757569355{padding-top: 200px !important;background-image: url(https:\/\/hungerprojekt.ch\/wp-content\/uploads\/2020\/11\/35573122_b315b4b8d1_k.jpg?id=438) !important;background-position: center !important;background-repeat: no-repeat !important;background-size: cover !important;}&#8220;][\/vc_column_inner][\/vc_row_inner][\/vc_column][\/vc_row][vc_row css_animation=&#8220;&#8220; row_type=&#8220;row&#8220; use_row_as_full_screen_section=&#8220;no&#8220; type=&#8220;grid&#8220; angled_section=&#8220;no&#8220; text_align=&#8220;left&#8220; background_image_as_pattern=&#8220;without_pattern&#8220; z_index=&#8220;&#8220;][vc_column width=&#8220;9\/12&#8243; offset=&#8220;vc_hidden-sm vc_hidden-xs&#8220;][vc_column_text css=&#8220;.vc_custom_1604756970567{margin-top: -100px !important;padding-top: 30px !important;padding-right: 40px !important;padding-left: 40px !important;background-color: #ffffff !important;}&#8220;]<\/p>\n<h6 style=\"text-align: left;\"><a href=\"http:\/\/hungerprojekt.ch\">Home<\/a> &gt; <a href=\"\/thp-programme\/\">THP Programme<\/a> &gt; <a href=\"\/thp-programme\/epicenterstrategie-in-afrika\/\">Epicenterstrategie<\/a><\/h6>\n<p>[\/vc_column_text][vc_empty_space height=&#8220;20&#8243; css=&#8220;.vc_custom_1604579018353{background-color: #ffffff !important;}&#8220;][vc_column_text css=&#8220;.vc_custom_1604757627887{padding-right: 40px !important;padding-left: 40px !important;background-color: #ffffff !important;}&#8220;]<\/p>\n<div class=\"et_pb_module et_pb_text et_pb_text_0 et_pb_text_align_center et_pb_bg_layout_light\">\n<div class=\"et_pb_text_inner\">\n<h1 style=\"text-align: left;\">Epicenterstrategie in Afrika<\/h1>\n<\/div>\n<\/div>\n<p>[\/vc_column_text][vc_video link=&#8220;https:\/\/youtu.be\/uREKKBpuczw&#8220; css=&#8220;.vc_custom_1604757819731{margin-top: 30px !important;padding-right: 40px !important;padding-left: 40px !important;}&#8220;][vc_column_text css=&#8220;.vc_custom_1652360559247{margin-top: 20px !important;padding-right: 40px !important;padding-left: 40px !important;background-color: #ffffff !important;}&#8220;]<\/p>\n<div class=\"et_pb_module et_pb_text et_pb_text_0 et_pb_text_align_center et_pb_bg_layout_light\">\n<div class=\"et_pb_text_inner\">\n<p>Das Hunger Projekt arbeitet seit 1991 in Partnerschaft mit den Menschen und F\u00fchrungs-kr\u00e4ften in Ost-, West-, und im s\u00fcdlichen Afrika und hat in dieser Zeit eine\u00a0<strong>kosteneffiziente<\/strong>\u00a0und <strong>leicht \u00fcbertragbare<\/strong>\u00a0Strategie entwickelt, die sich die Epicenterstrategie nennt.<\/p>\n<p>&nbsp;<\/p>\n<p>Diese\u00a0<strong>\u201eBottom-up\u201c<\/strong> \u2013 Strategie hat sich f\u00fcr die \u00dcberwindung des Hungers und der Armut im l\u00e4ndlichen Afrika als sehr erfolgreich erwiesen.<\/p>\n<\/div>\n<\/div>\n<p>&nbsp;<\/p>\n<p><span style=\"text-decoration: underline;\"><a href=\"https:\/\/hungerprojekt.ch\/wp-content\/uploads\/2021\/11\/Epicenter-Strategie-in-Afrika-DE.pdf\" target=\"_blank\" rel=\"noopener noreferrer\">Factsheet:\u00a0Epicenters<\/a><\/span><span style=\"text-decoration: underline;\"><a href=\"https:\/\/hungerprojekt.ch\/wp-content\/uploads\/2021\/11\/Epicenter-Strategie-in-Afrika-DE.pdf\" target=\"_blank\" rel=\"noopener noreferrer\">trategie\u00a0in Afrika<\/a><\/span><\/p>\n<p>&nbsp;<\/p>\n<div class=\"npobject\">\n<h2>Dynamische Zentren<\/h2>\n<\/div>\n<p>&nbsp;<\/p>\n<p><strong>Gruppen von D\u00f6rfern<\/strong>\u00a0schlie\u00dfen sich zu\u00a0<strong>dynamischen Zentren<\/strong>\u00a0zusammen und lernen dort, gemeinsam zu handeln, um ihre Grundbed\u00fcrfnisse zu erf\u00fcllen. Sie erhalten au\u00dferdem Zugang zu bisher unbekannten und\/oder ungenutzten Regierungsressourcen.<\/p>\n<p>&nbsp;<\/p>\n<p>Die Epicenters liegen in Gegenden, die weit (mind. 20 km) von kleinen und gr\u00f6\u00dferen St\u00e4dten entfernt sind und damit von Gesundheitsdiensten, Schulen, M\u00e4rkten und oft auch Diensten anderer Nichtregierungsorganisationen abgeschnitten sind.<\/p>\n<p>&nbsp;<\/p>\n<p><img fetchpriority=\"high\" decoding=\"async\" class=\"alignnone wp-image-441\" src=\"https:\/\/hungerprojekt.ch\/wp-content\/uploads\/2020\/11\/293256-300x169.jpg\" alt=\"\" width=\"559\" height=\"315\" srcset=\"https:\/\/hungerprojekt.ch\/wp-content\/uploads\/2020\/11\/293256-300x169.jpg 300w, https:\/\/hungerprojekt.ch\/wp-content\/uploads\/2020\/11\/293256-539x303.jpg 539w, https:\/\/hungerprojekt.ch\/wp-content\/uploads\/2020\/11\/293256.jpg 684w\" sizes=\"(max-width: 559px) 100vw, 559px\" \/><\/p>\n<p>&nbsp;<\/p>\n<div class=\"npobject\">\n<h2>4 Phasen in 8 Jahren<\/h2>\n<\/div>\n<p>&nbsp;<\/p>\n<p>Die Epicenterstrategie ist in vier klar unterschiedene Phasen unterteilt und begleitet die Menschen innerhalb von etwa acht Jahren aus extremer Armut heraus hin zu einem Leben in Eigenst\u00e4ndigkeit.<\/p>\n<p>&nbsp;<\/p>\n<p>Die Grundeinstellung der Menschen, die zu Beginn von Abh\u00e4ngigkeit, Resignation und der Diskriminierung von Frauen gepr\u00e4gt ist, wird durch diesen Prozess ver\u00e4ndert. Es entsteht eine neue Haltung, die auf Verantwortung, Eigenst\u00e4ndigkeit und der Gleichstellung der Geschlechter basiert.<\/p>\n<p>&nbsp;<\/p>\n<div class=\"npobject\">\n<h2>Die Bilanz<\/h2>\n<\/div>\n<p>&nbsp;<\/p>\n<p>Insgesamt wurden bis heute\u00a0<strong>121 Epicenter<\/strong>\u00a0in\u00a0<strong>acht afrikanischen Staaten<\/strong>\u00a0aufgebaut, die insgesamt fast\u00a0<strong>zwei Millionen Menschen<\/strong>\u00a0erreichen und ihnen nachhaltige Verbesserungen in den Bereichen Gesundheit, Bildung, Ern\u00e4hrung und Familieneinkommen erm\u00f6glichen.<\/p>\n<p>&nbsp;<\/p>\n<p><img decoding=\"async\" class=\"alignnone wp-image-443\" src=\"https:\/\/hungerprojekt.ch\/wp-content\/uploads\/2020\/11\/2932543257-300x200.jpg\" alt=\"\" width=\"517\" height=\"344\" srcset=\"https:\/\/hungerprojekt.ch\/wp-content\/uploads\/2020\/11\/2932543257-300x200.jpg 300w, https:\/\/hungerprojekt.ch\/wp-content\/uploads\/2020\/11\/2932543257-1024x681.jpg 1024w, https:\/\/hungerprojekt.ch\/wp-content\/uploads\/2020\/11\/2932543257-768x511.jpg 768w, https:\/\/hungerprojekt.ch\/wp-content\/uploads\/2020\/11\/2932543257-700x466.jpg 700w, https:\/\/hungerprojekt.ch\/wp-content\/uploads\/2020\/11\/2932543257.jpg 1200w\" sizes=\"(max-width: 517px) 100vw, 517px\" \/><\/p>\n<p>&nbsp;<\/p>\n<div class=\"npobject\">\n<h2>Unterst\u00fctzungsbeitr\u00e4ge suchen wir f\u00fcr folgende Zielsetzungen<\/h2>\n<\/div>\n<p>&nbsp;<\/p>\n<ul>\n<li>Mobilisierung von Gemeinschaften<\/li>\n<li>Gleichstellung von Frau und Mann<\/li>\n<li>Ern\u00e4hrungssicherung<\/li>\n<li>Bildung und Alphabetisierung<\/li>\n<li>Gesundheit und Verbesserung der Ern\u00e4hrung<\/li>\n<li>Sauberes Wasser<\/li>\n<li>Hygiene und Sauberhaltung der Umgebung<\/li>\n<li>Mikrofinanzen zur Verbesserung des Familieneinkommens<\/li>\n<li>Evaluation des Programmerfolgs<\/li>\n<\/ul>\n<p>&nbsp;<\/p>\n<p><img decoding=\"async\" class=\"alignnone wp-image-444\" src=\"https:\/\/hungerprojekt.ch\/wp-content\/uploads\/2020\/11\/293258-298x300.jpg\" alt=\"\" width=\"510\" height=\"514\" srcset=\"https:\/\/hungerprojekt.ch\/wp-content\/uploads\/2020\/11\/293258-298x300.jpg 298w, https:\/\/hungerprojekt.ch\/wp-content\/uploads\/2020\/11\/293258-1018x1024.jpg 1018w, https:\/\/hungerprojekt.ch\/wp-content\/uploads\/2020\/11\/293258-150x150.jpg 150w, https:\/\/hungerprojekt.ch\/wp-content\/uploads\/2020\/11\/293258-768x772.jpg 768w, https:\/\/hungerprojekt.ch\/wp-content\/uploads\/2020\/11\/293258-700x704.jpg 700w, https:\/\/hungerprojekt.ch\/wp-content\/uploads\/2020\/11\/293258.jpg 1200w\" sizes=\"(max-width: 510px) 100vw, 510px\" \/>[\/vc_column_text][\/vc_column][vc_column width=&#8220;3\/12&#8243; offset=&#8220;vc_hidden-md vc_hidden-sm vc_hidden-xs&#8220;][vc_column_text css=&#8220;.vc_custom_1606230417614{margin-top: 100px !important;margin-right: 1px !important;margin-left: 41px !important;padding-top: 20px !important;padding-bottom: 20px !important;padding-left: 20px !important;background-color: #0000aa !important;}&#8220;]<\/p>\n<h5 style=\"text-align: left;\"><a href=\"\/thp-programme\/\"><strong>THP PROGRAMME<\/strong><\/a><\/h5>\n<h5><a href=\"\/thp-programme\/das-grundprinzip-unserer-arbeit\/\">Das Grundprinzip<\/a><\/h5>\n<h5 style=\"text-align: left;\"><span style=\"color: #ffd214;\"><a style=\"color: #ffd214;\" href=\"\/thp-programme\/epicenterstrategie-in-afrika\/\">Epicenterstrategie<\/a><\/span><\/h5>\n<h5 style=\"text-align: left;\"><a href=\"\/thp-programme\/mikrofinanzprogramm-als-teil-der-epicenterstrategie\/\">Mikrofinanzprogramm<\/a><\/h5>\n<h5 style=\"text-align: left;\"><a href=\"\/thp-programme\/empowerment-von-frauen-in-indien\/\">Empowerment<\/a><\/h5>\n<h5 style=\"text-align: left;\"><a href=\"\/thp-programme\/thp-und-agenda-2030\/\">THP und Agenda 2030<\/a><\/h5>\n<p>[\/vc_column_text][\/vc_column][\/vc_row][vc_row css_animation=&#8220;&#8220; row_type=&#8220;row&#8220; use_row_as_full_screen_section=&#8220;no&#8220; type=&#8220;grid&#8220; angled_section=&#8220;no&#8220; text_align=&#8220;left&#8220; background_image_as_pattern=&#8220;without_pattern&#8220; z_index=&#8220;&#8220;][vc_column width=&#8220;9\/12&#8243; offset=&#8220;vc_hidden-lg vc_hidden-md&#8220;][vc_column_text css=&#8220;.vc_custom_1604759016483{padding-top: 30px !important;background-color: #ffffff !important;}&#8220;]<\/p>\n<h6 style=\"text-align: left;\"><a href=\"http:\/\/hungerprojekt.ch\">Home<\/a> &gt; <a href=\"\/thp-programme\/\">THP Programme<\/a> &gt; <a href=\"\/thp-programme\/epicenterstrategie-in-afrika\/\">Epicenterstrategie<\/a><\/h6>\n<p>[\/vc_column_text][vc_empty_space height=&#8220;20&#8243; css=&#8220;.vc_custom_1604579018353{background-color: #ffffff !important;}&#8220;][vc_column_text css=&#8220;.vc_custom_1604759021650{background-color: #ffffff !important;}&#8220;]<\/p>\n<div class=\"et_pb_module et_pb_text et_pb_text_0 et_pb_text_align_center et_pb_bg_layout_light\">\n<div class=\"et_pb_text_inner\">\n<h1 style=\"text-align: left;\">Epicenterstrategie in Afrika<\/h1>\n<\/div>\n<\/div>\n<p>[\/vc_column_text][vc_video link=&#8220;https:\/\/youtu.be\/uREKKBpuczw&#8220; css=&#8220;.vc_custom_1604759026529{margin-top: 30px !important;}&#8220;][vc_column_text css=&#8220;.vc_custom_1606216008707{margin-top: 20px !important;background-color: #ffffff !important;}&#8220;]<\/p>\n<div class=\"et_pb_module et_pb_text et_pb_text_0 et_pb_text_align_center et_pb_bg_layout_light\">\n<div class=\"et_pb_text_inner\">\n<p>Das Hunger Projekt arbeitet seit 1991 in Partnerschaft mit den Menschen und F\u00fchrungs-kr\u00e4ften in Ost-, West-, und im s\u00fcdlichen Afrika und hat in dieser Zeit eine\u00a0<strong>kosteneffiziente<\/strong>\u00a0und l<strong>eicht \u00fcbertragbare<\/strong>\u00a0Strategie entwickelt, die sich die Epicenterstrategie nennt.<\/p>\n<p>&nbsp;<\/p>\n<p>Diese\u00a0<strong>\u201eBottom-up\u201c<\/strong> \u2013 Strategie hat sich f\u00fcr die \u00dcberwindung des Hungers und der Armut im l\u00e4ndlichen Afrika als sehr erfolgreich erwiesen.<\/p>\n<\/div>\n<\/div>\n<p>&nbsp;<\/p>\n<p><span style=\"text-decoration: underline;\"><a href=\"\/wp-content\/uploads\/2020\/11\/epicenter_strategy_deutsch_181019.pdf\" target=\"_blank\" rel=\"noopener noreferrer\">Fachtsheet:\u00a0Epicenter Strategie\u00a0in Afrika<\/a><\/span><\/p>\n<p>&nbsp;<\/p>\n<p>&nbsp;<\/p>\n<div class=\"npobject\">\n<h2>Dynamische Zentren<\/h2>\n<\/div>\n<p>&nbsp;<\/p>\n<p><strong>Gruppen von D\u00f6rfern<\/strong>\u00a0schlie\u00dfen sich zu\u00a0<strong>dynamischen Zentren<\/strong>\u00a0zusammen und lernen dort, gemeinsam zu handeln, um ihre Grundbed\u00fcrfnisse zu erf\u00fcllen. Sie erhalten au\u00dferdem Zugang zu bisher unbekannten und\/oder ungenutzten Regierungsressourcen.<\/p>\n<p>&nbsp;<\/p>\n<p>Die Epicenters liegen in Gegenden, die weit (mind. 20 km) von kleinen und gr\u00f6\u00dferen St\u00e4dten entfernt sind und damit von Gesundheitsdiensten, Schulen, M\u00e4rkten und oft auch Diensten anderer Nichtregierungsorganisationen abgeschnitten sind.<\/p>\n<p>&nbsp;<\/p>\n<p><img fetchpriority=\"high\" decoding=\"async\" class=\"alignnone wp-image-441\" src=\"https:\/\/hungerprojekt.ch\/wp-content\/uploads\/2020\/11\/293256-300x169.jpg\" alt=\"\" width=\"559\" height=\"315\" srcset=\"https:\/\/hungerprojekt.ch\/wp-content\/uploads\/2020\/11\/293256-300x169.jpg 300w, https:\/\/hungerprojekt.ch\/wp-content\/uploads\/2020\/11\/293256-539x303.jpg 539w, https:\/\/hungerprojekt.ch\/wp-content\/uploads\/2020\/11\/293256.jpg 684w\" sizes=\"(max-width: 559px) 100vw, 559px\" \/><\/p>\n<p>&nbsp;<\/p>\n<div class=\"npobject\">\n<h2>4 Phasen in 8 Jahren<\/h2>\n<\/div>\n<p>&nbsp;<\/p>\n<p>Die Epicenterstrategie ist in vier klar unterschiedene Phasen unterteilt und begleitet die Menschen innerhalb von etwa acht Jahren aus extremer Armut heraus hin zu einem Leben in Eigenst\u00e4ndigkeit.<\/p>\n<p>&nbsp;<\/p>\n<p>Die Grundeinstellung der Menschen, die zu Beginn von Abh\u00e4ngigkeit, Resignation und der Diskriminierung von Frauen gepr\u00e4gt ist, wird durch diesen Prozess ver\u00e4ndert. Es entsteht eine neue Haltung, die auf Verantwortung, Eigenst\u00e4ndigkeit und der Gleichstellung der Geschlechter basiert.<\/p>\n<p>&nbsp;<\/p>\n<div class=\"npobject\">\n<h2>Die Bilanz<\/h2>\n<\/div>\n<p>&nbsp;<\/p>\n<p>Insgesamt wurden bis heute\u00a0<strong>121 Epicenter<\/strong>\u00a0in\u00a0<strong>acht afrikanischen Staaten<\/strong>\u00a0aufgebaut, die insgesamt fast\u00a0<strong>zwei Millionen Menschen<\/strong>\u00a0erreichen und ihnen nachhaltige Verbesserungen in den Bereichen Gesundheit, Bildung, Ern\u00e4hrung und Familieneinkommen erm\u00f6glichen.<\/p>\n<p>&nbsp;<\/p>\n<p><img decoding=\"async\" class=\"alignnone wp-image-443\" src=\"https:\/\/hungerprojekt.ch\/wp-content\/uploads\/2020\/11\/2932543257-300x200.jpg\" alt=\"\" width=\"517\" height=\"344\" srcset=\"https:\/\/hungerprojekt.ch\/wp-content\/uploads\/2020\/11\/2932543257-300x200.jpg 300w, https:\/\/hungerprojekt.ch\/wp-content\/uploads\/2020\/11\/2932543257-1024x681.jpg 1024w, https:\/\/hungerprojekt.ch\/wp-content\/uploads\/2020\/11\/2932543257-768x511.jpg 768w, https:\/\/hungerprojekt.ch\/wp-content\/uploads\/2020\/11\/2932543257-700x466.jpg 700w, https:\/\/hungerprojekt.ch\/wp-content\/uploads\/2020\/11\/2932543257.jpg 1200w\" sizes=\"(max-width: 517px) 100vw, 517px\" \/><\/p>\n<p>&nbsp;<\/p>\n<div class=\"npobject\">\n<h2>Unterst\u00fctzungsbeitr\u00e4ge suchen wir f\u00fcr folgende Zielsetzungen<\/h2>\n<\/div>\n<p>&nbsp;<\/p>\n<ul>\n<li>Mobilisierung von Gemeinschaften<\/li>\n<li>Gleichstellung von Frau und Mann<\/li>\n<li>Ern\u00e4hrungssicherung<\/li>\n<li>Bildung und Alphabetisierung<\/li>\n<li>Gesundheit und Verbesserung der Ern\u00e4hrung<\/li>\n<li>Sauberes Wasser<\/li>\n<li>Hygiene und Sauberhaltung der Umgebung<\/li>\n<li>Mikrofinanzen zur Verbesserung des Familieneinkommens<\/li>\n<li>Evaluation des Programmerfolgs<\/li>\n<\/ul>\n<p>&nbsp;<\/p>\n<p><img decoding=\"async\" class=\"alignnone wp-image-444\" src=\"https:\/\/hungerprojekt.ch\/wp-content\/uploads\/2020\/11\/293258-298x300.jpg\" alt=\"\" width=\"510\" height=\"514\" srcset=\"https:\/\/hungerprojekt.ch\/wp-content\/uploads\/2020\/11\/293258-298x300.jpg 298w, https:\/\/hungerprojekt.ch\/wp-content\/uploads\/2020\/11\/293258-1018x1024.jpg 1018w, https:\/\/hungerprojekt.ch\/wp-content\/uploads\/2020\/11\/293258-150x150.jpg 150w, https:\/\/hungerprojekt.ch\/wp-content\/uploads\/2020\/11\/293258-768x772.jpg 768w, https:\/\/hungerprojekt.ch\/wp-content\/uploads\/2020\/11\/293258-700x704.jpg 700w, https:\/\/hungerprojekt.ch\/wp-content\/uploads\/2020\/11\/293258.jpg 1200w\" sizes=\"(max-width: 510px) 100vw, 510px\" \/>[\/vc_column_text][\/vc_column][vc_column width=&#8220;3\/12&#8243; offset=&#8220;vc_hidden-md vc_hidden-sm vc_hidden-xs&#8220;][\/vc_column][\/vc_row][vc_row css_animation=&#8220;&#8220; row_type=&#8220;row&#8220; use_row_as_full_screen_section=&#8220;no&#8220; type=&#8220;full_width&#8220; angled_section=&#8220;no&#8220; text_align=&#8220;center&#8220; background_image_as_pattern=&#8220;without_pattern&#8220; z_index=&#8220;&#8220; css=&#8220;.vc_custom_1602087442483{margin-top: 50px !important;background-color: #0011aa !important;}&#8220;][vc_column][vc_row_inner row_type=&#8220;row&#8220; type=&#8220;grid&#8220; text_align=&#8220;center&#8220; css_animation=&#8220;&#8220; css=&#8220;.vc_custom_1602082086628{padding-top: 50px !important;padding-bottom: 50px !important;}&#8220;][vc_column_inner width=&#8220;2\/3&#8243; css=&#8220;.vc_custom_1602075588363{padding-top: 10px !important;padding-bottom: 10px !important;}&#8220;]<div class=\"custom_font_holder\" style=\"font-family: Unna; font-size: 34px; line-height: 41px; font-style: normal; font-weight: 300; color: #ffffff; text-decoration: none; text-align: center;\">Empowerment &#8211; Investieren Sie in Menschen!<\/div>[\/vc_column_inner][vc_column_inner width=&#8220;1\/3&#8243; css=&#8220;.vc_custom_1602075582964{padding-top: 10px !important;padding-bottom: 10px !important;}&#8220;]<a  itemprop=\"url\" href=\"\/spenden\/\" target=\"_self\" data-hover-background-color='#ffffff' data-hover-border-color='#ffffff' data-hover-color='#0011aa' class=\"qbutton  small center default\" style=\"color: #ffffff; border-color: #ffffff; font-style: normal; font-weight: 700; font-family: Source Sans Pro; text-transform: uppercase; background-color: #0011aa;\">Jetzt spenden<\/a>[\/vc_column_inner][\/vc_row_inner][\/vc_column][\/vc_row]<\/p>\n<\/div>","protected":false},"excerpt":{"rendered":"<p>[vc_row css_animation=&#8220;&#8220; row_type=&#8220;row&#8220; use_row_as_full_screen_section=&#8220;no&#8220; type=&#8220;full_width&#8220; angled_section=&#8220;no&#8220; text_align=&#8220;center&#8220; background_image_as_pattern=&#8220;without_pattern&#8220; z_index=&#8220;&#8220; css=&#8220;.vc_custom_1604521825735{background-color: #ffffff !important;}&#8220;][vc_column][vc_row_inner row_type=&#8220;row&#8220; type=&#8220;full_width&#8220; text_align=&#8220;center&#8220; css_animation=&#8220;&#8220;][vc_column_inner offset=&#8220;vc_hidden-sm vc_hidden-xs&#8220; css=&#8220;.vc_custom_1604757562475{padding-top: 500px !important;background-image: url(https:\/\/hungerprojekt.ch\/wp-content\/uploads\/2020\/11\/35573122_b315b4b8d1_k.jpg?id=438) !important;background-position: center !important;background-repeat: no-repeat !important;background-size: cover !important;}&#8220;][\/vc_column_inner][\/vc_row_inner][vc_row_inner row_type=&#8220;row&#8220; type=&#8220;full_width&#8220; text_align=&#8220;center&#8220; css_animation=&#8220;&#8220;][vc_column_inner offset=&#8220;vc_hidden-lg vc_hidden-md&#8220; css=&#8220;.vc_custom_1604757569355{padding-top: 200px !important;background-image: url(https:\/\/hungerprojekt.ch\/wp-content\/uploads\/2020\/11\/35573122_b315b4b8d1_k.jpg?id=438) !important;background-position: center !important;background-repeat: no-repeat !important;background-size: cover&#8230;<\/p>\n","protected":false},"author":1,"featured_media":0,"parent":400,"menu_order":1,"comment_status":"closed","ping_status":"closed","template":"full_width.php","meta":{"inline_featured_image":false,"footnotes":""},"class_list":["post-433","page","type-page","status-publish","hentry"],"_links":{"self":[{"href":"https:\/\/hungerprojekt.ch\/de\/wp-json\/wp\/v2\/pages\/433","targetHints":{"allow":["GET"]}}],"collection":[{"href":"https:\/\/hungerprojekt.ch\/de\/wp-json\/wp\/v2\/pages"}],"about":[{"href":"https:\/\/hungerprojekt.ch\/de\/wp-json\/wp\/v2\/types\/page"}],"author":[{"embeddable":true,"href":"https:\/\/hungerprojekt.ch\/de\/wp-json\/wp\/v2\/users\/1"}],"replies":[{"embeddable":true,"href":"https:\/\/hungerprojekt.ch\/de\/wp-json\/wp\/v2\/comments?post=433"}],"version-history":[{"count":13,"href":"https:\/\/hungerprojekt.ch\/de\/wp-json\/wp\/v2\/pages\/433\/revisions"}],"predecessor-version":[{"id":3489,"href":"https:\/\/hungerprojekt.ch\/de\/wp-json\/wp\/v2\/pages\/433\/revisions\/3489"}],"up":[{"embeddable":true,"href":"https:\/\/hungerprojekt.ch\/de\/wp-json\/wp\/v2\/pages\/400"}],"wp:attachment":[{"href":"https:\/\/hungerprojekt.ch\/de\/wp-json\/wp\/v2\/media?parent=433"}],"curies":[{"name":"wp","href":"https:\/\/api.w.org\/{rel}","templated":true}]}}