{"id":4343,"date":"2023-07-07T14:21:27","date_gmt":"2023-07-07T12:21:27","guid":{"rendered":"https:\/\/hungerprojekt.ch\/?page_id=4343"},"modified":"2023-08-18T16:50:52","modified_gmt":"2023-08-18T14:50:52","slug":"40-jahre-aktiv-gegen-den-hunger","status":"publish","type":"page","link":"https:\/\/hungerprojekt.ch\/de\/wer-wir-sind\/40-jahre-aktiv-gegen-den-hunger\/","title":{"rendered":"40 Jahre aktiv gegen den Hunger!"},"content":{"rendered":"<div class=\"wpb-content-wrapper\"><p>[vc_row css_animation=&#8220;&#8220; row_type=&#8220;row&#8220; use_row_as_full_screen_section=&#8220;no&#8220; type=&#8220;full_width&#8220; angled_section=&#8220;no&#8220; text_align=&#8220;center&#8220; background_image_as_pattern=&#8220;without_pattern&#8220; z_index=&#8220;&#8220; css=&#8220;.vc_custom_1604521825735{background-color: #ffffff !important;}&#8220;][vc_column][\/vc_column][\/vc_row][vc_row css_animation=&#8220;&#8220; row_type=&#8220;row&#8220; use_row_as_full_screen_section=&#8220;no&#8220; type=&#8220;grid&#8220; angled_section=&#8220;no&#8220; text_align=&#8220;left&#8220; background_image_as_pattern=&#8220;without_pattern&#8220; z_index=&#8220;&#8220;][vc_column][vc_empty_space height=&#8220;80&#8243; css=&#8220;.vc_custom_1688291141200{background-color: #ffffff !important;}&#8220;][vc_column_text]<\/p>\n<h1>40 Jahre aktiv gegen den Hunger!<\/h1>\n<p>[\/vc_column_text][vc_single_image image=&#8220;4178&#8243; img_size=&#8220;full&#8220; alignment=&#8220;center&#8220; qode_css_animation=&#8220;&#8220;][vc_empty_space height=&#8220;30&#8243; css=&#8220;.vc_custom_1688291820918{background-color: #ffffff !important;}&#8220;][vc_column_text css=&#8220;.vc_custom_1688732766051{padding-right: 40px !important;padding-left: 40px !important;background-color: #ffffff !important;}&#8220;]<\/p>\n<div class=\"et_pb_module et_pb_text et_pb_text_0 et_pb_text_align_center et_pb_bg_layout_light\">\n<div class=\"et_pb_text_inner\">\n<h1 style=\"text-align: left;\"><\/h1>\n<\/div>\n<\/div>\n<div class=\"et_pb_module et_pb_text et_pb_text_1 et_pb_text_align_center et_pb_bg_layout_light\">\n<div class=\"et_pb_text_inner\">\n<div class=\"npobject\">\n<div class=\"npobject\">\n<div class=\"npobject\">\n<p style=\"text-align: left;\"><span style=\"color: #000000;\"><img fetchpriority=\"high\" decoding=\"async\" class=\"wp-image-4345 size-medium alignleft\" src=\"https:\/\/hungerprojekt.ch\/wp-content\/uploads\/2023\/07\/40YR-DE-268x300.jpg\" alt=\"\" width=\"225\" height=\"247\" \/>Am 1. Juli 1983 wurden die Bestrebungen einer kleinen, engagierten Gruppe von Menschen erstmalig zu einer offiziellen Organisation. Ihr Ziel? Den Hunger weltweit zu bek\u00e4mpfen \u2013 Das Hunger Projekt Schweiz ist geboren. Was mit nur wenigen Mitgliedern begann, ist inzwischen zu einer Organisation mit vielen hundert Engagierten, Unterst\u00fctzenden und inzwischen mehreren festangestellten Mitarbeitenden herangewachsen. Wir alle haben ein Ziel: eine Welt ohne Hunger. Auch wenn dieses Ziel leider bis heute noch nicht erreicht ist: Viel haben wir in diesen vier Jahrzehnten gemeinsam erreicht. Viel bleibt aber auch heute noch zu tun, um unsere Vision zu erreichen: eine Welt, in der alle M\u00e4dchen und Jungen, Frauen und M\u00e4nner ein gesundes und erf\u00fclltes Leben f\u00fchren, in Selbstbestimmung und W\u00fcrde.<\/span><\/p>\n<p>&nbsp;<\/p>\n<\/div>\n<\/div>\n<\/div>\n<\/div>\n<\/div>\n<p>[\/vc_column_text][vc_video link=&#8220;https:\/\/youtu.be\/Nsdpx-V8E74&#8243; el_width=&#8220;70&#8243; align=&#8220;center&#8220;][vc_empty_space height=&#8220;20&#8243; css=&#8220;.vc_custom_1688292564759{background-color: #ffffff !important;}&#8220;][vc_column_text]Begleite uns auf eine Reise durch die vergangenen vier Jahrzehnte und die Erfolge, die wir darin erzielen durften:[\/vc_column_text][vc_empty_space height=&#8220;25&#8243; css=&#8220;.vc_custom_1688293309894{background-color: #ffffff !important;}&#8220;]<a  itemprop=\"url\" href=\"https:\/\/hungerprojekt.ch\/de\/wer-wir-sind\/40-jahre-thp-schweiz-eine-zeitreise\/\" target=\"_self\"  class=\"qbutton  small center default\" style=\"margin: 0px 0px 1px 250px; \">HIER GEHT ES ZU DEN HIGHLIGHTS DER LETZTEN 40 JAHRE<\/a>[vc_empty_space height=&#8220;25&#8243; css=&#8220;.vc_custom_1688293305164{background-color: #ffffff !important;}&#8220;][vc_column_text]Gemeinsam haben wir in den letzten 40 Jahren viel bewegt! Hier ein kleiner Auszug. Seit Gr\u00fcndung des Hunger Projekts haben wir unter anderem Folgendes erreicht:[\/vc_column_text][vc_empty_space height=&#8220;20&#8243; css=&#8220;.vc_custom_1688292564759{background-color: #ffffff !important;}&#8220;][vc_row_inner row_type=&#8220;row&#8220; type=&#8220;full_width&#8220; text_align=&#8220;left&#8220; css_animation=&#8220;&#8220;][vc_column_inner width=&#8220;1\/4&#8243;][vc_single_image image=&#8220;4221&#8243; alignment=&#8220;right&#8220; qode_css_animation=&#8220;&#8220;][\/vc_column_inner][vc_column_inner width=&#8220;1\/2&#8243;][vc_column_text css=&#8220;.vc_custom_1689154051130{margin-top: 60px !important;}&#8220;]<strong>\u00dcber 1 Millionen Menschen leben in eigenst\u00e4ndigen Epicenters*<\/strong>[\/vc_column_text][\/vc_column_inner][vc_column_inner width=&#8220;1\/4&#8243;][\/vc_column_inner][\/vc_row_inner][vc_row_inner row_type=&#8220;row&#8220; type=&#8220;full_width&#8220; text_align=&#8220;left&#8220; css_animation=&#8220;&#8220;][vc_column_inner width=&#8220;1\/4&#8243;][vc_single_image image=&#8220;4218&#8243; alignment=&#8220;right&#8220; qode_css_animation=&#8220;&#8220;][\/vc_column_inner][vc_column_inner width=&#8220;1\/2&#8243;][vc_column_text css=&#8220;.vc_custom_1688293451770{margin-top: 40px !important;}&#8220;]<strong>\u00dcber 500.000 Frauen haben an Trainings zur F\u00f6rderung der Selbstst\u00e4ndigkeit teilgenommen*<\/strong>[\/vc_column_text][\/vc_column_inner][vc_column_inner width=&#8220;1\/4&#8243;][\/vc_column_inner][\/vc_row_inner][vc_row_inner row_type=&#8220;row&#8220; type=&#8220;full_width&#8220; text_align=&#8220;left&#8220; css_animation=&#8220;&#8220;][vc_column_inner width=&#8220;1\/4&#8243;][vc_single_image image=&#8220;4215&#8243; alignment=&#8220;right&#8220; qode_css_animation=&#8220;&#8220;][\/vc_column_inner][vc_column_inner width=&#8220;1\/2&#8243;][vc_column_text css=&#8220;.vc_custom_1689154084112{margin-top: 30px !important;}&#8220;]<strong>\u00dcber 194.000 Frauen in Indien setzen als gew\u00e4hlte Gemeinder\u00e4tinnen ihre Stimme aktiv f\u00fcr die Entwicklung ihrer Gemeinden ein*<\/strong>[\/vc_column_text][\/vc_column_inner][vc_column_inner width=&#8220;1\/4&#8243;][\/vc_column_inner][\/vc_row_inner][vc_row_inner row_type=&#8220;row&#8220; type=&#8220;full_width&#8220; text_align=&#8220;left&#8220; css_animation=&#8220;&#8220;][vc_column_inner width=&#8220;1\/4&#8243;][vc_single_image image=&#8220;4224&#8243; alignment=&#8220;right&#8220; qode_css_animation=&#8220;&#8220;][\/vc_column_inner][vc_column_inner width=&#8220;1\/2&#8243;][vc_column_text css=&#8220;.vc_custom_1688293494457{margin-top: 30px !important;}&#8220;]<strong>43 von THP-Schweiz gef\u00f6rderte Projekte in 9 Programml\u00e4ndern (Ghana, Senegal, Indien, Uganda, Mosambik, Burkina Faso, \u00c4thiopien, Benin, Bangladesch)<\/strong>[\/vc_column_text][\/vc_column_inner][vc_column_inner width=&#8220;1\/4&#8243;][\/vc_column_inner][\/vc_row_inner][vc_row_inner row_type=&#8220;row&#8220; type=&#8220;grid&#8220; text_align=&#8220;center&#8220; css_animation=&#8220;&#8220; css=&#8220;.vc_custom_1602082086628{padding-top: 50px !important;padding-bottom: 50px !important;}&#8220;][vc_column_inner css=&#8220;.vc_custom_1602075588363{padding-top: 10px !important;padding-bottom: 10px !important;}&#8220;][vc_column_text]<\/p>\n<p style=\"text-align: left;\">*Zahlen beziehen sich auf THP global seit Beginn der Aufzeichnungen<\/p>\n<p>&nbsp;<\/p>\n<p style=\"text-align: left;\">Doch noch ist das Ende des Hungers weltweit nicht erreicht. Im Gegenteil, die Pandemie sowie weltweite Kriege versch\u00e4rfen das Problem aktuell sogar. Daher braucht es heute mehr denn je unsere Zusammenarbeit, um das Ziel, dass bis 2030 kein Mensch auf der Erde mehr unter Hunger leiden muss, zu erreichen! Die letzten Jahrzehnte haben uns gelehrt, was wir alles schaffen k\u00f6nnen, wenn wir uns mit vielen hunderten von Menschen einem Ziel verschreiben. Gemeinsam mit Ihnen schauen wir daher in eine Zukunft ohne Hunger und Armut. Unterst\u00fctzen Sie uns!<\/p>\n<p>[\/vc_column_text][\/vc_column_inner][\/vc_row_inner][\/vc_column][\/vc_row][vc_row css_animation=&#8220;&#8220; row_type=&#8220;row&#8220; use_row_as_full_screen_section=&#8220;no&#8220; type=&#8220;full_width&#8220; angled_section=&#8220;no&#8220; text_align=&#8220;center&#8220; background_image_as_pattern=&#8220;without_pattern&#8220; z_index=&#8220;&#8220; css=&#8220;.vc_custom_1602087442483{margin-top: 50px !important;background-color: #0011aa !important;}&#8220;][vc_column][vc_row_inner row_type=&#8220;row&#8220; type=&#8220;grid&#8220; text_align=&#8220;center&#8220; css_animation=&#8220;&#8220; css=&#8220;.vc_custom_1602082086628{padding-top: 50px !important;padding-bottom: 50px !important;}&#8220;][vc_column_inner width=&#8220;2\/3&#8243; css=&#8220;.vc_custom_1602075588363{padding-top: 10px !important;padding-bottom: 10px !important;}&#8220;]<div class=\"custom_font_holder\" style=\"font-family: Unna; font-size: 34px; line-height: 41px; font-style: normal; font-weight: 300; color: #ffffff; text-decoration: none; text-align: center;\">Empowerment &#8211; Investieren Sie in Menschen!<\/div>[\/vc_column_inner][vc_column_inner width=&#8220;1\/3&#8243; css=&#8220;.vc_custom_1602075582964{padding-top: 10px !important;padding-bottom: 10px !important;}&#8220;]<a  itemprop=\"url\" href=\"\/spenden\/\" target=\"_self\" data-hover-background-color='#ffffff' data-hover-border-color='#ffffff' data-hover-color='#0011aa' class=\"qbutton  small center default\" style=\"color: #ffffff; border-color: #ffffff; font-style: normal; font-weight: 700; font-family: Source Sans Pro; text-transform: uppercase; background-color: #0011aa;\">Jetzt spenden<\/a>[\/vc_column_inner][\/vc_row_inner][\/vc_column][\/vc_row]<\/p>\n<\/div>","protected":false},"excerpt":{"rendered":"<p>[vc_row css_animation=&#8220;&#8220; row_type=&#8220;row&#8220; use_row_as_full_screen_section=&#8220;no&#8220; type=&#8220;full_width&#8220; angled_section=&#8220;no&#8220; text_align=&#8220;center&#8220; background_image_as_pattern=&#8220;without_pattern&#8220; z_index=&#8220;&#8220; css=&#8220;.vc_custom_1604521825735{background-color: #ffffff !important;}&#8220;][vc_column][\/vc_column][\/vc_row][vc_row css_animation=&#8220;&#8220; row_type=&#8220;row&#8220; use_row_as_full_screen_section=&#8220;no&#8220; type=&#8220;grid&#8220; angled_section=&#8220;no&#8220; text_align=&#8220;left&#8220; background_image_as_pattern=&#8220;without_pattern&#8220; z_index=&#8220;&#8220;][vc_column][vc_empty_space height=&#8220;80&#8243; css=&#8220;.vc_custom_1688291141200{background-color: #ffffff !important;}&#8220;][vc_column_text] 40 Jahre aktiv gegen den Hunger! [\/vc_column_text][vc_single_image image=&#8220;4178&#8243; img_size=&#8220;full&#8220; alignment=&#8220;center&#8220; qode_css_animation=&#8220;&#8220;][vc_empty_space height=&#8220;30&#8243; css=&#8220;.vc_custom_1688291820918{background-color: #ffffff !important;}&#8220;][vc_column_text css=&#8220;.vc_custom_1688732766051{padding-right: 40px !important;padding-left: 40px !important;background-color: #ffffff&#8230;<\/p>\n","protected":false},"author":5,"featured_media":4178,"parent":134,"menu_order":1,"comment_status":"closed","ping_status":"closed","template":"full_width.php","meta":{"inline_featured_image":false,"footnotes":""},"class_list":["post-4343","page","type-page","status-publish","has-post-thumbnail","hentry"],"_links":{"self":[{"href":"https:\/\/hungerprojekt.ch\/de\/wp-json\/wp\/v2\/pages\/4343","targetHints":{"allow":["GET"]}}],"collection":[{"href":"https:\/\/hungerprojekt.ch\/de\/wp-json\/wp\/v2\/pages"}],"about":[{"href":"https:\/\/hungerprojekt.ch\/de\/wp-json\/wp\/v2\/types\/page"}],"author":[{"embeddable":true,"href":"https:\/\/hungerprojekt.ch\/de\/wp-json\/wp\/v2\/users\/5"}],"replies":[{"embeddable":true,"href":"https:\/\/hungerprojekt.ch\/de\/wp-json\/wp\/v2\/comments?post=4343"}],"version-history":[{"count":16,"href":"https:\/\/hungerprojekt.ch\/de\/wp-json\/wp\/v2\/pages\/4343\/revisions"}],"predecessor-version":[{"id":4406,"href":"https:\/\/hungerprojekt.ch\/de\/wp-json\/wp\/v2\/pages\/4343\/revisions\/4406"}],"up":[{"embeddable":true,"href":"https:\/\/hungerprojekt.ch\/de\/wp-json\/wp\/v2\/pages\/134"}],"wp:featuredmedia":[{"embeddable":true,"href":"https:\/\/hungerprojekt.ch\/de\/wp-json\/wp\/v2\/media\/4178"}],"wp:attachment":[{"href":"https:\/\/hungerprojekt.ch\/de\/wp-json\/wp\/v2\/media?parent=4343"}],"curies":[{"name":"wp","href":"https:\/\/api.w.org\/{rel}","templated":true}]}}