{"id":448,"date":"2020-11-07T15:33:34","date_gmt":"2020-11-07T14:33:34","guid":{"rendered":"https:\/\/hungerprojekt.ch\/?page_id=448"},"modified":"2021-11-24T17:30:39","modified_gmt":"2021-11-24T16:30:39","slug":"mikrofinanzprogramm-als-teil-der-epicenterstrategie","status":"publish","type":"page","link":"https:\/\/hungerprojekt.ch\/de\/thp-programme\/mikrofinanzprogramm-als-teil-der-epicenterstrategie\/","title":{"rendered":"Mikrofinanzprogramm als Teil der Epicenterstrategie"},"content":{"rendered":"<div class=\"wpb-content-wrapper\"><p>[vc_row css_animation=&#8220;&#8220; row_type=&#8220;row&#8220; use_row_as_full_screen_section=&#8220;no&#8220; type=&#8220;full_width&#8220; angled_section=&#8220;no&#8220; text_align=&#8220;center&#8220; background_image_as_pattern=&#8220;without_pattern&#8220; z_index=&#8220;&#8220; css=&#8220;.vc_custom_1604521825735{background-color: #ffffff !important;}&#8220;][vc_column][vc_row_inner row_type=&#8220;row&#8220; type=&#8220;full_width&#8220; text_align=&#8220;center&#8220; css_animation=&#8220;&#8220;][vc_column_inner offset=&#8220;vc_hidden-sm vc_hidden-xs&#8220; css=&#8220;.vc_custom_1606393559517{padding-top: 500px !important;background-image: url(https:\/\/hungerprojekt.ch\/wp-content\/uploads\/2020\/11\/4832366_2dbb8989ea_k.jpg?id=1093) !important;background-position: center !important;background-repeat: no-repeat !important;background-size: cover !important;}&#8220;][\/vc_column_inner][\/vc_row_inner][vc_row_inner row_type=&#8220;row&#8220; type=&#8220;full_width&#8220; text_align=&#8220;center&#8220; css_animation=&#8220;&#8220;][vc_column_inner offset=&#8220;vc_hidden-lg vc_hidden-md&#8220; css=&#8220;.vc_custom_1606393567103{padding-top: 200px !important;background-image: url(https:\/\/hungerprojekt.ch\/wp-content\/uploads\/2020\/11\/4832366_2dbb8989ea_k.jpg?id=1093) !important;background-position: center !important;background-repeat: no-repeat !important;background-size: cover !important;}&#8220;][\/vc_column_inner][\/vc_row_inner][\/vc_column][\/vc_row][vc_row css_animation=&#8220;&#8220; row_type=&#8220;row&#8220; use_row_as_full_screen_section=&#8220;no&#8220; type=&#8220;grid&#8220; angled_section=&#8220;no&#8220; text_align=&#8220;left&#8220; background_image_as_pattern=&#8220;without_pattern&#8220; z_index=&#8220;&#8220;][vc_column width=&#8220;9\/12&#8243; offset=&#8220;vc_hidden-sm vc_hidden-xs&#8220;][vc_column_text css=&#8220;.vc_custom_1604759665275{margin-top: -100px !important;padding-top: 30px !important;padding-right: 40px !important;padding-left: 40px !important;background-color: #ffffff !important;}&#8220;]<\/p>\n<h6 style=\"text-align: left;\"><a href=\"http:\/\/hungerprojekt.ch\">Home<\/a> &gt; <a href=\"\/thp-programme\/\">THP Programme<\/a> &gt; <a href=\"\/thp-programme\/mikrofinanzprogramm-als-teil-der-epicenterstrategie\/\">Mikrofinanzprogramm<\/a><\/h6>\n<p>[\/vc_column_text][vc_empty_space height=&#8220;20&#8243; css=&#8220;.vc_custom_1604579018353{background-color: #ffffff !important;}&#8220;][vc_column_text css=&#8220;.vc_custom_1637771425266{padding-right: 40px !important;padding-left: 40px !important;background-color: #ffffff !important;}&#8220;]<\/p>\n<div class=\"et_pb_module et_pb_text et_pb_text_0 et_pb_text_align_center et_pb_bg_layout_light\">\n<div class=\"et_pb_text_inner\">\n<h1>Mikrofinanzprogramm als Teil der Epicenterstrategie<\/h1>\n<\/div>\n<\/div>\n<p>&nbsp;<\/p>\n<p>Das Mikrofinanz-Programm ist ein\u00a0<strong>Trainings-, Spar-und Kredit-Programm<\/strong>, das die\u00a0<strong>wirtschaftliche St\u00e4rkung der Frauen in Afrika unterst\u00fctzt<\/strong><\/p>\n<p>&nbsp;<\/p>\n<p><span style=\"text-decoration: underline;\"><a href=\"https:\/\/hungerprojekt.ch\/wp-content\/uploads\/2021\/11\/Mikrofinanzprogramm-DE-1.pdf\" target=\"_blank\" rel=\"noopener noreferrer\">Factsheet: Mikrofinanzprogramm<\/a><\/span><\/p>\n<p>&nbsp;<\/p>\n<div class=\"npobject\">\n<h2>Mikrofinanzprogramm<\/h2>\n<\/div>\n<p>&nbsp;<\/p>\n<p>Das Mikrofinanzprogramm des Hunger Projekts\u00a0<strong>wird von Frauen verwaltet<\/strong>\u00a0und hilft prim\u00e4r Frauen. Es ist ein Ausbildungs-, Kredit- und Sparprogramm, durch welches Mikrokredite an Gruppen von Frauen und M\u00e4nnern verteilt und eine Sparkultur gef\u00f6rdert wird.<\/p>\n<p>&nbsp;<\/p>\n<p>Das Programm erwirbt die finanziellen Mittel f\u00fcr wirtschaftliche Selbst\u00e4ndigkeit und eine offizielle staatliche Zertifizierung, um als eine\u00a0<strong>Dorfbank<\/strong>\u00a0zu operieren. Kleine Darlehen werden prim\u00e4r f\u00fcr Farmarbeiten und Kleinhandel gebraucht, um erfolgreich das Haushaltseinkommen zu vergr\u00f6ssern. Mit dem Mikrofinanzprogramm\u00a0<strong>gewinnen Frauen eine starke Stimme in der Gemeinschaft.<\/strong><\/p>\n<p>&nbsp;<\/p>\n<p>Die\u00a0<strong>Kernelemente<\/strong>\u00a0des Mikrofinanzprogramms sind Schulungs- , Kredit- und Ersparnisprogramme: Mikrofinanzausbildung, einkommensgenerierende Workshops, Darlehen und Einsparungen.<\/p>\n<p>&nbsp;<\/p>\n<p><img fetchpriority=\"high\" decoding=\"async\" class=\"alignnone wp-image-452\" src=\"https:\/\/hungerprojekt.ch\/wp-content\/uploads\/2020\/11\/293251-300x200.jpg\" alt=\"\" width=\"666\" height=\"444\" srcset=\"https:\/\/hungerprojekt.ch\/wp-content\/uploads\/2020\/11\/293251-300x200.jpg 300w, https:\/\/hungerprojekt.ch\/wp-content\/uploads\/2020\/11\/293251-1024x681.jpg 1024w, https:\/\/hungerprojekt.ch\/wp-content\/uploads\/2020\/11\/293251-768x511.jpg 768w, https:\/\/hungerprojekt.ch\/wp-content\/uploads\/2020\/11\/293251-700x466.jpg 700w, https:\/\/hungerprojekt.ch\/wp-content\/uploads\/2020\/11\/293251.jpg 1300w\" sizes=\"(max-width: 666px) 100vw, 666px\" \/><\/p>\n<div class=\"npobject\">\n<h2>Mikrofinanzausbildung<\/h2>\n<\/div>\n<p>Die Ausbildungen in Mikrofinanzierung st\u00e4rken die Leute in Alphabetisierung, Budgetierung, Kreditmanagement, F\u00fchrung, Buchhaltung und Gesch\u00e4ftsplanentwicklung. Da das Hunger Projekt Darlehen an kleine Gruppen vergibt, welche sich gegenseitig verpflichten zahlungsf\u00e4hig zu bleiben, um Schulden zur\u00fcckzahlen zu k\u00f6nnen, werden sie auch in Gruppendynamik geschult.<\/p>\n<p>&nbsp;<\/p>\n<p><img decoding=\"async\" class=\"alignnone wp-image-453\" src=\"https:\/\/hungerprojekt.ch\/wp-content\/uploads\/2020\/11\/293252-300x200.jpg\" alt=\"\" width=\"651\" height=\"434\" srcset=\"https:\/\/hungerprojekt.ch\/wp-content\/uploads\/2020\/11\/293252-300x200.jpg 300w, https:\/\/hungerprojekt.ch\/wp-content\/uploads\/2020\/11\/293252-1024x681.jpg 1024w, https:\/\/hungerprojekt.ch\/wp-content\/uploads\/2020\/11\/293252-768x511.jpg 768w, https:\/\/hungerprojekt.ch\/wp-content\/uploads\/2020\/11\/293252-700x466.jpg 700w, https:\/\/hungerprojekt.ch\/wp-content\/uploads\/2020\/11\/293252.jpg 1500w\" sizes=\"(max-width: 651px) 100vw, 651px\" \/><\/p>\n<p>&nbsp;<\/p>\n<div class=\"npobject\">\n<h2>Einkommenssteigernde Workshops<\/h2>\n<\/div>\n<p>Einkommensschaffende Unternehmerinitiativen umfassen (sind aber nicht beschr\u00e4nkt auf) Tierhaltung, Mast, Kleinhandel, Lebensmittel-Verarbeitung (Gelees, Marmeladen, S\u00e4fte, etc.), Landwirtschaft, Kerzenherstellung, Brotbacken, Korbflechten und Fischzucht.<\/p>\n<p>&nbsp;<\/p>\n<p><img decoding=\"async\" class=\"alignnone wp-image-454\" src=\"https:\/\/hungerprojekt.ch\/wp-content\/uploads\/2020\/11\/tn_293253-300x200.jpg\" alt=\"\" width=\"516\" height=\"344\" srcset=\"https:\/\/hungerprojekt.ch\/wp-content\/uploads\/2020\/11\/tn_293253-300x200.jpg 300w, https:\/\/hungerprojekt.ch\/wp-content\/uploads\/2020\/11\/tn_293253.jpg 500w\" sizes=\"(max-width: 516px) 100vw, 516px\" \/><\/p>\n<div class=\"npobject\">\n<h2>Im Jahr 2021 von THP Schweiz unterst\u00fctztes Projekt<\/h2>\n<p>THP Schweiz unterst\u00fctzt das Mikrofinanzprogramm in Benin. <strong>\u00dcber 750 Frauen<\/strong> in den beiden Epicenters Sonon-Guinagourou (10 D\u00f6rfer) und Gb\u00e9gourou (6 D\u00f6rfer) \u00a0\u00a0erhalten Zugang zu Mikrokrediten sowie Spareinlagen und k\u00f6nnen ihre Managementf\u00e4higkeiten entwickeln. Ziel ist, dass die Frauen h\u00f6here Einkommen generieren k\u00f6nnen, um bessere Lebensgrundlagen f\u00fcr ihre Familien zu schaffen und somit Hunger und Armut zu \u00fcberwinden.<\/p>\n<p><strong>\u00a0<\/strong><\/p>\n<p><strong>Bis Ende August 2021 durchgef\u00fchrte T\u00e4tigkeiten<\/strong><\/p>\n<ol>\n<li><strong>Identifizierung von drei Mentorinnen pro Dorf in den 16 D\u00f6rfern <\/strong><\/li>\n<\/ol>\n<p>Diese MentorInnen begleiten die Frauen bei der Umsetzung ihrer Kleinunternehmen. Es sind Menschen, die in der Region leben und \u00fcber ein Bildungsniveau verf\u00fcgen, mit welchem sie in der Lage sind, diese Frauen zu unterst\u00fctzen. Es sind Freiwillige. Jede Mentorin hat 16 bis 20 Frauen identifiziert, die sie beraten und begleiten m\u00fcssen.<\/p>\n<p>&nbsp;<\/p>\n<ol start=\"2\">\n<li><strong>Identifizierung von 48 Frauen in jedem der 16 D\u00f6rfer<\/strong><\/li>\n<\/ol>\n<p>Es sind Frauen mit einkommensgenerierenden Aktivit\u00e4ten. Die T\u00e4tigkeitsbereiche dieser Frauen sind:<\/p>\n<ul>\n<li>Lebensmittelverarbeitung: Verarbeitung von Shean\u00fcssen zu Butter, Soja zu K\u00e4se, Mais zu Akassa (lokale Lebensmittel)<\/li>\n<li>Kunsthandwerk: Herstellung von traditioneller Seife aus Sheabutter, N\u00e4hen<\/li>\n<li>Gem\u00fcseanbau: Chilischoten und Gem\u00fcse<\/li>\n<\/ul>\n<p>Folgender Ausbildungsbedarf wurde ermittelt: Einfache Werkzeuge f\u00fcr das Management ihrer T\u00e4tigkeiten, gute Verkaufspraktiken und Zugang zu Krediten, Umgang mit Ersparnissen, Investitionen und Verwaltung eines Kleinstunternehmens.<\/p>\n<p>&nbsp;<\/p>\n<ol start=\"3\">\n<li><strong>Schulung von 90 Frauen \u00fcber allgemeines Unternehmertum<\/strong> <strong>und die Bedeutung von Finanzdienstleistungen<\/strong><\/li>\n<\/ol>\n<p>Um das Lernen zu erleichtern und die Covid-19-Massnahmen zu respektieren wurden die Trainings in Gruppen von nicht mehr als 30 Frauen durchgef\u00fchrt.<\/p>\n<p>Die Ausbildung wird bis Ende Dezember 2021 fortgesetzt. Ende September und Ende Dezember wird eine Evaluation durchgef\u00fchrt, um den Grad der Aneignung des von den Frauen erworbenen Wissens zu bewerten. Erst nach dieser Bewertung werden Zertifikate an die Frauen vergeben, die gut abgeschnitten haben.<\/p>\n<\/div>\n<p>&nbsp;<\/p>\n<div class=\"npobject\"><\/div>\n<p>&nbsp;<\/p>\n<p><img loading=\"lazy\" decoding=\"async\" class=\"alignnone wp-image-455\" src=\"https:\/\/hungerprojekt.ch\/wp-content\/uploads\/2020\/11\/293254-300x200.jpg\" alt=\"\" width=\"605\" height=\"404\" srcset=\"https:\/\/hungerprojekt.ch\/wp-content\/uploads\/2020\/11\/293254-300x200.jpg 300w, https:\/\/hungerprojekt.ch\/wp-content\/uploads\/2020\/11\/293254-768x511.jpg 768w, https:\/\/hungerprojekt.ch\/wp-content\/uploads\/2020\/11\/293254-700x466.jpg 700w, https:\/\/hungerprojekt.ch\/wp-content\/uploads\/2020\/11\/293254.jpg 1500w\" sizes=\"(max-width: 605px) 100vw, 605px\" \/>[\/vc_column_text][\/vc_column][vc_column width=&#8220;3\/12&#8243; offset=&#8220;vc_hidden-md vc_hidden-sm vc_hidden-xs&#8220;][vc_column_text css=&#8220;.vc_custom_1606230659196{margin-top: 100px !important;margin-right: 1px !important;margin-left: 41px !important;padding-top: 20px !important;padding-bottom: 20px !important;padding-left: 20px !important;background-color: #0000aa !important;}&#8220;]<\/p>\n<h5 style=\"text-align: left;\"><a href=\"\/thp-programme\/\"><strong>THP PROGRAMME<\/strong><\/a><\/h5>\n<h5><a href=\"\/thp-programme\/das-grundprinzip-unserer-arbeit\/\">Das Grundprinzip<\/a><\/h5>\n<h5><a href=\"\/thp-programme\/epicenterstrategie-in-afrika\/\">Epicenterstrategie<\/a><\/h5>\n<h5 style=\"text-align: left;\"><span style=\"color: #ffd214;\"><a style=\"color: #ffd214;\" href=\"\/thp-programme\/mikrofinanzprogramm-als-teil-der-epicenterstrategie\/\">Mikrofinanzprogramm<\/a><\/span><\/h5>\n<h5 style=\"text-align: left;\"><a href=\"\/thp-programme\/empowerment-von-frauen-in-indien\/\">Empowerment<\/a><\/h5>\n<h5 style=\"text-align: left;\"><a href=\"\/thp-programme\/thp-und-agenda-2030\/\">THP und Agenda 2030<\/a><\/h5>\n<p>[\/vc_column_text][\/vc_column][\/vc_row][vc_row css_animation=&#8220;&#8220; row_type=&#8220;row&#8220; use_row_as_full_screen_section=&#8220;no&#8220; type=&#8220;grid&#8220; angled_section=&#8220;no&#8220; text_align=&#8220;left&#8220; background_image_as_pattern=&#8220;without_pattern&#8220; z_index=&#8220;&#8220;][vc_column width=&#8220;9\/12&#8243; offset=&#8220;vc_hidden-lg vc_hidden-md&#8220;][vc_column_text css=&#8220;.vc_custom_1604761404306{padding-top: 30px !important;background-color: #ffffff !important;}&#8220;]<\/p>\n<h6 style=\"text-align: left;\"><a href=\"http:\/\/hungerprojekt.ch\">Home<\/a> &gt; <a href=\"\/thp-programme\/\">THP Programme<\/a> &gt; <a href=\"\/thp-programme\/mikrofinanzprogramm-als-teil-der-epicenterstrategie\/\">Mikrofinanzprogramm<\/a><\/h6>\n<p>[\/vc_column_text][vc_empty_space height=&#8220;20&#8243; css=&#8220;.vc_custom_1604579018353{background-color: #ffffff !important;}&#8220;][vc_column_text css=&#8220;.vc_custom_1637771365095{background-color: #ffffff !important;}&#8220;]<\/p>\n<div class=\"et_pb_module et_pb_text et_pb_text_0 et_pb_text_align_center et_pb_bg_layout_light\">\n<div class=\"et_pb_text_inner\">\n<div class=\"et_pb_module et_pb_text et_pb_text_0 et_pb_text_align_center et_pb_bg_layout_light\">\n<div class=\"et_pb_text_inner\">\n<h1>Mikrofinanzprogramm als Teil der Epicenterstrategie<\/h1>\n<\/div>\n<\/div>\n<p>&nbsp;<\/p>\n<p>Das Mikrofinanz-Programm ist ein\u00a0<strong>Trainings-, Spar-und Kredit-Programm<\/strong>, das die\u00a0<strong>wirtschaftliche St\u00e4rkung der Frauen in Afrika unterst\u00fctzt<\/strong><\/p>\n<p>&nbsp;<\/p>\n<p><span style=\"text-decoration: underline;\"><a href=\"https:\/\/hungerprojekt.ch\/wp-content\/uploads\/2021\/11\/Mikrofinanzprogramm-DE-1.pdf\" target=\"_blank\" rel=\"noopener noreferrer\">Factsheet: Mikrofinanzprogramm<\/a><\/span><\/p>\n<p>&nbsp;<\/p>\n<div class=\"npobject\">\n<h2>Mikrofinanzprogramm<\/h2>\n<\/div>\n<p>&nbsp;<\/p>\n<p>Das Mikrofinanzprogramm des Hunger Projekts\u00a0<strong>wird von Frauen verwaltet<\/strong>\u00a0und hilft prim\u00e4r Frauen. Es ist ein Ausbildungs-, Kredit- und Sparprogramm, durch welches Mikrokredite an Gruppen von Frauen und M\u00e4nnern verteilt und eine Sparkultur gef\u00f6rdert wird.<\/p>\n<p>&nbsp;<\/p>\n<p>Das Programm erwirbt die finanziellen Mittel f\u00fcr wirtschaftliche Selbst\u00e4ndigkeit und eine offizielle staatliche Zertifizierung, um als eine\u00a0<strong>Dorfbank<\/strong>\u00a0zu operieren. Kleine Darlehen werden prim\u00e4r f\u00fcr Farmarbeiten und Kleinhandel gebraucht, um erfolgreich das Haushaltseinkommen zu vergr\u00f6ssern. Mit dem Mikrofinanzprogramm\u00a0<strong>gewinnen Frauen eine starke Stimme in der Gemeinschaft.<\/strong><\/p>\n<p>&nbsp;<\/p>\n<p>Die\u00a0<strong>Kernelemente<\/strong>\u00a0des Mikrofinanzprogramms sind Schulungs- , Kredit- und Ersparnisprogramme: Mikrofinanzausbildung, einkommensgenerierende Workshops, Darlehen und Einsparungen.<\/p>\n<p>&nbsp;<\/p>\n<p><img fetchpriority=\"high\" decoding=\"async\" class=\"alignnone wp-image-452\" src=\"https:\/\/hungerprojekt.ch\/wp-content\/uploads\/2020\/11\/293251-300x200.jpg\" alt=\"\" width=\"666\" height=\"444\" srcset=\"https:\/\/hungerprojekt.ch\/wp-content\/uploads\/2020\/11\/293251-300x200.jpg 300w, https:\/\/hungerprojekt.ch\/wp-content\/uploads\/2020\/11\/293251-1024x681.jpg 1024w, https:\/\/hungerprojekt.ch\/wp-content\/uploads\/2020\/11\/293251-768x511.jpg 768w, https:\/\/hungerprojekt.ch\/wp-content\/uploads\/2020\/11\/293251-700x466.jpg 700w, https:\/\/hungerprojekt.ch\/wp-content\/uploads\/2020\/11\/293251.jpg 1300w\" sizes=\"(max-width: 666px) 100vw, 666px\" \/><\/p>\n<div class=\"npobject\">\n<h2>Mikrofinanzausbildung<\/h2>\n<\/div>\n<p>Die Ausbildungen in Mikrofinanzierung st\u00e4rken die Leute in Alphabetisierung, Budgetierung, Kreditmanagement, F\u00fchrung, Buchhaltung und Gesch\u00e4ftsplanentwicklung. Da das Hunger Projekt Darlehen an kleine Gruppen vergibt, welche sich gegenseitig verpflichten zahlungsf\u00e4hig zu bleiben, um Schulden zur\u00fcckzahlen zu k\u00f6nnen, werden sie auch in Gruppendynamik geschult.<\/p>\n<p>&nbsp;<\/p>\n<p><img decoding=\"async\" class=\"alignnone wp-image-453\" src=\"https:\/\/hungerprojekt.ch\/wp-content\/uploads\/2020\/11\/293252-300x200.jpg\" alt=\"\" width=\"651\" height=\"434\" srcset=\"https:\/\/hungerprojekt.ch\/wp-content\/uploads\/2020\/11\/293252-300x200.jpg 300w, https:\/\/hungerprojekt.ch\/wp-content\/uploads\/2020\/11\/293252-1024x681.jpg 1024w, https:\/\/hungerprojekt.ch\/wp-content\/uploads\/2020\/11\/293252-768x511.jpg 768w, https:\/\/hungerprojekt.ch\/wp-content\/uploads\/2020\/11\/293252-700x466.jpg 700w, https:\/\/hungerprojekt.ch\/wp-content\/uploads\/2020\/11\/293252.jpg 1500w\" sizes=\"(max-width: 651px) 100vw, 651px\" \/><\/p>\n<p>&nbsp;<\/p>\n<div class=\"npobject\">\n<h2>Einkommenssteigernde Workshops<\/h2>\n<\/div>\n<p>Einkommensschaffende Unternehmerinitiativen umfassen (sind aber nicht beschr\u00e4nkt auf) Tierhaltung, Mast, Kleinhandel, Lebensmittel-Verarbeitung (Gelees, Marmeladen, S\u00e4fte, etc.), Landwirtschaft, Kerzenherstellung, Brotbacken, Korbflechten und Fischzucht.<\/p>\n<p>&nbsp;<\/p>\n<p><img decoding=\"async\" class=\"alignnone wp-image-454\" src=\"https:\/\/hungerprojekt.ch\/wp-content\/uploads\/2020\/11\/tn_293253-300x200.jpg\" alt=\"\" width=\"516\" height=\"344\" srcset=\"https:\/\/hungerprojekt.ch\/wp-content\/uploads\/2020\/11\/tn_293253-300x200.jpg 300w, https:\/\/hungerprojekt.ch\/wp-content\/uploads\/2020\/11\/tn_293253.jpg 500w\" sizes=\"(max-width: 516px) 100vw, 516px\" \/><\/p>\n<div class=\"npobject\">\n<h2>Im Jahr 2021 von THP Schweiz unterst\u00fctztes Projekt<\/h2>\n<p>THP Schweiz unterst\u00fctzt das Mikrofinanzprogramm in Benin. <strong>\u00dcber 750 Frauen<\/strong> in den beiden Epicenters Sonon-Guinagourou (10 D\u00f6rfer) und Gb\u00e9gourou (6 D\u00f6rfer) \u00a0\u00a0erhalten Zugang zu Mikrokrediten sowie Spareinlagen und k\u00f6nnen ihre Managementf\u00e4higkeiten entwickeln. Ziel ist, dass die Frauen h\u00f6here Einkommen generieren k\u00f6nnen, um bessere Lebensgrundlagen f\u00fcr ihre Familien zu schaffen und somit Hunger und Armut zu \u00fcberwinden.<\/p>\n<p><strong>\u00a0<\/strong><\/p>\n<p><strong>Bis Ende August 2021 durchgef\u00fchrte T\u00e4tigkeiten<\/strong><\/p>\n<ol>\n<li><strong>Identifizierung von drei Mentorinnen pro Dorf in den 16 D\u00f6rfern <\/strong><\/li>\n<\/ol>\n<p>Diese MentorInnen begleiten die Frauen bei der Umsetzung ihrer Kleinunternehmen. Es sind Menschen, die in der Region leben und \u00fcber ein Bildungsniveau verf\u00fcgen, mit welchem sie in der Lage sind, diese Frauen zu unterst\u00fctzen. Es sind Freiwillige. Jede Mentorin hat 16 bis 20 Frauen identifiziert, die sie beraten und begleiten m\u00fcssen.<\/p>\n<p>&nbsp;<\/p>\n<ol start=\"2\">\n<li><strong>Identifizierung von 48 Frauen in jedem der 16 D\u00f6rfer<\/strong><\/li>\n<\/ol>\n<p>Es sind Frauen mit einkommensgenerierenden Aktivit\u00e4ten. Die T\u00e4tigkeitsbereiche dieser Frauen sind:<\/p>\n<ul>\n<li>Lebensmittelverarbeitung: Verarbeitung von Shean\u00fcssen zu Butter, Soja zu K\u00e4se, Mais zu Akassa (lokale Lebensmittel)<\/li>\n<li>Kunsthandwerk: Herstellung von traditioneller Seife aus Sheabutter, N\u00e4hen<\/li>\n<li>Gem\u00fcseanbau: Chilischoten und Gem\u00fcse<\/li>\n<\/ul>\n<p>Folgender Ausbildungsbedarf wurde ermittelt: Einfache Werkzeuge f\u00fcr das Management ihrer T\u00e4tigkeiten, gute Verkaufspraktiken und Zugang zu Krediten, Umgang mit Ersparnissen, Investitionen und Verwaltung eines Kleinstunternehmens.<\/p>\n<p>&nbsp;<\/p>\n<ol start=\"3\">\n<li><strong>Schulung von 90 Frauen \u00fcber allgemeines Unternehmertum<\/strong> <strong>und die Bedeutung von Finanzdienstleistungen<\/strong><\/li>\n<\/ol>\n<p>Um das Lernen zu erleichtern und die Covid-19-Massnahmen zu respektieren wurden die Trainings in Gruppen von nicht mehr als 30 Frauen durchgef\u00fchrt.<\/p>\n<p>Die Ausbildung wird bis Ende Dezember 2021 fortgesetzt. Ende September und Ende Dezember wird eine Evaluation durchgef\u00fchrt, um den Grad der Aneignung des von den Frauen erworbenen Wissens zu bewerten. Erst nach dieser Bewertung werden Zertifikate an die Frauen vergeben, die gut abgeschnitten haben.<\/p>\n<\/div>\n<p>&nbsp;<\/p>\n<div class=\"npobject\"><\/div>\n<p>&nbsp;<\/p>\n<p><img loading=\"lazy\" decoding=\"async\" class=\"alignnone wp-image-455\" src=\"https:\/\/hungerprojekt.ch\/wp-content\/uploads\/2020\/11\/293254-300x200.jpg\" alt=\"\" width=\"605\" height=\"404\" srcset=\"https:\/\/hungerprojekt.ch\/wp-content\/uploads\/2020\/11\/293254-300x200.jpg 300w, https:\/\/hungerprojekt.ch\/wp-content\/uploads\/2020\/11\/293254-768x511.jpg 768w, https:\/\/hungerprojekt.ch\/wp-content\/uploads\/2020\/11\/293254-700x466.jpg 700w, https:\/\/hungerprojekt.ch\/wp-content\/uploads\/2020\/11\/293254.jpg 1500w\" sizes=\"(max-width: 605px) 100vw, 605px\" \/><\/p>\n<\/div>\n<\/div>\n<p>[\/vc_column_text][\/vc_column][vc_column width=&#8220;3\/12&#8243; offset=&#8220;vc_hidden-md vc_hidden-sm vc_hidden-xs&#8220;][\/vc_column][\/vc_row][vc_row css_animation=&#8220;&#8220; row_type=&#8220;row&#8220; use_row_as_full_screen_section=&#8220;no&#8220; type=&#8220;full_width&#8220; angled_section=&#8220;no&#8220; text_align=&#8220;center&#8220; background_image_as_pattern=&#8220;without_pattern&#8220; z_index=&#8220;&#8220; css=&#8220;.vc_custom_1602087442483{margin-top: 50px !important;background-color: #0011aa !important;}&#8220;][vc_column][vc_row_inner row_type=&#8220;row&#8220; type=&#8220;grid&#8220; text_align=&#8220;center&#8220; css_animation=&#8220;&#8220; css=&#8220;.vc_custom_1602082086628{padding-top: 50px !important;padding-bottom: 50px !important;}&#8220;][vc_column_inner width=&#8220;2\/3&#8243; css=&#8220;.vc_custom_1602075588363{padding-top: 10px !important;padding-bottom: 10px !important;}&#8220;]<div class=\"custom_font_holder\" style=\"font-family: Unna; font-size: 34px; line-height: 41px; font-style: normal; font-weight: 300; color: #ffffff; text-decoration: none; text-align: center;\">Empowerment &#8211; Investieren Sie in Menschen!<\/div>[\/vc_column_inner][vc_column_inner width=&#8220;1\/3&#8243; css=&#8220;.vc_custom_1602075582964{padding-top: 10px !important;padding-bottom: 10px !important;}&#8220;]<a  itemprop=\"url\" href=\"\/spenden\/\" target=\"_self\" data-hover-background-color='#ffffff' data-hover-border-color='#ffffff' data-hover-color='#0011aa' class=\"qbutton  small center default\" style=\"color: #ffffff; border-color: #ffffff; font-style: normal; font-weight: 700; font-family: Source Sans Pro; text-transform: uppercase; background-color: #0011aa;\">Jetzt spenden<\/a>[\/vc_column_inner][\/vc_row_inner][\/vc_column][\/vc_row]<\/p>\n<\/div>","protected":false},"excerpt":{"rendered":"<p>[vc_row css_animation=&#8220;&#8220; row_type=&#8220;row&#8220; use_row_as_full_screen_section=&#8220;no&#8220; type=&#8220;full_width&#8220; angled_section=&#8220;no&#8220; text_align=&#8220;center&#8220; background_image_as_pattern=&#8220;without_pattern&#8220; z_index=&#8220;&#8220; css=&#8220;.vc_custom_1604521825735{background-color: #ffffff !important;}&#8220;][vc_column][vc_row_inner row_type=&#8220;row&#8220; type=&#8220;full_width&#8220; text_align=&#8220;center&#8220; css_animation=&#8220;&#8220;][vc_column_inner offset=&#8220;vc_hidden-sm vc_hidden-xs&#8220; css=&#8220;.vc_custom_1606393559517{padding-top: 500px !important;background-image: url(https:\/\/hungerprojekt.ch\/wp-content\/uploads\/2020\/11\/4832366_2dbb8989ea_k.jpg?id=1093) !important;background-position: center !important;background-repeat: no-repeat !important;background-size: cover !important;}&#8220;][\/vc_column_inner][\/vc_row_inner][vc_row_inner row_type=&#8220;row&#8220; type=&#8220;full_width&#8220; text_align=&#8220;center&#8220; css_animation=&#8220;&#8220;][vc_column_inner offset=&#8220;vc_hidden-lg vc_hidden-md&#8220; css=&#8220;.vc_custom_1606393567103{padding-top: 200px !important;background-image: url(https:\/\/hungerprojekt.ch\/wp-content\/uploads\/2020\/11\/4832366_2dbb8989ea_k.jpg?id=1093) !important;background-position: center !important;background-repeat: no-repeat !important;background-size: cover&#8230;<\/p>\n","protected":false},"author":1,"featured_media":0,"parent":400,"menu_order":1,"comment_status":"closed","ping_status":"closed","template":"full_width.php","meta":{"inline_featured_image":false,"footnotes":""},"class_list":["post-448","page","type-page","status-publish","hentry"],"_links":{"self":[{"href":"https:\/\/hungerprojekt.ch\/de\/wp-json\/wp\/v2\/pages\/448","targetHints":{"allow":["GET"]}}],"collection":[{"href":"https:\/\/hungerprojekt.ch\/de\/wp-json\/wp\/v2\/pages"}],"about":[{"href":"https:\/\/hungerprojekt.ch\/de\/wp-json\/wp\/v2\/types\/page"}],"author":[{"embeddable":true,"href":"https:\/\/hungerprojekt.ch\/de\/wp-json\/wp\/v2\/users\/1"}],"replies":[{"embeddable":true,"href":"https:\/\/hungerprojekt.ch\/de\/wp-json\/wp\/v2\/comments?post=448"}],"version-history":[{"count":24,"href":"https:\/\/hungerprojekt.ch\/de\/wp-json\/wp\/v2\/pages\/448\/revisions"}],"predecessor-version":[{"id":3306,"href":"https:\/\/hungerprojekt.ch\/de\/wp-json\/wp\/v2\/pages\/448\/revisions\/3306"}],"up":[{"embeddable":true,"href":"https:\/\/hungerprojekt.ch\/de\/wp-json\/wp\/v2\/pages\/400"}],"wp:attachment":[{"href":"https:\/\/hungerprojekt.ch\/de\/wp-json\/wp\/v2\/media?parent=448"}],"curies":[{"name":"wp","href":"https:\/\/api.w.org\/{rel}","templated":true}]}}