{"id":466,"date":"2020-11-07T16:00:13","date_gmt":"2020-11-07T15:00:13","guid":{"rendered":"https:\/\/hungerprojekt.ch\/?page_id=466"},"modified":"2026-03-23T12:59:36","modified_gmt":"2026-03-23T11:59:36","slug":"empowerment-von-frauen-in-indien","status":"publish","type":"page","link":"https:\/\/hungerprojekt.ch\/de\/thp-programme\/empowerment-von-frauen-in-indien\/","title":{"rendered":"Empowerment von Frauen in Indien"},"content":{"rendered":"<div class=\"wpb-content-wrapper\"><p>[vc_row css_animation=&#8220;&#8220; row_type=&#8220;row&#8220; use_row_as_full_screen_section=&#8220;no&#8220; type=&#8220;full_width&#8220; angled_section=&#8220;no&#8220; text_align=&#8220;center&#8220; background_image_as_pattern=&#8220;without_pattern&#8220; z_index=&#8220;&#8220; css=&#8220;.vc_custom_1604521825735{background-color: #ffffff !important;}&#8220;][vc_column][vc_row_inner row_type=&#8220;row&#8220; type=&#8220;full_width&#8220; text_align=&#8220;center&#8220; css_animation=&#8220;&#8220;][vc_column_inner offset=&#8220;vc_hidden-sm vc_hidden-xs&#8220; css=&#8220;.vc_custom_1604762710274{padding-top: 500px !important;background-image: url(https:\/\/hungerprojekt.ch\/wp-content\/uploads\/2020\/11\/293266.jpg?id=472) !important;background-position: center !important;background-repeat: no-repeat !important;background-size: cover !important;}&#8220;][\/vc_column_inner][\/vc_row_inner][vc_row_inner row_type=&#8220;row&#8220; type=&#8220;full_width&#8220; text_align=&#8220;center&#8220; css_animation=&#8220;&#8220;][vc_column_inner offset=&#8220;vc_hidden-lg vc_hidden-md&#8220; css=&#8220;.vc_custom_1604762702538{padding-top: 200px !important;background-image: url(https:\/\/hungerprojekt.ch\/wp-content\/uploads\/2020\/11\/293266.jpg?id=472) !important;background-position: center !important;background-repeat: no-repeat !important;background-size: cover !important;}&#8220;][\/vc_column_inner][\/vc_row_inner][\/vc_column][\/vc_row][vc_row css_animation=&#8220;&#8220; row_type=&#8220;row&#8220; use_row_as_full_screen_section=&#8220;no&#8220; type=&#8220;grid&#8220; angled_section=&#8220;no&#8220; text_align=&#8220;left&#8220; background_image_as_pattern=&#8220;without_pattern&#8220; z_index=&#8220;&#8220;][vc_column width=&#8220;9\/12&#8243; offset=&#8220;vc_hidden-sm vc_hidden-xs&#8220;][vc_column_text css=&#8220;.vc_custom_1604761281599{margin-top: -100px !important;padding-top: 30px !important;padding-right: 40px !important;padding-left: 40px !important;background-color: #ffffff !important;}&#8220;]<\/p>\n<h6 style=\"text-align: left;\"><a href=\"http:\/\/hungerprojekt.ch\">Home<\/a> &gt; <a href=\"\/thp-programme\/\">THP Programme<\/a> &gt; <a href=\"\/thp-programme\/empowerment-von-frauen-in-indien\/\">Empowerment<\/a><\/h6>\n<p>[\/vc_column_text][vc_empty_space height=&#8220;20&#8243; css=&#8220;.vc_custom_1604579018353{background-color: #ffffff !important;}&#8220;][vc_column_text css=&#8220;.vc_custom_1604761196143{padding-right: 40px !important;padding-left: 40px !important;background-color: #ffffff !important;}&#8220;]<\/p>\n<div class=\"et_pb_module et_pb_text et_pb_text_0 et_pb_text_align_center et_pb_bg_layout_light\">\n<div class=\"et_pb_text_inner\">\n<h1>Empowerment von Frauen in Indien<\/h1>\n<\/div>\n<\/div>\n<p>[\/vc_column_text][vc_column_text css=&#8220;.vc_custom_1620813587487{margin-top: 20px !important;padding-right: 40px !important;padding-left: 40px !important;background-color: #ffffff !important;}&#8220;]Die St\u00e4rkung der Frauen in Indien bez\u00fcglich ihrem eigenen Ver\u00e4nderungspotenzial hat schon vieles bewirkt.<\/p>\n<p>&nbsp;<\/p>\n<p><span style=\"text-decoration: underline;\"><a href=\"https:\/\/hungerprojekt.ch\/wp-content\/uploads\/2021\/05\/Factsheet_indien.pdf\">Factsheet: Selbstbestimmung f\u00fcr Frauen<\/a><\/span><\/p>\n<p>&nbsp;<\/p>\n<p><span style=\"text-decoration: underline;\"><a href=\"\/wp-content\/uploads\/2020\/11\/sweep_factsheet_i.pdf\" target=\"_blank\" rel=\"noopener noreferrer\">Fachtsheet:\u00a0Strengthening Women&#8217;s Empowerment in India\u00a0trough Electoral Processes (SWEEP)<\/a><\/span><\/p>\n<p>&nbsp;<\/p>\n<p><span style=\"text-decoration: underline;\">Artikel:\u00a0<a href=\"http:\/\/www.livemint.com\/Leisure\/NFEy7XCkBo8M0hFvFsYgSL\/The-Hunger-Project--How-the-women-found-their-voice.html\" target=\"_blank\" rel=\"noopener noreferrer\">\u00a0Wie die Frauen ihre Stimme gefunden haben<\/a><\/span><\/p>\n<p>&nbsp;<\/p>\n<p><span style=\"text-decoration: underline;\"><a href=\"\/thp-programme\/thp-schweiz-programmlaender\/indien\/\" rel=\"noopener noreferrer\">THP Schweiz in Indien<\/a><\/span><\/p>\n<p>&nbsp;<\/p>\n<p>&nbsp;<\/p>\n<div class=\"npobject\">\n<h2>Frauenquote in den Panchayats<\/h2>\n<\/div>\n<p>&nbsp;<\/p>\n<p>In Indien l\u00e4uft eines der gr\u00f6\u00dften sozialen Experimente unserer Zeit: 1992 hat die indische Regierung per Gesetz beschlossen, politische Macht und Ressourcen im l\u00e4ndlichen Raum vermehrt an gew\u00e4hlte lokale Selbstverwaltungsgremien, den sogenannten &#8222;Panchayats&#8220;, zu delegieren.<\/p>\n<p>&nbsp;<\/p>\n<p>Insbesondere wurde festgelegt, dass\u00a0<strong>mindestens ein Drittel der Panchayat-Abgeordneten Frauen sein m\u00fcssen<\/strong>. Dies ist ein revolution\u00e4rer Schritt mit enormer Tragweite. Erstmals verf\u00fcgen Frauen, deren Leben seit Jahrhunderten von Machtlosigkeit, Unterern\u00e4hrung und mangelnder Bildung gepr\u00e4gt ist, zumindest im Grundsatz \u00fcber das Mandat und den politischen Einfluss, sich mit den Dorfbewohnerinnen und -bewohner f\u00fcr ihre Anliegen einzusetzen und die Ressourcen von staatlicher Seite daf\u00fcr zu mobilisieren.<\/p>\n<p>&nbsp;<\/p>\n<p>Die Umsetzung dieses Gesetzes in der Praxis ist eine gro\u00dfe Herausforderung. Tief verwurzelte, patriarchalische und feudale Strukturen stehen dabei h\u00e4ufig im Wege. Zugleich m\u00fcssen Frauen erst in ihre neue Rolle hineinwachsen. Beispielsweise ist es eine neue Erfahrung f\u00fcr indische Frauen, in einer politischen Versammlung die Stimme zu erheben \u2013 dies kostet Mut.<\/p>\n<p>&nbsp;<\/p>\n<p><img fetchpriority=\"high\" decoding=\"async\" class=\"alignnone wp-image-474\" src=\"https:\/\/hungerprojekt.ch\/wp-content\/uploads\/2020\/11\/293240-300x198.jpg\" alt=\"\" width=\"515\" height=\"340\" srcset=\"https:\/\/hungerprojekt.ch\/wp-content\/uploads\/2020\/11\/293240-300x198.jpg 300w, https:\/\/hungerprojekt.ch\/wp-content\/uploads\/2020\/11\/293240.jpg 428w\" sizes=\"(max-width: 515px) 100vw, 515px\" \/><\/p>\n<p>&nbsp;<\/p>\n<div class=\"npobject\">\n<h2>Unterst\u00fctzung der gew\u00e4hlten Vertreterinnen<\/h2>\n<\/div>\n<p>&nbsp;<\/p>\n<p>Ohne geeignete Schulung und Unterst\u00fctzung haben diese Frauen in den Panchayats wenig Chancen, ihre Anliegen &#8211; z.B. bessere Ern\u00e4hrung, Bildung, Gesundheit, sauberes Wasser, einkommenssichernde Ma\u00dfnahmen &#8211; in einer von M\u00e4nnern dominierten Welt durchzusetzen.<\/p>\n<p>&nbsp;<\/p>\n<p>Das Hunger Projekt misst der Mitbestimmung dieser \u00fcber 1 Million Frauen auf regionaler und \u00fcberregionaler Ebene bei der Politik ihres Landes eine gro\u00dfe Bedeutung bei &#8211; es sieht darin einen entscheidenden Entwicklungsschritt f\u00fcr die \u00dcberwindung chronischen Hungers und Armut.<\/p>\n<p>&nbsp;<\/p>\n<p><img decoding=\"async\" class=\"alignnone wp-image-475\" src=\"https:\/\/hungerprojekt.ch\/wp-content\/uploads\/2020\/11\/293242-300x225.jpg\" alt=\"\" width=\"572\" height=\"429\" srcset=\"https:\/\/hungerprojekt.ch\/wp-content\/uploads\/2020\/11\/293242-300x225.jpg 300w, https:\/\/hungerprojekt.ch\/wp-content\/uploads\/2020\/11\/293242-1024x768.jpg 1024w, https:\/\/hungerprojekt.ch\/wp-content\/uploads\/2020\/11\/293242-768x576.jpg 768w, https:\/\/hungerprojekt.ch\/wp-content\/uploads\/2020\/11\/293242-800x600.jpg 800w, https:\/\/hungerprojekt.ch\/wp-content\/uploads\/2020\/11\/293242-700x525.jpg 700w, https:\/\/hungerprojekt.ch\/wp-content\/uploads\/2020\/11\/293242.jpg 1300w\" sizes=\"(max-width: 572px) 100vw, 572px\" \/><\/p>\n<p>&nbsp;<\/p>\n<div class=\"npobject\">\n<h2>Die vier Eckpfeiler des Hunger Projekts in Indien<\/h2>\n<\/div>\n<p>&nbsp;<\/p>\n<p>Deshalb konzentriert sich das Hunger Projekt in Indien auf die St\u00e4rkung der Frauen in den kommunalen Selbstverwaltungsgremien, den Panchayats. Diese Arbeit hat vier strategische Eckpfeiler:<\/p>\n<p>&nbsp;<\/p>\n<ul>\n<li>Die\u00a0<strong>Women\u00b4s Leadership Workshops<\/strong>\u00a0f\u00fcr die gew\u00e4hlten Frauen in den D\u00f6rfern, um ihre F\u00fchrungskompetenzen zu st\u00e4rken und sie kontinuierlich zu unterst\u00fctzen<\/li>\n<\/ul>\n<p>&nbsp;<\/p>\n<ul>\n<li>Bildung von Aktionsb\u00fcndnissen,\u00a0<strong>Kooperation<\/strong>\u00a0und Partnerschaft mit anderen\u00a0<strong>gleichgesinnten Organisationen<\/strong><\/li>\n<\/ul>\n<p>&nbsp;<\/p>\n<ul>\n<li>Verst\u00e4rkte und bessere Berichterstattung durch die\u00a0<strong>Medien<\/strong>\u00a0durch die j\u00e4hrliche Verleihung des\u00a0<strong>Sarojini-Naidu-Preises<\/strong>\u00a0f\u00fcr die beste Berichterstattung \u00fcber die Erfolge der Frauenabgeordneten der Panchayats<\/li>\n<\/ul>\n<p>&nbsp;<\/p>\n<ul>\n<li><strong>Mobilisierung internationaler Unterst\u00fctzung<\/strong>\u00a0durch die Hunger Projekt-Investorinnen und -investoren.<\/li>\n<\/ul>\n<p>[\/vc_column_text][vc_gallery type=&#8220;image_grid&#8220; images=&#8220;479,480,481&#8243; img_size=&#8220;400&#215;400&#8243; css=&#8220;.vc_custom_1604763416427{margin-top: 30px !important;padding-right: 40px !important;padding-left: 40px !important;}&#8220; column_number=&#8220;3&#8243; grayscale=&#8220;no&#8220; images_space=&#8220;gallery_without_space&#8220;][\/vc_column][vc_column width=&#8220;3\/12&#8243; offset=&#8220;vc_hidden-md vc_hidden-sm vc_hidden-xs&#8220;][vc_column_text css=&#8220;.vc_custom_1606230695606{margin-top: 100px !important;margin-right: 1px !important;margin-left: 41px !important;padding-top: 20px !important;padding-bottom: 20px !important;padding-left: 20px !important;background-color: #0000aa !important;}&#8220;]<\/p>\n<h5 style=\"text-align: left;\"><a href=\"\/thp-programme\/\"><strong>THP PROGRAMME<\/strong><\/a><\/h5>\n<h5><a href=\"\/thp-programme\/das-grundprinzip-unserer-arbeit\/\">Das Grundprinzip<\/a><\/h5>\n<h5><a href=\"\/thp-programme\/epicenterstrategie-in-afrika\/\">Epicenterstrategie<\/a><\/h5>\n<h5 style=\"text-align: left;\"><a href=\"\/thp-programme\/mikrofinanzprogramm-als-teil-der-epicenterstrategie\/\">Mikrofinanzprogramm<\/a><\/h5>\n<h5 style=\"text-align: left;\"><span style=\"color: #ffd214;\"><a style=\"color: #ffd214;\" href=\"\/thp-programme\/empowerment-von-frauen-in-indien\/\">Empowerment<\/a><\/span><\/h5>\n<h5 style=\"text-align: left;\"><a href=\"\/thp-programme\/thp-und-agenda-2030\/\">THP und Agenda 2030<\/a><\/h5>\n<p>[\/vc_column_text][\/vc_column][\/vc_row][vc_row css_animation=&#8220;&#8220; row_type=&#8220;row&#8220; use_row_as_full_screen_section=&#8220;no&#8220; type=&#8220;grid&#8220; angled_section=&#8220;no&#8220; text_align=&#8220;left&#8220; background_image_as_pattern=&#8220;without_pattern&#8220; z_index=&#8220;&#8220;][vc_column width=&#8220;9\/12&#8243; offset=&#8220;vc_hidden-lg vc_hidden-md&#8220;][vc_column_text css=&#8220;.vc_custom_1604763730677{padding-top: 30px !important;background-color: #ffffff !important;}&#8220;]<\/p>\n<h6 style=\"text-align: left;\"><a href=\"http:\/\/hungerprojekt.ch\">Home<\/a> &gt; <a href=\"\/thp-programme\/\">THP Programme<\/a> &gt; <a href=\"\/thp-programme\/empowerment-von-frauen-in-indien\/\">Empowerment<\/a><\/h6>\n<p>[\/vc_column_text][vc_empty_space height=&#8220;20&#8243; css=&#8220;.vc_custom_1604579018353{background-color: #ffffff !important;}&#8220;][vc_column_text css=&#8220;.vc_custom_1604763735947{background-color: #ffffff !important;}&#8220;]<\/p>\n<div class=\"et_pb_module et_pb_text et_pb_text_0 et_pb_text_align_center et_pb_bg_layout_light\">\n<div class=\"et_pb_text_inner\">\n<h1>Empowerment von Frauen in Indien<\/h1>\n<\/div>\n<\/div>\n<p>[\/vc_column_text][vc_column_text css=&#8220;.vc_custom_1622476926439{margin-top: 20px !important;background-color: #ffffff !important;}&#8220;]Die St\u00e4rkung der Frauen in Indien bez\u00fcglich ihrem eigenen Ver\u00e4nderungspotenzial hat schon vieles bewirkt.<\/p>\n<p>&nbsp;<\/p>\n<p><span style=\"text-decoration: underline;\"><a href=\"https:\/\/hungerprojekt.ch\/wp-content\/uploads\/2021\/05\/Factsheet_indien.pdf\" target=\"_blank\" rel=\"noopener noreferrer\">Factsheet:\u00a0Selbstbestimmung f\u00fcr Frauen<\/a><\/span><\/p>\n<p>&nbsp;<\/p>\n<p><span style=\"text-decoration: underline;\"><a href=\"\/wp-content\/uploads\/2020\/11\/sweep_factsheet_i.pdf\" target=\"_blank\" rel=\"noopener noreferrer\">Fachtsheet:\u00a0Strengthening Women&#8217;s Empowerment in India\u00a0trough Electoral Processes (SWEEP)<\/a><\/span><\/p>\n<p>&nbsp;<\/p>\n<p><span style=\"text-decoration: underline;\">Artikel:\u00a0<a href=\"http:\/\/www.livemint.com\/Leisure\/NFEy7XCkBo8M0hFvFsYgSL\/The-Hunger-Project--How-the-women-found-their-voice.html\" target=\"_blank\" rel=\"noopener noreferrer\">\u00a0Wie die Frauen ihre Stimme gefunden haben<\/a><\/span><\/p>\n<p>&nbsp;<\/p>\n<p><span style=\"text-decoration: underline;\"><a href=\"https:\/\/hungerprojekt.ch\/wp-content\/uploads\/2021\/05\/Factsheet_indien.pdf\" rel=\"noopener noreferrer\">THP Schweiz in Indien<\/a><\/span><\/p>\n<p>&nbsp;<\/p>\n<p>&nbsp;<\/p>\n<div class=\"npobject\">\n<h2>Frauenquote in den Panchayats<\/h2>\n<\/div>\n<p>&nbsp;<\/p>\n<p>In Indien l\u00e4uft eines der gr\u00f6\u00dften sozialen Experimente unserer Zeit: 1992 hat die indische Regierung per Gesetz beschlossen, politische Macht und Ressourcen im l\u00e4ndlichen Raum vermehrt an gew\u00e4hlte lokale Selbstverwaltungsgremien, den sogenannten &#8222;Panchayats&#8220;, zu delegieren.<\/p>\n<p>&nbsp;<\/p>\n<p>Insbesondere wurde festgelegt, dass\u00a0<strong>mindestens ein Drittel der Panchayat-Abgeordneten Frauen sein m\u00fcssen<\/strong>. Dies ist ein revolution\u00e4rer Schritt mit enormer Tragweite. Erstmals verf\u00fcgen Frauen, deren Leben seit Jahrhunderten von Machtlosigkeit, Unterern\u00e4hrung und mangelnder Bildung gepr\u00e4gt ist, zumindest im Grundsatz \u00fcber das Mandat und den politischen Einfluss, sich mit den Dorfbewohnerinnen und -bewohner f\u00fcr ihre Anliegen einzusetzen und die Ressourcen von staatlicher Seite daf\u00fcr zu mobilisieren.<\/p>\n<p>&nbsp;<\/p>\n<p>Die Umsetzung dieses Gesetzes in der Praxis ist eine gro\u00dfe Herausforderung. Tief verwurzelte, patriarchalische und feudale Strukturen stehen dabei h\u00e4ufig im Wege. Zugleich m\u00fcssen Frauen erst in ihre neue Rolle hineinwachsen. Beispielsweise ist es eine neue Erfahrung f\u00fcr indische Frauen, in einer politischen Versammlung die Stimme zu erheben \u2013 dies kostet Mut.<\/p>\n<p>&nbsp;<\/p>\n<p><img fetchpriority=\"high\" decoding=\"async\" class=\"alignnone wp-image-474\" src=\"https:\/\/hungerprojekt.ch\/wp-content\/uploads\/2020\/11\/293240-300x198.jpg\" alt=\"\" width=\"515\" height=\"340\" srcset=\"https:\/\/hungerprojekt.ch\/wp-content\/uploads\/2020\/11\/293240-300x198.jpg 300w, https:\/\/hungerprojekt.ch\/wp-content\/uploads\/2020\/11\/293240.jpg 428w\" sizes=\"(max-width: 515px) 100vw, 515px\" \/><\/p>\n<p>&nbsp;<\/p>\n<div class=\"npobject\">\n<h2>Unterst\u00fctzung der gew\u00e4hlten Vertreterinnen<\/h2>\n<\/div>\n<p>&nbsp;<\/p>\n<p>Ohne geeignete Schulung und Unterst\u00fctzung haben diese Frauen in den Panchayats wenig Chancen, ihre Anliegen &#8211; z.B. bessere Ern\u00e4hrung, Bildung, Gesundheit, sauberes Wasser, einkommenssichernde Ma\u00dfnahmen &#8211; in einer von M\u00e4nnern dominierten Welt durchzusetzen.<\/p>\n<p>&nbsp;<\/p>\n<p>Das Hunger Projekt misst der Mitbestimmung dieser \u00fcber 1 Million Frauen auf regionaler und \u00fcberregionaler Ebene bei der Politik ihres Landes eine gro\u00dfe Bedeutung bei &#8211; es sieht darin einen entscheidenden Entwicklungsschritt f\u00fcr die \u00dcberwindung chronischen Hungers und Armut.<\/p>\n<p>&nbsp;<\/p>\n<p><img decoding=\"async\" class=\"alignnone wp-image-475\" src=\"https:\/\/hungerprojekt.ch\/wp-content\/uploads\/2020\/11\/293242-300x225.jpg\" alt=\"\" width=\"572\" height=\"429\" srcset=\"https:\/\/hungerprojekt.ch\/wp-content\/uploads\/2020\/11\/293242-300x225.jpg 300w, https:\/\/hungerprojekt.ch\/wp-content\/uploads\/2020\/11\/293242-1024x768.jpg 1024w, https:\/\/hungerprojekt.ch\/wp-content\/uploads\/2020\/11\/293242-768x576.jpg 768w, https:\/\/hungerprojekt.ch\/wp-content\/uploads\/2020\/11\/293242-800x600.jpg 800w, https:\/\/hungerprojekt.ch\/wp-content\/uploads\/2020\/11\/293242-700x525.jpg 700w, https:\/\/hungerprojekt.ch\/wp-content\/uploads\/2020\/11\/293242.jpg 1300w\" sizes=\"(max-width: 572px) 100vw, 572px\" \/><\/p>\n<p>&nbsp;<\/p>\n<div class=\"npobject\">\n<h2>Die vier Eckpfeiler des Hunger Projekts in Indien<\/h2>\n<\/div>\n<p>&nbsp;<\/p>\n<p>Deshalb konzentriert sich das Hunger Projekt in Indien auf die St\u00e4rkung der Frauen in den kommunalen Selbstverwaltungsgremien, den Panchayats. Diese Arbeit hat vier strategische Eckpfeiler:<\/p>\n<p>&nbsp;<\/p>\n<ul>\n<li>Die\u00a0<strong>Women\u00b4s Leadership Workshops<\/strong>\u00a0f\u00fcr die gew\u00e4hlten Frauen in den D\u00f6rfern, um ihre F\u00fchrungskompetenzen zu st\u00e4rken und sie kontinuierlich zu unterst\u00fctzen<\/li>\n<\/ul>\n<p>&nbsp;<\/p>\n<ul>\n<li>Bildung von Aktionsb\u00fcndnissen,\u00a0<strong>Kooperation<\/strong>\u00a0und Partnerschaft mit anderen\u00a0<strong>gleichgesinnten Organisationen<\/strong><\/li>\n<\/ul>\n<p>&nbsp;<\/p>\n<ul>\n<li>Verst\u00e4rkte und bessere Berichterstattung durch die\u00a0<strong>Medien<\/strong>\u00a0durch die j\u00e4hrliche Verleihung des\u00a0<strong>Sarojini-Naidu-Preises<\/strong>\u00a0f\u00fcr die beste Berichterstattung \u00fcber die Erfolge der Frauenabgeordneten der Panchayats<\/li>\n<\/ul>\n<p>&nbsp;<\/p>\n<ul>\n<li><strong>Mobilisierung internationaler Unterst\u00fctzung<\/strong>\u00a0durch die Hunger Projekt-Investorinnen und -investoren.<\/li>\n<\/ul>\n<p>[\/vc_column_text][vc_gallery type=&#8220;image_grid&#8220; images=&#8220;479,480,481&#8243; img_size=&#8220;400&#215;400&#8243; css=&#8220;.vc_custom_1604763753646{margin-top: 30px !important;}&#8220; column_number=&#8220;3&#8243; grayscale=&#8220;no&#8220; images_space=&#8220;gallery_without_space&#8220;][\/vc_column][vc_column width=&#8220;3\/12&#8243; offset=&#8220;vc_hidden-md vc_hidden-sm vc_hidden-xs&#8220;][\/vc_column][\/vc_row][vc_row css_animation=&#8220;&#8220; row_type=&#8220;row&#8220; use_row_as_full_screen_section=&#8220;no&#8220; type=&#8220;full_width&#8220; angled_section=&#8220;no&#8220; text_align=&#8220;center&#8220; background_image_as_pattern=&#8220;without_pattern&#8220; z_index=&#8220;&#8220; css=&#8220;.vc_custom_1602087442483{margin-top: 50px !important;background-color: #0011aa !important;}&#8220;][vc_column][vc_row_inner row_type=&#8220;row&#8220; type=&#8220;grid&#8220; text_align=&#8220;center&#8220; css_animation=&#8220;&#8220; css=&#8220;.vc_custom_1602082086628{padding-top: 50px !important;padding-bottom: 50px !important;}&#8220;][vc_column_inner width=&#8220;2\/3&#8243; css=&#8220;.vc_custom_1602075588363{padding-top: 10px !important;padding-bottom: 10px !important;}&#8220;]<div class=\"custom_font_holder\" style=\"font-family: Unna; font-size: 34px; line-height: 41px; font-style: normal; font-weight: 300; color: #ffffff; text-decoration: none; text-align: center;\">Empowerment &#8211; Investieren Sie in Menschen!<\/div>[\/vc_column_inner][vc_column_inner width=&#8220;1\/3&#8243; css=&#8220;.vc_custom_1602075582964{padding-top: 10px !important;padding-bottom: 10px !important;}&#8220;]<a  itemprop=\"url\" href=\"\/spenden\/\" target=\"_self\" data-hover-background-color='#ffffff' data-hover-border-color='#ffffff' data-hover-color='#0011aa' class=\"qbutton  small center default\" style=\"color: #ffffff; border-color: #ffffff; font-style: normal; font-weight: 700; font-family: Source Sans Pro; text-transform: uppercase; background-color: #0011aa;\">Jetzt spenden<\/a>[\/vc_column_inner][\/vc_row_inner][\/vc_column][\/vc_row]<\/p>\n<\/div>","protected":false},"excerpt":{"rendered":"<p>[vc_row css_animation=&#8220;&#8220; row_type=&#8220;row&#8220; use_row_as_full_screen_section=&#8220;no&#8220; type=&#8220;full_width&#8220; angled_section=&#8220;no&#8220; text_align=&#8220;center&#8220; background_image_as_pattern=&#8220;without_pattern&#8220; z_index=&#8220;&#8220; css=&#8220;.vc_custom_1604521825735{background-color: #ffffff !important;}&#8220;][vc_column][vc_row_inner row_type=&#8220;row&#8220; type=&#8220;full_width&#8220; text_align=&#8220;center&#8220; css_animation=&#8220;&#8220;][vc_column_inner offset=&#8220;vc_hidden-sm vc_hidden-xs&#8220; css=&#8220;.vc_custom_1604762710274{padding-top: 500px !important;background-image: url(https:\/\/hungerprojekt.ch\/wp-content\/uploads\/2020\/11\/293266.jpg?id=472) !important;background-position: center !important;background-repeat: no-repeat !important;background-size: cover !important;}&#8220;][\/vc_column_inner][\/vc_row_inner][vc_row_inner row_type=&#8220;row&#8220; type=&#8220;full_width&#8220; text_align=&#8220;center&#8220; css_animation=&#8220;&#8220;][vc_column_inner offset=&#8220;vc_hidden-lg vc_hidden-md&#8220; css=&#8220;.vc_custom_1604762702538{padding-top: 200px !important;background-image: url(https:\/\/hungerprojekt.ch\/wp-content\/uploads\/2020\/11\/293266.jpg?id=472) !important;background-position: center !important;background-repeat: no-repeat !important;background-size: cover&#8230;<\/p>\n","protected":false},"author":1,"featured_media":0,"parent":400,"menu_order":1,"comment_status":"closed","ping_status":"closed","template":"full_width.php","meta":{"inline_featured_image":false,"footnotes":""},"class_list":["post-466","page","type-page","status-publish","hentry"],"_links":{"self":[{"href":"https:\/\/hungerprojekt.ch\/de\/wp-json\/wp\/v2\/pages\/466","targetHints":{"allow":["GET"]}}],"collection":[{"href":"https:\/\/hungerprojekt.ch\/de\/wp-json\/wp\/v2\/pages"}],"about":[{"href":"https:\/\/hungerprojekt.ch\/de\/wp-json\/wp\/v2\/types\/page"}],"author":[{"embeddable":true,"href":"https:\/\/hungerprojekt.ch\/de\/wp-json\/wp\/v2\/users\/1"}],"replies":[{"embeddable":true,"href":"https:\/\/hungerprojekt.ch\/de\/wp-json\/wp\/v2\/comments?post=466"}],"version-history":[{"count":17,"href":"https:\/\/hungerprojekt.ch\/de\/wp-json\/wp\/v2\/pages\/466\/revisions"}],"predecessor-version":[{"id":6703,"href":"https:\/\/hungerprojekt.ch\/de\/wp-json\/wp\/v2\/pages\/466\/revisions\/6703"}],"up":[{"embeddable":true,"href":"https:\/\/hungerprojekt.ch\/de\/wp-json\/wp\/v2\/pages\/400"}],"wp:attachment":[{"href":"https:\/\/hungerprojekt.ch\/de\/wp-json\/wp\/v2\/media?parent=466"}],"curies":[{"name":"wp","href":"https:\/\/api.w.org\/{rel}","templated":true}]}}