{"id":487,"date":"2020-11-08T10:48:37","date_gmt":"2020-11-08T09:48:37","guid":{"rendered":"https:\/\/hungerprojekt.ch\/?page_id=487"},"modified":"2020-12-12T13:22:13","modified_gmt":"2020-12-12T12:22:13","slug":"thp-und-agenda-2030","status":"publish","type":"page","link":"https:\/\/hungerprojekt.ch\/de\/thp-programme\/thp-und-agenda-2030\/","title":{"rendered":"THP und Agenda 2030"},"content":{"rendered":"<div class=\"wpb-content-wrapper\"><p>[vc_row css_animation=&#8220;&#8220; row_type=&#8220;row&#8220; use_row_as_full_screen_section=&#8220;no&#8220; type=&#8220;full_width&#8220; angled_section=&#8220;no&#8220; text_align=&#8220;center&#8220; background_image_as_pattern=&#8220;without_pattern&#8220; z_index=&#8220;&#8220; css=&#8220;.vc_custom_1604521825735{background-color: #ffffff !important;}&#8220;][vc_column][vc_row_inner row_type=&#8220;row&#8220; type=&#8220;full_width&#8220; text_align=&#8220;center&#8220; css_animation=&#8220;&#8220;][vc_column_inner offset=&#8220;vc_hidden-sm vc_hidden-xs&#8220; css=&#8220;.vc_custom_1606213411117{padding-top: 500px !important;background-image: url(https:\/\/hungerprojekt.ch\/wp-content\/uploads\/2020\/11\/23389181502_050466fb06_o.jpg?id=247) !important;background-position: center !important;background-repeat: no-repeat !important;background-size: cover !important;}&#8220;][\/vc_column_inner][\/vc_row_inner][vc_row_inner row_type=&#8220;row&#8220; type=&#8220;full_width&#8220; text_align=&#8220;center&#8220; css_animation=&#8220;&#8220;][vc_column_inner offset=&#8220;vc_hidden-lg vc_hidden-md&#8220; css=&#8220;.vc_custom_1606213420319{padding-top: 200px !important;background-image: url(https:\/\/hungerprojekt.ch\/wp-content\/uploads\/2020\/11\/23389181502_050466fb06_o.jpg?id=247) !important;background-position: center !important;background-repeat: no-repeat !important;background-size: cover !important;}&#8220;][\/vc_column_inner][\/vc_row_inner][\/vc_column][\/vc_row][vc_row css_animation=&#8220;&#8220; row_type=&#8220;row&#8220; use_row_as_full_screen_section=&#8220;no&#8220; type=&#8220;grid&#8220; angled_section=&#8220;no&#8220; text_align=&#8220;left&#8220; background_image_as_pattern=&#8220;without_pattern&#8220; z_index=&#8220;&#8220;][vc_column width=&#8220;9\/12&#8243; offset=&#8220;vc_hidden-sm vc_hidden-xs&#8220;][vc_column_text css=&#8220;.vc_custom_1604829197076{margin-top: -100px !important;padding-top: 30px !important;padding-right: 40px !important;padding-left: 40px !important;background-color: #ffffff !important;}&#8220;]<\/p>\n<h6 style=\"text-align: left;\"><a href=\"http:\/\/hungerprojekt.ch\">Home<\/a> &gt; <a href=\"\/thp-programme\/\">THP Programme<\/a> &gt; <a href=\"\/thp-programme\/thp-und-agenda-2030\">THP und Agenda 2030<\/a><\/h6>\n<p>[\/vc_column_text][vc_empty_space height=&#8220;20&#8243; css=&#8220;.vc_custom_1604579018353{background-color: #ffffff !important;}&#8220;][vc_column_text css=&#8220;.vc_custom_1604829217391{padding-right: 40px !important;padding-left: 40px !important;background-color: #ffffff !important;}&#8220;]<\/p>\n<div class=\"et_pb_module et_pb_text et_pb_text_0 et_pb_text_align_center et_pb_bg_layout_light\">\n<div class=\"et_pb_text_inner\">\n<h1>THP und Agenda 2030<\/h1>\n<\/div>\n<\/div>\n<p>[\/vc_column_text][vc_single_image image=&#8220;490&#8243; img_size=&#8220;full&#8220; alignment=&#8220;center&#8220; onclick=&#8220;link_image&#8220; qode_css_animation=&#8220;&#8220; css=&#8220;.vc_custom_1604829257596{margin-top: 30px !important;}&#8220;][vc_column_text css=&#8220;.vc_custom_1606252045702{margin-top: 30px !important;padding-right: 40px !important;padding-left: 40px !important;background-color: #ffffff !important;}&#8220;]<\/p>\n<div class=\"npobject\">\n<h2>Eine Welt ohne Hunger ist m\u00f6glich!<\/h2>\n<\/div>\n<p>&nbsp;<\/p>\n<p>Im September 2015 einigten sich die f\u00fchrenden Politiker der Welt in der UNO auf die wohl ehrgeizigste Absichtserkl\u00e4rung in der Geschichte der Menschheit: \u00a0die nachhaltigen Entwicklungsziele (Sustainable Development Goals, kurz SDGs).<\/p>\n<p>&nbsp;<\/p>\n<p>Eines der 17 Ziele, die den Menschen, unseren Planeten und unseren Wohlstand in den Mittelpunkt stellen, ist der Aufruf, den Hunger weltweit bis 2030 zu beenden.<\/p>\n<p>&nbsp;<\/p>\n<p>Nie zuvor hat die Menschheit eine solche Chance gehabt. Die ganze Welt schliesst sich dem Aufruf an, den das Hunger Projekt schon 1977 gemacht hat: Es ist Zeit, den Hunger ein f\u00fcr alle Mal zu beenden.<\/p>\n<p>&nbsp;<\/p>\n<p>Basierend auf den Grunds\u00e4tzen des Hunger Projekts werden wir uns f\u00fcr diese nachhaltigen Entwicklungsziele einsetzen. Am meisten k\u00f6nnen wir zur Beendigung des chronischen Hungers bis 2030 beitragen, indem wir uns auf unsere eigenen Programme verlassen und sie noch verst\u00e4rken: Im Zentrum unserer T\u00e4tigkeit steht der Aufbau von gross angelegten Partnerschaften und B\u00fcndnissen, die eine auf Geschlechtergleichstellung beruhende, von der Dorfgemeinschaft selbst bestimmte Entwicklung f\u00f6rdern in all den l\u00e4ndlichen Gebieten, wo dies n\u00f6tig ist.<\/p>\n<p>&nbsp;<\/p>\n<p><span style=\"text-decoration: underline;\">Factsheet:\u00a0<a href=\"\/wp-content\/uploads\/2020\/11\/wie_sich_thp_fur_die_agenda_2030_einsetzt_deutsch.pdf\" target=\"_blank\" rel=\"noopener noreferrer\">Wie sich THP f\u00fcr die Agenda 2030 einsetzt<\/a><\/span>[\/vc_column_text][\/vc_column][vc_column width=&#8220;3\/12&#8243; offset=&#8220;vc_hidden-md vc_hidden-sm vc_hidden-xs&#8220;][vc_column_text css=&#8220;.vc_custom_1606230725274{margin-top: 100px !important;margin-right: 1px !important;margin-left: 41px !important;padding-top: 20px !important;padding-bottom: 20px !important;padding-left: 20px !important;background-color: #0000aa !important;}&#8220;]<\/p>\n<h5 style=\"text-align: left;\"><a href=\"\/thp-programme\/\"><strong>THP PROGRAMME<\/strong><\/a><\/h5>\n<h5><a href=\"\/thp-programme\/das-grundprinzip-unserer-arbeit\/\">Das Grundprinzip<\/a><\/h5>\n<h5><a href=\"\/thp-programme\/epicenterstrategie-in-afrika\/\">Epicenterstrategie<\/a><\/h5>\n<h5 style=\"text-align: left;\"><a href=\"\/thp-programme\/mikrofinanzprogramm-als-teil-der-epicenterstrategie\/\">Mikrofinanzprogramm<\/a><\/h5>\n<h5><a href=\"\/thp-programme\/empowerment-von-frauen-in-indien\/\">Empowerment<\/a><\/h5>\n<h5 style=\"text-align: left;\"><span style=\"color: #ffd214;\"><a style=\"color: #ffd214;\" href=\"\/thp-programme\/thp-und-agenda-2030\/\">THP und Agenda 2030<\/a><\/span><\/h5>\n<p>[\/vc_column_text][\/vc_column][\/vc_row][vc_row css_animation=&#8220;&#8220; row_type=&#8220;row&#8220; use_row_as_full_screen_section=&#8220;no&#8220; type=&#8220;grid&#8220; angled_section=&#8220;no&#8220; text_align=&#8220;left&#8220; background_image_as_pattern=&#8220;without_pattern&#8220; z_index=&#8220;&#8220;][vc_column width=&#8220;9\/12&#8243; offset=&#8220;vc_hidden-lg vc_hidden-md&#8220;][vc_column_text css=&#8220;.vc_custom_1604830986432{padding-top: 30px !important;background-color: #ffffff !important;}&#8220;]<\/p>\n<h6 style=\"text-align: left;\"><a href=\"http:\/\/hungerprojekt.ch\">Home<\/a> &gt; <a href=\"\/thp-programme\/\">THP Programme<\/a> &gt; <a href=\"\/thp-programme\/thp-und-agenda-2030\">THP und Agenda 2030<\/a><\/h6>\n<p>[\/vc_column_text][vc_empty_space height=&#8220;20&#8243; css=&#8220;.vc_custom_1604579018353{background-color: #ffffff !important;}&#8220;][vc_column_text css=&#8220;.vc_custom_1604830902238{background-color: #ffffff !important;}&#8220;]<\/p>\n<div class=\"et_pb_module et_pb_text et_pb_text_0 et_pb_text_align_center et_pb_bg_layout_light\">\n<div class=\"et_pb_text_inner\">\n<h1>THP und Agenda 2030<\/h1>\n<\/div>\n<\/div>\n<p>[\/vc_column_text][vc_single_image image=&#8220;490&#8243; img_size=&#8220;full&#8220; alignment=&#8220;center&#8220; onclick=&#8220;link_image&#8220; qode_css_animation=&#8220;&#8220; css=&#8220;.vc_custom_1604829257596{margin-top: 30px !important;}&#8220;][vc_column_text css=&#8220;.vc_custom_1606252058123{margin-top: 30px !important;background-color: #ffffff !important;}&#8220;]<\/p>\n<div class=\"npobject\">\n<h2>Eine Welt ohne Hunger ist m\u00f6glich!<\/h2>\n<\/div>\n<p>&nbsp;<\/p>\n<p>Im September 2015 einigten sich die f\u00fchrenden Politiker der Welt in der UNO auf die wohl ehrgeizigste Absichtserkl\u00e4rung in der Geschichte der Menschheit: \u00a0die nachhaltigen Entwicklungsziele (Sustainable Development Goals, kurz SDGs).<\/p>\n<p>&nbsp;<\/p>\n<p>Eines der 17 Ziele, die den Menschen, unseren Planeten und unseren Wohlstand in den Mittelpunkt stellen, ist der Aufruf, den Hunger weltweit bis 2030 zu beenden.<\/p>\n<p>&nbsp;<\/p>\n<p>Nie zuvor hat die Menschheit eine solche Chance gehabt. Die ganze Welt schliesst sich dem Aufruf an, den das Hunger Projekt schon 1977 gemacht hat: Es ist Zeit, den Hunger ein f\u00fcr alle Mal zu beenden.<\/p>\n<p>&nbsp;<\/p>\n<p>Basierend auf den Grunds\u00e4tzen des Hunger Projekts werden wir uns f\u00fcr diese nachhaltigen Entwicklungsziele einsetzen. Am meisten k\u00f6nnen wir zur Beendigung des chronischen Hungers bis 2030 beitragen, indem wir uns auf unsere eigenen Programme verlassen und sie noch verst\u00e4rken: Im Zentrum unserer T\u00e4tigkeit steht der Aufbau von gross angelegten Partnerschaften und B\u00fcndnissen, die eine auf Geschlechtergleichstellung beruhende, von der Dorfgemeinschaft selbst bestimmte Entwicklung f\u00f6rdern in all den l\u00e4ndlichen Gebieten, wo dies n\u00f6tig ist.<\/p>\n<p>&nbsp;<\/p>\n<p><span style=\"text-decoration: underline;\">Factsheet:\u00a0<a href=\"\/wp-content\/uploads\/2020\/11\/wie_sich_thp_fur_die_agenda_2030_einsetzt_deutsch.pdf\" target=\"_blank\" rel=\"noopener noreferrer\">Wie sich THP f\u00fcr die Agenda 2030 einsetzt<\/a><\/span>[\/vc_column_text][\/vc_column][vc_column width=&#8220;3\/12&#8243; offset=&#8220;vc_hidden-md vc_hidden-sm vc_hidden-xs&#8220;][\/vc_column][\/vc_row][vc_row css_animation=&#8220;&#8220; row_type=&#8220;row&#8220; use_row_as_full_screen_section=&#8220;no&#8220; type=&#8220;full_width&#8220; angled_section=&#8220;no&#8220; text_align=&#8220;center&#8220; background_image_as_pattern=&#8220;without_pattern&#8220; z_index=&#8220;&#8220; css=&#8220;.vc_custom_1602087442483{margin-top: 50px !important;background-color: #0011aa !important;}&#8220;][vc_column][vc_row_inner row_type=&#8220;row&#8220; type=&#8220;grid&#8220; text_align=&#8220;center&#8220; css_animation=&#8220;&#8220; css=&#8220;.vc_custom_1602082086628{padding-top: 50px !important;padding-bottom: 50px !important;}&#8220;][vc_column_inner width=&#8220;2\/3&#8243; css=&#8220;.vc_custom_1602075588363{padding-top: 10px !important;padding-bottom: 10px !important;}&#8220;]<div class=\"custom_font_holder\" style=\"font-family: Unna; font-size: 34px; line-height: 41px; font-style: normal; font-weight: 300; color: #ffffff; text-decoration: none; text-align: center;\">Empowerment &#8211; Investieren Sie in Menschen!<\/div>[\/vc_column_inner][vc_column_inner width=&#8220;1\/3&#8243; css=&#8220;.vc_custom_1602075582964{padding-top: 10px !important;padding-bottom: 10px !important;}&#8220;]<a  itemprop=\"url\" href=\"\/spenden\/\" target=\"_self\" data-hover-background-color='#ffffff' data-hover-border-color='#ffffff' data-hover-color='#0011aa' class=\"qbutton  small center default\" style=\"color: #ffffff; border-color: #ffffff; font-style: normal; font-weight: 700; font-family: Source Sans Pro; text-transform: uppercase; background-color: #0011aa;\">Jetzt spenden<\/a>[\/vc_column_inner][\/vc_row_inner][\/vc_column][\/vc_row]<\/p>\n<\/div>","protected":false},"excerpt":{"rendered":"<p>[vc_row css_animation=&#8220;&#8220; row_type=&#8220;row&#8220; use_row_as_full_screen_section=&#8220;no&#8220; type=&#8220;full_width&#8220; angled_section=&#8220;no&#8220; text_align=&#8220;center&#8220; background_image_as_pattern=&#8220;without_pattern&#8220; z_index=&#8220;&#8220; css=&#8220;.vc_custom_1604521825735{background-color: #ffffff !important;}&#8220;][vc_column][vc_row_inner row_type=&#8220;row&#8220; type=&#8220;full_width&#8220; text_align=&#8220;center&#8220; css_animation=&#8220;&#8220;][vc_column_inner offset=&#8220;vc_hidden-sm vc_hidden-xs&#8220; css=&#8220;.vc_custom_1606213411117{padding-top: 500px !important;background-image: url(https:\/\/hungerprojekt.ch\/wp-content\/uploads\/2020\/11\/23389181502_050466fb06_o.jpg?id=247) !important;background-position: center !important;background-repeat: no-repeat !important;background-size: cover !important;}&#8220;][\/vc_column_inner][\/vc_row_inner][vc_row_inner row_type=&#8220;row&#8220; type=&#8220;full_width&#8220; text_align=&#8220;center&#8220; css_animation=&#8220;&#8220;][vc_column_inner offset=&#8220;vc_hidden-lg vc_hidden-md&#8220; css=&#8220;.vc_custom_1606213420319{padding-top: 200px !important;background-image: url(https:\/\/hungerprojekt.ch\/wp-content\/uploads\/2020\/11\/23389181502_050466fb06_o.jpg?id=247) !important;background-position: center !important;background-repeat: no-repeat !important;background-size: cover&#8230;<\/p>\n","protected":false},"author":1,"featured_media":0,"parent":400,"menu_order":1,"comment_status":"closed","ping_status":"closed","template":"full_width.php","meta":{"inline_featured_image":false,"footnotes":""},"class_list":["post-487","page","type-page","status-publish","hentry"],"_links":{"self":[{"href":"https:\/\/hungerprojekt.ch\/de\/wp-json\/wp\/v2\/pages\/487","targetHints":{"allow":["GET"]}}],"collection":[{"href":"https:\/\/hungerprojekt.ch\/de\/wp-json\/wp\/v2\/pages"}],"about":[{"href":"https:\/\/hungerprojekt.ch\/de\/wp-json\/wp\/v2\/types\/page"}],"author":[{"embeddable":true,"href":"https:\/\/hungerprojekt.ch\/de\/wp-json\/wp\/v2\/users\/1"}],"replies":[{"embeddable":true,"href":"https:\/\/hungerprojekt.ch\/de\/wp-json\/wp\/v2\/comments?post=487"}],"version-history":[{"count":7,"href":"https:\/\/hungerprojekt.ch\/de\/wp-json\/wp\/v2\/pages\/487\/revisions"}],"predecessor-version":[{"id":1134,"href":"https:\/\/hungerprojekt.ch\/de\/wp-json\/wp\/v2\/pages\/487\/revisions\/1134"}],"up":[{"embeddable":true,"href":"https:\/\/hungerprojekt.ch\/de\/wp-json\/wp\/v2\/pages\/400"}],"wp:attachment":[{"href":"https:\/\/hungerprojekt.ch\/de\/wp-json\/wp\/v2\/media?parent=487"}],"curies":[{"name":"wp","href":"https:\/\/api.w.org\/{rel}","templated":true}]}}