{"id":495,"date":"2020-11-08T11:36:36","date_gmt":"2020-11-08T10:36:36","guid":{"rendered":"https:\/\/hungerprojekt.ch\/?page_id=495"},"modified":"2026-03-20T10:47:29","modified_gmt":"2026-03-20T09:47:29","slug":"thp-schweiz-programmlaender","status":"publish","type":"page","link":"https:\/\/hungerprojekt.ch\/de\/wer-wir-sind\/thp-schweiz-programmlaender\/","title":{"rendered":"THP Schweiz Programml\u00e4nder"},"content":{"rendered":"<div class=\"wpb-content-wrapper\"><p>[vc_row css_animation=&#8220;&#8220; row_type=&#8220;row&#8220; use_row_as_full_screen_section=&#8220;no&#8220; type=&#8220;full_width&#8220; angled_section=&#8220;no&#8220; text_align=&#8220;center&#8220; background_image_as_pattern=&#8220;without_pattern&#8220; z_index=&#8220;&#8220; css=&#8220;.vc_custom_1604521825735{background-color: #ffffff !important;}&#8220;][vc_column][vc_row_inner row_type=&#8220;row&#8220; type=&#8220;full_width&#8220; text_align=&#8220;center&#8220; css_animation=&#8220;&#8220;][vc_column_inner offset=&#8220;vc_hidden-sm vc_hidden-xs&#8220; css=&#8220;.vc_custom_1604831714900{padding-top: 500px !important;background-image: url(https:\/\/hungerprojekt.ch\/wp-content\/uploads\/2020\/11\/292938.jpg?id=497) !important;background-position: center !important;background-repeat: no-repeat !important;background-size: cover !important;}&#8220;][\/vc_column_inner][\/vc_row_inner][vc_row_inner row_type=&#8220;row&#8220; type=&#8220;full_width&#8220; text_align=&#8220;center&#8220; css_animation=&#8220;&#8220;][vc_column_inner offset=&#8220;vc_hidden-lg vc_hidden-md&#8220; css=&#8220;.vc_custom_1604831723133{padding-top: 200px !important;background-image: url(https:\/\/hungerprojekt.ch\/wp-content\/uploads\/2020\/11\/292938.jpg?id=497) !important;background-position: center !important;background-repeat: no-repeat !important;background-size: cover !important;}&#8220;][\/vc_column_inner][\/vc_row_inner][\/vc_column][\/vc_row][vc_row css_animation=&#8220;&#8220; row_type=&#8220;row&#8220; use_row_as_full_screen_section=&#8220;no&#8220; type=&#8220;grid&#8220; angled_section=&#8220;no&#8220; text_align=&#8220;left&#8220; background_image_as_pattern=&#8220;without_pattern&#8220; z_index=&#8220;&#8220;][vc_column offset=&#8220;vc_hidden-sm vc_hidden-xs&#8220;][vc_column_text css=&#8220;.vc_custom_1606231488963{margin-top: -100px !important;padding-top: 30px !important;padding-right: 40px !important;padding-left: 40px !important;background-color: #ffffff !important;}&#8220;]<\/p>\n<h6 style=\"text-align: left;\"><a href=\"http:\/\/hungerprojekt.ch\">Home<\/a> &gt; <a href=\"\/wer-wir-sind\/\">Wer wir sind<\/a> &gt; <a href=\"\/thp-programme\/thp-schweiz-programmlaender\/\">THP Schweiz<\/a><\/h6>\n<p>[\/vc_column_text][vc_empty_space height=&#8220;20&#8243; css=&#8220;.vc_custom_1604579018353{background-color: #ffffff !important;}&#8220;][vc_column_text css=&#8220;.vc_custom_1773172442613{padding-right: 40px !important;padding-left: 40px !important;background-color: #ffffff !important;}&#8220;]<\/p>\n<div class=\"et_pb_module et_pb_text et_pb_text_0 et_pb_text_align_center et_pb_bg_layout_light\">\n<div class=\"et_pb_text_inner\">\n<h1>THP Schweiz<\/h1>\n<p>&nbsp;<\/p>\n<h3><a href=\"\/de\/wer-wir-sind\/organisation\/\" target=\"_blank\" rel=\"noopener\">Organisation<\/a><\/h3>\n<p>&nbsp;<\/p>\n<h2>THP Schweiz Programml\u00e4nder<\/h2>\n<\/div>\n<\/div>\n<p>&nbsp;<\/p>\n<p>Wir unterst\u00fctzen prim\u00e4r Projekte in <strong><a href=\"https:\/\/hungerprojekt.ch\/de\/wer-wir-sind\/thp-schweiz-programmlaender\/benin\/\"><span style=\"text-decoration: underline;\">Benin<\/span><\/a> und<\/strong>\u00a0<span style=\"text-decoration: underline;\"><strong><a href=\"\/thp-programme\/thp-schweiz-programmlaender\/burkina-faso\/\">Burkina Faso<\/a><\/strong><\/span>[\/vc_column_text][vc_row_inner row_type=&#8220;row&#8220; type=&#8220;full_width&#8220; text_align=&#8220;left&#8220; css_animation=&#8220;&#8220; css=&#8220;.vc_custom_1604863724688{margin-top: 50px !important;}&#8220;][vc_column_inner width=&#8220;1\/2&#8243;][vc_single_image image=&#8220;6249&#8243; img_size=&#8220;335&#215;230&#8243; onclick=&#8220;custom_link&#8220; css=&#8220;.vc_custom_1773497880958{padding-right: 40px !important;padding-left: 40px !important;}&#8220; qode_css_animation=&#8220;&#8220;][vc_column_text css=&#8220;.vc_custom_1773999898700{margin-top: 10px !important;padding-right: 40px !important;padding-left: 40px !important;}&#8220;]<\/p>\n<h3>Benin<\/h3>\n<p>&nbsp;<\/p>\n<p>Die \u00dcberwindung von Hunger und extremer Armut in Benin bleibt trotz sichtbarer Fortschritte eine enorme Herausforderung. Fast die H\u00e4lfte der Bev\u00f6lkerung lebt in Armut, viele Kinder sind mangelern\u00e4hrt und nur wenige Menschen haben Zugang zu Elektrizit\u00e4t oder sauberem Wasser.<\/p>\n<p>&nbsp;<\/p>\n<p>Mit gezielten <strong>Projekten in der Landwirtschaft, im Bildungsbereich und im Unternehmertum st\u00e4rken wir<\/strong> <strong>besonders Frauen und junge Menschen,<\/strong> damit sie <strong>Hunger und Armut<\/strong> nachhaltig \u00fcberwinden k\u00f6nnen.[\/vc_column_text][vc_column_text css=&#8220;.vc_custom_1773172600366{margin-top: 10px !important;padding-right: 40px !important;padding-left: 40px !important;}&#8220;]<\/p>\n<h6><a href=\"\/de\/wer-wir-sind\/thp-schweiz-programmlaender\/benin\/\"><span style=\"color: #00beaf;\"><strong>MEHR ERFAHREN<\/strong><\/span><\/a><\/h6>\n<p>[\/vc_column_text][\/vc_column_inner][vc_column_inner width=&#8220;1\/2&#8243;][vc_single_image image=&#8220;6441&#8243; img_size=&#8220;335&#215;230&#8243; onclick=&#8220;custom_link&#8220; css=&#8220;.vc_custom_1773497876765{padding-right: 40px !important;padding-left: 40px !important;}&#8220; qode_css_animation=&#8220;&#8220;][vc_column_text css=&#8220;.vc_custom_1773494155681{margin-top: 10px !important;padding-right: 40px !important;padding-left: 40px !important;}&#8220;]<\/p>\n<h3>Burkina Faso<\/h3>\n<p>&nbsp;<\/p>\n<p>Burkina Faso z\u00e4hlt zu den \u00e4rmsten und am wenigsten entwickelten L\u00e4ndern der Welt. Nur etwa ein Drittel der Bev\u00f6lkerung kann lesen und schreiben, und mehr als 40 % leben unterhalb der Armutsgrenze. Viele Menschen sind mangelern\u00e4hrt und k\u00e4mpfen t\u00e4glich mit den Folgen des Klimawandels und politischer Instabilit\u00e4t.<\/p>\n<p>&nbsp;<\/p>\n<p>In unseren Epicentern setzen wir genau dort an: Wir unterst\u00fctzen lokale Initiativen, st\u00e4rken gezielt Frauen und junge Menschen und schaffen so neue Perspektiven \u2013 f\u00fcr eine Zukunft frei von Hunger, Armut und Abh\u00e4ngigkeit.[\/vc_column_text][vc_column_text css=&#8220;.vc_custom_1773172619976{margin-top: 10px !important;padding-right: 40px !important;padding-left: 40px !important;}&#8220;]<\/p>\n<h6><a href=\"\/thp-programme\/thp-schweiz-programmlaender\/burkina-faso\/\"><span style=\"color: #00beaf;\"><strong>MEHR ERFAHREN<\/strong><\/span><\/a><\/h6>\n<p>[\/vc_column_text][\/vc_column_inner][\/vc_row_inner][\/vc_column][\/vc_row][vc_row css_animation=&#8220;&#8220; row_type=&#8220;row&#8220; use_row_as_full_screen_section=&#8220;no&#8220; type=&#8220;grid&#8220; angled_section=&#8220;no&#8220; text_align=&#8220;left&#8220; background_image_as_pattern=&#8220;without_pattern&#8220; z_index=&#8220;&#8220;][vc_column width=&#8220;9\/12&#8243; offset=&#8220;vc_hidden-lg vc_hidden-md&#8220;][vc_column_text css=&#8220;.vc_custom_1606232204870{padding-top: 30px !important;background-color: #ffffff !important;}&#8220;]<\/p>\n<h6 style=\"text-align: left;\"><a href=\"http:\/\/hungerprojekt.ch\">Home<\/a> &gt; <a href=\"\/wer-wir-sind\/\">Wer wir sind<\/a> &gt; <a href=\"\/thp-programme\/thp-schweiz-programmlaender\/\">THP Schweiz<\/a><\/h6>\n<p>[\/vc_column_text][vc_empty_space height=&#8220;20&#8243; css=&#8220;.vc_custom_1604579018353{background-color: #ffffff !important;}&#8220;][vc_column_text css=&#8220;.vc_custom_1773172452275{background-color: #ffffff !important;}&#8220;]<\/p>\n<div class=\"et_pb_module et_pb_text et_pb_text_0 et_pb_text_align_center et_pb_bg_layout_light\">\n<div class=\"et_pb_text_inner\">\n<h1>THP Schweiz<\/h1>\n<p>&nbsp;<\/p>\n<h3><a href=\"\/de\/wer-wir-sind\/organisation\/\" target=\"_blank\" rel=\"noopener\">Organisation<\/a><\/h3>\n<p>&nbsp;<\/p>\n<h2>THP Schweiz Programml\u00e4nder<\/h2>\n<\/div>\n<\/div>\n<p>&nbsp;<\/p>\n<p>Wir unterst\u00fctzen prim\u00e4r Projekte in <strong><a href=\"https:\/\/hungerprojekt.ch\/de\/wer-wir-sind\/thp-schweiz-programmlaender\/benin\/\"><span style=\"text-decoration: underline;\">Benin<\/span><\/a> und<\/strong>\u00a0<span style=\"text-decoration: underline;\"><strong><a href=\"\/thp-programme\/thp-schweiz-programmlaender\/burkina-faso\/\">Burkina Faso<\/a><\/strong><\/span>[\/vc_column_text][vc_row_inner row_type=&#8220;row&#8220; type=&#8220;full_width&#8220; text_align=&#8220;left&#8220; css_animation=&#8220;&#8220; css=&#8220;.vc_custom_1604863724688{margin-top: 50px !important;}&#8220;][vc_column_inner width=&#8220;1\/2&#8243;][vc_single_image image=&#8220;6249&#8243; img_size=&#8220;335&#215;230&#8243; onclick=&#8220;custom_link&#8220; css=&#8220;.vc_custom_1773497899845{margin-top: 50px !important;}&#8220; qode_css_animation=&#8220;&#8220;][vc_column_text css=&#8220;.vc_custom_1774000041613{margin-top: 10px !important;}&#8220;]<\/p>\n<h3>Benin<\/h3>\n<p>&nbsp;<\/p>\n<p>Die \u00dcberwindung von Hunger und extremer Armut in Benin bleibt trotz sichtbarer Fortschritte eine enorme Herausforderung. Fast die H\u00e4lfte der Bev\u00f6lkerung lebt in Armut, viele Kinder sind mangelern\u00e4hrt und nur wenige Menschen haben Zugang zu Elektrizit\u00e4t oder sauberem Wasser.<\/p>\n<p>&nbsp;<\/p>\n<p>Mit gezielten <strong>Projekten in der Landwirtschaft, im Bildungsbereich und im Unternehmertum st\u00e4rken wir<\/strong> <strong>besonders Frauen und junge Menschen,<\/strong> damit sie <strong>Hunger und Armut<\/strong> nachhaltig \u00fcberwinden k\u00f6nnen.[\/vc_column_text][vc_column_text css=&#8220;.vc_custom_1773173024651{margin-top: 10px !important;}&#8220;]<\/p>\n<h6><a href=\"\/de\/wer-wir-sind\/thp-schweiz-programmlaender\/benin\/\"><span style=\"color: #00beaf;\"><strong>MEHR ERFAHREN<\/strong><\/span><\/a><\/h6>\n<p>[\/vc_column_text][\/vc_column_inner][vc_column_inner width=&#8220;1\/2&#8243;][vc_single_image image=&#8220;6441&#8243; img_size=&#8220;335&#215;230&#8243; onclick=&#8220;custom_link&#8220; css=&#8220;.vc_custom_1773497895677{margin-top: 50px !important;}&#8220; qode_css_animation=&#8220;&#8220;][vc_column_text css=&#8220;.vc_custom_1774000046559{margin-top: 10px !important;}&#8220;]<\/p>\n<h3>Burkina Faso<\/h3>\n<p>&nbsp;<\/p>\n<p>Burkina Faso z\u00e4hlt zu den \u00e4rmsten und am wenigsten entwickelten L\u00e4ndern der Welt. Nur etwa ein Drittel der Bev\u00f6lkerung kann lesen und schreiben, und mehr als 40 % leben unterhalb der Armutsgrenze. Viele Menschen sind mangelern\u00e4hrt und k\u00e4mpfen t\u00e4glich mit den Folgen des Klimawandels und politischer Instabilit\u00e4t.<br \/>\nIn unseren Epicentern setzen wir genau dort an: Wir unterst\u00fctzen lokale Initiativen, st\u00e4rken gezielt Frauen und junge Menschen und schaffen so neue Perspektiven \u2013 f\u00fcr eine Zukunft frei von Hunger, Armut und Abh\u00e4ngigkeit.[\/vc_column_text][vc_column_text css=&#8220;.vc_custom_1773173017501{margin-top: 10px !important;}&#8220;]<\/p>\n<h6><a href=\"\/thp-programme\/thp-schweiz-programmlaender\/burkina-faso\/\"><span style=\"color: #00beaf;\"><strong>MEHR ERFAHREN<\/strong><\/span><\/a><\/h6>\n<p>[\/vc_column_text][\/vc_column_inner][\/vc_row_inner][\/vc_column][vc_column width=&#8220;3\/12&#8243; offset=&#8220;vc_hidden-md vc_hidden-sm vc_hidden-xs&#8220;][\/vc_column][\/vc_row][vc_row css_animation=&#8220;&#8220; row_type=&#8220;row&#8220; use_row_as_full_screen_section=&#8220;no&#8220; type=&#8220;full_width&#8220; angled_section=&#8220;no&#8220; text_align=&#8220;center&#8220; background_image_as_pattern=&#8220;without_pattern&#8220; z_index=&#8220;&#8220; css=&#8220;.vc_custom_1602087442483{margin-top: 50px !important;background-color: #0011aa !important;}&#8220;][vc_column][vc_row_inner row_type=&#8220;row&#8220; type=&#8220;grid&#8220; text_align=&#8220;center&#8220; css_animation=&#8220;&#8220; css=&#8220;.vc_custom_1602082086628{padding-top: 50px !important;padding-bottom: 50px !important;}&#8220;][vc_column_inner width=&#8220;2\/3&#8243; css=&#8220;.vc_custom_1602075588363{padding-top: 10px !important;padding-bottom: 10px !important;}&#8220;]<div class=\"custom_font_holder\" style=\"font-family: Unna; font-size: 34px; line-height: 41px; font-style: normal; font-weight: 300; color: #ffffff; text-decoration: none; text-align: center;\">Empowerment &#8211; Investieren Sie in Menschen!<\/div>[\/vc_column_inner][vc_column_inner width=&#8220;1\/3&#8243; css=&#8220;.vc_custom_1602075582964{padding-top: 10px !important;padding-bottom: 10px !important;}&#8220;]<a  itemprop=\"url\" href=\"\/spenden\/\" target=\"_self\" data-hover-background-color='#ffffff' data-hover-border-color='#ffffff' data-hover-color='#0011aa' class=\"qbutton  small center default\" style=\"color: #ffffff; border-color: #ffffff; font-style: normal; font-weight: 700; font-family: Source Sans Pro; text-transform: uppercase; background-color: #0011aa;\">Jetzt spenden<\/a>[\/vc_column_inner][\/vc_row_inner][\/vc_column][\/vc_row]<\/p>\n<\/div>","protected":false},"excerpt":{"rendered":"<p>[vc_row css_animation=&#8220;&#8220; row_type=&#8220;row&#8220; use_row_as_full_screen_section=&#8220;no&#8220; type=&#8220;full_width&#8220; angled_section=&#8220;no&#8220; text_align=&#8220;center&#8220; background_image_as_pattern=&#8220;without_pattern&#8220; z_index=&#8220;&#8220; css=&#8220;.vc_custom_1604521825735{background-color: #ffffff !important;}&#8220;][vc_column][vc_row_inner row_type=&#8220;row&#8220; type=&#8220;full_width&#8220; text_align=&#8220;center&#8220; css_animation=&#8220;&#8220;][vc_column_inner offset=&#8220;vc_hidden-sm vc_hidden-xs&#8220; css=&#8220;.vc_custom_1604831714900{padding-top: 500px !important;background-image: url(https:\/\/hungerprojekt.ch\/wp-content\/uploads\/2020\/11\/292938.jpg?id=497) !important;background-position: center !important;background-repeat: no-repeat !important;background-size: cover !important;}&#8220;][\/vc_column_inner][\/vc_row_inner][vc_row_inner row_type=&#8220;row&#8220; type=&#8220;full_width&#8220; text_align=&#8220;center&#8220; css_animation=&#8220;&#8220;][vc_column_inner offset=&#8220;vc_hidden-lg vc_hidden-md&#8220; css=&#8220;.vc_custom_1604831723133{padding-top: 200px !important;background-image: url(https:\/\/hungerprojekt.ch\/wp-content\/uploads\/2020\/11\/292938.jpg?id=497) !important;background-position: center !important;background-repeat: no-repeat !important;background-size: cover&#8230;<\/p>\n","protected":false},"author":1,"featured_media":0,"parent":134,"menu_order":1,"comment_status":"closed","ping_status":"closed","template":"full_width.php","meta":{"inline_featured_image":false,"footnotes":""},"class_list":["post-495","page","type-page","status-publish","hentry"],"_links":{"self":[{"href":"https:\/\/hungerprojekt.ch\/de\/wp-json\/wp\/v2\/pages\/495","targetHints":{"allow":["GET"]}}],"collection":[{"href":"https:\/\/hungerprojekt.ch\/de\/wp-json\/wp\/v2\/pages"}],"about":[{"href":"https:\/\/hungerprojekt.ch\/de\/wp-json\/wp\/v2\/types\/page"}],"author":[{"embeddable":true,"href":"https:\/\/hungerprojekt.ch\/de\/wp-json\/wp\/v2\/users\/1"}],"replies":[{"embeddable":true,"href":"https:\/\/hungerprojekt.ch\/de\/wp-json\/wp\/v2\/comments?post=495"}],"version-history":[{"count":42,"href":"https:\/\/hungerprojekt.ch\/de\/wp-json\/wp\/v2\/pages\/495\/revisions"}],"predecessor-version":[{"id":6527,"href":"https:\/\/hungerprojekt.ch\/de\/wp-json\/wp\/v2\/pages\/495\/revisions\/6527"}],"up":[{"embeddable":true,"href":"https:\/\/hungerprojekt.ch\/de\/wp-json\/wp\/v2\/pages\/134"}],"wp:attachment":[{"href":"https:\/\/hungerprojekt.ch\/de\/wp-json\/wp\/v2\/media?parent=495"}],"curies":[{"name":"wp","href":"https:\/\/api.w.org\/{rel}","templated":true}]}}