{"id":529,"date":"2020-11-08T15:18:11","date_gmt":"2020-11-08T14:18:11","guid":{"rendered":"https:\/\/hungerprojekt.ch\/?page_id=529"},"modified":"2026-03-24T10:29:43","modified_gmt":"2026-03-24T09:29:43","slug":"freiwilligenarbeit","status":"publish","type":"page","link":"https:\/\/hungerprojekt.ch\/de\/spenden\/freiwilligenarbeit\/","title":{"rendered":"Freiwilligenarbeit"},"content":{"rendered":"<div class=\"wpb-content-wrapper\"><p>[vc_row css_animation=&#8220;&#8220; row_type=&#8220;row&#8220; use_row_as_full_screen_section=&#8220;no&#8220; type=&#8220;full_width&#8220; angled_section=&#8220;no&#8220; text_align=&#8220;center&#8220; background_image_as_pattern=&#8220;without_pattern&#8220; z_index=&#8220;&#8220; css=&#8220;.vc_custom_1604521825735{background-color: #ffffff !important;}&#8220;][vc_column][vc_row_inner row_type=&#8220;row&#8220; type=&#8220;full_width&#8220; text_align=&#8220;center&#8220; css_animation=&#8220;&#8220;][vc_column_inner offset=&#8220;vc_hidden-sm vc_hidden-xs&#8220; css=&#8220;.vc_custom_1604845042553{padding-top: 500px !important;background-image: url(https:\/\/hungerprojekt.ch\/wp-content\/uploads\/2020\/10\/5016074_20d255afb5_k.jpg?id=141) !important;background-position: center !important;background-repeat: no-repeat !important;background-size: cover !important;}&#8220;][\/vc_column_inner][\/vc_row_inner][vc_row_inner row_type=&#8220;row&#8220; type=&#8220;full_width&#8220; text_align=&#8220;center&#8220; css_animation=&#8220;&#8220;][vc_column_inner offset=&#8220;vc_hidden-lg vc_hidden-md&#8220; css=&#8220;.vc_custom_1604845030915{padding-top: 200px !important;background-image: url(https:\/\/hungerprojekt.ch\/wp-content\/uploads\/2020\/10\/5016074_20d255afb5_k.jpg?id=141) !important;background-position: center !important;background-repeat: no-repeat !important;background-size: cover !important;}&#8220;][\/vc_column_inner][\/vc_row_inner][\/vc_column][\/vc_row][vc_row css_animation=&#8220;&#8220; row_type=&#8220;row&#8220; use_row_as_full_screen_section=&#8220;no&#8220; type=&#8220;grid&#8220; angled_section=&#8220;no&#8220; text_align=&#8220;left&#8220; background_image_as_pattern=&#8220;without_pattern&#8220; z_index=&#8220;&#8220;][vc_column width=&#8220;9\/12&#8243; offset=&#8220;vc_hidden-sm vc_hidden-xs&#8220;][vc_column_text css=&#8220;.vc_custom_1606339536955{margin-top: -100px !important;padding-top: 30px !important;padding-right: 40px !important;padding-left: 40px !important;background-color: #ffffff !important;}&#8220;]<\/p>\n<h6 style=\"text-align: left;\"><a href=\"http:\/\/hungerprojekt.ch\">Home<\/a> &gt; <a href=\"\/spenden\/\">Ihr Beitrag<\/a> &gt; <a href=\"\/ihr-beitrag\/freiwilligenarbeit\/\">Freiwilligenarbeit<\/a><\/h6>\n<p>[\/vc_column_text][vc_empty_space height=&#8220;20&#8243; css=&#8220;.vc_custom_1604579018353{background-color: #ffffff !important;}&#8220;][vc_column_text css=&#8220;.vc_custom_1774344577543{padding-right: 40px !important;padding-left: 40px !important;background-color: #ffffff !important;}&#8220;]<\/p>\n<div class=\"et_pb_module et_pb_text et_pb_text_0 et_pb_text_align_center et_pb_bg_layout_light\">\n<div class=\"et_pb_text_inner\">\n<h1>Freiwilligenarbeit<\/h1>\n<h2><\/h2>\n<\/div>\n<\/div>\n<p>Wir d\u00fcr\u00adfen auf ein starkes Team von mo\u00adti\u00advier\u00adten Frei\u00adwil\u00adli\u00adgen z\u00e4h\u00adlen. Haben auch Sie den Wunsch, sich gemeinsam mit uns zu engagieren f\u00fcr eine \u00a0Welt, in der alle Menschen ein gesundes und erf\u00fclltes Leben f\u00fchren, in Selbstbestimmung und W\u00fcrde?<\/p>\n<p>&nbsp;<\/p>\n<p>Kontakt: <a class=\"nplink\" href=\"mailto:alexandra.%E2%80%8Bkoch@%E2%80%8Bhungerprojekt.%E2%80%8Bch\" target=\"_blank\" rel=\"noopener noreferrer\">alex\u00adan\u00addra.\u200bkoch@\u200bhun\u00adger\u00adpro\u00adjekt.\u200bch<\/a><\/p>\n<p>&nbsp;<\/p>\n<p>&nbsp;<\/p>\n<div class=\"npobject\">\n<h2>Aufgaben f\u00fcr die Freiwilligenarbeit<\/h2>\n<p>&nbsp;<\/p>\n<\/div>\n<div class=\"npobject\">\n<ul>\n<li>Kontaktaufbau und -pflege mit Investorinnen und Investoren<\/li>\n<li>\u00d6ffentlichkeitsarbeit<\/li>\n<li>Social Media<\/li>\n<li>Recherchearbeit<\/li>\n<li>Mitgestaltung bei Aktionen und Events<\/li>\n<li>\u00dcbersetzungsarbeiten<\/li>\n<\/ul>\n<\/div>\n<p>&nbsp;<\/p>\n<p><span style=\"text-decoration: underline;\"><a href=\"https:\/\/www.benevol-jobs.ch\/de\/einsaetze?search=Das+Hunger+Projekt+Schweiz&amp;job_geo_location=&amp;radius=50&amp;Suchen=Suchen&amp;lat=&amp;lon=&amp;country=&amp;administrative_area_level_1=\" target=\"_blank\" rel=\"noopener noreferrer\">Link zu den Inseraten<\/a><\/span><\/p>\n<p>&nbsp;<\/p>\n<p>&nbsp;<\/p>\n<div class=\"npobject\">\n<h2>Kurzportraits von Freiwilligen<\/h2>\n<\/div>\n<p>&nbsp;<\/p>\n<p>&nbsp;<\/p>\n<p><img fetchpriority=\"high\" decoding=\"async\" class=\" wp-image-535 alignleft\" src=\"https:\/\/hungerprojekt.ch\/wp-content\/uploads\/2020\/11\/christa17.jpg\" alt=\"\" width=\"276\" height=\"326\" \/>\u00abAuf der Suche nach einer sinnvollen T\u00e4tigkeit bin ich auf das Hungerprojekt gestossen. Mich motiviert dabei besonders die Mission des Hungerprojekts,\u00a0 vor allem Frauen in Ihrer Eigenverantwortung und Selbstbestimmung zu f\u00f6rdern und so Hunger und Armut zu reduzieren. Nun bin ich daf\u00fcr verantwortlich verschiedene Printdokumentationen zu erstellen. Diese Arbeit erinnert mich immer wieder daran, dass es nicht selbstverst\u00e4ndlich ist, in einem privilegierten und sicheren Umfeld leben zu d\u00fcrfen.\u00bb <em>Christa Eberle<\/em><\/p>\n<p>&nbsp;<\/p>\n<p>&nbsp;<\/p>\n<p><img decoding=\"async\" class=\"wp-image-536 alignleft\" src=\"https:\/\/hungerprojekt.ch\/wp-content\/uploads\/2020\/11\/juerg_bild.jpg\" alt=\"\" width=\"273\" height=\"377\" \/><\/p>\n<p>\u00abNach 44 Jahren Arbeit als Lehrer (die letzten 24 Jahre in der eigenen Schule) kann man<\/p>\n<p>nicht einfach aufh\u00f6ren zu arbeiten, und man m\u00f6chte auch ein bisschen etwas \u00abzur\u00fcckgeben\u00bb.\u00a0Am Computer schreibe ich bei Bedarf \u00dcbersetzungen f\u00fcr das Hunger Projekt.\u00a0Manchmal helfe ich mit meiner Frau Beatrice bei THP-Standaktionen an Markt-Anl\u00e4ssen mit. Bei diesen und anderen Anl\u00e4ssen haben wir immer interessante und engagierte Menschen kennengelernt. Am Hunger Projekt beeindruckt mich vor allem, wie viel mit wenig Geld<\/p>\n<p>erreicht werden kann, wenn die Menschen vor Ort zur Selbsthilfe angeleitet werden und wenn vor allem Frauen gef\u00f6rdert und unterst\u00fctzt werden.\u00bb\u00a0<em>J\u00fcrg Lienhart<\/em><\/p>\n<p>&nbsp;<\/p>\n<p>&nbsp;<\/p>\n<p><img decoding=\"async\" class=\"wp-image-537 alignleft\" src=\"https:\/\/hungerprojekt.ch\/wp-content\/uploads\/2020\/11\/lydia_7-225x300.jpg\" alt=\"\" width=\"273\" height=\"364\" srcset=\"https:\/\/hungerprojekt.ch\/wp-content\/uploads\/2020\/11\/lydia_7-225x300.jpg 225w, https:\/\/hungerprojekt.ch\/wp-content\/uploads\/2020\/11\/lydia_7.jpg 300w\" sizes=\"(max-width: 273px) 100vw, 273px\" \/><em>\u00ab<\/em>Da mein Vater schon vor meiner Geburt ein Mitglied des THP war, konnte ich von klein auf Teil von THP werden.\u00a0 Es begeistert mich zu sehen, wenn Menschen ihren Horizont erweitern k\u00f6nnen, da THP den Menschen aufzeigt, wie sie sich selbst weiter entwickeln k\u00f6nnen.\u00a0Kurz gesagt: THP gibt nicht den Fisch, sondern die Angel.\u00a0 Es ist einfach sch\u00f6n zu wissen, dass man den Menschen helfen kann, die nicht die gleichen M\u00f6glichkeiten haben wie ich, diese M\u00f6glichkeiten aber gerne h\u00e4tten. Man erm\u00f6glicht den Menschen sehr vieles und das mit wenig Ressourcen. Es bringt nicht nur die Menschen weiter denen man hilft, sondern auch mich. Es ver\u00e4ndert auch mich &#8211; zum Positiven. Ausserdem ist es mein kleiner Beitrag zur Ver\u00e4nderung der Welt zum Guten<em>\u00bb\u00a0Lydia Heini<\/em>[\/vc_column_text][\/vc_column][vc_column width=&#8220;3\/12&#8243; offset=&#8220;vc_hidden-md vc_hidden-sm vc_hidden-xs&#8220;][vc_column_text css=&#8220;.vc_custom_1606339517934{margin-top: 100px !important;margin-right: 1px !important;margin-left: 41px !important;padding-top: 20px !important;padding-bottom: 20px !important;padding-left: 20px !important;background-color: #0000aa !important;}&#8220;]<\/p>\n<h5 style=\"text-align: left;\"><a href=\"\/spenden\/\"><strong>IHR BEITRAG<\/strong><\/a><\/h5>\n<h5><a href=\"\/ihr-beitrag\/partnerschaft\/\">Partnerschaft<\/a><\/h5>\n<h5><span style=\"color: #ffd214;\"><a style=\"color: #ffd214;\" href=\"\/ihr-beitrag\/freiwilligenarbeit\/\">Freiwilligenarbeit<\/a><\/span><\/h5>\n<h5 style=\"text-align: left;\"><a href=\"\/ihr-beitrag\/steuerbefreiung\/\">Steuerbefreiung<\/a><\/h5>\n<p>[\/vc_column_text][\/vc_column][\/vc_row][vc_row css_animation=&#8220;&#8220; row_type=&#8220;row&#8220; use_row_as_full_screen_section=&#8220;no&#8220; type=&#8220;grid&#8220; angled_section=&#8220;no&#8220; text_align=&#8220;left&#8220; background_image_as_pattern=&#8220;without_pattern&#8220; z_index=&#8220;&#8220;][vc_column width=&#8220;9\/12&#8243; offset=&#8220;vc_hidden-lg vc_hidden-md&#8220;][vc_column_text css=&#8220;.vc_custom_1606339550809{padding-top: 30px !important;background-color: #ffffff !important;}&#8220;]<\/p>\n<h6 style=\"text-align: left;\"><a href=\"http:\/\/hungerprojekt.ch\">Home<\/a> &gt; <a href=\"\/spenden\/\">Ihr Beitrag<\/a> &gt; <a href=\"\/ihr-beitrag\/freiwilligenarbeit\/\">Freiwilligenarbeit<\/a><\/h6>\n<p>[\/vc_column_text][vc_empty_space height=&#8220;20&#8243; css=&#8220;.vc_custom_1604579018353{background-color: #ffffff !important;}&#8220;][vc_column_text css=&#8220;.vc_custom_1606214495006{background-color: #ffffff !important;}&#8220;]<\/p>\n<div class=\"et_pb_module et_pb_text et_pb_text_0 et_pb_text_align_center et_pb_bg_layout_light\">\n<div class=\"et_pb_text_inner\">\n<h1>Freiwilligenarbeit<\/h1>\n<div class=\"npcontent\">\n<div class=\"npobject\"><\/div>\n<div class=\"npobject\"><\/div>\n<\/div>\n<\/div>\n<\/div>\n<p>&nbsp;<\/p>\n<p>Wir d\u00fcr\u00adfen auf ein starkes Team von mo\u00adti\u00advier\u00adten Frei\u00adwil\u00adli\u00adgen z\u00e4h\u00adlen. Haben auch Sie den Wunsch, sich gemeinsam mit uns zu engagieren f\u00fcr eine \u00a0Welt, in der alle Menschen ein gesundes und erf\u00fclltes Leben f\u00fchren, in Selbstbestimmung und W\u00fcrde?<\/p>\n<p>&nbsp;<\/p>\n<p><a class=\"nplink\" href=\"mailto:alexandra.%E2%80%8Bkoch@%E2%80%8Bhungerprojekt.%E2%80%8Bch\" target=\"_blank\" rel=\"noopener noreferrer\">alex\u00adan\u00addra.\u200bkoch@\u200bhun\u00adger\u00adpro\u00adjekt.\u200bch<\/a><\/p>\n<p>&nbsp;<\/p>\n<p>&nbsp;<\/p>\n<div class=\"npobject\">\n<h2>Aktuell &#8211; Aufgaben f\u00fcr die Freiwilligenarbeit<\/h2>\n<p>&nbsp;<\/p>\n<\/div>\n<div class=\"npobject\">\n<ul>\n<li>K\u00e4sseli Projekt &#8211; Gemeinsam schaffen wir es!<\/li>\n<li>Kontaktaufbau und -pflege mit Investorinnen und Investoren<\/li>\n<li>\u00d6ffentlichkeitsarbeit<\/li>\n<li>Social Media<\/li>\n<li>Recherchearbeit<\/li>\n<li>Mitgestaltung bei Aktionen und Events<\/li>\n<li>\u00dcbersetzungsarbeiten<\/li>\n<\/ul>\n<\/div>\n<p>&nbsp;<\/p>\n<p><span style=\"text-decoration: underline;\"><a href=\"https:\/\/www.benevol-jobs.ch\/de\/einsaetze?search=Das+Hunger+Projekt+Schweiz&amp;job_geo_location=&amp;radius=50&amp;Suchen=Suchen&amp;lat=&amp;lon=&amp;country=&amp;administrative_area_level_1=\" target=\"_blank\" rel=\"noopener noreferrer\">Link zu den Inseraten<\/a><\/span><\/p>\n<p>&nbsp;<\/p>\n<p>&nbsp;<\/p>\n<div class=\"npobject\">\n<h2>Kurzportraits von Freiwilligen<\/h2>\n<\/div>\n<p>&nbsp;<\/p>\n<p>&nbsp;<\/p>\n<p><img fetchpriority=\"high\" decoding=\"async\" class=\" wp-image-535 alignleft\" src=\"https:\/\/hungerprojekt.ch\/wp-content\/uploads\/2020\/11\/christa17.jpg\" alt=\"\" width=\"276\" height=\"326\" \/>\u00abAuf der Suche nach einer sinnvollen T\u00e4tigkeit bin ich auf das Hungerprojekt gestossen. Mich motiviert dabei besonders die Mission des Hungerprojekts,\u00a0 vor allem Frauen in Ihrer Eigenverantwortung und Selbstbestimmung zu f\u00f6rdern und so Hunger und Armut zu reduzieren. Nun bin ich daf\u00fcr verantwortlich verschiedene Printdokumentationen zu erstellen. Diese Arbeit erinnert mich immer wieder daran, dass es nicht selbstverst\u00e4ndlich ist, in einem privilegierten und sicheren Umfeld leben zu d\u00fcrfen.\u00bb <em>Christa Eberle<\/em><\/p>\n<p>&nbsp;<\/p>\n<p>&nbsp;<\/p>\n<p><img decoding=\"async\" class=\"wp-image-536 alignleft\" src=\"https:\/\/hungerprojekt.ch\/wp-content\/uploads\/2020\/11\/juerg_bild.jpg\" alt=\"\" width=\"273\" height=\"377\" \/><\/p>\n<p>\u00abNach 44 Jahren Arbeit als Lehrer (die letzten 24 Jahre in der eigenen Schule) kann man<\/p>\n<p>nicht einfach aufh\u00f6ren zu arbeiten, und man m\u00f6chte auch ein bisschen etwas \u00abzur\u00fcckgeben\u00bb.\u00a0Am Computer schreibe ich bei Bedarf \u00dcbersetzungen f\u00fcr das Hunger Projekt.\u00a0Manchmal helfe ich mit meiner Frau Beatrice bei THP-Standaktionen an Markt-Anl\u00e4ssen mit. Bei diesen und anderen Anl\u00e4ssen haben wir immer interessante und engagierte Menschen kennengelernt. Am Hunger Projekt beeindruckt mich vor allem, wie viel mit wenig Geld<\/p>\n<p>erreicht werden kann, wenn die Menschen vor Ort zur Selbsthilfe angeleitet werden und wenn vor allem Frauen gef\u00f6rdert und unterst\u00fctzt werden.\u00bb\u00a0<em>J\u00fcrg Lienhart<\/em><\/p>\n<p>&nbsp;<\/p>\n<p>&nbsp;<\/p>\n<p><img decoding=\"async\" class=\"wp-image-537 alignleft\" src=\"https:\/\/hungerprojekt.ch\/wp-content\/uploads\/2020\/11\/lydia_7-225x300.jpg\" alt=\"\" width=\"273\" height=\"364\" srcset=\"https:\/\/hungerprojekt.ch\/wp-content\/uploads\/2020\/11\/lydia_7-225x300.jpg 225w, https:\/\/hungerprojekt.ch\/wp-content\/uploads\/2020\/11\/lydia_7.jpg 300w\" sizes=\"(max-width: 273px) 100vw, 273px\" \/><em>\u00ab<\/em>Da mein Vater schon vor meiner Geburt ein Mitglied des THP war, konnte ich von klein auf Teil von THP werden.\u00a0 Es begeistert mich zu sehen, wenn Menschen ihren Horizont erweitern k\u00f6nnen, da THP den Menschen aufzeigt, wie sie sich selbst weiter entwickeln k\u00f6nnen.\u00a0Kurz gesagt: THP gibt nicht den Fisch, sondern die Angel.\u00a0 Es ist einfach sch\u00f6n zu wissen, dass man den Menschen helfen kann, die nicht die gleichen M\u00f6glichkeiten haben wie ich, diese M\u00f6glichkeiten aber gerne h\u00e4tten. Man erm\u00f6glicht den Menschen sehr vieles und das mit wenig Ressourcen. Es bringt nicht nur die Menschen weiter denen man hilft, sondern auch mich. Es ver\u00e4ndert auch mich &#8211; zum Positiven. Ausserdem ist es mein kleiner Beitrag zur Ver\u00e4nderung der Welt zum Guten<em>\u00bb\u00a0Lydia Heini<\/em>[\/vc_column_text][\/vc_column][vc_column width=&#8220;3\/12&#8243; offset=&#8220;vc_hidden-md vc_hidden-sm vc_hidden-xs&#8220;][\/vc_column][\/vc_row][vc_row css_animation=&#8220;&#8220; row_type=&#8220;row&#8220; use_row_as_full_screen_section=&#8220;no&#8220; type=&#8220;full_width&#8220; angled_section=&#8220;no&#8220; text_align=&#8220;center&#8220; background_image_as_pattern=&#8220;without_pattern&#8220; z_index=&#8220;&#8220; css=&#8220;.vc_custom_1602087442483{margin-top: 50px !important;background-color: #0011aa !important;}&#8220;][vc_column][vc_row_inner row_type=&#8220;row&#8220; type=&#8220;grid&#8220; text_align=&#8220;center&#8220; css_animation=&#8220;&#8220; css=&#8220;.vc_custom_1602082086628{padding-top: 50px !important;padding-bottom: 50px !important;}&#8220;][vc_column_inner width=&#8220;2\/3&#8243; css=&#8220;.vc_custom_1602075588363{padding-top: 10px !important;padding-bottom: 10px !important;}&#8220;]<div class=\"custom_font_holder\" style=\"font-family: Unna; font-size: 34px; line-height: 41px; font-style: normal; font-weight: 300; color: #ffffff; text-decoration: none; text-align: center;\">Empowerment &#8211; Investieren Sie in Menschen!<\/div>[\/vc_column_inner][vc_column_inner width=&#8220;1\/3&#8243; css=&#8220;.vc_custom_1602075582964{padding-top: 10px !important;padding-bottom: 10px !important;}&#8220;]<a  itemprop=\"url\" href=\"\/spenden\/\" target=\"_self\" data-hover-background-color='#ffffff' data-hover-border-color='#ffffff' data-hover-color='#0011aa' class=\"qbutton  small center default\" style=\"color: #ffffff; border-color: #ffffff; font-style: normal; font-weight: 700; font-family: Source Sans Pro; text-transform: uppercase; background-color: #0011aa;\">Jetzt spenden<\/a>[\/vc_column_inner][\/vc_row_inner][\/vc_column][\/vc_row]<\/p>\n<\/div>","protected":false},"excerpt":{"rendered":"<p>[vc_row css_animation=&#8220;&#8220; row_type=&#8220;row&#8220; use_row_as_full_screen_section=&#8220;no&#8220; type=&#8220;full_width&#8220; angled_section=&#8220;no&#8220; text_align=&#8220;center&#8220; background_image_as_pattern=&#8220;without_pattern&#8220; z_index=&#8220;&#8220; css=&#8220;.vc_custom_1604521825735{background-color: #ffffff !important;}&#8220;][vc_column][vc_row_inner row_type=&#8220;row&#8220; type=&#8220;full_width&#8220; text_align=&#8220;center&#8220; css_animation=&#8220;&#8220;][vc_column_inner offset=&#8220;vc_hidden-sm vc_hidden-xs&#8220; css=&#8220;.vc_custom_1604845042553{padding-top: 500px !important;background-image: url(https:\/\/hungerprojekt.ch\/wp-content\/uploads\/2020\/10\/5016074_20d255afb5_k.jpg?id=141) !important;background-position: center !important;background-repeat: no-repeat !important;background-size: cover !important;}&#8220;][\/vc_column_inner][\/vc_row_inner][vc_row_inner row_type=&#8220;row&#8220; type=&#8220;full_width&#8220; text_align=&#8220;center&#8220; css_animation=&#8220;&#8220;][vc_column_inner offset=&#8220;vc_hidden-lg vc_hidden-md&#8220; css=&#8220;.vc_custom_1604845030915{padding-top: 200px !important;background-image: url(https:\/\/hungerprojekt.ch\/wp-content\/uploads\/2020\/10\/5016074_20d255afb5_k.jpg?id=141) !important;background-position: center !important;background-repeat: no-repeat !important;background-size: cover&#8230;<\/p>\n","protected":false},"author":1,"featured_media":0,"parent":5866,"menu_order":1,"comment_status":"closed","ping_status":"closed","template":"full_width.php","meta":{"inline_featured_image":false,"footnotes":""},"class_list":["post-529","page","type-page","status-publish","hentry"],"_links":{"self":[{"href":"https:\/\/hungerprojekt.ch\/de\/wp-json\/wp\/v2\/pages\/529","targetHints":{"allow":["GET"]}}],"collection":[{"href":"https:\/\/hungerprojekt.ch\/de\/wp-json\/wp\/v2\/pages"}],"about":[{"href":"https:\/\/hungerprojekt.ch\/de\/wp-json\/wp\/v2\/types\/page"}],"author":[{"embeddable":true,"href":"https:\/\/hungerprojekt.ch\/de\/wp-json\/wp\/v2\/users\/1"}],"replies":[{"embeddable":true,"href":"https:\/\/hungerprojekt.ch\/de\/wp-json\/wp\/v2\/comments?post=529"}],"version-history":[{"count":23,"href":"https:\/\/hungerprojekt.ch\/de\/wp-json\/wp\/v2\/pages\/529\/revisions"}],"predecessor-version":[{"id":6734,"href":"https:\/\/hungerprojekt.ch\/de\/wp-json\/wp\/v2\/pages\/529\/revisions\/6734"}],"up":[{"embeddable":true,"href":"https:\/\/hungerprojekt.ch\/de\/wp-json\/wp\/v2\/pages\/5866"}],"wp:attachment":[{"href":"https:\/\/hungerprojekt.ch\/de\/wp-json\/wp\/v2\/media?parent=529"}],"curies":[{"name":"wp","href":"https:\/\/api.w.org\/{rel}","templated":true}]}}