{"id":589,"date":"2020-11-08T20:41:12","date_gmt":"2020-11-08T19:41:12","guid":{"rendered":"https:\/\/hungerprojekt.ch\/?page_id=589"},"modified":"2020-12-12T13:23:07","modified_gmt":"2020-12-12T12:23:07","slug":"aethiopien","status":"publish","type":"page","link":"https:\/\/hungerprojekt.ch\/de\/wer-wir-sind\/thp-schweiz-programmlaender\/aethiopien\/","title":{"rendered":"\u00c4thiopien"},"content":{"rendered":"<div class=\"wpb-content-wrapper\"><p>[vc_row css_animation=&#8220;&#8220; row_type=&#8220;row&#8220; use_row_as_full_screen_section=&#8220;no&#8220; type=&#8220;full_width&#8220; angled_section=&#8220;no&#8220; text_align=&#8220;center&#8220; background_image_as_pattern=&#8220;without_pattern&#8220; z_index=&#8220;&#8220; css=&#8220;.vc_custom_1604521825735{background-color: #ffffff !important;}&#8220;][vc_column][vc_row_inner row_type=&#8220;row&#8220; type=&#8220;full_width&#8220; text_align=&#8220;center&#8220; css_animation=&#8220;&#8220;][vc_column_inner offset=&#8220;vc_hidden-sm vc_hidden-xs&#8220; css=&#8220;.vc_custom_1604864757575{padding-top: 500px !important;background-image: url(https:\/\/hungerprojekt.ch\/wp-content\/uploads\/2020\/11\/297888.jpg?id=593) !important;background-position: center !important;background-repeat: no-repeat !important;background-size: cover !important;}&#8220;][\/vc_column_inner][\/vc_row_inner][vc_row_inner row_type=&#8220;row&#8220; type=&#8220;full_width&#8220; text_align=&#8220;center&#8220; css_animation=&#8220;&#8220;][vc_column_inner offset=&#8220;vc_hidden-lg vc_hidden-md&#8220; css=&#8220;.vc_custom_1604864766009{padding-top: 200px !important;background-image: url(https:\/\/hungerprojekt.ch\/wp-content\/uploads\/2020\/11\/297888.jpg?id=593) !important;background-position: center !important;background-repeat: no-repeat !important;background-size: cover !important;}&#8220;][\/vc_column_inner][\/vc_row_inner][\/vc_column][\/vc_row][vc_row css_animation=&#8220;&#8220; row_type=&#8220;row&#8220; use_row_as_full_screen_section=&#8220;no&#8220; type=&#8220;grid&#8220; angled_section=&#8220;no&#8220; text_align=&#8220;left&#8220; background_image_as_pattern=&#8220;without_pattern&#8220; z_index=&#8220;&#8220;][vc_column width=&#8220;9\/12&#8243; offset=&#8220;vc_hidden-sm vc_hidden-xs&#8220;][vc_column_text css=&#8220;.vc_custom_1606232183412{margin-top: -100px !important;padding-top: 30px !important;padding-right: 40px !important;padding-left: 40px !important;background-color: #ffffff !important;}&#8220;]<\/p>\n<h6 style=\"text-align: left;\"><a href=\"http:\/\/hungerprojekt.ch\">Home<\/a> &gt; <a href=\"\/wer-wir-sind\/\">Wer wir sind<\/a> &gt; <a href=\"\/thp-programme\/thp-schweiz-programmlaender\/\">THP Schweiz<\/a> &gt; <a href=\"\/thp-programme\/thp-schweiz-programmlaender\/aethiopien\/\">\u00c4thiopien<\/a><\/h6>\n<h6 style=\"text-align: left;\"><\/h6>\n<p>[\/vc_column_text][vc_empty_space height=&#8220;20&#8243; css=&#8220;.vc_custom_1604579018353{background-color: #ffffff !important;}&#8220;][vc_column_text css=&#8220;.vc_custom_1607598814479{padding-right: 40px !important;padding-left: 40px !important;background-color: #ffffff !important;}&#8220;]<\/p>\n<div class=\"et_pb_module et_pb_text et_pb_text_0 et_pb_text_align_center et_pb_bg_layout_light\">\n<div class=\"et_pb_text_inner\">\n<h1>\u00c4thiopien<\/h1>\n<p>&nbsp;<\/p>\n<p><strong>\u00c4thiopien ist das einzige Land Afrikas, das nie kolonisiert wurde und eines der \u00e4ltesten L\u00e4nder der Welt, und doch k\u00e4mpft es immer noch mit politischen Unruhen, hohen Armuts- und niedrigen Bildungsraten.<\/strong><\/p>\n<p>&nbsp;<\/p>\n<p>\u00c4thiopien hat jahrzehntelange politische Turbulenzen erlebt, und ist durch den Zustrom von Fl\u00fcchtlingen aus dem S\u00fcdsudan weiter unter Druck geraten. Etwa ein Drittel der Bev\u00f6lkerung lebt unterhalb der Armutsgrenze.\u00a0 Da die negativen Auswirkungen des Klimawandels die Landwirtschaft weiterhin bedrohen, k\u00f6nnte die Bev\u00f6lkerung, die unterhalb der Armutsgrenze lebt, steigen. Etwa die H\u00e4lfte aller Kinder, im Alter von f\u00fcnf bis 14 Jahren, arbeiten.<\/p>\n<p>&nbsp;<\/p>\n<p>Im Jahr 2020 f\u00fchrten politische und ethnische Spannungen zu heftigen, aber bis dato lokal begrenzten, Auseinandersetzungen in der Tigray Region. Zuvor hatte unter Premierminister und Friedensnobelpreistr\u00e4ger Abyi Ahmed ein weitreichender politische Wandel des Landes begonnen.<\/p>\n<p>&nbsp;<\/p>\n<p>Gl\u00fccklicherweise beschr\u00e4nken sich die momentanen gewaltsamen Konflikte auf die Region Tigray im Norden des Landes. Es ist aber zu bef\u00fcrchten, dass die politischen Spannungen zu indirekten negativen Effekten auch in denjenigen Regionen des Landes f\u00fchren, in denen sich unsere Epicenter befinden. Es ist darum wichtiger denn je die Menschen vor Ort zu unterst\u00fctzen.<\/p>\n<p>&nbsp;<\/p>\n<h2><strong>J\u00fcngste Erfolge<\/strong><\/h2>\n<p>&nbsp;<\/p>\n<p>THP Schweiz konnte in letzter Zeit in \u00c4thiopien einige Erfolgen erzielen.<\/p>\n<p>&nbsp;<\/p>\n<p>So konnte Ende 2018 das <strong>Jaldu-Epicenter<\/strong> seine Selbst\u00e4ndigkeit erreichen und dies auch offiziell 2019 erkl\u00e4rt werden. Damit erf\u00fcllt das Epicenter nun alle Voraussetzungen, um die Grundbed\u00fcrfnisse seiner Gemeinschaftsmitglieder selbst\u00e4ndig (und ohne Unterst\u00fctzung des Hunger Projekts) zu decken. Ende 2018 hatten 19\u2019055 Menschen aus 33 D\u00f6rfern Zugang zum Epicenter.<\/p>\n<p>&nbsp;<\/p>\n<p>Die Erreichte Punktzahl im Selbst\u00e4ndigkeitstest betrug 81.29 der erforderlichen 80 Punkte:<\/p>\n<p>&nbsp;<\/p>\n<ul>\n<li>100% der Kleinbauern verwenden verbesserte Praktiken bzgl. Management der Farm<\/li>\n<\/ul>\n<p>&nbsp;<\/p>\n<ul>\n<li>92% der Gemeinschaftsmitglieder haben Zugang zu Finanzdienstleistungen<\/li>\n<\/ul>\n<p>&nbsp;<\/p>\n<ul>\n<li>77% der Kinder besuchen die Schule regelm\u00e4ssig<\/li>\n<\/ul>\n<p>&nbsp;<\/p>\n<ul>\n<li>67% der Gemeinschaftsmitglieder benutzen zumindest eine einfache Trinkwasserquelle<\/li>\n<\/ul>\n<p>&nbsp;<\/p>\n<ul>\n<li>90% der Haushalte haben mindestens ein Haushaltsmitglied, das Lesen und Schreiben kann<\/li>\n<\/ul>\n<p>&nbsp;<\/p>\n<ul>\n<li>89% der Arbeiter und Arbeiterinnen konsultieren einen Arzt bei Krankheit<\/li>\n<\/ul>\n<p>&nbsp;<\/p>\n<ul>\n<li>Punktzahl bez\u00fcglich des Indikators zur St\u00e4rkung der Frauen: 57.68 von 100 m\u00f6glichen Punkten<\/li>\n<\/ul>\n<p>&nbsp;<\/p>\n<ul>\n<li>87% der Frauen erhalten Schwangerschaftsf\u00fcrsorge<\/li>\n<\/ul>\n<p>&nbsp;<\/p>\n<ul>\n<li>67% der Geburten werden von lizensiertem Pfegefachpersonal betreut<\/li>\n<\/ul>\n<p>&nbsp;<\/p>\n<ul>\n<li>42% der Frauen besitzen ein kleines Gesch\u00e4ft<\/li>\n<\/ul>\n<p>&nbsp;<\/p>\n<p>Zuvor konnte schon bereits Ende 2017 das <strong>Meskan-Epicenter<\/strong> seine Selbst\u00e4ndigkeit erkl\u00e4ren. Die Feierlichkeiten zu dessen Er\u00f6ffnung fanden Anfang 2018 statt.<\/p>\n<\/div>\n<\/div>\n<p>&nbsp;<\/p>\n<p><img fetchpriority=\"high\" decoding=\"async\" class=\"alignnone wp-image-594\" src=\"https:\/\/hungerprojekt.ch\/wp-content\/uploads\/2020\/11\/297889-300x200.jpg\" alt=\"\" width=\"521\" height=\"347\" srcset=\"https:\/\/hungerprojekt.ch\/wp-content\/uploads\/2020\/11\/297889-300x200.jpg 300w, https:\/\/hungerprojekt.ch\/wp-content\/uploads\/2020\/11\/297889-1024x681.jpg 1024w, https:\/\/hungerprojekt.ch\/wp-content\/uploads\/2020\/11\/297889-768x511.jpg 768w, https:\/\/hungerprojekt.ch\/wp-content\/uploads\/2020\/11\/297889-700x466.jpg 700w, https:\/\/hungerprojekt.ch\/wp-content\/uploads\/2020\/11\/297889.jpg 1400w\" sizes=\"(max-width: 521px) 100vw, 521px\" \/><\/p>\n<h2><\/h2>\n<p>&nbsp;<\/p>\n<h2>Factsheet<\/h2>\n<p>&nbsp;<\/p>\n<p><span style=\"text-decoration: underline;\"><a class=\"nplink\" href=\"\/wp-content\/uploads\/2020\/12\/factsheet_ethiopien.pdf\" target=\"_blank\" rel=\"noopener noreferrer\">Factsheet \u00c4thiopien<\/a><\/span><\/p>\n<p>&nbsp;<\/p>\n<p><img decoding=\"async\" class=\"alignnone wp-image-595\" src=\"https:\/\/hungerprojekt.ch\/wp-content\/uploads\/2020\/11\/297890-300x200.jpg\" alt=\"\" width=\"510\" height=\"340\" srcset=\"https:\/\/hungerprojekt.ch\/wp-content\/uploads\/2020\/11\/297890-300x200.jpg 300w, https:\/\/hungerprojekt.ch\/wp-content\/uploads\/2020\/11\/297890-1024x681.jpg 1024w, https:\/\/hungerprojekt.ch\/wp-content\/uploads\/2020\/11\/297890-768x511.jpg 768w, https:\/\/hungerprojekt.ch\/wp-content\/uploads\/2020\/11\/297890-700x466.jpg 700w, https:\/\/hungerprojekt.ch\/wp-content\/uploads\/2020\/11\/297890.jpg 1200w\" sizes=\"(max-width: 510px) 100vw, 510px\" \/><\/p>\n<p>&nbsp;<\/p>\n<div class=\"npobject\">\n<h2>Reisebericht<\/h2>\n<\/div>\n<p>&nbsp;<\/p>\n<p><span style=\"text-decoration: underline;\"><a href=\"\/wp-content\/uploads\/2020\/12\/mission_report_ethiopia_2019.pdf\" target=\"_blank\" rel=\"noopener noreferrer\">Reisebericht 2019 (EN)<\/a><\/span><\/p>\n<p>&nbsp;<\/p>\n<p><span style=\"text-decoration: underline;\"><a href=\"\/wp-content\/uploads\/2020\/12\/mission_report_ethiopia_mesqan.pdf\" target=\"_blank\" rel=\"noopener noreferrer\">Reisebericht 2017 (EN)<\/a><\/span><\/p>\n<p>&nbsp;<\/p>\n<p><img decoding=\"async\" class=\"alignnone wp-image-598\" src=\"https:\/\/hungerprojekt.ch\/wp-content\/uploads\/2020\/11\/297891-300x200.jpg\" alt=\"\" width=\"536\" height=\"357\" srcset=\"https:\/\/hungerprojekt.ch\/wp-content\/uploads\/2020\/11\/297891-300x200.jpg 300w, https:\/\/hungerprojekt.ch\/wp-content\/uploads\/2020\/11\/297891-1024x681.jpg 1024w, https:\/\/hungerprojekt.ch\/wp-content\/uploads\/2020\/11\/297891-768x511.jpg 768w, https:\/\/hungerprojekt.ch\/wp-content\/uploads\/2020\/11\/297891-700x466.jpg 700w, https:\/\/hungerprojekt.ch\/wp-content\/uploads\/2020\/11\/297891.jpg 1200w\" sizes=\"(max-width: 536px) 100vw, 536px\" \/><\/p>\n<p>&nbsp;<\/p>\n<div class=\"npobject\">\n<h2>Standorte in \u00c4thiopien<\/h2>\n<p>&nbsp;<\/p>\n<\/div>\n<p><img loading=\"lazy\" decoding=\"async\" class=\"alignnone wp-image-1155\" src=\"https:\/\/hungerprojekt.ch\/wp-content\/uploads\/2020\/11\/aethiopien-karte-233x300.jpg\" alt=\"\" width=\"406\" height=\"523\" srcset=\"https:\/\/hungerprojekt.ch\/wp-content\/uploads\/2020\/11\/aethiopien-karte-233x300.jpg 233w, https:\/\/hungerprojekt.ch\/wp-content\/uploads\/2020\/11\/aethiopien-karte.jpg 377w\" sizes=\"(max-width: 406px) 100vw, 406px\" \/>[\/vc_column_text][\/vc_column][vc_column width=&#8220;3\/12&#8243; offset=&#8220;vc_hidden-md vc_hidden-sm vc_hidden-xs&#8220;][vc_column_text css=&#8220;.vc_custom_1606234071483{margin-top: 100px !important;margin-right: 1px !important;margin-left: 41px !important;padding-top: 20px !important;padding-bottom: 20px !important;padding-left: 20px !important;background-color: #0000aa !important;}&#8220;]<\/p>\n<h5 style=\"text-align: left;\"><a href=\"\/wer-wir-sind\/\"><strong>WER WIR SIND<\/strong><\/a><\/h5>\n<h5 style=\"text-align: left;\"><a href=\"\/wer-wir-sind\/vision\/\">Vision und Mission<\/a><\/h5>\n<h5 style=\"text-align: left;\"><a href=\"\/wer-wir-sind\/organisation\/\">Organisation<\/a><\/h5>\n<h5 style=\"text-align: left;\"><a href=\"\/wer-wir-sind\/thp-in-der-welt\/\">THP in der Welt<\/a><\/h5>\n<h5 style=\"text-align: left;\">\u00a0 \u00a0 \u00a0 <a href=\"\/wer-wir-sind\/thp-in-der-welt\/programmlaender\/\">&#8211; Programml\u00e4nder<\/a><\/h5>\n<h5 style=\"text-align: left;\">\u00a0 \u00a0 \u00a0 <a href=\"\/wer-wir-sind\/thp-in-der-welt\/partnerlaender\/\">&#8211; Partnerl\u00e4nder<\/a><\/h5>\n<h5><a href=\"\/thp-programme\/thp-schweiz-programmlaender\/\">THP Schweiz<\/a><\/h5>\n<h5><span style=\"color: #ffd214;\"><a style=\"color: #ffd214;\" href=\"\/thp-programme\/thp-schweiz-programmlaender\/aethiopien\/\">\u00a0 \u00a0 \u00a0 &#8211; \u00c4thiopien<\/a><\/span><\/h5>\n<h5><a href=\"\/thp-programme\/thp-schweiz-programmlaender\/burkina-faso\/\">\u00a0 \u00a0 \u00a0 &#8211; Burkina Faso<\/a><\/h5>\n<h5><a href=\"\/thp-programme\/thp-schweiz-programmlaender\/ghana\/\">\u00a0 \u00a0 \u00a0 &#8211; Ghana<\/a><\/h5>\n<h5><a href=\"\/thp-programme\/thp-schweiz-programmlaender\/mosambik\/\">\u00a0 \u00a0 \u00a0 &#8211; Mosambik<\/a><\/h5>\n<h5><a href=\"\/thp-programme\/thp-schweiz-programmlaender\/indien\/\">\u00a0 \u00a0 \u00a0 &#8211; Indien<\/a><\/h5>\n<h5 style=\"text-align: left;\"><a href=\"\/wer-wir-sind\/jahresberichte\/\">Jahresberichte<\/a><\/h5>\n<h5 style=\"text-align: left;\"><a href=\"\/wer-wir-sind\/zewo-zertifizierung\/\">ZEWO Zertifizierung<\/a><\/h5>\n<h5 style=\"text-align: left;\"><a href=\"\/wer-wir-sind\/videos-und-flyer\/\">Flyer und Videos<\/a><\/h5>\n<p>[\/vc_column_text][\/vc_column][\/vc_row][vc_row css_animation=&#8220;&#8220; row_type=&#8220;row&#8220; use_row_as_full_screen_section=&#8220;no&#8220; type=&#8220;grid&#8220; angled_section=&#8220;no&#8220; text_align=&#8220;left&#8220; background_image_as_pattern=&#8220;without_pattern&#8220; z_index=&#8220;&#8220;][vc_column width=&#8220;9\/12&#8243; offset=&#8220;vc_hidden-lg vc_hidden-md&#8220;][vc_column_text css=&#8220;.vc_custom_1606232222556{padding-top: 30px !important;background-color: #ffffff !important;}&#8220;]<\/p>\n<h6 style=\"text-align: left;\"><a href=\"http:\/\/hungerprojekt.ch\">Home<\/a> &gt; <a href=\"\/wer-wir-sind\/\">Wer wir sind<\/a> &gt; <a href=\"\/thp-programme\/thp-schweiz-programmlaender\/\">THP Schweiz<\/a> &gt; <a href=\"\/thp-programme\/thp-schweiz-programmlaender\/aethiopien\/\">\u00c4thiopien<\/a><\/h6>\n<h6 style=\"text-align: left;\"><\/h6>\n<p>[\/vc_column_text][vc_empty_space height=&#8220;20&#8243; css=&#8220;.vc_custom_1604579018353{background-color: #ffffff !important;}&#8220;][vc_column_text css=&#8220;.vc_custom_1607598829074{background-color: #ffffff !important;}&#8220;]<\/p>\n<div class=\"et_pb_module et_pb_text et_pb_text_0 et_pb_text_align_center et_pb_bg_layout_light\">\n<div class=\"et_pb_text_inner\">\n<h1>\u00c4thiopien<\/h1>\n<p>&nbsp;<\/p>\n<p><strong>\u00c4thiopien ist das einzige Land Afrikas, das nie kolonisiert wurde und eines der \u00e4ltesten L\u00e4nder der Welt, und doch k\u00e4mpft es immer noch mit politischen Unruhen, hohen Armuts- und niedrigen Bildungsraten.<\/strong><\/p>\n<p>&nbsp;<\/p>\n<p>\u00c4thiopien hat jahrzehntelange politische Turbulenzen erlebt, und ist durch den Zustrom von Fl\u00fcchtlingen aus dem S\u00fcdsudan weiter unter Druck geraten. Etwa ein Drittel der Bev\u00f6lkerung lebt unterhalb der Armutsgrenze.\u00a0 Da die negativen Auswirkungen des Klimawandels die Landwirtschaft weiterhin bedrohen, k\u00f6nnte die Bev\u00f6lkerung, die unterhalb der Armutsgrenze lebt, steigen. Etwa die H\u00e4lfte aller Kinder, im Alter von f\u00fcnf bis 14 Jahren, arbeiten.<\/p>\n<p>&nbsp;<\/p>\n<p>Im Jahr 2020 f\u00fchrten politische und ethnische Spannungen zu heftigen, aber bis dato lokal begrenzten, Auseinandersetzungen in der Tigray Region. Zuvor hatte unter Premierminister und Friedensnobelpreistr\u00e4ger Abyi Ahmed ein weitreichender politische Wandel des Landes begonnen.<\/p>\n<p>&nbsp;<\/p>\n<p>Gl\u00fccklicherweise beschr\u00e4nken sich die momentanen gewaltsamen Konflikte auf die Region Tigray im Norden des Landes. Es ist aber zu bef\u00fcrchten, dass die politischen Spannungen zu indirekten negativen Effekten auch in denjenigen Regionen des Landes f\u00fchren, in denen sich unsere Epicenter befinden. Es ist darum wichtiger denn je die Menschen vor Ort zu unterst\u00fctzen.<\/p>\n<p>&nbsp;<\/p>\n<h2><strong>J\u00fcngste Erfolge<\/strong><\/h2>\n<p>&nbsp;<\/p>\n<p>THP Schweiz konnte in letzter Zeit in \u00c4thiopien einige Erfolgen erzielen.<\/p>\n<p>&nbsp;<\/p>\n<p>So konnte Ende 2018 das <strong>Jaldu-Epicenter<\/strong> seine Selbst\u00e4ndigkeit erreichen und dies auch offiziell 2019 erkl\u00e4rt werden. Damit erf\u00fcllt das Epicenter nun alle Voraussetzungen, um die Grundbed\u00fcrfnisse seiner Gemeinschaftsmitglieder selbst\u00e4ndig (und ohne Unterst\u00fctzung des Hunger Projekts) zu decken. Ende 2018 hatten 19\u2019055 Menschen aus 33 D\u00f6rfern Zugang zum Epicenter.<\/p>\n<p>&nbsp;<\/p>\n<p>Die Erreichte Punktzahl im Selbst\u00e4ndigkeitstest betrug 81.29 der erforderlichen 80 Punkte:<\/p>\n<p>&nbsp;<\/p>\n<ul>\n<li>100% der Kleinbauern verwenden verbesserte Praktiken bzgl. Management der Farm<\/li>\n<\/ul>\n<p>&nbsp;<\/p>\n<ul>\n<li>92% der Gemeinschaftsmitglieder haben Zugang zu Finanzdienstleistungen<\/li>\n<\/ul>\n<p>&nbsp;<\/p>\n<ul>\n<li>77% der Kinder besuchen die Schule regelm\u00e4ssig<\/li>\n<\/ul>\n<p>&nbsp;<\/p>\n<ul>\n<li>67% der Gemeinschaftsmitglieder benutzen zumindest eine einfache Trinkwasserquelle<\/li>\n<\/ul>\n<p>&nbsp;<\/p>\n<ul>\n<li>90% der Haushalte haben mindestens ein Haushaltsmitglied, das Lesen und Schreiben kann<\/li>\n<\/ul>\n<p>&nbsp;<\/p>\n<ul>\n<li>89% der Arbeiter und Arbeiterinnen konsultieren einen Arzt bei Krankheit<\/li>\n<\/ul>\n<p>&nbsp;<\/p>\n<ul>\n<li>Punktzahl bez\u00fcglich des Indikators zur St\u00e4rkung der Frauen: 57.68 von 100 m\u00f6glichen Punkten<\/li>\n<\/ul>\n<p>&nbsp;<\/p>\n<ul>\n<li>87% der Frauen erhalten Schwangerschaftsf\u00fcrsorge<\/li>\n<\/ul>\n<p>&nbsp;<\/p>\n<ul>\n<li>67% der Geburten werden von lizensiertem Pfegefachpersonal betreut<\/li>\n<\/ul>\n<p>&nbsp;<\/p>\n<ul>\n<li>42% der Frauen besitzen ein kleines Gesch\u00e4ft<\/li>\n<\/ul>\n<p>&nbsp;<\/p>\n<p>Zuvor konnte schon bereits Ende 2017 das <strong>Meskan-Epicenter<\/strong> seine Selbst\u00e4ndigkeit erkl\u00e4ren. Die Feierlichkeiten zu dessen Er\u00f6ffnung fanden Anfang 2018 statt.<\/p>\n<\/div>\n<\/div>\n<p>&nbsp;<\/p>\n<p><img fetchpriority=\"high\" decoding=\"async\" class=\"alignnone wp-image-594\" src=\"https:\/\/hungerprojekt.ch\/wp-content\/uploads\/2020\/11\/297889-300x200.jpg\" alt=\"\" width=\"521\" height=\"347\" srcset=\"https:\/\/hungerprojekt.ch\/wp-content\/uploads\/2020\/11\/297889-300x200.jpg 300w, https:\/\/hungerprojekt.ch\/wp-content\/uploads\/2020\/11\/297889-1024x681.jpg 1024w, https:\/\/hungerprojekt.ch\/wp-content\/uploads\/2020\/11\/297889-768x511.jpg 768w, https:\/\/hungerprojekt.ch\/wp-content\/uploads\/2020\/11\/297889-700x466.jpg 700w, https:\/\/hungerprojekt.ch\/wp-content\/uploads\/2020\/11\/297889.jpg 1400w\" sizes=\"(max-width: 521px) 100vw, 521px\" \/><\/p>\n<h2><\/h2>\n<p>&nbsp;<\/p>\n<h2>Factsheet<\/h2>\n<p>&nbsp;<\/p>\n<p><span style=\"text-decoration: underline;\"><a class=\"nplink\" href=\"\/wp-content\/uploads\/2020\/12\/factsheet_ethiopien.pdf\" target=\"_blank\" rel=\"noopener noreferrer\">Factsheet \u00c4thiopien<\/a><\/span><\/p>\n<p>&nbsp;<\/p>\n<p><img decoding=\"async\" class=\"alignnone wp-image-595\" src=\"https:\/\/hungerprojekt.ch\/wp-content\/uploads\/2020\/11\/297890-300x200.jpg\" alt=\"\" width=\"510\" height=\"340\" srcset=\"https:\/\/hungerprojekt.ch\/wp-content\/uploads\/2020\/11\/297890-300x200.jpg 300w, https:\/\/hungerprojekt.ch\/wp-content\/uploads\/2020\/11\/297890-1024x681.jpg 1024w, https:\/\/hungerprojekt.ch\/wp-content\/uploads\/2020\/11\/297890-768x511.jpg 768w, https:\/\/hungerprojekt.ch\/wp-content\/uploads\/2020\/11\/297890-700x466.jpg 700w, https:\/\/hungerprojekt.ch\/wp-content\/uploads\/2020\/11\/297890.jpg 1200w\" sizes=\"(max-width: 510px) 100vw, 510px\" \/><\/p>\n<p>&nbsp;<\/p>\n<div class=\"npobject\">\n<h2>Reisebericht<\/h2>\n<\/div>\n<p>&nbsp;<\/p>\n<p><span style=\"text-decoration: underline;\"><a href=\"\/wp-content\/uploads\/2020\/12\/mission_report_ethiopia_2019.pdf\" target=\"_blank\" rel=\"noopener noreferrer\">Reisebericht 2019 (EN)<\/a><\/span><\/p>\n<p>&nbsp;<\/p>\n<p><span style=\"text-decoration: underline;\"><a href=\"\/wp-content\/uploads\/2020\/12\/mission_report_ethiopia_mesqan.pdf\" target=\"_blank\" rel=\"noopener noreferrer\">Reisebericht 2017 (EN)<\/a><\/span><\/p>\n<p>&nbsp;<\/p>\n<p><img decoding=\"async\" class=\"alignnone wp-image-598\" src=\"https:\/\/hungerprojekt.ch\/wp-content\/uploads\/2020\/11\/297891-300x200.jpg\" alt=\"\" width=\"536\" height=\"357\" srcset=\"https:\/\/hungerprojekt.ch\/wp-content\/uploads\/2020\/11\/297891-300x200.jpg 300w, https:\/\/hungerprojekt.ch\/wp-content\/uploads\/2020\/11\/297891-1024x681.jpg 1024w, https:\/\/hungerprojekt.ch\/wp-content\/uploads\/2020\/11\/297891-768x511.jpg 768w, https:\/\/hungerprojekt.ch\/wp-content\/uploads\/2020\/11\/297891-700x466.jpg 700w, https:\/\/hungerprojekt.ch\/wp-content\/uploads\/2020\/11\/297891.jpg 1200w\" sizes=\"(max-width: 536px) 100vw, 536px\" \/><\/p>\n<p>&nbsp;<\/p>\n<div class=\"npobject\">\n<h2>Standorte in \u00c4thiopien<\/h2>\n<p>&nbsp;<\/p>\n<\/div>\n<p><img loading=\"lazy\" decoding=\"async\" class=\"alignnone wp-image-1155\" src=\"https:\/\/hungerprojekt.ch\/wp-content\/uploads\/2020\/11\/aethiopien-karte-233x300.jpg\" alt=\"\" width=\"406\" height=\"523\" srcset=\"https:\/\/hungerprojekt.ch\/wp-content\/uploads\/2020\/11\/aethiopien-karte-233x300.jpg 233w, https:\/\/hungerprojekt.ch\/wp-content\/uploads\/2020\/11\/aethiopien-karte.jpg 377w\" sizes=\"(max-width: 406px) 100vw, 406px\" \/>[\/vc_column_text][\/vc_column][vc_column width=&#8220;3\/12&#8243; offset=&#8220;vc_hidden-md vc_hidden-sm vc_hidden-xs&#8220;][\/vc_column][\/vc_row][vc_row css_animation=&#8220;&#8220; row_type=&#8220;row&#8220; use_row_as_full_screen_section=&#8220;no&#8220; type=&#8220;full_width&#8220; angled_section=&#8220;no&#8220; text_align=&#8220;center&#8220; background_image_as_pattern=&#8220;without_pattern&#8220; z_index=&#8220;&#8220; css=&#8220;.vc_custom_1602087442483{margin-top: 50px !important;background-color: #0011aa !important;}&#8220;][vc_column][vc_row_inner row_type=&#8220;row&#8220; type=&#8220;grid&#8220; text_align=&#8220;center&#8220; css_animation=&#8220;&#8220; css=&#8220;.vc_custom_1602082086628{padding-top: 50px !important;padding-bottom: 50px !important;}&#8220;][vc_column_inner width=&#8220;2\/3&#8243; css=&#8220;.vc_custom_1602075588363{padding-top: 10px !important;padding-bottom: 10px !important;}&#8220;]<div class=\"custom_font_holder\" style=\"font-family: Unna; font-size: 34px; line-height: 41px; font-style: normal; font-weight: 300; color: #ffffff; text-decoration: none; text-align: center;\">Empowerment &#8211; Investieren Sie in Menschen!<\/div>[\/vc_column_inner][vc_column_inner width=&#8220;1\/3&#8243; css=&#8220;.vc_custom_1602075582964{padding-top: 10px !important;padding-bottom: 10px !important;}&#8220;]<a  itemprop=\"url\" href=\"\/spenden\/\" target=\"_self\" data-hover-background-color='#ffffff' data-hover-border-color='#ffffff' data-hover-color='#0011aa' class=\"qbutton  small center default\" style=\"color: #ffffff; border-color: #ffffff; font-style: normal; font-weight: 700; font-family: Source Sans Pro; text-transform: uppercase; background-color: #0011aa;\">Jetzt spenden<\/a>[\/vc_column_inner][\/vc_row_inner][\/vc_column][\/vc_row]<\/p>\n<\/div>","protected":false},"excerpt":{"rendered":"<p>[vc_row css_animation=&#8220;&#8220; row_type=&#8220;row&#8220; use_row_as_full_screen_section=&#8220;no&#8220; type=&#8220;full_width&#8220; angled_section=&#8220;no&#8220; text_align=&#8220;center&#8220; background_image_as_pattern=&#8220;without_pattern&#8220; z_index=&#8220;&#8220; css=&#8220;.vc_custom_1604521825735{background-color: #ffffff !important;}&#8220;][vc_column][vc_row_inner row_type=&#8220;row&#8220; type=&#8220;full_width&#8220; text_align=&#8220;center&#8220; css_animation=&#8220;&#8220;][vc_column_inner offset=&#8220;vc_hidden-sm vc_hidden-xs&#8220; css=&#8220;.vc_custom_1604864757575{padding-top: 500px !important;background-image: url(https:\/\/hungerprojekt.ch\/wp-content\/uploads\/2020\/11\/297888.jpg?id=593) !important;background-position: center !important;background-repeat: no-repeat !important;background-size: cover !important;}&#8220;][\/vc_column_inner][\/vc_row_inner][vc_row_inner row_type=&#8220;row&#8220; type=&#8220;full_width&#8220; text_align=&#8220;center&#8220; css_animation=&#8220;&#8220;][vc_column_inner offset=&#8220;vc_hidden-lg vc_hidden-md&#8220; css=&#8220;.vc_custom_1604864766009{padding-top: 200px !important;background-image: url(https:\/\/hungerprojekt.ch\/wp-content\/uploads\/2020\/11\/297888.jpg?id=593) !important;background-position: center !important;background-repeat: no-repeat !important;background-size: cover&#8230;<\/p>\n","protected":false},"author":1,"featured_media":0,"parent":495,"menu_order":1,"comment_status":"closed","ping_status":"closed","template":"full_width.php","meta":{"inline_featured_image":false,"footnotes":""},"class_list":["post-589","page","type-page","status-publish","hentry"],"_links":{"self":[{"href":"https:\/\/hungerprojekt.ch\/de\/wp-json\/wp\/v2\/pages\/589","targetHints":{"allow":["GET"]}}],"collection":[{"href":"https:\/\/hungerprojekt.ch\/de\/wp-json\/wp\/v2\/pages"}],"about":[{"href":"https:\/\/hungerprojekt.ch\/de\/wp-json\/wp\/v2\/types\/page"}],"author":[{"embeddable":true,"href":"https:\/\/hungerprojekt.ch\/de\/wp-json\/wp\/v2\/users\/1"}],"replies":[{"embeddable":true,"href":"https:\/\/hungerprojekt.ch\/de\/wp-json\/wp\/v2\/comments?post=589"}],"version-history":[{"count":11,"href":"https:\/\/hungerprojekt.ch\/de\/wp-json\/wp\/v2\/pages\/589\/revisions"}],"predecessor-version":[{"id":2490,"href":"https:\/\/hungerprojekt.ch\/de\/wp-json\/wp\/v2\/pages\/589\/revisions\/2490"}],"up":[{"embeddable":true,"href":"https:\/\/hungerprojekt.ch\/de\/wp-json\/wp\/v2\/pages\/495"}],"wp:attachment":[{"href":"https:\/\/hungerprojekt.ch\/de\/wp-json\/wp\/v2\/media?parent=589"}],"curies":[{"name":"wp","href":"https:\/\/api.w.org\/{rel}","templated":true}]}}