{"id":5997,"date":"2025-11-17T11:41:25","date_gmt":"2025-11-17T10:41:25","guid":{"rendered":"https:\/\/hungerprojekt.ch\/?page_id=5997"},"modified":"2025-11-27T09:21:23","modified_gmt":"2025-11-27T08:21:23","slug":"guetzli-rezept","status":"publish","type":"page","link":"https:\/\/hungerprojekt.ch\/de\/guetzli-rezept\/","title":{"rendered":"Guetzli-Rezepte"},"content":{"rendered":"<div class=\"wpb-content-wrapper\"><p>[vc_row css_animation=&#8220;&#8220; row_type=&#8220;row&#8220; use_row_as_full_screen_section=&#8220;yes&#8220; type=&#8220;full_width&#8220; angled_section=&#8220;no&#8220; text_align=&#8220;center&#8220; background_image_as_pattern=&#8220;without_pattern&#8220; z_index=&#8220;&#8220; el_class=&#8220;custom-header { min-height: 600px; }&#8220; padding_top=&#8220;150&#8243; padding_bottom=&#8220;150&#8243; css=&#8220;.vc_custom_1763375746943{background-image: url(https:\/\/hungerprojekt.ch\/wp-content\/uploads\/2025\/11\/Guetzli-aus-aller-Welt-Backen-wir-es-an-1-scaled.jpg?id=6006) !important;background-position: center !important;background-repeat: no-repeat !important;background-size: cover !important;}&#8220;][vc_column css=&#8220;.vc_custom_1757588922464{background-position: center !important;background-repeat: no-repeat !important;background-size: cover !important;border-radius: 35px !important;}&#8220; el_class=&#8220;custom-header { min-height: 600px; }&#8220;][vc_row_inner row_type=&#8220;row&#8220; type=&#8220;full_width&#8220; text_align=&#8220;left&#8220; css_animation=&#8220;&#8220;][vc_column_inner][vc_column_text][\/vc_column_text][\/vc_column_inner][\/vc_row_inner][\/vc_column][\/vc_row][vc_row css_animation=&#8220;&#8220; row_type=&#8220;row&#8220; use_row_as_full_screen_section=&#8220;no&#8220; type=&#8220;full_width&#8220; angled_section=&#8220;no&#8220; text_align=&#8220;left&#8220; background_image_as_pattern=&#8220;without_pattern&#8220;][vc_column][vc_column_text css=&#8220;.vc_custom_1764231680728{padding-top: 20px !important;}&#8220;]<\/p>\n<h1>Eine Welt ohne Hunger \u2013 Backen wir es an!<\/h1>\n<p>M\u00f6chten Sie dieses Jahr ein bisschen\u00a0<strong>Abwechslung auf dem Guetzli-Teller?<\/strong> Dann bietet Ihnen unser Backbuch &#8222;Eine Welt ohne Hunger \u2013 Backen wir es an&#8220; die passenden <strong>Rezepte<\/strong>.<\/p>\n<p>Statt Zimtsterne und Vanillekipferl finden Sie in dem sch\u00f6n gestalteten,\u00a0<strong>kostenlosen Rezeptbuch <\/strong>Le petit Caillou, Achomo und viele weitere Rezepte von Menschen aus unseren Programml\u00e4ndern. Passend zum jeweiligen Rezept erfahren Sie auch mehr \u00fcber unser Arbeit im Land: Hintergr\u00fcnde, pers\u00f6nliche Geschichten sowie kleine und grosse <strong>Erfolge<\/strong>.[\/vc_column_text][\/vc_column][\/vc_row][vc_row css_animation=&#8220;&#8220; row_type=&#8220;row&#8220; use_row_as_full_screen_section=&#8220;no&#8220; type=&#8220;full_width&#8220; angled_section=&#8220;no&#8220; text_align=&#8220;left&#8220; background_image_as_pattern=&#8220;without_pattern&#8220; css=&#8220;.vc_custom_1763375895422{margin-top: 10px !important;}&#8220; z_index=&#8220;&#8220;][vc_column parallax=&#8220;content-moving&#8220; css_animation=&#8220;slideInLeft&#8220; width=&#8220;1\/2&#8243; el_class=&#8220;mein-rahmen&#8220; css=&#8220;.vc_custom_1757062742149{padding-right: 2px !important;padding-left: 7px !important;}&#8220;][vc_single_image image=&#8220;6015&#8243; img_size=&#8220;full&#8220; alignment=&#8220;center&#8220; css=&#8220;&#8220; qode_css_animation=&#8220;&#8220;][\/vc_column][vc_column width=&#8220;1\/2&#8243; css=&#8220;.vc_custom_1763563320540{margin-top: 30px !important;}&#8220;]<a  itemprop=\"url\" href=\"https:\/\/hungerprojekt.ch\/wp-content\/uploads\/2025\/11\/CH-Das-Hunger-Projekt-Weihnachtsbackbuch.pdf\" target=\"_self\"  class=\"qbutton  medium center default\" style=\"margin: 5px; border-radius: 10px;-moz-border-radius: 10px;-webkit-border-radius: 10px; \">Hier geht's zum Rezeptbuch<i class=\"qode_icon_font_awesome fa fa-arrow-circle-o-right qode_button_icon_element\" style=\"color: #ffffff;\" ><\/i><\/a>[vc_row_inner row_type=&#8220;row&#8220; type=&#8220;full_width&#8220; text_align=&#8220;left&#8220; css_animation=&#8220;&#8220;][vc_column_inner][vc_single_image image=&#8220;6021&#8243; img_size=&#8220;large&#8220; css=&#8220;&#8220; qode_css_animation=&#8220;&#8220;][\/vc_column_inner][\/vc_row_inner][\/vc_column][\/vc_row][vc_row css_animation=&#8220;&#8220; row_type=&#8220;row&#8220; use_row_as_full_screen_section=&#8220;no&#8220; type=&#8220;full_width&#8220; angled_section=&#8220;no&#8220; text_align=&#8220;left&#8220; background_image_as_pattern=&#8220;without_pattern&#8220;][vc_column][vc_column_text css=&#8220;.vc_custom_1764150292777{padding-top: 10px !important;padding-right: 10px !important;padding-bottom: 10px !important;padding-left: 10px !important;background-color: #0000AA !important;}&#8220;]<\/p>\n<div>\n<h5 style=\"text-align: center;\"><strong><span style=\"color: #ffffff;\">Gemeinsam erm\u00f6glichen wir Menschen\u00a0 in Afrika, S\u00fcdostasien und Lateinamerika, ihre Lebensbedingungen aus eigener Kraft zu verbessern. Vielen Dank f\u00fcr Ihre Unterst\u00fctzung!<\/span><\/strong><\/h5>\n<\/div>\n<p>[\/vc_column_text][\/vc_column][\/vc_row]<\/p>\n<\/div>","protected":false},"excerpt":{"rendered":"<p>[vc_row css_animation=&#8220;&#8220; row_type=&#8220;row&#8220; use_row_as_full_screen_section=&#8220;yes&#8220; type=&#8220;full_width&#8220; angled_section=&#8220;no&#8220; text_align=&#8220;center&#8220; background_image_as_pattern=&#8220;without_pattern&#8220; z_index=&#8220;&#8220; el_class=&#8220;custom-header { min-height: 600px; }&#8220; padding_top=&#8220;150&#8243; padding_bottom=&#8220;150&#8243; css=&#8220;.vc_custom_1763375746943{background-image: url(https:\/\/hungerprojekt.ch\/wp-content\/uploads\/2025\/11\/Guetzli-aus-aller-Welt-Backen-wir-es-an-1-scaled.jpg?id=6006) !important;background-position: center !important;background-repeat: no-repeat !important;background-size: cover !important;}&#8220;][vc_column css=&#8220;.vc_custom_1757588922464{background-position: center !important;background-repeat: no-repeat !important;background-size: cover !important;border-radius: 35px !important;}&#8220; el_class=&#8220;custom-header { min-height: 600px; }&#8220;][vc_row_inner row_type=&#8220;row&#8220; type=&#8220;full_width&#8220; text_align=&#8220;left&#8220; css_animation=&#8220;&#8220;][vc_column_inner][vc_column_text][\/vc_column_text][\/vc_column_inner][\/vc_row_inner][\/vc_column][\/vc_row][vc_row css_animation=&#8220;&#8220; row_type=&#8220;row&#8220;&#8230;<\/p>\n","protected":false},"author":3,"featured_media":0,"parent":0,"menu_order":0,"comment_status":"closed","ping_status":"closed","template":"","meta":{"inline_featured_image":false,"footnotes":""},"class_list":["post-5997","page","type-page","status-publish","hentry"],"_links":{"self":[{"href":"https:\/\/hungerprojekt.ch\/de\/wp-json\/wp\/v2\/pages\/5997","targetHints":{"allow":["GET"]}}],"collection":[{"href":"https:\/\/hungerprojekt.ch\/de\/wp-json\/wp\/v2\/pages"}],"about":[{"href":"https:\/\/hungerprojekt.ch\/de\/wp-json\/wp\/v2\/types\/page"}],"author":[{"embeddable":true,"href":"https:\/\/hungerprojekt.ch\/de\/wp-json\/wp\/v2\/users\/3"}],"replies":[{"embeddable":true,"href":"https:\/\/hungerprojekt.ch\/de\/wp-json\/wp\/v2\/comments?post=5997"}],"version-history":[{"count":18,"href":"https:\/\/hungerprojekt.ch\/de\/wp-json\/wp\/v2\/pages\/5997\/revisions"}],"predecessor-version":[{"id":6013,"href":"https:\/\/hungerprojekt.ch\/de\/wp-json\/wp\/v2\/pages\/5997\/revisions\/6013"}],"wp:attachment":[{"href":"https:\/\/hungerprojekt.ch\/de\/wp-json\/wp\/v2\/media?parent=5997"}],"curies":[{"name":"wp","href":"https:\/\/api.w.org\/{rel}","templated":true}]}}