{"id":614,"date":"2020-11-08T21:56:20","date_gmt":"2020-11-08T20:56:20","guid":{"rendered":"https:\/\/hungerprojekt.ch\/?page_id=614"},"modified":"2020-12-12T13:23:15","modified_gmt":"2020-12-12T12:23:15","slug":"ghana","status":"publish","type":"page","link":"https:\/\/hungerprojekt.ch\/de\/wer-wir-sind\/thp-schweiz-programmlaender\/ghana\/","title":{"rendered":"Ghana"},"content":{"rendered":"<div class=\"wpb-content-wrapper\"><p>[vc_row css_animation=&#8220;&#8220; row_type=&#8220;row&#8220; use_row_as_full_screen_section=&#8220;no&#8220; type=&#8220;full_width&#8220; angled_section=&#8220;no&#8220; text_align=&#8220;center&#8220; background_image_as_pattern=&#8220;without_pattern&#8220; z_index=&#8220;&#8220; css=&#8220;.vc_custom_1604521825735{background-color: #ffffff !important;}&#8220;][vc_column][vc_row_inner row_type=&#8220;row&#8220; type=&#8220;full_width&#8220; text_align=&#8220;center&#8220; css_animation=&#8220;&#8220;][vc_column_inner offset=&#8220;vc_hidden-sm vc_hidden-xs&#8220; css=&#8220;.vc_custom_1604868951570{padding-top: 500px !important;background-image: url(https:\/\/hungerprojekt.ch\/wp-content\/uploads\/2020\/11\/297854.jpg?id=615) !important;background-position: center !important;background-repeat: no-repeat !important;background-size: cover !important;}&#8220;][\/vc_column_inner][\/vc_row_inner][vc_row_inner row_type=&#8220;row&#8220; type=&#8220;full_width&#8220; text_align=&#8220;center&#8220; css_animation=&#8220;&#8220;][vc_column_inner offset=&#8220;vc_hidden-lg vc_hidden-md&#8220; css=&#8220;.vc_custom_1604868957972{padding-top: 200px !important;background-image: url(https:\/\/hungerprojekt.ch\/wp-content\/uploads\/2020\/11\/297854.jpg?id=615) !important;background-position: center !important;background-repeat: no-repeat !important;background-size: cover !important;}&#8220;][\/vc_column_inner][\/vc_row_inner][\/vc_column][\/vc_row][vc_row css_animation=&#8220;&#8220; row_type=&#8220;row&#8220; use_row_as_full_screen_section=&#8220;no&#8220; type=&#8220;grid&#8220; angled_section=&#8220;no&#8220; text_align=&#8220;left&#8220; background_image_as_pattern=&#8220;without_pattern&#8220; z_index=&#8220;&#8220;][vc_column width=&#8220;9\/12&#8243; offset=&#8220;vc_hidden-sm vc_hidden-xs&#8220;][vc_column_text css=&#8220;.vc_custom_1606232674886{margin-top: -100px !important;padding-top: 30px !important;padding-right: 40px !important;padding-left: 40px !important;background-color: #ffffff !important;}&#8220;]<\/p>\n<h6 style=\"text-align: left;\"><a href=\"http:\/\/hungerprojekt.ch\">Home<\/a> &gt; <a href=\"\/wer-wir-sind\/\">Wer wir sind<\/a> &gt; <a href=\"\/thp-programme\/thp-schweiz-programmlaender\/\">THP Schweiz<\/a> &gt; <a href=\"\/thp-programme\/thp-schweiz-programmlaender\/ghana\/\" target=\"_blank\" rel=\"noopener noreferrer\">Ghana<\/a><\/h6>\n<p>[\/vc_column_text][vc_empty_space height=&#8220;20&#8243; css=&#8220;.vc_custom_1604579018353{background-color: #ffffff !important;}&#8220;][vc_column_text css=&#8220;.vc_custom_1607684357300{padding-right: 40px !important;padding-left: 40px !important;background-color: #ffffff !important;}&#8220;]<\/p>\n<div class=\"et_pb_module et_pb_text et_pb_text_0 et_pb_text_align_center et_pb_bg_layout_light\">\n<div class=\"et_pb_text_inner\">\n<h1><strong>Ghana<\/strong><\/h1>\n<p>&nbsp;<\/p>\n<p><strong>In Ghana, einem der am weitesten entwickelten L\u00e4nder Westafrikas, haben weniger als die H\u00e4lfte aller Frauen eine Sekundarausbildung erhalten und fast ein Drittel der Bev\u00f6lkerung lebt von weniger als 1,25 Dollar pro Tag.<\/strong><\/p>\n<p>&nbsp;<\/p>\n<p>Die Hauptstadt von Ghana, Accra, ist eine der reichsten und modernsten St\u00e4dte des Kontinents und erlebt derzeit eine Zeit des schnellen Wachstums und der Urbanisierung. Das Einkommen wuchs in den letzten 15 Jahren im Durchschnitt um j\u00e4hrlich 4% pro Kopf. Dies war die Folge von hohen Rohstoffpreisen, guten Handelsbedingungen, makro\u00f6konomischer Stabilit\u00e4t sowie strukturellen Reformen.<\/p>\n<p>&nbsp;<\/p>\n<p>Obwohl das BIP des Landes mit der \u00d6lf\u00f6rderung, dem Goldbergbau und anderen Industrien weiter steigt, ist der gr\u00f6\u00dfte Teil dieses Reichtums aufgrund der hohen Korruption nicht unter der Bev\u00f6lkerung verteilt. Die meisten Armen in Ghana leben in l\u00e4ndlichen Gebieten ohne Grundversorgung wie Gesundheitsversorgung und sauberes Wasser. Kleinbauern, die in Ghana am st\u00e4rksten von l\u00e4ndlicher Armut betroffen sind, sind auf veraltete landwirtschaftliche Werkzeuge angewiesen und haben keinen Zugang zu verbessertem Saatgut und D\u00fcngemitteln, um die Ernteertr\u00e4ge zu steigern.<\/p>\n<p>&nbsp;<\/p>\n<p>Ghana (angrenzend an die Elfenbeink\u00fcste, Burkina Faso und Togo) war 1957 das erste Kolonialland in Subsahara-Afrika, das seine Unabh\u00e4ngigkeit erlangte. Nach einer Zeit der Turbulenzen mit mehreren Milit\u00e4rputschen wurde in den 1990er Jahren eine stabile Demokratie aufgebaut, die bis heute Bestand hat.<\/p>\n<p>&nbsp;<\/p>\n<h2><strong>J\u00fcngste Erfolge<\/strong><\/h2>\n<p>&nbsp;<\/p>\n<p>Ghana wird schon seit langem von THP Schweiz unterst\u00fctzt. In letzter Zeit konnten dabei folgende Erfolge eingefahren werden:<\/p>\n<p>&nbsp;<\/p>\n<p>Im Jahr 2019 haben zwei Epicenters in Ghana, <strong>Agyapomaa und Ponponya<\/strong>, die das Hunger Projekt Schweiz unterst\u00fctzt hat, die Selbstst\u00e4ndigkeit erreicht und sind nun eigenst\u00e4ndig. Damit konnten insgesamt 9&#8217;383 Menschen in 17 Gemeinden erreicht werden. Das Hungerprojekt Schweiz konnte 2019 insgesamt mit 156&#8217;547 CHF zu diesem Erfolg beitragen.<\/p>\n<p>&nbsp;<\/p>\n<p>Das Agyapomaa-Epicenter erreicht aktuell 84.64 Punkte der erforderlichen 80 Punkte im Selbst\u00e4ndigkeitstest. Das Epicenter weist folgende bemerkenswerte Resultate auf:<\/p>\n<p>&nbsp;<\/p>\n<ul>\n<li>keine Mitglieder der Epicenter-Gemeinschaft leiden unter schwerem Hunger<\/li>\n<\/ul>\n<p>&nbsp;<\/p>\n<ul>\n<li>84% der Gemeinschaftsmitglieder sind \u00fcberzeugt, dass Frauen und M\u00e4nner eine gemeinsame Verantwortung tragen bei Entscheiden des Haushalts<\/li>\n<\/ul>\n<p>&nbsp;<\/p>\n<ul>\n<li>80% der Haushalte benutzen verbesserte Sanit\u00e4ranlagen<\/li>\n<\/ul>\n<p>&nbsp;<\/p>\n<ul>\n<li>94% der Kinder in schulf\u00e4higem Alter besuchen eine Schule<\/li>\n<\/ul>\n<p>&nbsp;<\/p>\n<ul>\n<li>77% der Kinder schlafen unter einem Moskitonetz<\/li>\n<\/ul>\n<p>&nbsp;<\/p>\n<ul>\n<li>Punktzahl bez\u00fcglich des Indikators zur St\u00e4rkung der Frauen (Women Empowerment Index = WEI): 74.92 von 100 m\u00f6glichen Punkten<\/li>\n<\/ul>\n<p>&nbsp;<\/p>\n<p>Das Ponponya-Epicenter erreicht 81.7 Punkte der erforderlichen 80 Punkte im Selbst\u00e4ndigkeitstest. Das Epicenter weist folgende Resultate auf:<\/p>\n<p>&nbsp;<\/p>\n<ul>\n<li>Mobilisierung der Gemeinschaft:\n<ul>\n<li>81% der Mitglieder der Epicentergemeinschaft sch\u00e4tzen sich selbst als f\u00e4hig ein, ihre Gemeinschaft ver\u00e4ndern zu k\u00f6nnen<\/li>\n<li>84% der Mitglieder haben an den letzten Wahlen teilgenommen<\/li>\n<\/ul>\n<\/li>\n<\/ul>\n<p>&nbsp;<\/p>\n<ul>\n<li>keine Mitglieder der Epicenter-Gemeinschaft leiden unter schwerem Hunger<\/li>\n<\/ul>\n<p>&nbsp;<\/p>\n<ul>\n<li>alle Kleinbauern wenden verbesserte Landwirtschaftspraktiken an<\/li>\n<\/ul>\n<p>&nbsp;<\/p>\n<ul>\n<li>91% der Kinder besuchen regelm\u00e4ssig die Schule<\/li>\n<\/ul>\n<p>&nbsp;<\/p>\n<ul>\n<li>31% der Frauen besitzen ein kleines Gesch\u00e4ft<\/li>\n<\/ul>\n<p>&nbsp;<\/p>\n<ul>\n<li>die Anzahl der Kinder unter 5 Jahren mit Durchfallerkrankungen ist um 48% gesunken<\/li>\n<\/ul>\n<p>&nbsp;<\/p>\n<ul>\n<li>Punktzahl bez\u00fcglich des Indikators zur St\u00e4rkung der Frauen (Women Empowerment Index = WIE): 78.48 von 100 m\u00f6glichen Punkten<\/li>\n<\/ul>\n<p>&nbsp;<\/p>\n<\/div>\n<\/div>\n<h2>Factsheet<\/h2>\n<p>&nbsp;<\/p>\n<p><span style=\"text-decoration: underline;\"><a class=\"nplink\" href=\"\/wp-content\/uploads\/2020\/12\/factsheet_ghana_de.pdf\" target=\"_blank\" rel=\"noopener noreferrer\">Factsheet Ghana<\/a><\/span><\/p>\n<p>&nbsp;<\/p>\n<p><img fetchpriority=\"high\" decoding=\"async\" class=\"alignnone wp-image-619\" src=\"https:\/\/hungerprojekt.ch\/wp-content\/uploads\/2020\/11\/297856-300x225.jpg\" alt=\"\" width=\"647\" height=\"485\" srcset=\"https:\/\/hungerprojekt.ch\/wp-content\/uploads\/2020\/11\/297856-300x225.jpg 300w, https:\/\/hungerprojekt.ch\/wp-content\/uploads\/2020\/11\/297856-1024x768.jpg 1024w, https:\/\/hungerprojekt.ch\/wp-content\/uploads\/2020\/11\/297856-768x576.jpg 768w, https:\/\/hungerprojekt.ch\/wp-content\/uploads\/2020\/11\/297856-800x600.jpg 800w, https:\/\/hungerprojekt.ch\/wp-content\/uploads\/2020\/11\/297856-700x525.jpg 700w, https:\/\/hungerprojekt.ch\/wp-content\/uploads\/2020\/11\/297856.jpg 1200w\" sizes=\"(max-width: 647px) 100vw, 647px\" \/><\/p>\n<p>&nbsp;<\/p>\n<h2>Reisebericht<\/h2>\n<p>&nbsp;<\/p>\n<p><span style=\"text-decoration: underline;\"><a href=\"\/wp-content\/uploads\/2020\/12\/mission_report_ghana-1.pdf\" target=\"_blank\" rel=\"noopener noreferrer\">Mission Report Ghana 2016<\/a><\/span><\/p>\n<p>&nbsp;<\/p>\n<p><img decoding=\"async\" class=\"alignnone wp-image-621\" src=\"https:\/\/hungerprojekt.ch\/wp-content\/uploads\/2020\/11\/297857-300x225.jpg\" alt=\"\" width=\"467\" height=\"350\" srcset=\"https:\/\/hungerprojekt.ch\/wp-content\/uploads\/2020\/11\/297857-300x225.jpg 300w, https:\/\/hungerprojekt.ch\/wp-content\/uploads\/2020\/11\/297857-1024x768.jpg 1024w, https:\/\/hungerprojekt.ch\/wp-content\/uploads\/2020\/11\/297857-768x576.jpg 768w, https:\/\/hungerprojekt.ch\/wp-content\/uploads\/2020\/11\/297857-800x600.jpg 800w, https:\/\/hungerprojekt.ch\/wp-content\/uploads\/2020\/11\/297857-700x525.jpg 700w, https:\/\/hungerprojekt.ch\/wp-content\/uploads\/2020\/11\/297857.jpg 1200w\" sizes=\"(max-width: 467px) 100vw, 467px\" \/><\/p>\n<p>&nbsp;<\/p>\n<p>&nbsp;<\/p>\n<div class=\"npobject\">\n<h2>Standorte in Ghana<\/h2>\n<\/div>\n<p>&nbsp;<\/p>\n<p><img decoding=\"async\" class=\"alignnone wp-image-1164\" src=\"https:\/\/hungerprojekt.ch\/wp-content\/uploads\/2020\/11\/ghana-karte-300x228.jpg\" alt=\"\" width=\"577\" height=\"439\" srcset=\"https:\/\/hungerprojekt.ch\/wp-content\/uploads\/2020\/11\/ghana-karte-300x228.jpg 300w, https:\/\/hungerprojekt.ch\/wp-content\/uploads\/2020\/11\/ghana-karte.jpg 499w\" sizes=\"(max-width: 577px) 100vw, 577px\" \/>[\/vc_column_text][\/vc_column][vc_column width=&#8220;3\/12&#8243; offset=&#8220;vc_hidden-md vc_hidden-sm vc_hidden-xs&#8220;][vc_column_text css=&#8220;.vc_custom_1606234135971{margin-top: 100px !important;margin-right: 1px !important;margin-left: 41px !important;padding-top: 20px !important;padding-bottom: 20px !important;padding-left: 20px !important;background-color: #0000aa !important;}&#8220;]<\/p>\n<h5 style=\"text-align: left;\"><a href=\"\/wer-wir-sind\/\"><strong>WER WIR SIND<\/strong><\/a><\/h5>\n<h5 style=\"text-align: left;\"><a href=\"\/wer-wir-sind\/vision\/\">Vision und Mission<\/a><\/h5>\n<h5 style=\"text-align: left;\"><a href=\"\/wer-wir-sind\/organisation\/\">Organisation<\/a><\/h5>\n<h5 style=\"text-align: left;\"><a href=\"\/wer-wir-sind\/thp-in-der-welt\/\">THP in der Welt<\/a><\/h5>\n<h5 style=\"text-align: left;\">\u00a0 \u00a0 \u00a0 <a href=\"\/wer-wir-sind\/thp-in-der-welt\/programmlaender\/\">&#8211; Programml\u00e4nder<\/a><\/h5>\n<h5 style=\"text-align: left;\">\u00a0 \u00a0 \u00a0 <a href=\"\/wer-wir-sind\/thp-in-der-welt\/partnerlaender\/\">&#8211; Partnerl\u00e4nder<\/a><\/h5>\n<h5 style=\"text-align: left;\"><a href=\"\/thp-programme\/thp-schweiz-programmlaender\/\">THP Schweiz<\/a><\/h5>\n<h5><a href=\"\/thp-programme\/thp-schweiz-programmlaender\/aethiopien\/\">\u00a0 \u00a0 \u00a0 &#8211; \u00c4thiopien<\/a><\/h5>\n<h5><a href=\"\/thp-programme\/thp-schweiz-programmlaender\/burkina-faso\/\">\u00a0 \u00a0 \u00a0 &#8211; Burkina Faso<\/a><\/h5>\n<h5><span style=\"color: #ffd214;\"><a style=\"color: #ffd214;\" href=\"\/thp-programme\/thp-schweiz-programmlaender\/ghana\/\">\u00a0 \u00a0 \u00a0 &#8211; Ghana<\/a><\/span><\/h5>\n<h5><a href=\"\/thp-programme\/thp-schweiz-programmlaender\/mosambik\/\">\u00a0 \u00a0 \u00a0 &#8211; Mosambik<\/a><\/h5>\n<h5><a href=\"\/thp-programme\/thp-schweiz-programmlaender\/indien\/\">\u00a0 \u00a0 \u00a0 &#8211; Indien<\/a><\/h5>\n<h5 style=\"text-align: left;\"><a href=\"\/wer-wir-sind\/jahresberichte\/\">Jahresberichte<\/a><\/h5>\n<h5 style=\"text-align: left;\"><a href=\"\/wer-wir-sind\/zewo-zertifizierung\/\">ZEWO Zertifizierung<\/a><\/h5>\n<h5 style=\"text-align: left;\"><a href=\"\/wer-wir-sind\/videos-und-flyer\/\">Flyer und Videos<\/a><\/h5>\n<p>[\/vc_column_text][\/vc_column][\/vc_row][vc_row css_animation=&#8220;&#8220; row_type=&#8220;row&#8220; use_row_as_full_screen_section=&#8220;no&#8220; type=&#8220;grid&#8220; angled_section=&#8220;no&#8220; text_align=&#8220;left&#8220; background_image_as_pattern=&#8220;without_pattern&#8220; z_index=&#8220;&#8220;][vc_column width=&#8220;9\/12&#8243; offset=&#8220;vc_hidden-lg vc_hidden-md&#8220;][vc_column_text css=&#8220;.vc_custom_1606232697849{padding-top: 30px !important;background-color: #ffffff !important;}&#8220;]<\/p>\n<h6 style=\"text-align: left;\"><a href=\"http:\/\/hungerprojekt.ch\">Home<\/a> &gt; <a href=\"\/wer-wir-sind\/\">Wer wir sind<\/a> &gt; <a href=\"\/thp-programme\/thp-schweiz-programmlaender\/\">THP Schweiz<\/a> &gt; <a href=\"\/thp-programme\/thp-schweiz-programmlaender\/ghana\/\" target=\"_blank\" rel=\"noopener noreferrer\">Ghana<\/a><\/h6>\n<p>[\/vc_column_text][vc_empty_space height=&#8220;20&#8243; css=&#8220;.vc_custom_1604579018353{background-color: #ffffff !important;}&#8220;][vc_column_text css=&#8220;.vc_custom_1607684370506{background-color: #ffffff !important;}&#8220;]<\/p>\n<div class=\"et_pb_module et_pb_text et_pb_text_0 et_pb_text_align_center et_pb_bg_layout_light\">\n<div class=\"et_pb_text_inner\">\n<h1><strong>Ghana<\/strong><\/h1>\n<p>&nbsp;<\/p>\n<p><strong>In Ghana, einem der am weitesten entwickelten L\u00e4nder Westafrikas, haben weniger als die H\u00e4lfte aller Frauen eine Sekundarausbildung erhalten und fast ein Drittel der Bev\u00f6lkerung lebt von weniger als 1,25 Dollar pro Tag.<\/strong><\/p>\n<p>&nbsp;<\/p>\n<p>Die Hauptstadt von Ghana, Accra, ist eine der reichsten und modernsten St\u00e4dte des Kontinents und erlebt derzeit eine Zeit des schnellen Wachstums und der Urbanisierung. Das Einkommen wuchs in den letzten 15 Jahren im Durchschnitt um j\u00e4hrlich 4% pro Kopf. Dies war die Folge von hohen Rohstoffpreisen, guten Handelsbedingungen, makro\u00f6konomischer Stabilit\u00e4t sowie strukturellen Reformen.<\/p>\n<p>&nbsp;<\/p>\n<p>Obwohl das BIP des Landes mit der \u00d6lf\u00f6rderung, dem Goldbergbau und anderen Industrien weiter steigt, ist der gr\u00f6\u00dfte Teil dieses Reichtums aufgrund der hohen Korruption nicht unter der Bev\u00f6lkerung verteilt. Die meisten Armen in Ghana leben in l\u00e4ndlichen Gebieten ohne Grundversorgung wie Gesundheitsversorgung und sauberes Wasser. Kleinbauern, die in Ghana am st\u00e4rksten von l\u00e4ndlicher Armut betroffen sind, sind auf veraltete landwirtschaftliche Werkzeuge angewiesen und haben keinen Zugang zu verbessertem Saatgut und D\u00fcngemitteln, um die Ernteertr\u00e4ge zu steigern.<\/p>\n<p>&nbsp;<\/p>\n<p>Ghana (angrenzend an die Elfenbeink\u00fcste, Burkina Faso und Togo) war 1957 das erste Kolonialland in Subsahara-Afrika, das seine Unabh\u00e4ngigkeit erlangte. Nach einer Zeit der Turbulenzen mit mehreren Milit\u00e4rputschen wurde in den 1990er Jahren eine stabile Demokratie aufgebaut, die bis heute Bestand hat.<\/p>\n<p>&nbsp;<\/p>\n<h2><strong>J\u00fcngste Erfolge<\/strong><\/h2>\n<p>&nbsp;<\/p>\n<p>Ghana wird schon seit langem von THP Schweiz unterst\u00fctzt. In letzter Zeit konnten dabei folgende Erfolge eingefahren werden:<\/p>\n<p>&nbsp;<\/p>\n<p>Im Jahr 2019 haben zwei Epicenters in Ghana, <strong>Agyapomaa und Ponponya<\/strong>, die das Hunger Projekt Schweiz unterst\u00fctzt hat, die Selbstst\u00e4ndigkeit erreicht und sind nun eigenst\u00e4ndig. Damit konnten insgesamt 9&#8217;383 Menschen in 17 Gemeinden erreicht werden. Das Hungerprojekt Schweiz konnte 2019 insgesamt mit 156&#8217;547 CHF zu diesem Erfolg beitragen.<\/p>\n<p>&nbsp;<\/p>\n<p>Das Agyapomaa-Epicenter erreicht aktuell 84.64 Punkte der erforderlichen 80 Punkte im Selbst\u00e4ndigkeitstest. Das Epicenter weist folgende bemerkenswerte Resultate auf:<\/p>\n<p>&nbsp;<\/p>\n<ul>\n<li>keine Mitglieder der Epicenter-Gemeinschaft leiden unter schwerem Hunger<\/li>\n<\/ul>\n<p>&nbsp;<\/p>\n<ul>\n<li>84% der Gemeinschaftsmitglieder sind \u00fcberzeugt, dass Frauen und M\u00e4nner eine gemeinsame Verantwortung tragen bei Entscheiden des Haushalts<\/li>\n<\/ul>\n<p>&nbsp;<\/p>\n<ul>\n<li>80% der Haushalte benutzen verbesserte Sanit\u00e4ranlagen<\/li>\n<\/ul>\n<p>&nbsp;<\/p>\n<ul>\n<li>94% der Kinder in schulf\u00e4higem Alter besuchen eine Schule<\/li>\n<\/ul>\n<p>&nbsp;<\/p>\n<ul>\n<li>77% der Kinder schlafen unter einem Moskitonetz<\/li>\n<\/ul>\n<p>&nbsp;<\/p>\n<ul>\n<li>Punktzahl bez\u00fcglich des Indikators zur St\u00e4rkung der Frauen (Women Empowerment Index = WEI): 74.92 von 100 m\u00f6glichen Punkten<\/li>\n<\/ul>\n<p>&nbsp;<\/p>\n<p>Das Ponponya-Epicenter erreicht 81.7 Punkte der erforderlichen 80 Punkte im Selbst\u00e4ndigkeitstest. Das Epicenter weist folgende Resultate auf:<\/p>\n<p>&nbsp;<\/p>\n<ul>\n<li>Mobilisierung der Gemeinschaft:\n<ul>\n<li>81% der Mitglieder der Epicentergemeinschaft sch\u00e4tzen sich selbst als f\u00e4hig ein, ihre Gemeinschaft ver\u00e4ndern zu k\u00f6nnen<\/li>\n<li>84% der Mitglieder haben an den letzten Wahlen teilgenommen<\/li>\n<\/ul>\n<\/li>\n<\/ul>\n<p>&nbsp;<\/p>\n<ul>\n<li>keine Mitglieder der Epicenter-Gemeinschaft leiden unter schwerem Hunger<\/li>\n<\/ul>\n<p>&nbsp;<\/p>\n<ul>\n<li>alle Kleinbauern wenden verbesserte Landwirtschaftspraktiken an<\/li>\n<\/ul>\n<p>&nbsp;<\/p>\n<ul>\n<li>91% der Kinder besuchen regelm\u00e4ssig die Schule<\/li>\n<\/ul>\n<p>&nbsp;<\/p>\n<ul>\n<li>31% der Frauen besitzen ein kleines Gesch\u00e4ft<\/li>\n<\/ul>\n<p>&nbsp;<\/p>\n<ul>\n<li>die Anzahl der Kinder unter 5 Jahren mit Durchfallerkrankungen ist um 48% gesunken<\/li>\n<\/ul>\n<p>&nbsp;<\/p>\n<ul>\n<li>Punktzahl bez\u00fcglich des Indikators zur St\u00e4rkung der Frauen (Women Empowerment Index = WIE): 78.48 von 100 m\u00f6glichen Punkten<\/li>\n<\/ul>\n<p>&nbsp;<\/p>\n<\/div>\n<\/div>\n<h2>Factsheet<\/h2>\n<p>&nbsp;<\/p>\n<p><span style=\"text-decoration: underline;\"><a class=\"nplink\" href=\"\/wp-content\/uploads\/2020\/12\/factsheet_ghana_de.pdf\" target=\"_blank\" rel=\"noopener noreferrer\">Factsheet Ghana<\/a><\/span><\/p>\n<p>&nbsp;<\/p>\n<p><img fetchpriority=\"high\" decoding=\"async\" class=\"alignnone wp-image-619\" src=\"https:\/\/hungerprojekt.ch\/wp-content\/uploads\/2020\/11\/297856-300x225.jpg\" alt=\"\" width=\"647\" height=\"485\" srcset=\"https:\/\/hungerprojekt.ch\/wp-content\/uploads\/2020\/11\/297856-300x225.jpg 300w, https:\/\/hungerprojekt.ch\/wp-content\/uploads\/2020\/11\/297856-1024x768.jpg 1024w, https:\/\/hungerprojekt.ch\/wp-content\/uploads\/2020\/11\/297856-768x576.jpg 768w, https:\/\/hungerprojekt.ch\/wp-content\/uploads\/2020\/11\/297856-800x600.jpg 800w, https:\/\/hungerprojekt.ch\/wp-content\/uploads\/2020\/11\/297856-700x525.jpg 700w, https:\/\/hungerprojekt.ch\/wp-content\/uploads\/2020\/11\/297856.jpg 1200w\" sizes=\"(max-width: 647px) 100vw, 647px\" \/><\/p>\n<p>&nbsp;<\/p>\n<h2>Reisebericht<\/h2>\n<p>&nbsp;<\/p>\n<p><span style=\"text-decoration: underline;\"><a href=\"\/wp-content\/uploads\/2020\/12\/mission_report_ghana-1.pdf\" target=\"_blank\" rel=\"noopener noreferrer\">Mission Report Ghana 2016<\/a><\/span><\/p>\n<p>&nbsp;<\/p>\n<p><img decoding=\"async\" class=\"alignnone wp-image-621\" src=\"https:\/\/hungerprojekt.ch\/wp-content\/uploads\/2020\/11\/297857-300x225.jpg\" alt=\"\" width=\"467\" height=\"350\" srcset=\"https:\/\/hungerprojekt.ch\/wp-content\/uploads\/2020\/11\/297857-300x225.jpg 300w, https:\/\/hungerprojekt.ch\/wp-content\/uploads\/2020\/11\/297857-1024x768.jpg 1024w, https:\/\/hungerprojekt.ch\/wp-content\/uploads\/2020\/11\/297857-768x576.jpg 768w, https:\/\/hungerprojekt.ch\/wp-content\/uploads\/2020\/11\/297857-800x600.jpg 800w, https:\/\/hungerprojekt.ch\/wp-content\/uploads\/2020\/11\/297857-700x525.jpg 700w, https:\/\/hungerprojekt.ch\/wp-content\/uploads\/2020\/11\/297857.jpg 1200w\" sizes=\"(max-width: 467px) 100vw, 467px\" \/><\/p>\n<p>&nbsp;<\/p>\n<p>&nbsp;<\/p>\n<div class=\"npobject\">\n<h2>Standorte in Ghana<\/h2>\n<\/div>\n<p>&nbsp;<\/p>\n<p><img decoding=\"async\" class=\"alignnone wp-image-1164\" src=\"https:\/\/hungerprojekt.ch\/wp-content\/uploads\/2020\/11\/ghana-karte-300x228.jpg\" alt=\"\" width=\"577\" height=\"439\" srcset=\"https:\/\/hungerprojekt.ch\/wp-content\/uploads\/2020\/11\/ghana-karte-300x228.jpg 300w, https:\/\/hungerprojekt.ch\/wp-content\/uploads\/2020\/11\/ghana-karte.jpg 499w\" sizes=\"(max-width: 577px) 100vw, 577px\" \/>[\/vc_column_text][\/vc_column][vc_column width=&#8220;3\/12&#8243; offset=&#8220;vc_hidden-md vc_hidden-sm vc_hidden-xs&#8220;][\/vc_column][\/vc_row][vc_row css_animation=&#8220;&#8220; row_type=&#8220;row&#8220; use_row_as_full_screen_section=&#8220;no&#8220; type=&#8220;full_width&#8220; angled_section=&#8220;no&#8220; text_align=&#8220;center&#8220; background_image_as_pattern=&#8220;without_pattern&#8220; z_index=&#8220;&#8220; css=&#8220;.vc_custom_1602087442483{margin-top: 50px !important;background-color: #0011aa !important;}&#8220;][vc_column][vc_row_inner row_type=&#8220;row&#8220; type=&#8220;grid&#8220; text_align=&#8220;center&#8220; css_animation=&#8220;&#8220; css=&#8220;.vc_custom_1602082086628{padding-top: 50px !important;padding-bottom: 50px !important;}&#8220;][vc_column_inner width=&#8220;2\/3&#8243; css=&#8220;.vc_custom_1602075588363{padding-top: 10px !important;padding-bottom: 10px !important;}&#8220;]<div class=\"custom_font_holder\" style=\"font-family: Unna; font-size: 34px; line-height: 41px; font-style: normal; font-weight: 300; color: #ffffff; text-decoration: none; text-align: center;\">Empowerment &#8211; Investieren Sie in Menschen!<\/div>[\/vc_column_inner][vc_column_inner width=&#8220;1\/3&#8243; css=&#8220;.vc_custom_1602075582964{padding-top: 10px !important;padding-bottom: 10px !important;}&#8220;]<a  itemprop=\"url\" href=\"\/spenden\/\" target=\"_self\" data-hover-background-color='#ffffff' data-hover-border-color='#ffffff' data-hover-color='#0011aa' class=\"qbutton  small center default\" style=\"color: #ffffff; border-color: #ffffff; font-style: normal; font-weight: 700; font-family: Source Sans Pro; text-transform: uppercase; background-color: #0011aa;\">Jetzt spenden<\/a>[\/vc_column_inner][\/vc_row_inner][\/vc_column][\/vc_row]<\/p>\n<\/div>","protected":false},"excerpt":{"rendered":"<p>[vc_row css_animation=&#8220;&#8220; row_type=&#8220;row&#8220; use_row_as_full_screen_section=&#8220;no&#8220; type=&#8220;full_width&#8220; angled_section=&#8220;no&#8220; text_align=&#8220;center&#8220; background_image_as_pattern=&#8220;without_pattern&#8220; z_index=&#8220;&#8220; css=&#8220;.vc_custom_1604521825735{background-color: #ffffff !important;}&#8220;][vc_column][vc_row_inner row_type=&#8220;row&#8220; type=&#8220;full_width&#8220; text_align=&#8220;center&#8220; css_animation=&#8220;&#8220;][vc_column_inner offset=&#8220;vc_hidden-sm vc_hidden-xs&#8220; css=&#8220;.vc_custom_1604868951570{padding-top: 500px !important;background-image: url(https:\/\/hungerprojekt.ch\/wp-content\/uploads\/2020\/11\/297854.jpg?id=615) !important;background-position: center !important;background-repeat: no-repeat !important;background-size: cover !important;}&#8220;][\/vc_column_inner][\/vc_row_inner][vc_row_inner row_type=&#8220;row&#8220; type=&#8220;full_width&#8220; text_align=&#8220;center&#8220; css_animation=&#8220;&#8220;][vc_column_inner offset=&#8220;vc_hidden-lg vc_hidden-md&#8220; css=&#8220;.vc_custom_1604868957972{padding-top: 200px !important;background-image: url(https:\/\/hungerprojekt.ch\/wp-content\/uploads\/2020\/11\/297854.jpg?id=615) !important;background-position: center !important;background-repeat: no-repeat !important;background-size: cover&#8230;<\/p>\n","protected":false},"author":1,"featured_media":0,"parent":495,"menu_order":1,"comment_status":"closed","ping_status":"closed","template":"full_width.php","meta":{"inline_featured_image":false,"footnotes":""},"class_list":["post-614","page","type-page","status-publish","hentry"],"_links":{"self":[{"href":"https:\/\/hungerprojekt.ch\/de\/wp-json\/wp\/v2\/pages\/614","targetHints":{"allow":["GET"]}}],"collection":[{"href":"https:\/\/hungerprojekt.ch\/de\/wp-json\/wp\/v2\/pages"}],"about":[{"href":"https:\/\/hungerprojekt.ch\/de\/wp-json\/wp\/v2\/types\/page"}],"author":[{"embeddable":true,"href":"https:\/\/hungerprojekt.ch\/de\/wp-json\/wp\/v2\/users\/1"}],"replies":[{"embeddable":true,"href":"https:\/\/hungerprojekt.ch\/de\/wp-json\/wp\/v2\/comments?post=614"}],"version-history":[{"count":12,"href":"https:\/\/hungerprojekt.ch\/de\/wp-json\/wp\/v2\/pages\/614\/revisions"}],"predecessor-version":[{"id":2785,"href":"https:\/\/hungerprojekt.ch\/de\/wp-json\/wp\/v2\/pages\/614\/revisions\/2785"}],"up":[{"embeddable":true,"href":"https:\/\/hungerprojekt.ch\/de\/wp-json\/wp\/v2\/pages\/495"}],"wp:attachment":[{"href":"https:\/\/hungerprojekt.ch\/de\/wp-json\/wp\/v2\/media?parent=614"}],"curies":[{"name":"wp","href":"https:\/\/api.w.org\/{rel}","templated":true}]}}