{"id":624,"date":"2020-11-08T22:18:57","date_gmt":"2020-11-08T21:18:57","guid":{"rendered":"https:\/\/hungerprojekt.ch\/?page_id=624"},"modified":"2024-01-16T09:43:04","modified_gmt":"2024-01-16T08:43:04","slug":"mosambik","status":"publish","type":"page","link":"https:\/\/hungerprojekt.ch\/de\/wer-wir-sind\/thp-schweiz-programmlaender\/mosambik\/","title":{"rendered":"Mosambik"},"content":{"rendered":"<div class=\"wpb-content-wrapper\"><p>[vc_row css_animation=&#8220;&#8220; row_type=&#8220;row&#8220; use_row_as_full_screen_section=&#8220;no&#8220; type=&#8220;full_width&#8220; angled_section=&#8220;no&#8220; text_align=&#8220;center&#8220; background_image_as_pattern=&#8220;without_pattern&#8220; z_index=&#8220;&#8220; css=&#8220;.vc_custom_1604521825735{background-color: #ffffff !important;}&#8220;][vc_column][vc_row_inner row_type=&#8220;row&#8220; type=&#8220;full_width&#8220; text_align=&#8220;center&#8220; css_animation=&#8220;&#8220;][vc_column_inner offset=&#8220;vc_hidden-sm vc_hidden-xs&#8220; css=&#8220;.vc_custom_1604870292063{padding-top: 500px !important;background-image: url(https:\/\/hungerprojekt.ch\/wp-content\/uploads\/2020\/11\/293235.jpg?id=626) !important;background-position: center !important;background-repeat: no-repeat !important;background-size: cover !important;}&#8220;][\/vc_column_inner][\/vc_row_inner][vc_row_inner row_type=&#8220;row&#8220; type=&#8220;full_width&#8220; text_align=&#8220;center&#8220; css_animation=&#8220;&#8220;][vc_column_inner offset=&#8220;vc_hidden-lg vc_hidden-md&#8220; css=&#8220;.vc_custom_1604870299337{padding-top: 200px !important;background-image: url(https:\/\/hungerprojekt.ch\/wp-content\/uploads\/2020\/11\/293235.jpg?id=626) !important;background-position: center !important;background-repeat: no-repeat !important;background-size: cover !important;}&#8220;][\/vc_column_inner][\/vc_row_inner][\/vc_column][\/vc_row][vc_row css_animation=&#8220;&#8220; row_type=&#8220;row&#8220; use_row_as_full_screen_section=&#8220;no&#8220; type=&#8220;grid&#8220; angled_section=&#8220;no&#8220; text_align=&#8220;left&#8220; background_image_as_pattern=&#8220;without_pattern&#8220; z_index=&#8220;&#8220;][vc_column width=&#8220;9\/12&#8243; offset=&#8220;vc_hidden-sm vc_hidden-xs&#8220;][vc_column_text css=&#8220;.vc_custom_1606232788112{margin-top: -100px !important;padding-top: 30px !important;padding-right: 40px !important;padding-left: 40px !important;background-color: #ffffff !important;}&#8220;]<\/p>\n<h6 style=\"text-align: left;\"><a href=\"http:\/\/hungerprojekt.ch\">Home<\/a> &gt; <a href=\"\/wer-wir-sind\/\">Wer wir sind<\/a> &gt; <a href=\"\/thp-programme\/thp-schweiz-programmlaender\/\">THP Schweiz<\/a> &gt; <a href=\"\/thp-programme\/thp-schweiz-programmlaender\/mosambik\/\" target=\"_blank\" rel=\"noopener noreferrer\">Mosambik<\/a><\/h6>\n<p>[\/vc_column_text][vc_empty_space height=&#8220;20&#8243; css=&#8220;.vc_custom_1604579018353{background-color: #ffffff !important;}&#8220;][vc_column_text css=&#8220;.vc_custom_1705393743908{padding-right: 40px !important;padding-left: 40px !important;background-color: #ffffff !important;}&#8220;]<\/p>\n<div class=\"et_pb_module et_pb_text et_pb_text_0 et_pb_text_align_center et_pb_bg_layout_light\">\n<div class=\"et_pb_text_inner\">\n<h1><strong>Mosambik<\/strong><\/h1>\n<p>&nbsp;<\/p>\n<p><strong>Niedrige Alphabetisierungs- und hohe Armutsraten bedrohen nach wie vor die Entwicklung Mosambiks.<\/strong><\/p>\n<p>&nbsp;<\/p>\n<p>Da 46% der Bev\u00f6lkerung unter der internationalen Armutsgrenze von 1.90 USD pro Tag leben, ist die Armut im Land nach wie vor weit verbreitet und vor allem von der Subsistenzlandwirtschaft abh\u00e4ngig. Rund 15% der Kinder im Alter von f\u00fcnf Jahren und j\u00fcnger sind unterern\u00e4hrt, die durchschnittliche Lebenserwartung bei der Geburt betr\u00e4gt nur 53 Jahre.<\/p>\n<p>&nbsp;<\/p>\n<p>Mosambik liegt an der K\u00fcste des s\u00fcdlichen Afrikas und grenzt an Tansania, Malawi, Sambia, Simbabwe, S\u00fcdafrika und Swasiland und ist ein Land mit 25,9 Millionen Einwohnern. Nach f\u00fcnf Jahrhunderten portugiesischer Kolonisation erlangte Mosambik 1975 seine Unabh\u00e4ngigkeit. Doch erst seit 1992 erlebte das Land l\u00e4ngere Phasen politischer Stabilit\u00e4t.<\/p>\n<p>&nbsp;<\/p>\n<p>In letzter Zeit haben sich aber besonders im Norden des Landes terroristische Aktivit\u00e4ten erh\u00f6ht, was das Erreichte in Bezug auf die politische Stabilit\u00e4t wieder gef\u00e4hrdet. Gl\u00fccklicherweise befinden sich die von THP unterst\u00fctzten Epicenter allerdings in weiterhin friedlichen und sicheren Regionen. Es sind aber negative indirekte Effekte aufgrund der Gesamtlage Mosambiks zu bef\u00fcrchten. In dieser Situation wird es wichtiger denn je den Menschen vor Ort zu helfen.<\/p>\n<\/div>\n<\/div>\n<p>&nbsp;<\/p>\n<p><img fetchpriority=\"high\" decoding=\"async\" class=\"alignnone wp-image-630\" src=\"https:\/\/hungerprojekt.ch\/wp-content\/uploads\/2020\/11\/293237-300x225.jpg\" alt=\"\" width=\"501\" height=\"376\" srcset=\"https:\/\/hungerprojekt.ch\/wp-content\/uploads\/2020\/11\/293237-300x225.jpg 300w, https:\/\/hungerprojekt.ch\/wp-content\/uploads\/2020\/11\/293237-1024x768.jpg 1024w, https:\/\/hungerprojekt.ch\/wp-content\/uploads\/2020\/11\/293237-768x576.jpg 768w, https:\/\/hungerprojekt.ch\/wp-content\/uploads\/2020\/11\/293237-800x600.jpg 800w, https:\/\/hungerprojekt.ch\/wp-content\/uploads\/2020\/11\/293237-700x525.jpg 700w, https:\/\/hungerprojekt.ch\/wp-content\/uploads\/2020\/11\/293237.jpg 1200w\" sizes=\"(max-width: 501px) 100vw, 501px\" \/><\/p>\n<p>&nbsp;<\/p>\n<div class=\"et_pb_module et_pb_text et_pb_text_0 et_pb_text_align_center et_pb_bg_layout_light\">\n<div class=\"et_pb_text_inner\">\n<h2><strong>J\u00fcngste Erfolge<\/strong><\/h2>\n<p>&nbsp;<\/p>\n<\/div>\n<\/div>\n<p><span style=\"text-decoration: underline;\"><a href=\"https:\/\/hungerprojekt.ch\/wp-content\/uploads\/2024\/01\/24-01-15_Chokwe-Update_DE-1.pdf\" target=\"_blank\" rel=\"noopener noreferrer\">Aktivit\u00e4ten Epicenter Chokwe 2023<\/a><\/span><\/p>\n<div class=\"et_pb_module et_pb_text et_pb_text_0 et_pb_text_align_center et_pb_bg_layout_light\">\n<div class=\"et_pb_text_inner\">\n<p>&nbsp;<\/p>\n<p>Dank Ihrer Unterst\u00fctzung konnten wir in letzter Zeit in Mosambik einiges erreichen.<\/p>\n<p>&nbsp;<\/p>\n<p>So konnte im Jahr 2018 das Chokwe-Epicenter seine Selbst\u00e4ndigkeit erreichen und Mitte 2019 dann auch offiziell als solches best\u00e4tigt werden. Mithilfe dieses Projekts konnten insgesamt 13&#8217;366 Menschen erreicht werden. Das Hunger Projekt Schweiz hat daf\u00fcr im Jahr 2018 gesammelte Beitr\u00e4ge in der H\u00f6he von 119\u2019143 CHF bereitgestellt. Im Jahr 2019 wurden zus\u00e4tzlich 20\u2019112 CHF f\u00fcr die Feierlichkeiten und die Aktivit\u00e4ten nach Erreichung der Selbst\u00e4ndigkeit des Chokwe Epicenters \u00fcberwiesen.<\/p>\n<p>&nbsp;<\/p>\n<p>Die Selbst\u00e4ndigkeit des Chokwe-Epicenters auf einen Blick: Die Erreichte Punktzahl im Selbst\u00e4ndigkeitstest lag bei 85.24 der erforderlichen 80 Punkte.<\/p>\n<p>&nbsp;<\/p>\n<ul>\n<li>81% der Kleinbauern verwenden verbesserte Praktiken bzgl. Management der Farm<\/li>\n<\/ul>\n<p>&nbsp;<\/p>\n<ul>\n<li>54% der Kinder unter 5 schlafen unter einem Moskitonetz<\/li>\n<\/ul>\n<p>&nbsp;<\/p>\n<ul>\n<li>84% der Gemeinschaftsmitglieder benutzen zumindest eine einfache Trinkwasserquelle<\/li>\n<\/ul>\n<p>&nbsp;<\/p>\n<ul>\n<li>78% der Haushalte haben mindestens ein Haushaltsmitglied, das Lesen und Schreiben kann<\/li>\n<\/ul>\n<p>&nbsp;<\/p>\n<ul>\n<li>76% der Gemeinschaftsmitglieder kennen ihren HIV\/AidsStatus<\/li>\n<\/ul>\n<p>&nbsp;<\/p>\n<ul>\n<li>88% der Individuen konsultieren bei Krankheit einen Gesundheitshelfer oder lassen sich in der Klinik untersuchen<\/li>\n<\/ul>\n<p>&nbsp;<\/p>\n<ul>\n<li>Punktzahl bez\u00fcglich des Indikators zur St\u00e4rkung der Frauen (WEI: Women\u2019s Empowerment Index): 57.68 von 100 m\u00f6glichen Punkten\n<ul>\n<li>100% der Frauen erhalten Schwangerschaftsf\u00fcrsorge<\/li>\n<li>94% der Geburten werden von lizensiertem Pflegefachpersonal betreut<\/li>\n<li>93% der Frauen werden vor der Geburt mindestens vier Mal von lizensiertem Pflegefachpersonal untersucht<\/li>\n<\/ul>\n<\/li>\n<\/ul>\n<\/div>\n<\/div>\n<p>&nbsp;<\/p>\n<div class=\"et_pb_module et_pb_text et_pb_text_0 et_pb_text_align_center et_pb_bg_layout_light\">\n<div class=\"et_pb_text_inner\">\n<h2><strong><img decoding=\"async\" class=\" wp-image-247 alignnone\" src=\"https:\/\/hungerprojekt.ch\/wp-content\/uploads\/2020\/11\/23389181502_050466fb06_o-300x200.jpg\" alt=\"\" width=\"521\" height=\"347\" srcset=\"https:\/\/hungerprojekt.ch\/wp-content\/uploads\/2020\/11\/23389181502_050466fb06_o-300x200.jpg 300w, https:\/\/hungerprojekt.ch\/wp-content\/uploads\/2020\/11\/23389181502_050466fb06_o-1024x683.jpg 1024w, https:\/\/hungerprojekt.ch\/wp-content\/uploads\/2020\/11\/23389181502_050466fb06_o-768x513.jpg 768w, https:\/\/hungerprojekt.ch\/wp-content\/uploads\/2020\/11\/23389181502_050466fb06_o-700x467.jpg 700w, https:\/\/hungerprojekt.ch\/wp-content\/uploads\/2020\/11\/23389181502_050466fb06_o.jpg 1500w\" sizes=\"(max-width: 521px) 100vw, 521px\" \/><\/strong><\/h2>\n<\/div>\n<\/div>\n<p>&nbsp;<\/p>\n<div class=\"et_pb_module et_pb_text et_pb_text_0 et_pb_text_align_center et_pb_bg_layout_light\">\n<div class=\"et_pb_text_inner\">\n<h2><strong>Interview mit Mariarosa, Partnerin des Mikrofinanzprogramms in Mosambik<\/strong><\/h2>\n<p>&nbsp;<\/p>\n<p>Mariarosa, eine Partnerin des Mikrofinanzprogramms des Hunger Projekts in Mosambik, zeigt, wie sie Backsteine herstellt. Sie verkauft die Backsteine f\u00fcr CHF 1.80 pro St\u00fcck und verdient sich damit ihren Lebensunterhalt, alles dank dem Mikrofinanzprogramm von THP.<\/p>\n<\/div>\n<\/div>\n<p>[\/vc_column_text][vc_video link=&#8220;https:\/\/youtu.be\/6LyXZtIVH1A&#8220; css=&#8220;.vc_custom_1604870979467{margin-top: 50px !important;padding-right: 40px !important;padding-left: 40px !important;}&#8220;][vc_column_text css=&#8220;.vc_custom_1606398654906{margin-top: 50px !important;padding-right: 40px !important;padding-left: 40px !important;background-color: #ffffff !important;}&#8220;]<\/p>\n<div class=\"npobject\">\n<h2>Reiseberichte<\/h2>\n<\/div>\n<p>&nbsp;<\/p>\n<p><span style=\"text-decoration: underline;\"><a href=\"\/wp-content\/uploads\/2020\/11\/zewo_bericht_mosambik_sign.pdf\" target=\"_blank\" rel=\"noopener noreferrer\">Report Reise Juni 2013 in Mosambik (pdf)<\/a><\/span><\/p>\n<p>&nbsp;<\/p>\n<p><span style=\"text-decoration: underline;\"><a href=\"\/wp-content\/uploads\/2020\/11\/zewo_bericht_mosambik_fotos_reduced.pdf\" target=\"_blank\" rel=\"noopener noreferrer\">Fotos Reise Juni 2013 in Mosambik (pdf)<\/a><\/span><\/p>\n<p>&nbsp;<\/p>\n<div class=\"npobject\">\n<h2>Standorte in Mosambik<\/h2>\n<\/div>\n<p>&nbsp;<\/p>\n<p><img decoding=\"async\" class=\"alignnone wp-image-1168\" src=\"https:\/\/hungerprojekt.ch\/wp-content\/uploads\/2020\/11\/Mozambique-karte-231x300.png\" alt=\"\" width=\"415\" height=\"539\" srcset=\"https:\/\/hungerprojekt.ch\/wp-content\/uploads\/2020\/11\/Mozambique-karte-231x300.png 231w, https:\/\/hungerprojekt.ch\/wp-content\/uploads\/2020\/11\/Mozambique-karte.png 439w\" sizes=\"(max-width: 415px) 100vw, 415px\" \/>[\/vc_column_text][\/vc_column][vc_column width=&#8220;3\/12&#8243; offset=&#8220;vc_hidden-md vc_hidden-sm vc_hidden-xs&#8220;][vc_column_text css=&#8220;.vc_custom_1606234159620{margin-top: 100px !important;margin-right: 1px !important;margin-left: 41px !important;padding-top: 20px !important;padding-bottom: 20px !important;padding-left: 20px !important;background-color: #0000aa !important;}&#8220;]<\/p>\n<h5 style=\"text-align: left;\"><a href=\"\/wer-wir-sind\/\"><strong>WER WIR SIND<\/strong><\/a><\/h5>\n<h5 style=\"text-align: left;\"><a href=\"\/wer-wir-sind\/vision\/\">Vision und Mission<\/a><\/h5>\n<h5 style=\"text-align: left;\"><a href=\"\/wer-wir-sind\/organisation\/\">Organisation<\/a><\/h5>\n<h5 style=\"text-align: left;\"><a href=\"\/wer-wir-sind\/thp-in-der-welt\/\">THP in der Welt<\/a><\/h5>\n<h5 style=\"text-align: left;\">\u00a0 \u00a0 \u00a0 <a href=\"\/wer-wir-sind\/thp-in-der-welt\/programmlaender\/\">&#8211; Programml\u00e4nder<\/a><\/h5>\n<h5 style=\"text-align: left;\">\u00a0 \u00a0 \u00a0 <a href=\"\/wer-wir-sind\/thp-in-der-welt\/partnerlaender\/\">&#8211; Partnerl\u00e4nder<\/a><\/h5>\n<h5 style=\"text-align: left;\"><a href=\"\/thp-programme\/thp-schweiz-programmlaender\/\">THP Schweiz<\/a><\/h5>\n<h5><a href=\"\/thp-programme\/thp-schweiz-programmlaender\/aethiopien\/\">\u00a0 \u00a0 \u00a0 &#8211; \u00c4thiopien<\/a><\/h5>\n<h5><a href=\"\/thp-programme\/thp-schweiz-programmlaender\/burkina-faso\/\">\u00a0 \u00a0 \u00a0 &#8211; Burkina Faso<\/a><\/h5>\n<h5><a href=\"\/thp-programme\/thp-schweiz-programmlaender\/ghana\/\">\u00a0 \u00a0 \u00a0 &#8211; Ghana<\/a><\/h5>\n<h5><span style=\"color: #ffd214;\"><a style=\"color: #ffd214;\" href=\"\/thp-programme\/thp-schweiz-programmlaender\/mosambik\/\">\u00a0 \u00a0 \u00a0 &#8211; Mosambik<\/a><\/span><\/h5>\n<h5><a href=\"\/thp-programme\/thp-schweiz-programmlaender\/indien\/\">\u00a0 \u00a0 \u00a0 &#8211; Indien<\/a><\/h5>\n<h5 style=\"text-align: left;\"><a href=\"\/wer-wir-sind\/jahresberichte\/\">Jahresberichte<\/a><\/h5>\n<h5 style=\"text-align: left;\"><a href=\"\/wer-wir-sind\/zewo-zertifizierung\/\">ZEWO Zertifizierung<\/a><\/h5>\n<h5 style=\"text-align: left;\"><a href=\"\/wer-wir-sind\/videos-und-flyer\/\">Flyer und Videos<\/a><\/h5>\n<p>[\/vc_column_text][\/vc_column][\/vc_row][vc_row css_animation=&#8220;&#8220; row_type=&#8220;row&#8220; use_row_as_full_screen_section=&#8220;no&#8220; type=&#8220;grid&#8220; angled_section=&#8220;no&#8220; text_align=&#8220;left&#8220; background_image_as_pattern=&#8220;without_pattern&#8220; z_index=&#8220;&#8220;][vc_column width=&#8220;9\/12&#8243; offset=&#8220;vc_hidden-lg vc_hidden-md&#8220;][vc_column_text css=&#8220;.vc_custom_1606232807047{padding-top: 30px !important;background-color: #ffffff !important;}&#8220;]<\/p>\n<h6 style=\"text-align: left;\"><a href=\"http:\/\/hungerprojekt.ch\">Home<\/a> &gt; <a href=\"\/wer-wir-sind\/\">Wer wir sind<\/a> &gt; <a href=\"\/thp-programme\/thp-schweiz-programmlaender\/\">THP Schweiz<\/a> &gt; <a href=\"\/thp-programme\/thp-schweiz-programmlaender\/mosambik\/\" target=\"_blank\" rel=\"noopener noreferrer\">Mosambik<\/a><\/h6>\n<p>[\/vc_column_text][vc_empty_space height=&#8220;20&#8243; css=&#8220;.vc_custom_1604579018353{background-color: #ffffff !important;}&#8220;][vc_column_text css=&#8220;.vc_custom_1705394575398{background-color: #ffffff !important;}&#8220;]<\/p>\n<div class=\"et_pb_module et_pb_text et_pb_text_0 et_pb_text_align_center et_pb_bg_layout_light\">\n<div class=\"et_pb_text_inner\">\n<h1><strong>Mosambik<\/strong><\/h1>\n<p>&nbsp;<\/p>\n<p><strong>Niedrige Alphabetisierungs- und hohe Armutsraten bedrohen nach wie vor die Entwicklung Mosambiks.<\/strong><\/p>\n<p>&nbsp;<\/p>\n<p>Da 46% der Bev\u00f6lkerung unter der internationalen Armutsgrenze von 1.90 USD pro Tag leben, ist die Armut im Land nach wie vor weit verbreitet und vor allem von der Subsistenzlandwirtschaft abh\u00e4ngig. Rund 15% der Kinder im Alter von f\u00fcnf Jahren und j\u00fcnger sind unterern\u00e4hrt, die durchschnittliche Lebenserwartung bei der Geburt betr\u00e4gt nur 53 Jahre.<\/p>\n<p>&nbsp;<\/p>\n<p>Mosambik liegt an der K\u00fcste des s\u00fcdlichen Afrikas und grenzt an Tansania, Malawi, Sambia, Simbabwe, S\u00fcdafrika und Swasiland und ist ein Land mit 25,9 Millionen Einwohnern. Nach f\u00fcnf Jahrhunderten portugiesischer Kolonisation erlangte Mosambik 1975 seine Unabh\u00e4ngigkeit. Doch erst seit 1992 erlebte das Land l\u00e4ngere Phasen politischer Stabilit\u00e4t.<\/p>\n<p>&nbsp;<\/p>\n<p>In letzter Zeit haben sich aber besonders im Norden des Landes terroristische Aktivit\u00e4ten erh\u00f6ht, was das Erreichte in Bezug auf die politische Stabilit\u00e4t wieder gef\u00e4hrdet. Gl\u00fccklicherweise befinden sich die von THP unterst\u00fctzten Epicenter allerdings in weiterhin friedlichen und sicheren Regionen. Es sind aber negative indirekte Effekte aufgrund der Gesamtlage Mosambiks zu bef\u00fcrchten. In dieser Situation wird es wichtiger denn je den Menschen vor Ort zu helfen.<\/p>\n<\/div>\n<\/div>\n<p>&nbsp;<\/p>\n<p><img fetchpriority=\"high\" decoding=\"async\" class=\"alignnone wp-image-630\" src=\"https:\/\/hungerprojekt.ch\/wp-content\/uploads\/2020\/11\/293237-300x225.jpg\" alt=\"\" width=\"501\" height=\"376\" srcset=\"https:\/\/hungerprojekt.ch\/wp-content\/uploads\/2020\/11\/293237-300x225.jpg 300w, https:\/\/hungerprojekt.ch\/wp-content\/uploads\/2020\/11\/293237-1024x768.jpg 1024w, https:\/\/hungerprojekt.ch\/wp-content\/uploads\/2020\/11\/293237-768x576.jpg 768w, https:\/\/hungerprojekt.ch\/wp-content\/uploads\/2020\/11\/293237-800x600.jpg 800w, https:\/\/hungerprojekt.ch\/wp-content\/uploads\/2020\/11\/293237-700x525.jpg 700w, https:\/\/hungerprojekt.ch\/wp-content\/uploads\/2020\/11\/293237.jpg 1200w\" sizes=\"(max-width: 501px) 100vw, 501px\" \/><\/p>\n<p>&nbsp;<\/p>\n<div class=\"et_pb_module et_pb_text et_pb_text_0 et_pb_text_align_center et_pb_bg_layout_light\">\n<div class=\"et_pb_text_inner\">\n<h2><strong>J\u00fcngste Erfolge<\/strong><\/h2>\n<p>&nbsp;<\/p>\n<p><span style=\"text-decoration: underline;\"><a href=\"https:\/\/hungerprojekt.ch\/wp-content\/uploads\/2024\/01\/24-01-15_Chokwe-Update_DE-1.pdf\" target=\"_blank\" rel=\"noopener noreferrer\">Aktivit\u00e4ten Epicenter Chokwe 2023<\/a><\/span><\/p>\n<p>&nbsp;<\/p>\n<p>Dank Ihrer Unterst\u00fctzung konnten wir in letzter Zeit in Mosambik einiges erreichen.<\/p>\n<p>&nbsp;<\/p>\n<p>So konnte im Jahr 2018 das Chokwe-Epicenter seine Selbst\u00e4ndigkeit erreichen und Mitte 2019 dann auch offiziell als solches best\u00e4tigt werden. Mithilfe dieses Projekts konnten insgesamt 13&#8217;366 Menschen erreicht werden. Das Hunger Projekt Schweiz hat daf\u00fcr im Jahr 2018 gesammelte Beitr\u00e4ge in der H\u00f6he von 119\u2019143 CHF bereitgestellt. Im Jahr 2019 wurden zus\u00e4tzlich 20\u2019112 CHF f\u00fcr die Feierlichkeiten und die Aktivit\u00e4ten nach Erreichung der Selbst\u00e4ndigkeit des Chokwe Epicenters \u00fcberwiesen.<\/p>\n<p>&nbsp;<\/p>\n<p>Die Selbst\u00e4ndigkeit des Chokwe-Epicenters auf einen Blick: Die Erreichte Punktzahl im Selbst\u00e4ndigkeitstest lag bei 85.24 der erforderlichen 80 Punkte.<\/p>\n<p>&nbsp;<\/p>\n<ul>\n<li>81% der Kleinbauern verwenden verbesserte Praktiken bzgl. Management der Farm<\/li>\n<\/ul>\n<p>&nbsp;<\/p>\n<ul>\n<li>54% der Kinder unter 5 schlafen unter einem Moskitonetz<\/li>\n<\/ul>\n<p>&nbsp;<\/p>\n<ul>\n<li>84% der Gemeinschaftsmitglieder benutzen zumindest eine einfache Trinkwasserquelle<\/li>\n<\/ul>\n<p>&nbsp;<\/p>\n<ul>\n<li>78% der Haushalte haben mindestens ein Haushaltsmitglied, das Lesen und Schreiben kann<\/li>\n<\/ul>\n<p>&nbsp;<\/p>\n<ul>\n<li>76% der Gemeinschaftsmitglieder kennen ihren HIV\/AidsStatus<\/li>\n<\/ul>\n<p>&nbsp;<\/p>\n<ul>\n<li>88% der Individuen konsultieren bei Krankheit einen Gesundheitshelfer oder lassen sich in der Klinik untersuchen<\/li>\n<\/ul>\n<p>&nbsp;<\/p>\n<ul>\n<li>Punktzahl bez\u00fcglich des Indikators zur St\u00e4rkung der Frauen (WEI: Women\u2019s Empowerment Index): 57.68 von 100 m\u00f6glichen Punkten\n<ul>\n<li>100% der Frauen erhalten Schwangerschaftsf\u00fcrsorge<\/li>\n<li>94% der Geburten werden von lizensiertem Pflegefachpersonal betreut<\/li>\n<li>93% der Frauen werden vor der Geburt mindestens vier Mal von lizensiertem Pflegefachpersonal untersucht<\/li>\n<\/ul>\n<\/li>\n<\/ul>\n<\/div>\n<\/div>\n<p>&nbsp;<\/p>\n<div class=\"et_pb_module et_pb_text et_pb_text_0 et_pb_text_align_center et_pb_bg_layout_light\">\n<div class=\"et_pb_text_inner\">\n<h2><strong><img decoding=\"async\" class=\" wp-image-247 alignnone\" src=\"https:\/\/hungerprojekt.ch\/wp-content\/uploads\/2020\/11\/23389181502_050466fb06_o-300x200.jpg\" alt=\"\" width=\"521\" height=\"347\" srcset=\"https:\/\/hungerprojekt.ch\/wp-content\/uploads\/2020\/11\/23389181502_050466fb06_o-300x200.jpg 300w, https:\/\/hungerprojekt.ch\/wp-content\/uploads\/2020\/11\/23389181502_050466fb06_o-1024x683.jpg 1024w, https:\/\/hungerprojekt.ch\/wp-content\/uploads\/2020\/11\/23389181502_050466fb06_o-768x513.jpg 768w, https:\/\/hungerprojekt.ch\/wp-content\/uploads\/2020\/11\/23389181502_050466fb06_o-700x467.jpg 700w, https:\/\/hungerprojekt.ch\/wp-content\/uploads\/2020\/11\/23389181502_050466fb06_o.jpg 1500w\" sizes=\"(max-width: 521px) 100vw, 521px\" \/><\/strong><\/h2>\n<\/div>\n<\/div>\n<p>&nbsp;<\/p>\n<div class=\"et_pb_module et_pb_text et_pb_text_0 et_pb_text_align_center et_pb_bg_layout_light\">\n<div class=\"et_pb_text_inner\">\n<h2><strong>Interview mit Mariarosa, Partnerin des Mikrofinanzprogramms in Mosambik<\/strong><\/h2>\n<p>&nbsp;<\/p>\n<p>Mariarosa, eine Partnerin des Mikrofinanzprogramms des Hunger Projekts in Mosambik, zeigt, wie sie Backsteine herstellt. Sie verkauft die Backsteine f\u00fcr CHF 1.80 pro St\u00fcck und verdient sich damit ihren Lebensunterhalt, alles dank dem Mikrofinanzprogramm von THP.<\/p>\n<\/div>\n<\/div>\n<p>[\/vc_column_text][vc_video link=&#8220;https:\/\/youtu.be\/6LyXZtIVH1A&#8220; css=&#8220;.vc_custom_1604871404192{margin-top: 50px !important;}&#8220;][vc_column_text css=&#8220;.vc_custom_1606398791129{margin-top: 50px !important;background-color: #ffffff !important;}&#8220;]<\/p>\n<div class=\"npobject\">\n<h2>Reiseberichte<\/h2>\n<\/div>\n<p>&nbsp;<\/p>\n<p><span style=\"text-decoration: underline;\"><a href=\"\/wp-content\/uploads\/2020\/11\/zewo_bericht_mosambik_sign.pdf\" target=\"_blank\" rel=\"noopener noreferrer\">Report Reise Juni 2013 in Mosambik (pdf)<\/a><\/span><\/p>\n<p>&nbsp;<\/p>\n<p><span style=\"text-decoration: underline;\"><a href=\"\/wp-content\/uploads\/2020\/11\/zewo_bericht_mosambik_fotos_reduced.pdf\" target=\"_blank\" rel=\"noopener noreferrer\">Fotos Reise Juni 2013 in Mosambik (pdf)<\/a><\/span><\/p>\n<p>&nbsp;<\/p>\n<div class=\"npobject\">\n<h2>Standorte in Mosambik<\/h2>\n<\/div>\n<p>&nbsp;<\/p>\n<p><img decoding=\"async\" class=\"alignnone wp-image-1168\" src=\"https:\/\/hungerprojekt.ch\/wp-content\/uploads\/2020\/11\/Mozambique-karte-231x300.png\" alt=\"\" width=\"415\" height=\"539\" srcset=\"https:\/\/hungerprojekt.ch\/wp-content\/uploads\/2020\/11\/Mozambique-karte-231x300.png 231w, https:\/\/hungerprojekt.ch\/wp-content\/uploads\/2020\/11\/Mozambique-karte.png 439w\" sizes=\"(max-width: 415px) 100vw, 415px\" \/>[\/vc_column_text][\/vc_column][vc_column width=&#8220;3\/12&#8243; offset=&#8220;vc_hidden-md vc_hidden-sm vc_hidden-xs&#8220;][\/vc_column][\/vc_row][vc_row css_animation=&#8220;&#8220; row_type=&#8220;row&#8220; use_row_as_full_screen_section=&#8220;no&#8220; type=&#8220;full_width&#8220; angled_section=&#8220;no&#8220; text_align=&#8220;center&#8220; background_image_as_pattern=&#8220;without_pattern&#8220; z_index=&#8220;&#8220; css=&#8220;.vc_custom_1602087442483{margin-top: 50px !important;background-color: #0011aa !important;}&#8220;][vc_column][vc_row_inner row_type=&#8220;row&#8220; type=&#8220;grid&#8220; text_align=&#8220;center&#8220; css_animation=&#8220;&#8220; css=&#8220;.vc_custom_1602082086628{padding-top: 50px !important;padding-bottom: 50px !important;}&#8220;][vc_column_inner width=&#8220;2\/3&#8243; css=&#8220;.vc_custom_1602075588363{padding-top: 10px !important;padding-bottom: 10px !important;}&#8220;]<div class=\"custom_font_holder\" style=\"font-family: Unna; font-size: 34px; line-height: 41px; font-style: normal; font-weight: 300; color: #ffffff; text-decoration: none; text-align: center;\">Empowerment &#8211; Investieren Sie in Menschen!<\/div>[\/vc_column_inner][vc_column_inner width=&#8220;1\/3&#8243; css=&#8220;.vc_custom_1602075582964{padding-top: 10px !important;padding-bottom: 10px !important;}&#8220;]<a  itemprop=\"url\" href=\"\/spenden\/\" target=\"_self\" data-hover-background-color='#ffffff' data-hover-border-color='#ffffff' data-hover-color='#0011aa' class=\"qbutton  small center default\" style=\"color: #ffffff; border-color: #ffffff; font-style: normal; font-weight: 700; font-family: Source Sans Pro; text-transform: uppercase; background-color: #0011aa;\">Jetzt spenden<\/a>[\/vc_column_inner][\/vc_row_inner][\/vc_column][\/vc_row]<\/p>\n<\/div>","protected":false},"excerpt":{"rendered":"<p>[vc_row css_animation=&#8220;&#8220; row_type=&#8220;row&#8220; use_row_as_full_screen_section=&#8220;no&#8220; type=&#8220;full_width&#8220; angled_section=&#8220;no&#8220; text_align=&#8220;center&#8220; background_image_as_pattern=&#8220;without_pattern&#8220; z_index=&#8220;&#8220; css=&#8220;.vc_custom_1604521825735{background-color: #ffffff !important;}&#8220;][vc_column][vc_row_inner row_type=&#8220;row&#8220; type=&#8220;full_width&#8220; text_align=&#8220;center&#8220; css_animation=&#8220;&#8220;][vc_column_inner offset=&#8220;vc_hidden-sm vc_hidden-xs&#8220; css=&#8220;.vc_custom_1604870292063{padding-top: 500px !important;background-image: url(https:\/\/hungerprojekt.ch\/wp-content\/uploads\/2020\/11\/293235.jpg?id=626) !important;background-position: center !important;background-repeat: no-repeat !important;background-size: cover !important;}&#8220;][\/vc_column_inner][\/vc_row_inner][vc_row_inner row_type=&#8220;row&#8220; type=&#8220;full_width&#8220; text_align=&#8220;center&#8220; css_animation=&#8220;&#8220;][vc_column_inner offset=&#8220;vc_hidden-lg vc_hidden-md&#8220; css=&#8220;.vc_custom_1604870299337{padding-top: 200px !important;background-image: url(https:\/\/hungerprojekt.ch\/wp-content\/uploads\/2020\/11\/293235.jpg?id=626) !important;background-position: center !important;background-repeat: no-repeat !important;background-size: cover&#8230;<\/p>\n","protected":false},"author":1,"featured_media":0,"parent":495,"menu_order":1,"comment_status":"closed","ping_status":"closed","template":"full_width.php","meta":{"inline_featured_image":false,"footnotes":""},"class_list":["post-624","page","type-page","status-publish","hentry"],"_links":{"self":[{"href":"https:\/\/hungerprojekt.ch\/de\/wp-json\/wp\/v2\/pages\/624","targetHints":{"allow":["GET"]}}],"collection":[{"href":"https:\/\/hungerprojekt.ch\/de\/wp-json\/wp\/v2\/pages"}],"about":[{"href":"https:\/\/hungerprojekt.ch\/de\/wp-json\/wp\/v2\/types\/page"}],"author":[{"embeddable":true,"href":"https:\/\/hungerprojekt.ch\/de\/wp-json\/wp\/v2\/users\/1"}],"replies":[{"embeddable":true,"href":"https:\/\/hungerprojekt.ch\/de\/wp-json\/wp\/v2\/comments?post=624"}],"version-history":[{"count":15,"href":"https:\/\/hungerprojekt.ch\/de\/wp-json\/wp\/v2\/pages\/624\/revisions"}],"predecessor-version":[{"id":4681,"href":"https:\/\/hungerprojekt.ch\/de\/wp-json\/wp\/v2\/pages\/624\/revisions\/4681"}],"up":[{"embeddable":true,"href":"https:\/\/hungerprojekt.ch\/de\/wp-json\/wp\/v2\/pages\/495"}],"wp:attachment":[{"href":"https:\/\/hungerprojekt.ch\/de\/wp-json\/wp\/v2\/media?parent=624"}],"curies":[{"name":"wp","href":"https:\/\/api.w.org\/{rel}","templated":true}]}}