{"id":636,"date":"2020-11-08T22:40:35","date_gmt":"2020-11-08T21:40:35","guid":{"rendered":"https:\/\/hungerprojekt.ch\/?page_id=636"},"modified":"2021-05-31T17:59:42","modified_gmt":"2021-05-31T15:59:42","slug":"indien","status":"publish","type":"page","link":"https:\/\/hungerprojekt.ch\/de\/wer-wir-sind\/thp-schweiz-programmlaender\/indien\/","title":{"rendered":"Indien"},"content":{"rendered":"<div class=\"wpb-content-wrapper\"><p>[vc_row css_animation=&#8220;&#8220; row_type=&#8220;row&#8220; use_row_as_full_screen_section=&#8220;no&#8220; type=&#8220;full_width&#8220; angled_section=&#8220;no&#8220; text_align=&#8220;center&#8220; background_image_as_pattern=&#8220;without_pattern&#8220; z_index=&#8220;&#8220; css=&#8220;.vc_custom_1604521825735{background-color: #ffffff !important;}&#8220;][vc_column][vc_row_inner row_type=&#8220;row&#8220; type=&#8220;full_width&#8220; text_align=&#8220;center&#8220; css_animation=&#8220;&#8220;][vc_column_inner offset=&#8220;vc_hidden-sm vc_hidden-xs&#8220; css=&#8220;.vc_custom_1604871583263{padding-top: 500px !important;background-image: url(https:\/\/hungerprojekt.ch\/wp-content\/uploads\/2020\/11\/293226.jpg?id=637) !important;background-position: center !important;background-repeat: no-repeat !important;background-size: cover !important;}&#8220;][\/vc_column_inner][\/vc_row_inner][vc_row_inner row_type=&#8220;row&#8220; type=&#8220;full_width&#8220; text_align=&#8220;center&#8220; css_animation=&#8220;&#8220;][vc_column_inner offset=&#8220;vc_hidden-lg vc_hidden-md&#8220; css=&#8220;.vc_custom_1604871615109{padding-top: 200px !important;background-image: url(https:\/\/hungerprojekt.ch\/wp-content\/uploads\/2020\/11\/293226.jpg?id=637) !important;background-position: center !important;background-repeat: no-repeat !important;background-size: cover !important;}&#8220;][\/vc_column_inner][\/vc_row_inner][\/vc_column][\/vc_row][vc_row css_animation=&#8220;&#8220; row_type=&#8220;row&#8220; use_row_as_full_screen_section=&#8220;no&#8220; type=&#8220;grid&#8220; angled_section=&#8220;no&#8220; text_align=&#8220;left&#8220; background_image_as_pattern=&#8220;without_pattern&#8220; z_index=&#8220;&#8220;][vc_column width=&#8220;9\/12&#8243; offset=&#8220;vc_hidden-sm vc_hidden-xs&#8220;][vc_column_text css=&#8220;.vc_custom_1606233061106{margin-top: -100px !important;padding-top: 30px !important;padding-right: 40px !important;padding-left: 40px !important;background-color: #ffffff !important;}&#8220;]<\/p>\n<h6 style=\"text-align: left;\"><a href=\"http:\/\/hungerprojekt.ch\">Home<\/a> &gt; <a href=\"\/wer-wir-sind\/\">Wer wir sind<\/a> &gt; <a href=\"\/thp-programme\/thp-schweiz-programmlaender\/\">THP Schweiz<\/a> &gt; <a href=\"\/thp-programme\/thp-schweiz-programmlaender\/indien\/\" target=\"_blank\" rel=\"noopener noreferrer\">Indien<\/a><\/h6>\n<p>[\/vc_column_text][vc_empty_space height=&#8220;20&#8243; css=&#8220;.vc_custom_1604579018353{background-color: #ffffff !important;}&#8220;][vc_column_text css=&#8220;.vc_custom_1622476523331{padding-right: 40px !important;padding-left: 40px !important;background-color: #ffffff !important;}&#8220;]<\/p>\n<h1>Indien<\/h1>\n<p>&nbsp;<\/p>\n<p><strong>Indien hat in den vergangenen 60 Jahren signifikante Fortschritte in der menschlichen Entwicklung gemacht, der Wohlstandsgewinn der wachsenden Wirtschaft ist jedoch ungleich verteilt: In Indien leben ein Drittel der weltweiten Armen.<\/strong><\/p>\n<p>&nbsp;<\/p>\n<p>Zudem geh\u00f6ren Diskriminierung aufgrund des Geschlechts, weibliche Kindest\u00f6tung und geschlechterselektive Abtreibung zum Alltag. Dies zeigt eine systematische Abwertung von Frauen und M\u00e4dchen in der Gesellschaft. Dar\u00fcber hinaus ist aufgrund des Kastensystems eine starke patriarchalische Kontrolle \u00fcber politische und soziale Prozesse verbreitet.<\/p>\n<p>&nbsp;<\/p>\n<p>Gem\u00e4ss der 73. staatlichen Verfassungs\u00e4nderung von 1992 sind in Indien ein Drittel der B\u00fcrgermeistermandate f\u00fcr Frauen reserviert. In einzelnen indischen Staaten gilt sogar die 50%-Quote. Dies ist ein revolution\u00e4rer Schritt mit enormer Tragweite. Erstmals verf\u00fcgen Frauen zumindest im Grundsatz \u00fcber das Mandat und den politischen Einfluss, sich mit den Dorfbewohnern und Dorfbewohnerinnen innen f\u00fcr ihre Anliegen einzusetzen und die Ressourcen von staatlicher Seite daf\u00fcr zu mobilisieren. Die Umsetzung dieses Gesetzes ist jedoch in der Praxis eine gro\u00dfe Herausforderung. Tief verwurzelte, patriarchalische und feudale Strukturen stehen dabei h\u00e4ufig im Wege.<\/p>\n<p>&nbsp;<\/p>\n<p><img fetchpriority=\"high\" decoding=\"async\" class=\"alignnone wp-image-640\" src=\"https:\/\/hungerprojekt.ch\/wp-content\/uploads\/2020\/11\/293228-300x200.jpg\" alt=\"\" width=\"544\" height=\"363\" srcset=\"https:\/\/hungerprojekt.ch\/wp-content\/uploads\/2020\/11\/293228-300x200.jpg 300w, https:\/\/hungerprojekt.ch\/wp-content\/uploads\/2020\/11\/293228-1024x683.jpg 1024w, https:\/\/hungerprojekt.ch\/wp-content\/uploads\/2020\/11\/293228-768x512.jpg 768w, https:\/\/hungerprojekt.ch\/wp-content\/uploads\/2020\/11\/293228-700x467.jpg 700w, https:\/\/hungerprojekt.ch\/wp-content\/uploads\/2020\/11\/293228.jpg 1200w\" sizes=\"(max-width: 544px) 100vw, 544px\" \/><\/p>\n<p>&nbsp;<\/p>\n<h2><strong>J\u00fcngste Erfolge<\/strong><\/h2>\n<p>&nbsp;<\/p>\n<p>Dank Ihrer Unterst\u00fctzung f\u00fcr unser Empowerment Programm konnten wir in Indien in letzter Zeit einiges erreichen. THP Global unterst\u00fctzte im Jahr 2019 1\u2019577 lokale B\u00fcrgermeisterinnen, sogenannte \u00abPanchayats\u00bb, in 6 Bundesstaaten und 42 Distrikten. Damit konnten insgesamt 6&#8217;856&#8217;977 Menschen von unserem Wirken profitieren.<\/p>\n<p>&nbsp;<\/p>\n<p>Auch THP Schweiz unterst\u00fctzt diese Bestrebungen in Indien immer wieder. Beispielsweise wurde 2017 das THP-Programmes in Rajasthan mit 21\u2019000 CHF unterst\u00fctzt, was 1&#8217;050 B\u00fcrgermeisterinnen zugutekam. Mit Unterst\u00fctzung von THP Indien konnten diese B\u00fcrgermeisterinnen Schwachstellen in ihrer F\u00fchrungst\u00e4tigkeit und weitere Bed\u00fcrfnisse der Gemeinde identifizieren und adressieren. Die B\u00fcrgermeisterinnen werden so bef\u00e4higt, den Zugang zu und die Ben\u00fctzung von Grundversorgungsleistungen zu verbessern.<\/p>\n<p>&nbsp;<\/p>\n<p>Folgende Grundversorgungsdienstleistungen standen dabei beispielsweise in Rajasthan im Jahr 2017 im Fokus:<\/p>\n<p>&nbsp;<\/p>\n<ul>\n<li>Lebensmittel und Ern\u00e4hrung: Verteilung von Getreide an die \u00c4rmsten sowie die Zurverf\u00fcgungstellung eines nahrhaften Mittagessens f\u00fcr die Primarsch\u00fcler<\/li>\n<\/ul>\n<p>&nbsp;<\/p>\n<ul>\n<li>Krippenpl\u00e4tze<\/li>\n<\/ul>\n<p>&nbsp;<\/p>\n<ul>\n<li>Bildung f\u00fcr M\u00e4dchen<\/li>\n<\/ul>\n<p>&nbsp;<\/p>\n<ul>\n<li>Wasser und Sanit\u00e4ranlagen in Schulen<\/li>\n<\/ul>\n<p>&nbsp;<\/p>\n<ul>\n<li>Unterk\u00fcnfte f\u00fcr die \u00c4rmsten mit spezifischem Fokus auf Frauen<\/li>\n<\/ul>\n<p>&nbsp;<\/p>\n<ul>\n<li>Infrastruktur, die essenziell ist f\u00fcr die Weiterentwicklung der Gemeinschaft. Dazu geh\u00f6ren Strassen, Elektrizit\u00e4t und Wasser.<\/li>\n<\/ul>\n<p>&nbsp;<\/p>\n<p>Ausserdem fanden im Beispielsjahr 2017 verschiedene Besprechungen zwischen den B\u00fcrgermeisterinnen und Parlamentsabgeordneten statt. Diese Treffen erm\u00f6glichen es den B\u00fcrgermeisterinnen ihre Erfahrungen zu teilen und \u00dcberzeugungsarbeit f\u00fcr ihre regionsspezifischen Herausforderungen zu leisten. Dabei waren die B\u00fcrgermeisterinnen insbesondere mit folgenden Herausforderungen konfrontiert, deren L\u00f6sung die Unterst\u00fctzung der Parlamentsabgeordneten bedingte:<\/p>\n<p>&nbsp;<\/p>\n<ul>\n<li>Bildung\/Schulen: Mangel an naturwissenschaftlichen F\u00e4chern und Lehrern;<\/li>\n<\/ul>\n<p>&nbsp;<\/p>\n<ul>\n<li>Fehlen von Panchayats-Sekret\u00e4rinnen in gewissen Panchayats. Diese Position ist unerl\u00e4sslich f\u00fcrdie Unterst\u00fctzung der B\u00fcrgermeisterinnen;<\/li>\n<\/ul>\n<p>&nbsp;<\/p>\n<ul>\n<li>Abschaffung der 2-Kind-Politik in Rajasthan;<\/li>\n<\/ul>\n<p>&nbsp;<\/p>\n<ul>\n<li>Beseitigung von Alkoholgesch\u00e4ften aus dem \u00f6ffentlichen Raum;<\/li>\n<\/ul>\n<p>&nbsp;<\/p>\n<ul>\n<li>Kompensationszahlungen an Bauern f\u00fcr Ernteausf\u00e4lle durch \u00dcberschwemmungen;<\/li>\n<\/ul>\n<p>&nbsp;<\/p>\n<ul>\n<li>Aufbau einer Hochschule;<\/li>\n<\/ul>\n<p>&nbsp;<\/p>\n<ul>\n<li>Mangel an Trinkwasseranlagen.<\/li>\n<\/ul>\n<p>&nbsp;<\/p>\n<h2>Factsheet<\/h2>\n<p>&nbsp;<\/p>\n<p><span style=\"text-decoration: underline;\"><a class=\"nplink\" href=\"https:\/\/hungerprojekt.ch\/wp-content\/uploads\/2021\/05\/Factsheet_indien.pdf\" target=\"_blank\" rel=\"noopener noreferrer\">Factsheet Indien<\/a><\/span><\/p>\n<p>&nbsp;<\/p>\n<p><img decoding=\"async\" class=\"alignnone wp-image-642\" src=\"https:\/\/hungerprojekt.ch\/wp-content\/uploads\/2020\/11\/293227-300x225.jpg\" alt=\"\" width=\"605\" height=\"454\" srcset=\"https:\/\/hungerprojekt.ch\/wp-content\/uploads\/2020\/11\/293227-300x225.jpg 300w, https:\/\/hungerprojekt.ch\/wp-content\/uploads\/2020\/11\/293227-1024x768.jpg 1024w, https:\/\/hungerprojekt.ch\/wp-content\/uploads\/2020\/11\/293227-768x576.jpg 768w, https:\/\/hungerprojekt.ch\/wp-content\/uploads\/2020\/11\/293227-800x600.jpg 800w, https:\/\/hungerprojekt.ch\/wp-content\/uploads\/2020\/11\/293227-700x525.jpg 700w, https:\/\/hungerprojekt.ch\/wp-content\/uploads\/2020\/11\/293227.jpg 1200w\" sizes=\"(max-width: 605px) 100vw, 605px\" \/><\/p>\n<p>&nbsp;<\/p>\n<p>&nbsp;<\/p>\n<h2>Reiseberichte<\/h2>\n<p>&nbsp;<\/p>\n<p><span style=\"text-decoration: underline;\"><a href=\"\/wp-content\/uploads\/2020\/11\/report_indien_2014_korrigiert.pdf\" target=\"_blank\" rel=\"noopener noreferrer\">Report on the Mission to THP India September 2014 (pdf)<\/a><\/span><\/p>\n<p>&nbsp;<\/p>\n<p><span style=\"text-decoration: underline;\"><a href=\"\/wp-content\/uploads\/2020\/11\/report_indien_2014_photos_red.pdf\" target=\"_blank\" rel=\"noopener noreferrer\">Photos of the Mission to THP India September 2014 (pdf)<\/a><\/span><\/p>\n<p>&nbsp;<\/p>\n<p><span style=\"text-decoration: underline;\"><a href=\"\/wp-content\/uploads\/2020\/11\/report_thp_india_2012.pdf\" target=\"_blank\" rel=\"noopener noreferrer\">Report on the Mission to THP India January 2012 (pdf)<\/a><\/span><\/p>\n<p>&nbsp;<\/p>\n<p><span style=\"text-decoration: underline;\"><a href=\"\/wp-content\/uploads\/2020\/11\/fotos_ragaz_thp_india.pdf\" target=\"_blank\" rel=\"noopener noreferrer\">Photos of the Mission to THP India January 2012 (pdf)<\/a><\/span><\/p>\n<p>&nbsp;<\/p>\n<p>&nbsp;<\/p>\n<div class=\"npobject\">\n<h2>Standorte in Indien<\/h2>\n<\/div>\n<p>&nbsp;<\/p>\n<p><img decoding=\"async\" class=\"alignnone wp-image-1172\" src=\"https:\/\/hungerprojekt.ch\/wp-content\/uploads\/2020\/11\/indien-karte-232x300.png\" alt=\"\" width=\"415\" height=\"537\" srcset=\"https:\/\/hungerprojekt.ch\/wp-content\/uploads\/2020\/11\/indien-karte-232x300.png 232w, https:\/\/hungerprojekt.ch\/wp-content\/uploads\/2020\/11\/indien-karte.png 278w\" sizes=\"(max-width: 415px) 100vw, 415px\" \/>[\/vc_column_text][\/vc_column][vc_column width=&#8220;3\/12&#8243; offset=&#8220;vc_hidden-md vc_hidden-sm vc_hidden-xs&#8220;][vc_column_text css=&#8220;.vc_custom_1606234188749{margin-top: 100px !important;margin-right: 1px !important;margin-left: 41px !important;padding-top: 20px !important;padding-bottom: 20px !important;padding-left: 20px !important;background-color: #0000aa !important;}&#8220;]<\/p>\n<h5 style=\"text-align: left;\"><a href=\"\/wer-wir-sind\/\"><strong>WER WIR SIND<\/strong><\/a><\/h5>\n<h5 style=\"text-align: left;\"><a href=\"\/wer-wir-sind\/vision\/\">Vision und Mission<\/a><\/h5>\n<h5 style=\"text-align: left;\"><a href=\"\/wer-wir-sind\/organisation\/\">Organisation<\/a><\/h5>\n<h5 style=\"text-align: left;\"><a href=\"\/wer-wir-sind\/thp-in-der-welt\/\">THP in der Welt<\/a><\/h5>\n<h5 style=\"text-align: left;\">\u00a0 \u00a0 \u00a0 <a href=\"\/wer-wir-sind\/thp-in-der-welt\/programmlaender\/\">&#8211; Programml\u00e4nder<\/a><\/h5>\n<h5 style=\"text-align: left;\">\u00a0 \u00a0 \u00a0 <a href=\"\/wer-wir-sind\/thp-in-der-welt\/partnerlaender\/\">&#8211; Partnerl\u00e4nder<\/a><\/h5>\n<h5 style=\"text-align: left;\"><a href=\"\/thp-programme\/thp-schweiz-programmlaender\/\">THP Schweiz<\/a><\/h5>\n<h5><a href=\"\/thp-programme\/thp-schweiz-programmlaender\/aethiopien\/\">\u00a0 \u00a0 \u00a0 &#8211; \u00c4thiopien<\/a><\/h5>\n<h5><a href=\"\/thp-programme\/thp-schweiz-programmlaender\/burkina-faso\/\">\u00a0 \u00a0 \u00a0 &#8211; Burkina Faso<\/a><\/h5>\n<h5><a href=\"\/thp-programme\/thp-schweiz-programmlaender\/ghana\/\">\u00a0 \u00a0 \u00a0 &#8211; Ghana<\/a><\/h5>\n<h5><a href=\"\/thp-programme\/thp-schweiz-programmlaender\/mosambik\/\">\u00a0 \u00a0 \u00a0 &#8211; Mosambik<\/a><\/h5>\n<h5><span style=\"color: #ffd214;\"><a style=\"color: #ffd214;\" href=\"\/thp-programme\/thp-schweiz-programmlaender\/indien\/\">\u00a0 \u00a0 \u00a0 &#8211; Indien<\/a><\/span><\/h5>\n<h5 style=\"text-align: left;\"><a href=\"\/wer-wir-sind\/jahresberichte\/\">Jahresberichte<\/a><\/h5>\n<h5 style=\"text-align: left;\"><a href=\"\/wer-wir-sind\/zewo-zertifizierung\/\">ZEWO Zertifizierung<\/a><\/h5>\n<h5 style=\"text-align: left;\"><a href=\"\/wer-wir-sind\/videos-und-flyer\/\">Flyer und Videos<\/a><\/h5>\n<p>[\/vc_column_text][\/vc_column][\/vc_row][vc_row css_animation=&#8220;&#8220; row_type=&#8220;row&#8220; use_row_as_full_screen_section=&#8220;no&#8220; type=&#8220;grid&#8220; angled_section=&#8220;no&#8220; text_align=&#8220;left&#8220; background_image_as_pattern=&#8220;without_pattern&#8220; z_index=&#8220;&#8220;][vc_column width=&#8220;9\/12&#8243; offset=&#8220;vc_hidden-lg vc_hidden-md&#8220;][vc_column_text css=&#8220;.vc_custom_1606233071552{padding-top: 30px !important;background-color: #ffffff !important;}&#8220;]<\/p>\n<h6 style=\"text-align: left;\"><a href=\"http:\/\/hungerprojekt.ch\">Home<\/a> &gt; <a href=\"\/wer-wir-sind\/\">Wer wir sind<\/a> &gt; <a href=\"\/thp-programme\/thp-schweiz-programmlaender\/\">THP Schweiz<\/a> &gt; <a href=\"\/thp-programme\/thp-schweiz-programmlaender\/indien\/\" target=\"_blank\" rel=\"noopener noreferrer\">Indien<\/a><\/h6>\n<p>[\/vc_column_text][vc_empty_space height=&#8220;20&#8243; css=&#8220;.vc_custom_1604579018353{background-color: #ffffff !important;}&#8220;][vc_column_text css=&#8220;.vc_custom_1622476767833{background-color: #ffffff !important;}&#8220;]<\/p>\n<h1>Indien<\/h1>\n<p>&nbsp;<\/p>\n<p><strong>Indien hat in den vergangenen 60 Jahren signifikante Fortschritte in der menschlichen Entwicklung gemacht, der Wohlstandsgewinn der wachsenden Wirtschaft ist jedoch ungleich verteilt: In Indien leben ein Drittel der weltweiten Armen.<\/strong><\/p>\n<p>&nbsp;<\/p>\n<p>Zudem geh\u00f6ren Diskriminierung aufgrund des Geschlechts, weibliche Kindest\u00f6tung und geschlechterselektive Abtreibung zum Alltag. Dies zeigt eine systematische Abwertung von Frauen und M\u00e4dchen in der Gesellschaft. Dar\u00fcber hinaus ist aufgrund des Kastensystems eine starke patriarchalische Kontrolle \u00fcber politische und soziale Prozesse verbreitet.<\/p>\n<p>&nbsp;<\/p>\n<p>Gem\u00e4ss der 73. staatlichen Verfassungs\u00e4nderung von 1992 sind in Indien ein Drittel der B\u00fcrgermeistermandate f\u00fcr Frauen reserviert. In einzelnen indischen Staaten gilt sogar die 50%-Quote. Dies ist ein revolution\u00e4rer Schritt mit enormer Tragweite. Erstmals verf\u00fcgen Frauen zumindest im Grundsatz \u00fcber das Mandat und den politischen Einfluss, sich mit den Dorfbewohnern und Dorfbewohnerinnen innen f\u00fcr ihre Anliegen einzusetzen und die Ressourcen von staatlicher Seite daf\u00fcr zu mobilisieren. Die Umsetzung dieses Gesetzes ist jedoch in der Praxis eine gro\u00dfe Herausforderung. Tief verwurzelte, patriarchalische und feudale Strukturen stehen dabei h\u00e4ufig im Wege.<\/p>\n<p>&nbsp;<\/p>\n<p><img fetchpriority=\"high\" decoding=\"async\" class=\"alignnone wp-image-640\" src=\"https:\/\/hungerprojekt.ch\/wp-content\/uploads\/2020\/11\/293228-300x200.jpg\" alt=\"\" width=\"544\" height=\"363\" srcset=\"https:\/\/hungerprojekt.ch\/wp-content\/uploads\/2020\/11\/293228-300x200.jpg 300w, https:\/\/hungerprojekt.ch\/wp-content\/uploads\/2020\/11\/293228-1024x683.jpg 1024w, https:\/\/hungerprojekt.ch\/wp-content\/uploads\/2020\/11\/293228-768x512.jpg 768w, https:\/\/hungerprojekt.ch\/wp-content\/uploads\/2020\/11\/293228-700x467.jpg 700w, https:\/\/hungerprojekt.ch\/wp-content\/uploads\/2020\/11\/293228.jpg 1200w\" sizes=\"(max-width: 544px) 100vw, 544px\" \/><\/p>\n<p>&nbsp;<\/p>\n<h2><strong>J\u00fcngste Erfolge<\/strong><\/h2>\n<p>&nbsp;<\/p>\n<p>Dank Ihrer Unterst\u00fctzung f\u00fcr unser Empowerment Programm konnten wir in Indien in letzter Zeit einiges erreichen. THP Global unterst\u00fctzte im Jahr 2019 1\u2019577 lokale B\u00fcrgermeisterinnen, sogenannte \u00abPanchayats\u00bb, in 6 Bundesstaaten und 42 Distrikten. Damit konnten insgesamt 6&#8217;856&#8217;977 Menschen von unserem Wirken profitieren.<\/p>\n<p>&nbsp;<\/p>\n<p>Auch THP Schweiz unterst\u00fctzt diese Bestrebungen in Indien immer wieder. Beispielsweise wurde 2017 das THP-Programmes in Rajasthan mit 21\u2019000 CHF unterst\u00fctzt, was 1&#8217;050 B\u00fcrgermeisterinnen zugutekam. Mit Unterst\u00fctzung von THP Indien konnten diese B\u00fcrgermeisterinnen Schwachstellen in ihrer F\u00fchrungst\u00e4tigkeit und weitere Bed\u00fcrfnisse der Gemeinde identifizieren und adressieren. Die B\u00fcrgermeisterinnen werden so bef\u00e4higt, den Zugang zu und die Ben\u00fctzung von Grundversorgungsleistungen zu verbessern.<\/p>\n<p>&nbsp;<\/p>\n<p>Folgende Grundversorgungsdienstleistungen standen dabei beispielsweise in Rajasthan im Jahr 2017 im Fokus:<\/p>\n<p>&nbsp;<\/p>\n<ul>\n<li>Lebensmittel und Ern\u00e4hrung: Verteilung von Getreide an die \u00c4rmsten sowie die Zurverf\u00fcgungstellung eines nahrhaften Mittagessens f\u00fcr die Primarsch\u00fcler<\/li>\n<\/ul>\n<p>&nbsp;<\/p>\n<ul>\n<li>Krippenpl\u00e4tze<\/li>\n<\/ul>\n<p>&nbsp;<\/p>\n<ul>\n<li>Bildung f\u00fcr M\u00e4dchen<\/li>\n<\/ul>\n<p>&nbsp;<\/p>\n<ul>\n<li>Wasser und Sanit\u00e4ranlagen in Schulen<\/li>\n<\/ul>\n<p>&nbsp;<\/p>\n<ul>\n<li>Unterk\u00fcnfte f\u00fcr die \u00c4rmsten mit spezifischem Fokus auf Frauen<\/li>\n<\/ul>\n<p>&nbsp;<\/p>\n<ul>\n<li>Infrastruktur, die essenziell ist f\u00fcr die Weiterentwicklung der Gemeinschaft. Dazu geh\u00f6ren Strassen, Elektrizit\u00e4t und Wasser.<\/li>\n<\/ul>\n<p>&nbsp;<\/p>\n<p>Ausserdem fanden im Beispielsjahr 2017 verschiedene Besprechungen zwischen den B\u00fcrgermeisterinnen und Parlamentsabgeordneten statt. Diese Treffen erm\u00f6glichen es den B\u00fcrgermeisterinnen ihre Erfahrungen zu teilen und \u00dcberzeugungsarbeit f\u00fcr ihre regionsspezifischen Herausforderungen zu leisten. Dabei waren die B\u00fcrgermeisterinnen insbesondere mit folgenden Herausforderungen konfrontiert, deren L\u00f6sung die Unterst\u00fctzung der Parlamentsabgeordneten bedingte:<\/p>\n<p>&nbsp;<\/p>\n<ul>\n<li>Bildung\/Schulen: Mangel an naturwissenschaftlichen F\u00e4chern und Lehrern;<\/li>\n<\/ul>\n<p>&nbsp;<\/p>\n<ul>\n<li>Fehlen von Panchayats-Sekret\u00e4rinnen in gewissen Panchayats. Diese Position ist unerl\u00e4sslich f\u00fcrdie Unterst\u00fctzung der B\u00fcrgermeisterinnen;<\/li>\n<\/ul>\n<p>&nbsp;<\/p>\n<ul>\n<li>Abschaffung der 2-Kind-Politik in Rajasthan;<\/li>\n<\/ul>\n<p>&nbsp;<\/p>\n<ul>\n<li>Beseitigung von Alkoholgesch\u00e4ften aus dem \u00f6ffentlichen Raum;<\/li>\n<\/ul>\n<p>&nbsp;<\/p>\n<ul>\n<li>Kompensationszahlungen an Bauern f\u00fcr Ernteausf\u00e4lle durch \u00dcberschwemmungen;<\/li>\n<\/ul>\n<p>&nbsp;<\/p>\n<ul>\n<li>Aufbau einer Hochschule;<\/li>\n<\/ul>\n<p>&nbsp;<\/p>\n<ul>\n<li>Mangel an Trinkwasseranlagen.<\/li>\n<\/ul>\n<p>&nbsp;<\/p>\n<h2>Factsheet<\/h2>\n<p>&nbsp;<\/p>\n<p><span style=\"text-decoration: underline;\"><a class=\"nplink\" href=\"https:\/\/hungerprojekt.ch\/wp-content\/uploads\/2021\/05\/Factsheet_indien.pdf\" target=\"_blank\" rel=\"noopener noreferrer\">Factsheet Indien<\/a><\/span><\/p>\n<p>&nbsp;<\/p>\n<p><img decoding=\"async\" class=\"alignnone wp-image-642\" src=\"https:\/\/hungerprojekt.ch\/wp-content\/uploads\/2020\/11\/293227-300x225.jpg\" alt=\"\" width=\"605\" height=\"454\" srcset=\"https:\/\/hungerprojekt.ch\/wp-content\/uploads\/2020\/11\/293227-300x225.jpg 300w, https:\/\/hungerprojekt.ch\/wp-content\/uploads\/2020\/11\/293227-1024x768.jpg 1024w, https:\/\/hungerprojekt.ch\/wp-content\/uploads\/2020\/11\/293227-768x576.jpg 768w, https:\/\/hungerprojekt.ch\/wp-content\/uploads\/2020\/11\/293227-800x600.jpg 800w, https:\/\/hungerprojekt.ch\/wp-content\/uploads\/2020\/11\/293227-700x525.jpg 700w, https:\/\/hungerprojekt.ch\/wp-content\/uploads\/2020\/11\/293227.jpg 1200w\" sizes=\"(max-width: 605px) 100vw, 605px\" \/><\/p>\n<p>&nbsp;<\/p>\n<p>&nbsp;<\/p>\n<h2>Reiseberichte<\/h2>\n<p>&nbsp;<\/p>\n<p><span style=\"text-decoration: underline;\"><a href=\"\/wp-content\/uploads\/2020\/11\/report_indien_2014_korrigiert.pdf\" target=\"_blank\" rel=\"noopener noreferrer\">Report on the Mission to THP India September 2014 (pdf)<\/a><\/span><\/p>\n<p>&nbsp;<\/p>\n<p><span style=\"text-decoration: underline;\"><a href=\"\/wp-content\/uploads\/2020\/11\/report_indien_2014_photos_red.pdf\" target=\"_blank\" rel=\"noopener noreferrer\">Photos of the Mission to THP India September 2014 (pdf)<\/a><\/span><\/p>\n<p>&nbsp;<\/p>\n<p><span style=\"text-decoration: underline;\"><a href=\"\/wp-content\/uploads\/2020\/11\/report_thp_india_2012.pdf\" target=\"_blank\" rel=\"noopener noreferrer\">Report on the Mission to THP India January 2012 (pdf)<\/a><\/span><\/p>\n<p>&nbsp;<\/p>\n<p><span style=\"text-decoration: underline;\"><a href=\"\/wp-content\/uploads\/2020\/11\/fotos_ragaz_thp_india.pdf\" target=\"_blank\" rel=\"noopener noreferrer\">Photos of the Mission to THP India January 2012 (pdf)<\/a><\/span><\/p>\n<p>&nbsp;<\/p>\n<p>&nbsp;<\/p>\n<div class=\"npobject\">\n<h2>Standorte in Indien<\/h2>\n<\/div>\n<p>&nbsp;<\/p>\n<p><img decoding=\"async\" class=\"alignnone wp-image-1172\" src=\"https:\/\/hungerprojekt.ch\/wp-content\/uploads\/2020\/11\/indien-karte-232x300.png\" alt=\"\" width=\"415\" height=\"537\" srcset=\"https:\/\/hungerprojekt.ch\/wp-content\/uploads\/2020\/11\/indien-karte-232x300.png 232w, https:\/\/hungerprojekt.ch\/wp-content\/uploads\/2020\/11\/indien-karte.png 278w\" sizes=\"(max-width: 415px) 100vw, 415px\" \/>[\/vc_column_text][\/vc_column][vc_column width=&#8220;3\/12&#8243; offset=&#8220;vc_hidden-md vc_hidden-sm vc_hidden-xs&#8220;][\/vc_column][\/vc_row][vc_row css_animation=&#8220;&#8220; row_type=&#8220;row&#8220; use_row_as_full_screen_section=&#8220;no&#8220; type=&#8220;full_width&#8220; angled_section=&#8220;no&#8220; text_align=&#8220;center&#8220; background_image_as_pattern=&#8220;without_pattern&#8220; z_index=&#8220;&#8220; css=&#8220;.vc_custom_1602087442483{margin-top: 50px !important;background-color: #0011aa !important;}&#8220;][vc_column][vc_row_inner row_type=&#8220;row&#8220; type=&#8220;grid&#8220; text_align=&#8220;center&#8220; css_animation=&#8220;&#8220; css=&#8220;.vc_custom_1602082086628{padding-top: 50px !important;padding-bottom: 50px !important;}&#8220;][vc_column_inner width=&#8220;2\/3&#8243; css=&#8220;.vc_custom_1602075588363{padding-top: 10px !important;padding-bottom: 10px !important;}&#8220;]<div class=\"custom_font_holder\" style=\"font-family: Unna; font-size: 34px; line-height: 41px; font-style: normal; font-weight: 300; color: #ffffff; text-decoration: none; text-align: center;\">Empowerment &#8211; Investieren Sie in Menschen!<\/div>[\/vc_column_inner][vc_column_inner width=&#8220;1\/3&#8243; css=&#8220;.vc_custom_1602075582964{padding-top: 10px !important;padding-bottom: 10px !important;}&#8220;]<a  itemprop=\"url\" href=\"\/spenden\/\" target=\"_self\" data-hover-background-color='#ffffff' data-hover-border-color='#ffffff' data-hover-color='#0011aa' class=\"qbutton  small center default\" style=\"color: #ffffff; border-color: #ffffff; font-style: normal; font-weight: 700; font-family: Source Sans Pro; text-transform: uppercase; background-color: #0011aa;\">Jetzt spenden<\/a>[\/vc_column_inner][\/vc_row_inner][\/vc_column][\/vc_row]<\/p>\n<\/div>","protected":false},"excerpt":{"rendered":"<p>[vc_row css_animation=&#8220;&#8220; row_type=&#8220;row&#8220; use_row_as_full_screen_section=&#8220;no&#8220; type=&#8220;full_width&#8220; angled_section=&#8220;no&#8220; text_align=&#8220;center&#8220; background_image_as_pattern=&#8220;without_pattern&#8220; z_index=&#8220;&#8220; css=&#8220;.vc_custom_1604521825735{background-color: #ffffff !important;}&#8220;][vc_column][vc_row_inner row_type=&#8220;row&#8220; type=&#8220;full_width&#8220; text_align=&#8220;center&#8220; css_animation=&#8220;&#8220;][vc_column_inner offset=&#8220;vc_hidden-sm vc_hidden-xs&#8220; css=&#8220;.vc_custom_1604871583263{padding-top: 500px !important;background-image: url(https:\/\/hungerprojekt.ch\/wp-content\/uploads\/2020\/11\/293226.jpg?id=637) !important;background-position: center !important;background-repeat: no-repeat !important;background-size: cover !important;}&#8220;][\/vc_column_inner][\/vc_row_inner][vc_row_inner row_type=&#8220;row&#8220; type=&#8220;full_width&#8220; text_align=&#8220;center&#8220; css_animation=&#8220;&#8220;][vc_column_inner offset=&#8220;vc_hidden-lg vc_hidden-md&#8220; css=&#8220;.vc_custom_1604871615109{padding-top: 200px !important;background-image: url(https:\/\/hungerprojekt.ch\/wp-content\/uploads\/2020\/11\/293226.jpg?id=637) !important;background-position: center !important;background-repeat: no-repeat !important;background-size: cover&#8230;<\/p>\n","protected":false},"author":1,"featured_media":0,"parent":495,"menu_order":1,"comment_status":"closed","ping_status":"closed","template":"full_width.php","meta":{"inline_featured_image":false,"footnotes":""},"class_list":["post-636","page","type-page","status-publish","hentry"],"_links":{"self":[{"href":"https:\/\/hungerprojekt.ch\/de\/wp-json\/wp\/v2\/pages\/636","targetHints":{"allow":["GET"]}}],"collection":[{"href":"https:\/\/hungerprojekt.ch\/de\/wp-json\/wp\/v2\/pages"}],"about":[{"href":"https:\/\/hungerprojekt.ch\/de\/wp-json\/wp\/v2\/types\/page"}],"author":[{"embeddable":true,"href":"https:\/\/hungerprojekt.ch\/de\/wp-json\/wp\/v2\/users\/1"}],"replies":[{"embeddable":true,"href":"https:\/\/hungerprojekt.ch\/de\/wp-json\/wp\/v2\/comments?post=636"}],"version-history":[{"count":12,"href":"https:\/\/hungerprojekt.ch\/de\/wp-json\/wp\/v2\/pages\/636\/revisions"}],"predecessor-version":[{"id":3112,"href":"https:\/\/hungerprojekt.ch\/de\/wp-json\/wp\/v2\/pages\/636\/revisions\/3112"}],"up":[{"embeddable":true,"href":"https:\/\/hungerprojekt.ch\/de\/wp-json\/wp\/v2\/pages\/495"}],"wp:attachment":[{"href":"https:\/\/hungerprojekt.ch\/de\/wp-json\/wp\/v2\/media?parent=636"}],"curies":[{"name":"wp","href":"https:\/\/api.w.org\/{rel}","templated":true}]}}