{"id":778,"date":"2020-11-16T22:43:19","date_gmt":"2020-11-16T21:43:19","guid":{"rendered":"https:\/\/hungerprojekt.ch\/?page_id=778"},"modified":"2021-05-25T17:43:28","modified_gmt":"2021-05-25T15:43:28","slug":"covid-19-antwort-und-ressourcen","status":"publish","type":"page","link":"https:\/\/hungerprojekt.ch\/de\/covid-19-antwort-und-ressourcen\/","title":{"rendered":"Unsere Antwort auf COVID-19"},"content":{"rendered":"<div class=\"wpb-content-wrapper\"><p>[vc_row css_animation=&#8220;&#8220; row_type=&#8220;row&#8220; use_row_as_full_screen_section=&#8220;no&#8220; type=&#8220;full_width&#8220; angled_section=&#8220;no&#8220; text_align=&#8220;center&#8220; background_image_as_pattern=&#8220;without_pattern&#8220; z_index=&#8220;&#8220; css=&#8220;.vc_custom_1604521825735{background-color: #ffffff !important;}&#8220;][vc_column][vc_row_inner row_type=&#8220;row&#8220; type=&#8220;full_width&#8220; text_align=&#8220;center&#8220; css_animation=&#8220;&#8220;][vc_column_inner offset=&#8220;vc_hidden-sm vc_hidden-xs&#8220; css=&#8220;.vc_custom_1605563048401{padding-top: 500px !important;background-image: url(https:\/\/hungerprojekt.ch\/wp-content\/uploads\/2020\/11\/5510497082_2de7816b87_k.jpg?id=369) !important;background-position: center !important;background-repeat: no-repeat !important;background-size: cover !important;}&#8220;][\/vc_column_inner][\/vc_row_inner][vc_row_inner row_type=&#8220;row&#8220; type=&#8220;full_width&#8220; text_align=&#8220;center&#8220; css_animation=&#8220;&#8220;][vc_column_inner offset=&#8220;vc_hidden-lg vc_hidden-md&#8220; css=&#8220;.vc_custom_1605563057011{padding-top: 200px !important;background-image: url(https:\/\/hungerprojekt.ch\/wp-content\/uploads\/2020\/11\/5510497082_2de7816b87_k.jpg?id=369) !important;background-position: center !important;background-repeat: no-repeat !important;background-size: cover !important;}&#8220;][\/vc_column_inner][\/vc_row_inner][\/vc_column][\/vc_row][vc_row css_animation=&#8220;&#8220; row_type=&#8220;row&#8220; use_row_as_full_screen_section=&#8220;no&#8220; type=&#8220;grid&#8220; angled_section=&#8220;no&#8220; text_align=&#8220;left&#8220; background_image_as_pattern=&#8220;without_pattern&#8220; z_index=&#8220;&#8220;][vc_column width=&#8220;9\/12&#8243; offset=&#8220;vc_hidden-sm vc_hidden-xs&#8220;][vc_column_text css=&#8220;.vc_custom_1605563511279{margin-top: -100px !important;padding-top: 30px !important;padding-right: 40px !important;padding-left: 40px !important;background-color: #ffffff !important;}&#8220;]<\/p>\n<h6 style=\"text-align: left;\"><a href=\"http:\/\/hungerprojekt.ch\">Home<\/a> &gt; <a href=\"\/covid-19-antwort-und-ressourcen\/\">COVID-19 Antwort und Ressourcen<\/a><\/h6>\n<p>[\/vc_column_text][vc_empty_space height=&#8220;20&#8243; css=&#8220;.vc_custom_1604579018353{background-color: #ffffff !important;}&#8220;][vc_column_text css=&#8220;.vc_custom_1621956397730{padding-right: 40px !important;padding-left: 40px !important;background-color: #ffffff !important;}&#8220;]<\/p>\n<div class=\"et_pb_module et_pb_text et_pb_text_0 et_pb_text_align_center et_pb_bg_layout_light\">\n<div class=\"et_pb_text_inner\">\n<h1><strong>Unsere Antwort auf <\/strong><strong>COVID-19 <\/strong><\/h1>\n<p>&nbsp;<\/p>\n<div class=\"npcontent\">\n<div class=\"npobject\">\n<p>Unser ganzheitlicher Ansatz f\u00f6rdert belastbare Systeme, lokale F\u00fchrungskr\u00e4fte und Resilienz. So hilft er Dorfgemeinschaften auf Herausforderungen \u2013 auch solche wie die aktuelle \u2013 zu reagieren. Um den Auswirkungen der Pandemie entgegenzuwirken haben wir \u00fcber <a href=\"https:\/\/das-hunger-projekt.de\/news\/covid-19-dorfgemeinden-widerstandsfaehig-machen\/\">500&#8217;000 ausgebildete Freiwillige<\/a> und F\u00fchrungskr\u00e4fte in 13 L\u00e4ndern mobilisiert. Durch diese Netzwerke stellten wir gemeinsam mit unseren PartnerInnen vor Ort sicher, dass die Dorfgemeinschaften die n\u00f6tigen Informationen und Werkzeuge zur Verf\u00fcgung haben, um die Auswirkungen der Pandemie einzud\u00e4mmen.<\/p>\n<p>&nbsp;<\/p>\n<p>Seit M\u00e4rz 2020 haben wir in mehreren Regionen unterschiedliche Massnahmen erfolgreich umgesetzt:<\/p>\n<p>&nbsp;<\/p>\n<\/div>\n<\/div>\n<\/div>\n<\/div>\n<p>\u2022 In Afrika haben wir \u00fcber<strong> 6\u2019500 \u201cTippy Taps\u201d<\/strong> \u2013 kontaktlose Handwaschstationen aufgestellt &#8211; begleitet von umfangreichen Aufkl\u00e4rungskampagnen.<\/p>\n<p>&nbsp;<\/p>\n<p>\u2022 In Mexiko haben wir eine Aufkl\u00e4rungskampagne f\u00fcr die indigene Bev\u00f6lkerung in sieben Sprachen \u00fcbersetzt und geteilt.<\/p>\n<p>&nbsp;<\/p>\n<p>\u2022 In Indien haben wir <strong>8\u2019000 weibliche Gemeinder\u00e4tinnen<\/strong> mit Informationen zu lokalen Corona-Hilfsprogrammen ausgestattet, die sie mit ihren \u00fcber <strong>500\u2019000 W\u00e4hlerInnen geteilt<\/strong> haben (auch via WhatsApp).<\/p>\n<p>&nbsp;<\/p>\n<p>\u2022 In Afrika haben wir Massnahmen eingeleitet, um die lokale Nahrungsmittellagerung zu verbessern und Ernteertr\u00e4ge zu steigern.<\/p>\n<p>&nbsp;<\/p>\n<p><strong>Weltweit<\/strong>\u00a0wurden<\/p>\n<p>&nbsp;<\/p>\n<p>\u2022 \u00fcber<strong> 3.6 Millionen Menschen<\/strong> erreicht durch unsere Covid-19 Aufkl\u00e4rungskampagnen, die Infos zur Ansteckungsgefahr und zu den Abstands- und Hygieneregeln vermitteln<\/p>\n<p>&nbsp;<\/p>\n<p>\u2022 mehr als <strong>200\u2019000\u00a0Lebensmittelrationen<\/strong> an bed\u00fcrftige Gemeindemitglieder verteilt<\/p>\n<p>&nbsp;<\/p>\n<p>\u2022 mehr als <strong>278\u2019000 Stoffgesichtsmasken<\/strong> in Dorfgemeinschaften hergestellt und verteilt &#8211; in einigen Gebieten wurden &#8222;N\u00e4h-Armeen&#8220; gebildet; die TeilnehmerInnen sollten voneinander etwas lernen, gemeinsam stark zu bleiben und gleichzeitig etwas zur\u00fcckgeben<\/p>\n<p>&nbsp;<\/p>\n<p>\u2022 \u00fcber<strong> 65\u2019000 kg\u00a0Handdesinfektionsmittel und\u00a0210\u2019000 kg Seife\u00a0<\/strong>verteilt[\/vc_column_text][\/vc_column][vc_column width=&#8220;3\/12&#8243; offset=&#8220;vc_hidden-md vc_hidden-sm vc_hidden-xs&#8220;][\/vc_column][\/vc_row][vc_row css_animation=&#8220;&#8220; row_type=&#8220;row&#8220; use_row_as_full_screen_section=&#8220;no&#8220; type=&#8220;grid&#8220; angled_section=&#8220;no&#8220; text_align=&#8220;left&#8220; background_image_as_pattern=&#8220;without_pattern&#8220; z_index=&#8220;&#8220;][vc_column width=&#8220;9\/12&#8243; offset=&#8220;vc_hidden-lg vc_hidden-md&#8220;][vc_column_text css=&#8220;.vc_custom_1605696870905{padding-top: 30px !important;background-color: #ffffff !important;}&#8220;]<\/p>\n<h6 style=\"text-align: left;\"><a href=\"http:\/\/hungerprojekt.ch\">Home<\/a> &gt; <a href=\"\/covid-19-antwort-und-ressourcen\/\">COVID-19 Antwort und Ressourcen<\/a><\/h6>\n<p>[\/vc_column_text][vc_empty_space height=&#8220;20&#8243; css=&#8220;.vc_custom_1604579018353{background-color: #ffffff !important;}&#8220;][vc_column_text css=&#8220;.vc_custom_1621957405080{background-color: #ffffff !important;}&#8220;]<\/p>\n<div class=\"et_pb_module et_pb_text et_pb_text_0 et_pb_text_align_center et_pb_bg_layout_light\">\n<div class=\"et_pb_text_inner\">\n<h1><strong>Unsere Antwort auf <\/strong><strong>COVID-19 <\/strong><\/h1>\n<p>&nbsp;<\/p>\n<div class=\"npcontent\">\n<div class=\"npobject\">\n<p>Unser ganzheitlicher Ansatz f\u00f6rdert belastbare Systeme, lokale F\u00fchrungskr\u00e4fte und Resilienz. So hilft er Dorfgemeinschaften auf Herausforderungen \u2013 auch solche wie die aktuelle \u2013 zu reagieren. Um den Auswirkungen der Pandemie entgegenzuwirken haben wir \u00fcber <a href=\"https:\/\/das-hunger-projekt.de\/news\/covid-19-dorfgemeinden-widerstandsfaehig-machen\/\">500&#8217;000 ausgebildete Freiwillige<\/a> und F\u00fchrungskr\u00e4fte in 13 L\u00e4ndern mobilisiert. Durch diese Netzwerke stellten wir gemeinsam mit unseren PartnerInnen vor Ort sicher, dass die Dorfgemeinschaften die n\u00f6tigen Informationen und Werkzeuge zur Verf\u00fcgung haben, um die Auswirkungen der Pandemie einzud\u00e4mmen.<\/p>\n<p>&nbsp;<\/p>\n<p>Seit M\u00e4rz 2020 haben wir in mehreren Regionen unterschiedliche Massnahmen erfolgreich umgesetzt:<\/p>\n<p>&nbsp;<\/p>\n<\/div>\n<\/div>\n<\/div>\n<\/div>\n<p>\u2022 In Afrika haben wir \u00fcber<strong> 6\u2019500 \u201cTippy Taps\u201d<\/strong> \u2013 kontaktlose Handwaschstationen aufgestellt &#8211; begleitet von umfangreichen Aufkl\u00e4rungskampagnen.<\/p>\n<p>&nbsp;<\/p>\n<p>\u2022 In Mexiko haben wir eine Aufkl\u00e4rungskampagne f\u00fcr die indigene Bev\u00f6lkerung in sieben Sprachen \u00fcbersetzt und geteilt.<\/p>\n<p>&nbsp;<\/p>\n<p>\u2022 In Indien haben wir <strong>8\u2019000 weibliche Gemeinder\u00e4tinnen<\/strong> mit Informationen zu lokalen Corona-Hilfsprogrammen ausgestattet, die sie mit ihren \u00fcber <strong>500\u2019000 W\u00e4hlerInnen geteilt<\/strong> haben (auch via WhatsApp).<\/p>\n<p>&nbsp;<\/p>\n<p>\u2022 In Afrika haben wir Massnahmen eingeleitet, um die lokale Nahrungsmittellagerung zu verbessern und Ernteertr\u00e4ge zu steigern.<\/p>\n<p>&nbsp;<\/p>\n<p><strong>Weltweit<\/strong>\u00a0wurden<\/p>\n<p>&nbsp;<\/p>\n<p>\u2022 \u00fcber<strong> 3.6 Millionen Menschen<\/strong> erreicht durch unsere Covid-19 Aufkl\u00e4rungskampagnen, die Infos zur Ansteckungsgefahr und zu den Abstands- und Hygieneregeln vermitteln<\/p>\n<p>&nbsp;<\/p>\n<p>\u2022 mehr als <strong>200\u2019000\u00a0Lebensmittelrationen<\/strong> an bed\u00fcrftige Gemeindemitglieder verteilt<\/p>\n<p>&nbsp;<\/p>\n<p>\u2022 mehr als <strong>278\u2019000 Stoffgesichtsmasken<\/strong> in Dorfgemeinschaften hergestellt und verteilt &#8211; in einigen Gebieten wurden &#8222;N\u00e4h-Armeen&#8220; gebildet; die TeilnehmerInnen sollten voneinander etwas lernen, gemeinsam stark zu bleiben und gleichzeitig etwas zur\u00fcckgeben<\/p>\n<p>&nbsp;<\/p>\n<p>\u2022 \u00fcber<strong> 65\u2019000 kg\u00a0Handdesinfektionsmittel und\u00a0210\u2019000 kg Seife\u00a0<\/strong>verteilt[\/vc_column_text][\/vc_column][vc_column width=&#8220;3\/12&#8243; offset=&#8220;vc_hidden-md vc_hidden-sm vc_hidden-xs&#8220;][\/vc_column][\/vc_row][vc_row css_animation=&#8220;&#8220; row_type=&#8220;row&#8220; use_row_as_full_screen_section=&#8220;no&#8220; type=&#8220;full_width&#8220; angled_section=&#8220;no&#8220; text_align=&#8220;center&#8220; background_image_as_pattern=&#8220;without_pattern&#8220; z_index=&#8220;&#8220; css=&#8220;.vc_custom_1602087442483{margin-top: 50px !important;background-color: #0011aa !important;}&#8220;][vc_column][vc_row_inner row_type=&#8220;row&#8220; type=&#8220;grid&#8220; text_align=&#8220;center&#8220; css_animation=&#8220;&#8220; css=&#8220;.vc_custom_1602082086628{padding-top: 50px !important;padding-bottom: 50px !important;}&#8220;][vc_column_inner width=&#8220;2\/3&#8243; css=&#8220;.vc_custom_1602075588363{padding-top: 10px !important;padding-bottom: 10px !important;}&#8220;]<div class=\"custom_font_holder\" style=\"font-family: Unna; font-size: 34px; line-height: 41px; font-style: normal; font-weight: 300; color: #ffffff; text-decoration: none; text-align: center;\">Empowerment &#8211; Investieren Sie in Menschen!<\/div>[\/vc_column_inner][vc_column_inner width=&#8220;1\/3&#8243; css=&#8220;.vc_custom_1602075582964{padding-top: 10px !important;padding-bottom: 10px !important;}&#8220;]<a  itemprop=\"url\" href=\"\/ihr-beitrag\/\" target=\"_self\" data-hover-background-color='#ffffff' data-hover-border-color='#ffffff' data-hover-color='#0011aa' class=\"qbutton  small center default\" style=\"color: #ffffff; border-color: #ffffff; font-style: normal; font-weight: 700; font-family: Source Sans Pro; text-transform: uppercase; background-color: #0011aa;\">Jetzt spenden<\/a>[\/vc_column_inner][\/vc_row_inner][\/vc_column][\/vc_row]<\/p>\n<\/div>","protected":false},"excerpt":{"rendered":"<p>[vc_row css_animation=&#8220;&#8220; row_type=&#8220;row&#8220; use_row_as_full_screen_section=&#8220;no&#8220; type=&#8220;full_width&#8220; angled_section=&#8220;no&#8220; text_align=&#8220;center&#8220; background_image_as_pattern=&#8220;without_pattern&#8220; z_index=&#8220;&#8220; css=&#8220;.vc_custom_1604521825735{background-color: #ffffff !important;}&#8220;][vc_column][vc_row_inner row_type=&#8220;row&#8220; type=&#8220;full_width&#8220; text_align=&#8220;center&#8220; css_animation=&#8220;&#8220;][vc_column_inner offset=&#8220;vc_hidden-sm vc_hidden-xs&#8220; css=&#8220;.vc_custom_1605563048401{padding-top: 500px !important;background-image: url(https:\/\/hungerprojekt.ch\/wp-content\/uploads\/2020\/11\/5510497082_2de7816b87_k.jpg?id=369) !important;background-position: center !important;background-repeat: no-repeat !important;background-size: cover !important;}&#8220;][\/vc_column_inner][\/vc_row_inner][vc_row_inner row_type=&#8220;row&#8220; type=&#8220;full_width&#8220; text_align=&#8220;center&#8220; css_animation=&#8220;&#8220;][vc_column_inner offset=&#8220;vc_hidden-lg vc_hidden-md&#8220; css=&#8220;.vc_custom_1605563057011{padding-top: 200px !important;background-image: url(https:\/\/hungerprojekt.ch\/wp-content\/uploads\/2020\/11\/5510497082_2de7816b87_k.jpg?id=369) !important;background-position: center !important;background-repeat: no-repeat !important;background-size: cover&#8230;<\/p>\n","protected":false},"author":1,"featured_media":0,"parent":0,"menu_order":0,"comment_status":"closed","ping_status":"closed","template":"full_width.php","meta":{"inline_featured_image":false,"footnotes":""},"class_list":["post-778","page","type-page","status-publish","hentry"],"_links":{"self":[{"href":"https:\/\/hungerprojekt.ch\/de\/wp-json\/wp\/v2\/pages\/778","targetHints":{"allow":["GET"]}}],"collection":[{"href":"https:\/\/hungerprojekt.ch\/de\/wp-json\/wp\/v2\/pages"}],"about":[{"href":"https:\/\/hungerprojekt.ch\/de\/wp-json\/wp\/v2\/types\/page"}],"author":[{"embeddable":true,"href":"https:\/\/hungerprojekt.ch\/de\/wp-json\/wp\/v2\/users\/1"}],"replies":[{"embeddable":true,"href":"https:\/\/hungerprojekt.ch\/de\/wp-json\/wp\/v2\/comments?post=778"}],"version-history":[{"count":13,"href":"https:\/\/hungerprojekt.ch\/de\/wp-json\/wp\/v2\/pages\/778\/revisions"}],"predecessor-version":[{"id":780,"href":"https:\/\/hungerprojekt.ch\/de\/wp-json\/wp\/v2\/pages\/778\/revisions\/780"}],"wp:attachment":[{"href":"https:\/\/hungerprojekt.ch\/de\/wp-json\/wp\/v2\/media?parent=778"}],"curies":[{"name":"wp","href":"https:\/\/api.w.org\/{rel}","templated":true}]}}