{"id":1357,"date":"2020-12-03T13:29:40","date_gmt":"2020-12-03T12:29:40","guid":{"rendered":"https:\/\/hungerprojekt.ch\/disclaimer\/"},"modified":"2020-12-12T13:36:04","modified_gmt":"2020-12-12T12:36:04","slug":"disclaimer","status":"publish","type":"page","link":"https:\/\/hungerprojekt.ch\/fr\/disclaimer\/","title":{"rendered":"Disclaimer"},"content":{"rendered":"<div class=\"wpb-content-wrapper\"><p>[vc_row css_animation=\u00a0\u00bb\u00a0\u00bb row_type=\u00a0\u00bbrow\u00a0\u00bb use_row_as_full_screen_section=\u00a0\u00bbno\u00a0\u00bb type=\u00a0\u00bbfull_width\u00a0\u00bb angled_section=\u00a0\u00bbno\u00a0\u00bb text_align=\u00a0\u00bbcenter\u00a0\u00bb background_image_as_pattern=\u00a0\u00bbwithout_pattern\u00a0\u00bb z_index=\u00a0\u00bb\u00a0\u00bb css=\u00a0\u00bb.vc_custom_1604521825735{background-color: #ffffff !important;}\u00a0\u00bb][vc_column][vc_row_inner row_type=\u00a0\u00bbrow\u00a0\u00bb type=\u00a0\u00bbfull_width\u00a0\u00bb text_align=\u00a0\u00bbcenter\u00a0\u00bb css_animation=\u00a0\u00bb\u00a0\u00bb][vc_column_inner offset=\u00a0\u00bbvc_hidden-sm vc_hidden-xs\u00a0\u00bb css=\u00a0\u00bb.vc_custom_1604503360373{padding-top: 500px !important;background-image: url(https:\/\/hungerprojekt.ch\/wp-content\/uploads\/2020\/11\/48323255317_633cac995e_o.jpg?id=163) !important;background-position: center !important;background-repeat: no-repeat !important;background-size: cover !important;}\u00a0\u00bb][\/vc_column_inner][\/vc_row_inner][vc_row_inner row_type=\u00a0\u00bbrow\u00a0\u00bb type=\u00a0\u00bbfull_width\u00a0\u00bb text_align=\u00a0\u00bbcenter\u00a0\u00bb css_animation=\u00a0\u00bb\u00a0\u00bb][vc_column_inner offset=\u00a0\u00bbvc_hidden-lg vc_hidden-md\u00a0\u00bb css=\u00a0\u00bb.vc_custom_1604503376841{padding-top: 200px !important;background-image: url(https:\/\/hungerprojekt.ch\/wp-content\/uploads\/2020\/11\/48323255317_633cac995e_o.jpg?id=163) !important;background-position: center !important;background-repeat: no-repeat !important;background-size: cover !important;}\u00a0\u00bb][\/vc_column_inner][\/vc_row_inner][\/vc_column][\/vc_row][vc_row css_animation=\u00a0\u00bb\u00a0\u00bb row_type=\u00a0\u00bbrow\u00a0\u00bb use_row_as_full_screen_section=\u00a0\u00bbno\u00a0\u00bb type=\u00a0\u00bbgrid\u00a0\u00bb angled_section=\u00a0\u00bbno\u00a0\u00bb text_align=\u00a0\u00bbleft\u00a0\u00bb background_image_as_pattern=\u00a0\u00bbwithout_pattern\u00a0\u00bb z_index=\u00a0\u00bb\u00a0\u00bb][vc_column width=\u00a0\u00bb9\/12&Prime; offset=\u00a0\u00bbvc_hidden-sm vc_hidden-xs\u00a0\u00bb][vc_column_text css=\u00a0\u00bb.vc_custom_1607001231545{margin-top: -100px !important;padding-top: 30px !important;padding-right: 40px !important;padding-left: 40px !important;background-color: #ffffff !important;}\u00a0\u00bb]<\/p>\n<h6 style=\"text-align: left;\"><a href=\"https:\/\/hungerprojekt.ch\/fr\/\">Home<\/a> &gt; <a href=\"https:\/\/hungerprojekt.ch\/fr\/disclaimer\/\">Disclaimer<\/a><\/h6>\n<p>[\/vc_column_text][vc_empty_space height=\u00a0\u00bb20&Prime; css=\u00a0\u00bb.vc_custom_1604579018353{background-color: #ffffff !important;}\u00a0\u00bb][vc_column_text css=\u00a0\u00bb.vc_custom_1607000552448{padding-right: 40px !important;padding-left: 40px !important;background-color: #ffffff !important;}\u00a0\u00bb]<\/p>\n<div class=\"et_pb_module et_pb_text et_pb_text_0 et_pb_text_align_center et_pb_bg_layout_light\">\n<div class=\"et_pb_text_inner\">\n<h1>Disclaimer<\/h1>\n<p>&nbsp;<\/p>\n<div class=\"npcontent\">\n<div class=\"npobject\">\n<p><strong>Contenu du site internet<\/strong><\/p>\n<p>&nbsp;<\/p>\n<p>Le Projet Faim Suisse n&rsquo;assume aucune responsabilit\u00e9 pour l&rsquo;actualit\u00e9, l&rsquo;exactitude, l&rsquo;exhaustivit\u00e9 ou la qualit\u00e9 des informations. Des recours en responsabilit\u00e9 envers le Projet Faim Suisse li\u00e9s \u00e0 des dommages de nature mat\u00e9rielle ou immat\u00e9rielle caus\u00e9s par l&rsquo;utilisation ou la d\u00e9su\u00e9tude de l&rsquo;information ou par l&rsquo;utilisation d&rsquo;informations erron\u00e9es et incompl\u00e8tes sont exclus. Le Projet Faim Suisse se r\u00e9serve le droit de modifier, ajouter ou supprimer des parties du site ou de cesser la publication temporairement ou d\u00e9finitivement sans pr\u00e9avis.<\/p>\n<p>&nbsp;<\/p>\n<p><strong>R\u00e9f\u00e9rences et liens<\/strong><\/p>\n<p>&nbsp;<\/p>\n<p>Les liens externes sont clairement identifi\u00e9s comme tels. Le Projet Faim Suisse n&rsquo;assume aucune responsabilit\u00e9 pour le contenu des pages li\u00e9es \u00e0 www.hungerprojekt.ch.<\/p>\n<p>&nbsp;<\/p>\n<p><strong>Droit d&rsquo;auteur<\/strong><\/p>\n<p>&nbsp;<\/p>\n<p>Le Projet Faim Suisse s&rsquo;efforce de respecter les droits d&rsquo;auteur, il utilise en priorit\u00e9 ses propres \u0153uvres ou des \u0153uvres du domaine public. Le droit d&rsquo;auteur et le droit d\u2019utilisation des photos et des clips vid\u00e9o d\u00e9pendent du Projet Faim Mondial. La r\u00e9utilisation de photos et textes exigent le consentement du Projet Faim Suisse et n&rsquo;est autoris\u00e9e que sous r\u00e9serve de la mention des informations de droit d\u2019auteur.<\/p>\n<p>&nbsp;<\/p>\n<p>La reproduction, l&rsquo;adaptation, la distribution ou toute forme d&rsquo;utilisation en dehors des limites du droit d&rsquo;auteur n\u00e9cessite l&rsquo;autorisation \u00e9crite de l&rsquo;auteur ou du cr\u00e9ateur. Le t\u00e9l\u00e9chargement et la copie de ces pages ne sont autoris\u00e9s qu\u2019\u00e0 des fins priv\u00e9es et non-commerciales.<\/p>\n<\/div>\n<\/div>\n<\/div>\n<\/div>\n<p>[\/vc_column_text][\/vc_column][vc_column width=\u00a0\u00bb3\/12&Prime; offset=\u00a0\u00bbvc_hidden-md vc_hidden-sm vc_hidden-xs\u00a0\u00bb][\/vc_column][\/vc_row][vc_row css_animation=\u00a0\u00bb\u00a0\u00bb row_type=\u00a0\u00bbrow\u00a0\u00bb use_row_as_full_screen_section=\u00a0\u00bbno\u00a0\u00bb type=\u00a0\u00bbgrid\u00a0\u00bb angled_section=\u00a0\u00bbno\u00a0\u00bb text_align=\u00a0\u00bbleft\u00a0\u00bb background_image_as_pattern=\u00a0\u00bbwithout_pattern\u00a0\u00bb z_index=\u00a0\u00bb\u00a0\u00bb][vc_column width=\u00a0\u00bb9\/12&Prime; offset=\u00a0\u00bbvc_hidden-lg vc_hidden-md\u00a0\u00bb][vc_column_text css=\u00a0\u00bb.vc_custom_1607001342813{padding-top: 30px !important;background-color: #ffffff !important;}\u00a0\u00bb]<\/p>\n<h6 style=\"text-align: left;\"><a href=\"https:\/\/hungerprojekt.ch\/fr\/\">Home<\/a> &gt; <a href=\"https:\/\/hungerprojekt.ch\/fr\/disclaimer\/\">Disclaimer<\/a><\/h6>\n<p>[\/vc_column_text][vc_empty_space height=\u00a0\u00bb20&Prime; css=\u00a0\u00bb.vc_custom_1604579018353{background-color: #ffffff !important;}\u00a0\u00bb][vc_column_text css=\u00a0\u00bb.vc_custom_1607000562254{background-color: #ffffff !important;}\u00a0\u00bb]<\/p>\n<div class=\"et_pb_module et_pb_text et_pb_text_0 et_pb_text_align_center et_pb_bg_layout_light\">\n<div class=\"et_pb_text_inner\">\n<h1>Disclaimer<\/h1>\n<p>&nbsp;<\/p>\n<div class=\"npcontent\">\n<div class=\"npobject\">\n<p><strong>Contenu du site internet<\/strong><\/p>\n<p>&nbsp;<\/p>\n<p>Le Projet Faim Suisse n&rsquo;assume aucune responsabilit\u00e9 pour l&rsquo;actualit\u00e9, l&rsquo;exactitude, l&rsquo;exhaustivit\u00e9 ou la qualit\u00e9 des informations. Des recours en responsabilit\u00e9 envers le Projet Faim Suisse li\u00e9s \u00e0 des dommages de nature mat\u00e9rielle ou immat\u00e9rielle caus\u00e9s par l&rsquo;utilisation ou la d\u00e9su\u00e9tude de l&rsquo;information ou par l&rsquo;utilisation d&rsquo;informations erron\u00e9es et incompl\u00e8tes sont exclus. Le Projet Faim Suisse se r\u00e9serve le droit de modifier, ajouter ou supprimer des parties du site ou de cesser la publication temporairement ou d\u00e9finitivement sans pr\u00e9avis.<\/p>\n<p>&nbsp;<\/p>\n<p><strong>R\u00e9f\u00e9rences et liens<\/strong><\/p>\n<p>&nbsp;<\/p>\n<p>Les liens externes sont clairement identifi\u00e9s comme tels. Le Projet Faim Suisse n&rsquo;assume aucune responsabilit\u00e9 pour le contenu des pages li\u00e9es \u00e0 www.hungerprojekt.ch.<\/p>\n<p>&nbsp;<\/p>\n<p><strong>Droit d&rsquo;auteur<\/strong><\/p>\n<p>&nbsp;<\/p>\n<p>Le Projet Faim Suisse s&rsquo;efforce de respecter les droits d&rsquo;auteur, il utilise en priorit\u00e9 ses propres \u0153uvres ou des \u0153uvres du domaine public. Le droit d&rsquo;auteur et le droit d\u2019utilisation des photos et des clips vid\u00e9o d\u00e9pendent du Projet Faim Mondial. La r\u00e9utilisation de photos et textes exigent le consentement du Projet Faim Suisse et n&rsquo;est autoris\u00e9e que sous r\u00e9serve de la mention des informations de droit d\u2019auteur.<\/p>\n<p>&nbsp;<\/p>\n<p>La reproduction, l&rsquo;adaptation, la distribution ou toute forme d&rsquo;utilisation en dehors des limites du droit d&rsquo;auteur n\u00e9cessite l&rsquo;autorisation \u00e9crite de l&rsquo;auteur ou du cr\u00e9ateur. Le t\u00e9l\u00e9chargement et la copie de ces pages ne sont autoris\u00e9s qu\u2019\u00e0 des fins priv\u00e9es et non-commerciales.<\/p>\n<\/div>\n<\/div>\n<\/div>\n<\/div>\n<p>[\/vc_column_text][\/vc_column][vc_column width=\u00a0\u00bb3\/12&Prime; offset=\u00a0\u00bbvc_hidden-md vc_hidden-sm vc_hidden-xs\u00a0\u00bb][\/vc_column][\/vc_row][vc_row css_animation=\u00a0\u00bb\u00a0\u00bb row_type=\u00a0\u00bbrow\u00a0\u00bb use_row_as_full_screen_section=\u00a0\u00bbno\u00a0\u00bb type=\u00a0\u00bbfull_width\u00a0\u00bb angled_section=\u00a0\u00bbno\u00a0\u00bb text_align=\u00a0\u00bbcenter\u00a0\u00bb background_image_as_pattern=\u00a0\u00bbwithout_pattern\u00a0\u00bb z_index=\u00a0\u00bb\u00a0\u00bb css=\u00a0\u00bb.vc_custom_1602087442483{margin-top: 50px !important;background-color: #0011aa !important;}\u00a0\u00bb][vc_column][vc_row_inner row_type=\u00a0\u00bbrow\u00a0\u00bb type=\u00a0\u00bbgrid\u00a0\u00bb text_align=\u00a0\u00bbcenter\u00a0\u00bb css_animation=\u00a0\u00bb\u00a0\u00bb css=\u00a0\u00bb.vc_custom_1602082086628{padding-top: 50px !important;padding-bottom: 50px !important;}\u00a0\u00bb][vc_column_inner width=\u00a0\u00bb2\/3&Prime; css=\u00a0\u00bb.vc_custom_1602075588363{padding-top: 10px !important;padding-bottom: 10px !important;}\u00a0\u00bb]<div class=\"custom_font_holder\" style=\"font-family: Unna; font-size: 34px; line-height: 41px; font-style: normal; font-weight: 300; color: #ffffff; text-decoration: none; text-align: center;\">Empowerment \u2013 Donnez et changez des vies!<\/div>[\/vc_column_inner][vc_column_inner width=\u00a0\u00bb1\/3&Prime; css=\u00a0\u00bb.vc_custom_1602075582964{padding-top: 10px !important;padding-bottom: 10px !important;}\u00a0\u00bb]<a  itemprop=\"url\" href=\"\/fr\/votre-contribution\/\" target=\"_self\" data-hover-background-color='#ffffff' data-hover-border-color='#ffffff' data-hover-color='#0011aa' class=\"qbutton  small center default\" style=\"color: #ffffff; border-color: #ffffff; font-style: normal; font-weight: 700; font-family: Source Sans Pro; text-transform: uppercase; background-color: #0011aa;\">Faire un don<\/a>[\/vc_column_inner][\/vc_row_inner][\/vc_column][\/vc_row]<\/p>\n<\/div>","protected":false},"excerpt":{"rendered":"<p>[vc_row css_animation=\u00a0\u00bb\u00a0\u00bb row_type=\u00a0\u00bbrow\u00a0\u00bb use_row_as_full_screen_section=\u00a0\u00bbno\u00a0\u00bb type=\u00a0\u00bbfull_width\u00a0\u00bb angled_section=\u00a0\u00bbno\u00a0\u00bb text_align=\u00a0\u00bbcenter\u00a0\u00bb background_image_as_pattern=\u00a0\u00bbwithout_pattern\u00a0\u00bb z_index=\u00a0\u00bb\u00a0\u00bb css=\u00a0\u00bb.vc_custom_1604521825735{background-color: #ffffff !important;}\u00a0\u00bb][vc_column][vc_row_inner row_type=\u00a0\u00bbrow\u00a0\u00bb type=\u00a0\u00bbfull_width\u00a0\u00bb text_align=\u00a0\u00bbcenter\u00a0\u00bb css_animation=\u00a0\u00bb\u00a0\u00bb][vc_column_inner offset=\u00a0\u00bbvc_hidden-sm vc_hidden-xs\u00a0\u00bb css=\u00a0\u00bb.vc_custom_1604503360373{padding-top: 500px !important;background-image: url(https:\/\/hungerprojekt.ch\/wp-content\/uploads\/2020\/11\/48323255317_633cac995e_o.jpg?id=163) !important;background-position: center !important;background-repeat: no-repeat !important;background-size: cover !important;}\u00a0\u00bb][\/vc_column_inner][\/vc_row_inner][vc_row_inner row_type=\u00a0\u00bbrow\u00a0\u00bb type=\u00a0\u00bbfull_width\u00a0\u00bb text_align=\u00a0\u00bbcenter\u00a0\u00bb css_animation=\u00a0\u00bb\u00a0\u00bb][vc_column_inner offset=\u00a0\u00bbvc_hidden-lg vc_hidden-md\u00a0\u00bb css=\u00a0\u00bb.vc_custom_1604503376841{padding-top: 200px !important;background-image: url(https:\/\/hungerprojekt.ch\/wp-content\/uploads\/2020\/11\/48323255317_633cac995e_o.jpg?id=163) !important;background-position: center !important;background-repeat: no-repeat !important;background-size: cover&#8230;<\/p>\n","protected":false},"author":1,"featured_media":0,"parent":0,"menu_order":0,"comment_status":"closed","ping_status":"closed","template":"full_width.php","meta":{"inline_featured_image":false,"footnotes":""},"class_list":["post-1357","page","type-page","status-publish","hentry"],"_links":{"self":[{"href":"https:\/\/hungerprojekt.ch\/fr\/wp-json\/wp\/v2\/pages\/1357","targetHints":{"allow":["GET"]}}],"collection":[{"href":"https:\/\/hungerprojekt.ch\/fr\/wp-json\/wp\/v2\/pages"}],"about":[{"href":"https:\/\/hungerprojekt.ch\/fr\/wp-json\/wp\/v2\/types\/page"}],"author":[{"embeddable":true,"href":"https:\/\/hungerprojekt.ch\/fr\/wp-json\/wp\/v2\/users\/1"}],"replies":[{"embeddable":true,"href":"https:\/\/hungerprojekt.ch\/fr\/wp-json\/wp\/v2\/comments?post=1357"}],"version-history":[{"count":9,"href":"https:\/\/hungerprojekt.ch\/fr\/wp-json\/wp\/v2\/pages\/1357\/revisions"}],"predecessor-version":[{"id":2182,"href":"https:\/\/hungerprojekt.ch\/fr\/wp-json\/wp\/v2\/pages\/1357\/revisions\/2182"}],"wp:attachment":[{"href":"https:\/\/hungerprojekt.ch\/fr\/wp-json\/wp\/v2\/media?parent=1357"}],"curies":[{"name":"wp","href":"https:\/\/api.w.org\/{rel}","templated":true}]}}