{"id":1396,"date":"2020-12-03T17:03:49","date_gmt":"2020-12-03T16:03:49","guid":{"rendered":"https:\/\/hungerprojekt.ch\/programmes-thp\/das-grundprinzip-unserer-arbeit\/"},"modified":"2026-02-23T08:51:33","modified_gmt":"2026-02-23T07:51:33","slug":"les-principes-de-notre-travail","status":"publish","type":"page","link":"https:\/\/hungerprojekt.ch\/fr\/programmes-thp\/les-principes-de-notre-travail\/","title":{"rendered":"Les principes de notre travail"},"content":{"rendered":"<div class=\"wpb-content-wrapper\"><p>[vc_row css_animation=\u00a0\u00bb\u00a0\u00bb row_type=\u00a0\u00bbrow\u00a0\u00bb use_row_as_full_screen_section=\u00a0\u00bbno\u00a0\u00bb type=\u00a0\u00bbfull_width\u00a0\u00bb angled_section=\u00a0\u00bbno\u00a0\u00bb text_align=\u00a0\u00bbcenter\u00a0\u00bb background_image_as_pattern=\u00a0\u00bbwithout_pattern\u00a0\u00bb z_index=\u00a0\u00bb\u00a0\u00bb css=\u00a0\u00bb.vc_custom_1604521825735{background-color: #ffffff !important;}\u00a0\u00bb][vc_column][vc_row_inner row_type=\u00a0\u00bbrow\u00a0\u00bb type=\u00a0\u00bbfull_width\u00a0\u00bb text_align=\u00a0\u00bbcenter\u00a0\u00bb css_animation=\u00a0\u00bb\u00a0\u00bb][vc_column_inner offset=\u00a0\u00bbvc_hidden-sm vc_hidden-xs\u00a0\u00bb css=\u00a0\u00bb.vc_custom_1606213152519{padding-top: 500px !important;background-image: url(https:\/\/hungerprojekt.ch\/wp-content\/uploads\/2020\/11\/293235.jpg?id=626) !important;background-position: center !important;background-repeat: no-repeat !important;background-size: cover !important;}\u00a0\u00bb][\/vc_column_inner][\/vc_row_inner][vc_row_inner row_type=\u00a0\u00bbrow\u00a0\u00bb type=\u00a0\u00bbfull_width\u00a0\u00bb text_align=\u00a0\u00bbcenter\u00a0\u00bb css_animation=\u00a0\u00bb\u00a0\u00bb][vc_column_inner offset=\u00a0\u00bbvc_hidden-lg vc_hidden-md\u00a0\u00bb css=\u00a0\u00bb.vc_custom_1606213160002{padding-top: 200px !important;background-image: url(https:\/\/hungerprojekt.ch\/wp-content\/uploads\/2020\/11\/293235.jpg?id=626) !important;background-position: center !important;background-repeat: no-repeat !important;background-size: cover !important;}\u00a0\u00bb][\/vc_column_inner][\/vc_row_inner][\/vc_column][\/vc_row][vc_row css_animation=\u00a0\u00bb\u00a0\u00bb row_type=\u00a0\u00bbrow\u00a0\u00bb use_row_as_full_screen_section=\u00a0\u00bbno\u00a0\u00bb type=\u00a0\u00bbgrid\u00a0\u00bb angled_section=\u00a0\u00bbno\u00a0\u00bb text_align=\u00a0\u00bbleft\u00a0\u00bb background_image_as_pattern=\u00a0\u00bbwithout_pattern\u00a0\u00bb z_index=\u00a0\u00bb\u00a0\u00bb][vc_column width=\u00a0\u00bb9\/12&Prime; offset=\u00a0\u00bbvc_hidden-sm vc_hidden-xs\u00a0\u00bb][vc_column_text css=\u00a0\u00bb.vc_custom_1607011701342{margin-top: -100px !important;padding-top: 30px !important;padding-right: 40px !important;padding-left: 40px !important;background-color: #ffffff !important;}\u00a0\u00bb]<\/p>\n<h6 style=\"text-align: left;\"><a href=\"https:\/\/hungerprojekt.ch\/fr\">Home<\/a> &gt; <a href=\"https:\/\/hungerprojekt.ch\/fr\/programmes-thp\/\">Programmes THP<\/a> &gt; <a href=\"https:\/\/hungerprojekt.ch\/fr\/programmes-thp\/les-principes-de-notre-travail\/\">Les principes de notre travail<\/a><\/h6>\n<p>[\/vc_column_text][vc_empty_space height=\u00a0\u00bb20&Prime; css=\u00a0\u00bb.vc_custom_1604579018353{background-color: #ffffff !important;}\u00a0\u00bb][vc_column_text css=\u00a0\u00bb.vc_custom_1771833074273{padding-right: 40px !important;padding-left: 40px !important;background-color: #ffffff !important;}\u00a0\u00bb]<\/p>\n<div class=\"et_pb_module et_pb_text et_pb_text_0 et_pb_text_align_center et_pb_bg_layout_light\">\n<div class=\"et_pb_text_inner\">\n<h1 style=\"text-align: left;\">Les principes de notre travail<\/h1>\n<h1 style=\"text-align: left;\">(les 3 piliers)<\/h1>\n<div class=\"npcontent\">\n<div class=\"npobject\"><\/div>\n<div class=\"npobject\"><\/div>\n<\/div>\n<\/div>\n<\/div>\n<p>&nbsp;<\/p>\n<div class=\"et_pb_module et_pb_text et_pb_text_1 et_pb_text_align_center et_pb_bg_layout_light\">\n<div class=\"et_pb_text_inner\">\n<div class=\"npobject\">\n<div class=\"npobject\">\n<div class=\"npobject\">\n<p>Les personnes, dont la vie est domin\u00e9e par la faim et la pauvret\u00e9, ne sont pas consid\u00e9r\u00e9es comme un probl\u00e8me mais, bien au contraire, comme des acteurs cl\u00e9s dans l\u2019identification, la planification et la mise en place de solutions durables. Gr\u00e2ce \u00e0 leur cr\u00e9ativit\u00e9, leurs capacit\u00e9s, leurs ressources et leur pouvoir de d\u00e9cision, ils red\u00e9finissent leur vie.<\/p>\n<\/div>\n<\/div>\n<\/div>\n<\/div>\n<\/div>\n<p>&nbsp;<\/p>\n<div class=\"npobject\">\n<h2>Le Projet Faim:<\/h2>\n<p>&nbsp;<\/p>\n<div class=\"npobject\">\n<ul>\n<li><strong>soutient les femmes comme actrices cl\u00e9s du changement: <\/strong><span class=\"a_GcMg font-feature-liga-off font-feature-clig-off font-feature-calt-off text-decoration-none text-strikethrough-none\">Les femmes sont g\u00e9n\u00e9ralement responsables de la s\u00e9curit\u00e9 alimentaire de leur famille, mais elles disposent rarement des ressources et de la libert\u00e9 n\u00e9cessaires pour y parvenir. Notre priorit\u00e9: <\/span><span class=\"a_GcMg font-feature-liga-off font-feature-clig-off font-feature-calt-off text-decoration-none text-strikethrough-none\">renforcer le pouvoir politique, social et \u00e9conomique des femmes<\/span><span class=\"a_GcMg font-feature-liga-off font-feature-clig-off font-feature-calt-off text-decoration-none text-strikethrough-none\"> afin que des communaut\u00e9s enti\u00e8res puissent en b\u00e9n\u00e9ficier: les familles sont ainsi plus r\u00e9silientes et en meilleure sant\u00e9, les enfants ont acc\u00e8s \u00e0 une meilleure \u00e9ducation, la productivit\u00e9 et les revenus augmentent.<\/span><\/li>\n<\/ul>\n<\/div>\n<\/div>\n<p>&nbsp;<\/p>\n<ul>\n<li><strong>promeut la responsabilit\u00e9 individuelle au niveau local:\u00a0<\/strong><br \/>\n<span class=\"a_GcMg font-feature-liga-off font-feature-clig-off font-feature-calt-off text-decoration-none text-strikethrough-none\">Nous encourageons la responsabilit\u00e9 individuelle des personnes concern\u00e9es sur place en renfor\u00e7ant <\/span><span class=\"a_GcMg font-feature-liga-off font-feature-clig-off font-feature-calt-off text-decoration-none text-strikethrough-none\">leurs capacit\u00e9s, leurs comp\u00e9tences en mati\u00e8re de gestion et leur confiance en elles gr\u00e2ce \u00e0 des formations cibl\u00e9es. <\/span><span class=\"a_GcMg font-feature-liga-off font-feature-clig-off font-feature-calt-off text-decoration-none text-strikethrough-none\">Des formateurs en d\u00e9veloppement locaux qualifi\u00e9s transmettent ces connaissances, motivent les autres villageois et lancent ainsi <\/span><span class=\"a_GcMg font-feature-liga-off font-feature-clig-off font-feature-calt-off text-decoration-none text-strikethrough-none\">un mouvement par leurs propres moyens.<\/span><\/li>\n<\/ul>\n<p>&nbsp;<\/p>\n<ul>\n<li><strong>coop\u00e8re avec les autorit\u00e9s locales: <\/strong>Un forum efficace doit \u00eatre cr\u00e9\u00e9 pour permettre aux villageois de subvenir \u00e0 leurs besoins primaires et d\u2019avoir acc\u00e8s aux ressources des gouvernements auxquelles ils ont droit.<\/li>\n<\/ul>\n<p>[\/vc_column_text][vc_row_inner row_type=\u00a0\u00bbrow\u00a0\u00bb type=\u00a0\u00bbfull_width\u00a0\u00bb text_align=\u00a0\u00bbleft\u00a0\u00bb css_animation=\u00a0\u00bb\u00a0\u00bb css=\u00a0\u00bb.vc_custom_1606299019073{margin-top: 50px !important;}\u00a0\u00bb][vc_column_inner width=\u00a0\u00bb1\/3&Prime;][vc_single_image image=\u00a0\u00bb1306&Prime; alignment=\u00a0\u00bbcenter\u00a0\u00bb qode_css_animation=\u00a0\u00bb\u00a0\u00bb]<div class=\"custom_font_holder\" style=\"font-family: Source Sans Pro; font-size: 20px; line-height: 26px; font-style: normal; font-weight: 700; color: #0011aa; text-decoration: none; text-align: center;\">Commencez par les femmes<\/div>[vc_empty_space height=\u00a0\u00bb20&Prime;][\/vc_column_inner][vc_column_inner width=\u00a0\u00bb1\/3&Prime;][vc_single_image image=\u00a0\u00bb1303&Prime; alignment=\u00a0\u00bbcenter\u00a0\u00bb qode_css_animation=\u00a0\u00bb\u00a0\u00bb]<div class=\"custom_font_holder\" style=\"font-family: Source Sans Pro; font-size: 20px; line-height: 26px; font-style: normal; font-weight: 700; color: #0011aa; text-decoration: none; text-align: center;\">Mobiliser les communaut\u00e9s<\/div>[vc_empty_space height=\u00a0\u00bb20&Prime;][\/vc_column_inner][vc_column_inner width=\u00a0\u00bb1\/3&Prime;][vc_single_image image=\u00a0\u00bb1300&Prime; alignment=\u00a0\u00bbcenter\u00a0\u00bb qode_css_animation=\u00a0\u00bb\u00a0\u00bb]<div class=\"custom_font_holder\" style=\"font-family: Source Sans Pro; font-size: 20px; line-height: 26px; font-style: normal; font-weight: 700; color: #0011aa; text-decoration: none; text-align: center;\">Impliquer les autorit\u00e9s locales<\/div>[vc_empty_space height=\u00a0\u00bb20&Prime;][\/vc_column_inner][\/vc_row_inner][vc_column_text css=\u00a0\u00bb.vc_custom_1607012016704{margin-top: 40px !important;padding-right: 40px !important;padding-left: 40px !important;background-color: #ffffff !important;}\u00a0\u00bb]<\/p>\n<div class=\"npobject\">\n<p>Les personnes concern\u00e9es jouent, gr\u00e2ce \u00e0 leur cr\u00e9ativit\u00e9, leur potentiel et leurs propres ressources, un r\u00f4le cl\u00e9 dans la lutte contre la faim chronique.<\/p>\n<p>&nbsp;<\/p>\n<\/div>\n<div class=\"npobject\">\n<p><strong>Pour cette raison, THP ne travaille dans les pays en d\u00e9veloppement, qu\u2019avec des employ\u00e9s et des dirigeants locaux.<\/strong><\/p>\n<\/div>\n<p>&nbsp;<\/p>\n<h6 class=\"npthumbtitle\">Projet d&rsquo;\u00e9levage caprin g\u00e9n\u00e9rant des revenus pour les \u00e9leveurs de ch\u00e8vres<\/h6>\n<div><img fetchpriority=\"high\" decoding=\"async\" class=\"alignnone wp-image-1399\" src=\"https:\/\/hungerprojekt.ch\/wp-content\/uploads\/2020\/11\/293219-300x225.jpg\" alt=\"\" width=\"459\" height=\"344\" srcset=\"https:\/\/hungerprojekt.ch\/wp-content\/uploads\/2020\/11\/293219-300x225.jpg 300w, https:\/\/hungerprojekt.ch\/wp-content\/uploads\/2020\/11\/293219-768x576.jpg 768w, https:\/\/hungerprojekt.ch\/wp-content\/uploads\/2020\/11\/293219-800x600.jpg 800w, https:\/\/hungerprojekt.ch\/wp-content\/uploads\/2020\/11\/293219-700x525.jpg 700w, https:\/\/hungerprojekt.ch\/wp-content\/uploads\/2020\/11\/293219.jpg 1000w\" sizes=\"(max-width: 459px) 100vw, 459px\" \/><\/div>\n<p>[\/vc_column_text][\/vc_column][vc_column width=\u00a0\u00bb3\/12&Prime; offset=\u00a0\u00bbvc_hidden-md vc_hidden-sm vc_hidden-xs\u00a0\u00bb][vc_column_text css=\u00a0\u00bb.vc_custom_1607436854969{margin-top: 100px !important;margin-right: 1px !important;margin-left: 41px !important;padding-top: 20px !important;padding-bottom: 20px !important;padding-left: 20px !important;background-color: #0000aa !important;}\u00a0\u00bb]<\/p>\n<h5 style=\"text-align: left;\"><a href=\"https:\/\/hungerprojekt.ch\/fr\/programmes-thp\/\"><strong>PROGRAMMES THP<\/strong><\/a><\/h5>\n<h5 style=\"text-align: left;\"><span style=\"color: #ffd214;\"><a style=\"color: #ffd214;\" href=\"https:\/\/hungerprojekt.ch\/fr\/programmes-thp\/les-principes-de-notre-travail\/\">Principe de base<\/a><\/span><\/h5>\n<h5 style=\"text-align: left;\"><a href=\"https:\/\/hungerprojekt.ch\/fr\/programmes-thp\/strategie-de-lepicentre-en-afrique\/\">Strat\u00e9gie de l\u2019Epicentre<\/a><\/h5>\n<h5 style=\"text-align: left;\"><a href=\"https:\/\/hungerprojekt.ch\/fr\/programmes-thp\/programme-de-micro-finance-de-la-strategie-de-lepicentre\/\">Progr. de micro finance<\/a><\/h5>\n<h5 style=\"text-align: left;\"><a href=\"https:\/\/hungerprojekt.ch\/fr\/programmes-thp\/autonomisation-des-femmes-en-inde\/\">Autonomisation<\/a><\/h5>\n<h5 style=\"text-align: left;\"><a href=\"https:\/\/hungerprojekt.ch\/fr\/programmes-thp\/thp-et-lagenda-2030\/\">THP et l\u2019Agenda 2030<\/a><\/h5>\n<p>[\/vc_column_text][\/vc_column][\/vc_row][vc_row css_animation=\u00a0\u00bb\u00a0\u00bb row_type=\u00a0\u00bbrow\u00a0\u00bb use_row_as_full_screen_section=\u00a0\u00bbno\u00a0\u00bb type=\u00a0\u00bbgrid\u00a0\u00bb angled_section=\u00a0\u00bbno\u00a0\u00bb text_align=\u00a0\u00bbleft\u00a0\u00bb background_image_as_pattern=\u00a0\u00bbwithout_pattern\u00a0\u00bb z_index=\u00a0\u00bb\u00a0\u00bb][vc_column width=\u00a0\u00bb9\/12&Prime; offset=\u00a0\u00bbvc_hidden-lg vc_hidden-md\u00a0\u00bb][vc_column_text css=\u00a0\u00bb.vc_custom_1607012180392{padding-top: 30px !important;background-color: #ffffff !important;}\u00a0\u00bb]<\/p>\n<h6 style=\"text-align: left;\"><a href=\"https:\/\/hungerprojekt.ch\/fr\">Home<\/a> &gt; <a href=\"https:\/\/hungerprojekt.ch\/fr\/programmes-thp\/\">Programmes THP<\/a> &gt; <a href=\"https:\/\/hungerprojekt.ch\/fr\/programmes-thp\/les-principes-de-notre-travail\/\">Les principes de notre travail<\/a><\/h6>\n<p>[\/vc_column_text][vc_empty_space height=\u00a0\u00bb20&Prime; css=\u00a0\u00bb.vc_custom_1604579018353{background-color: #ffffff !important;}\u00a0\u00bb][vc_column_text css=\u00a0\u00bb.vc_custom_1771833090713{background-color: #ffffff !important;}\u00a0\u00bb]<\/p>\n<div class=\"et_pb_module et_pb_text et_pb_text_0 et_pb_text_align_center et_pb_bg_layout_light\">\n<div class=\"et_pb_text_inner\">\n<h1 style=\"text-align: left;\">Les principes de notre travail\u00a0(les 3 piliers)<\/h1>\n<div class=\"npcontent\">\n<div class=\"npobject\"><\/div>\n<div class=\"npobject\"><\/div>\n<\/div>\n<\/div>\n<\/div>\n<p>&nbsp;<\/p>\n<div class=\"et_pb_module et_pb_text et_pb_text_1 et_pb_text_align_center et_pb_bg_layout_light\">\n<div class=\"et_pb_text_inner\">\n<div class=\"npobject\">\n<div class=\"npobject\">\n<div class=\"npobject\">\n<p>Les personnes, dont la vie est domin\u00e9e par la faim et la pauvret\u00e9, ne sont pas consid\u00e9r\u00e9es comme un probl\u00e8me mais, bien au contraire, comme des acteurs cl\u00e9s dans l\u2019identification, la planification et la mise en place de solutions durables. Gr\u00e2ce \u00e0 leur cr\u00e9ativit\u00e9, leurs capacit\u00e9s, leurs ressources et leur pouvoir de d\u00e9cision, ils red\u00e9finissent leur vie.<\/p>\n<\/div>\n<\/div>\n<\/div>\n<\/div>\n<\/div>\n<p>&nbsp;<\/p>\n<div class=\"npobject\">\n<h2>Le Projet Faim:<\/h2>\n<p>&nbsp;<\/p>\n<div class=\"npobject\"><\/div>\n<\/div>\n<div class=\"npobject\">\n<div class=\"npobject\">\n<ul>\n<li><strong>soutient les femmes comme actrices cl\u00e9s du changement: <\/strong><span class=\"a_GcMg font-feature-liga-off font-feature-clig-off font-feature-calt-off text-decoration-none text-strikethrough-none\">Les femmes sont g\u00e9n\u00e9ralement responsables de la s\u00e9curit\u00e9 alimentaire de leur famille, mais elles disposent rarement des ressources et de la libert\u00e9 n\u00e9cessaires pour y parvenir. Notre priorit\u00e9: <\/span><span class=\"a_GcMg font-feature-liga-off font-feature-clig-off font-feature-calt-off text-decoration-none text-strikethrough-none\">renforcer le pouvoir politique, social et \u00e9conomique des femmes<\/span><span class=\"a_GcMg font-feature-liga-off font-feature-clig-off font-feature-calt-off text-decoration-none text-strikethrough-none\"> afin que des communaut\u00e9s enti\u00e8res puissent en b\u00e9n\u00e9ficier: les familles sont ainsi plus r\u00e9silientes et en meilleure sant\u00e9, les enfants ont acc\u00e8s \u00e0 une meilleure \u00e9ducation, la productivit\u00e9 et les revenus augmentent.<\/span><\/li>\n<\/ul>\n<\/div>\n<\/div>\n<p>&nbsp;<\/p>\n<ul>\n<li><strong>promeut la responsabilit\u00e9 individuelle au niveau local:\u00a0<\/strong><br \/>\n<span class=\"a_GcMg font-feature-liga-off font-feature-clig-off font-feature-calt-off text-decoration-none text-strikethrough-none\">Nous encourageons la responsabilit\u00e9 individuelle des personnes concern\u00e9es sur place en renfor\u00e7ant <\/span><span class=\"a_GcMg font-feature-liga-off font-feature-clig-off font-feature-calt-off text-decoration-none text-strikethrough-none\">leurs capacit\u00e9s, leurs comp\u00e9tences en mati\u00e8re de gestion et leur confiance en elles gr\u00e2ce \u00e0 des formations cibl\u00e9es. <\/span><span class=\"a_GcMg font-feature-liga-off font-feature-clig-off font-feature-calt-off text-decoration-none text-strikethrough-none\">Des formateurs en d\u00e9veloppement locaux qualifi\u00e9s transmettent ces connaissances, motivent les autres villageois et lancent ainsi <\/span><span class=\"a_GcMg font-feature-liga-off font-feature-clig-off font-feature-calt-off text-decoration-none text-strikethrough-none\">un mouvement par leurs propres moyens.<\/span><\/li>\n<\/ul>\n<p>&nbsp;<\/p>\n<ul>\n<li><strong>coop\u00e8re avec les autorit\u00e9s locales: <\/strong>Un forum efficace doit \u00eatre cr\u00e9\u00e9 pour permettre aux villageois de subvenir \u00e0 leurs besoins primaires et d\u2019avoir acc\u00e8s aux ressources des gouvernements auxquelles ils ont droit.<\/li>\n<\/ul>\n<p>[\/vc_column_text][vc_row_inner row_type=\u00a0\u00bbrow\u00a0\u00bb type=\u00a0\u00bbfull_width\u00a0\u00bb text_align=\u00a0\u00bbleft\u00a0\u00bb css_animation=\u00a0\u00bb\u00a0\u00bb css=\u00a0\u00bb.vc_custom_1606299019073{margin-top: 50px !important;}\u00a0\u00bb][vc_column_inner width=\u00a0\u00bb1\/3&Prime;][vc_single_image image=\u00a0\u00bb1306&Prime; alignment=\u00a0\u00bbcenter\u00a0\u00bb qode_css_animation=\u00a0\u00bb\u00a0\u00bb]<div class=\"custom_font_holder\" style=\"font-family: Source Sans Pro; font-size: 20px; line-height: 26px; font-style: normal; font-weight: 700; color: #0011aa; text-decoration: none; text-align: center;\">Commencez par les femmes<\/div>[vc_empty_space height=\u00a0\u00bb20&Prime;][\/vc_column_inner][vc_column_inner width=\u00a0\u00bb1\/3&Prime;][vc_single_image image=\u00a0\u00bb1303&Prime; alignment=\u00a0\u00bbcenter\u00a0\u00bb qode_css_animation=\u00a0\u00bb\u00a0\u00bb]<div class=\"custom_font_holder\" style=\"font-family: Source Sans Pro; font-size: 20px; line-height: 26px; font-style: normal; font-weight: 700; color: #0011aa; text-decoration: none; text-align: center;\">Mobiliser les communaut\u00e9s<\/div>[vc_empty_space height=\u00a0\u00bb20&Prime;][\/vc_column_inner][vc_column_inner width=\u00a0\u00bb1\/3&Prime;][vc_single_image image=\u00a0\u00bb1300&Prime; alignment=\u00a0\u00bbcenter\u00a0\u00bb qode_css_animation=\u00a0\u00bb\u00a0\u00bb]<div class=\"custom_font_holder\" style=\"font-family: Source Sans Pro; font-size: 20px; line-height: 26px; font-style: normal; font-weight: 700; color: #0011aa; text-decoration: none; text-align: center;\">Impliquer les autorit\u00e9s locales<\/div>[vc_empty_space height=\u00a0\u00bb20&Prime;][\/vc_column_inner][\/vc_row_inner][vc_column_text css=\u00a0\u00bb.vc_custom_1607012275520{margin-top: 40px !important;background-color: #ffffff !important;}\u00a0\u00bb]<\/p>\n<div class=\"npobject\">\n<p>Les personnes concern\u00e9es jouent, gr\u00e2ce \u00e0 leur cr\u00e9ativit\u00e9, leur potentiel et leurs propres ressources, un r\u00f4le cl\u00e9 dans la lutte contre la faim chronique.<\/p>\n<p>&nbsp;<\/p>\n<\/div>\n<div class=\"npobject\">\n<p><strong>Pour cette raison, THP ne travaille dans les pays en d\u00e9veloppement, qu\u2019avec des employ\u00e9s et des dirigeants locaux.<\/strong><\/p>\n<\/div>\n<p>&nbsp;<\/p>\n<h6 class=\"npthumbtitle\">Projet d&rsquo;\u00e9levage caprin g\u00e9n\u00e9rant des revenus pour les \u00e9leveurs de ch\u00e8vres<\/h6>\n<div><img fetchpriority=\"high\" decoding=\"async\" class=\"alignnone wp-image-1399\" src=\"https:\/\/hungerprojekt.ch\/wp-content\/uploads\/2020\/11\/293219-300x225.jpg\" alt=\"\" width=\"459\" height=\"344\" srcset=\"https:\/\/hungerprojekt.ch\/wp-content\/uploads\/2020\/11\/293219-300x225.jpg 300w, https:\/\/hungerprojekt.ch\/wp-content\/uploads\/2020\/11\/293219-768x576.jpg 768w, https:\/\/hungerprojekt.ch\/wp-content\/uploads\/2020\/11\/293219-800x600.jpg 800w, https:\/\/hungerprojekt.ch\/wp-content\/uploads\/2020\/11\/293219-700x525.jpg 700w, https:\/\/hungerprojekt.ch\/wp-content\/uploads\/2020\/11\/293219.jpg 1000w\" sizes=\"(max-width: 459px) 100vw, 459px\" \/><\/div>\n<p>[\/vc_column_text][\/vc_column][vc_column width=\u00a0\u00bb3\/12&Prime; offset=\u00a0\u00bbvc_hidden-md vc_hidden-sm vc_hidden-xs\u00a0\u00bb][\/vc_column][\/vc_row][vc_row css_animation=\u00a0\u00bb\u00a0\u00bb row_type=\u00a0\u00bbrow\u00a0\u00bb use_row_as_full_screen_section=\u00a0\u00bbno\u00a0\u00bb type=\u00a0\u00bbfull_width\u00a0\u00bb angled_section=\u00a0\u00bbno\u00a0\u00bb text_align=\u00a0\u00bbcenter\u00a0\u00bb background_image_as_pattern=\u00a0\u00bbwithout_pattern\u00a0\u00bb z_index=\u00a0\u00bb\u00a0\u00bb css=\u00a0\u00bb.vc_custom_1602087442483{margin-top: 50px !important;background-color: #0011aa !important;}\u00a0\u00bb][vc_column][vc_row_inner row_type=\u00a0\u00bbrow\u00a0\u00bb type=\u00a0\u00bbgrid\u00a0\u00bb text_align=\u00a0\u00bbcenter\u00a0\u00bb css_animation=\u00a0\u00bb\u00a0\u00bb css=\u00a0\u00bb.vc_custom_1602082086628{padding-top: 50px !important;padding-bottom: 50px !important;}\u00a0\u00bb][vc_column_inner width=\u00a0\u00bb2\/3&Prime; css=\u00a0\u00bb.vc_custom_1602075588363{padding-top: 10px !important;padding-bottom: 10px !important;}\u00a0\u00bb]<div class=\"custom_font_holder\" style=\"font-family: Unna; font-size: 34px; line-height: 41px; font-style: normal; font-weight: 300; color: #ffffff; text-decoration: none; text-align: center;\">Empowerment \u2013 Donnez et changez des vies!<\/div>[\/vc_column_inner][vc_column_inner width=\u00a0\u00bb1\/3&Prime; css=\u00a0\u00bb.vc_custom_1602075582964{padding-top: 10px !important;padding-bottom: 10px !important;}\u00a0\u00bb]<a  itemprop=\"url\" href=\"\/fr\/votre-contribution\/\" target=\"_self\" data-hover-background-color='#ffffff' data-hover-border-color='#ffffff' data-hover-color='#0011aa' class=\"qbutton  small center default\" style=\"color: #ffffff; border-color: #ffffff; font-style: normal; font-weight: 700; font-family: Source Sans Pro; text-transform: uppercase; background-color: #0011aa;\">Faire un don<\/a>[\/vc_column_inner][\/vc_row_inner][\/vc_column][\/vc_row]<\/p>\n<\/div>","protected":false},"excerpt":{"rendered":"<p>[vc_row css_animation=\u00a0\u00bb\u00a0\u00bb row_type=\u00a0\u00bbrow\u00a0\u00bb use_row_as_full_screen_section=\u00a0\u00bbno\u00a0\u00bb type=\u00a0\u00bbfull_width\u00a0\u00bb angled_section=\u00a0\u00bbno\u00a0\u00bb text_align=\u00a0\u00bbcenter\u00a0\u00bb background_image_as_pattern=\u00a0\u00bbwithout_pattern\u00a0\u00bb z_index=\u00a0\u00bb\u00a0\u00bb css=\u00a0\u00bb.vc_custom_1604521825735{background-color: #ffffff !important;}\u00a0\u00bb][vc_column][vc_row_inner row_type=\u00a0\u00bbrow\u00a0\u00bb type=\u00a0\u00bbfull_width\u00a0\u00bb text_align=\u00a0\u00bbcenter\u00a0\u00bb css_animation=\u00a0\u00bb\u00a0\u00bb][vc_column_inner offset=\u00a0\u00bbvc_hidden-sm vc_hidden-xs\u00a0\u00bb css=\u00a0\u00bb.vc_custom_1606213152519{padding-top: 500px !important;background-image: url(https:\/\/hungerprojekt.ch\/wp-content\/uploads\/2020\/11\/293235.jpg?id=626) !important;background-position: center !important;background-repeat: no-repeat !important;background-size: cover !important;}\u00a0\u00bb][\/vc_column_inner][\/vc_row_inner][vc_row_inner row_type=\u00a0\u00bbrow\u00a0\u00bb type=\u00a0\u00bbfull_width\u00a0\u00bb text_align=\u00a0\u00bbcenter\u00a0\u00bb css_animation=\u00a0\u00bb\u00a0\u00bb][vc_column_inner offset=\u00a0\u00bbvc_hidden-lg vc_hidden-md\u00a0\u00bb css=\u00a0\u00bb.vc_custom_1606213160002{padding-top: 200px !important;background-image: url(https:\/\/hungerprojekt.ch\/wp-content\/uploads\/2020\/11\/293235.jpg?id=626) !important;background-position: center !important;background-repeat: no-repeat !important;background-size: cover&#8230;<\/p>\n","protected":false},"author":1,"featured_media":0,"parent":1383,"menu_order":1,"comment_status":"closed","ping_status":"closed","template":"full_width.php","meta":{"inline_featured_image":false,"footnotes":""},"class_list":["post-1396","page","type-page","status-publish","hentry"],"_links":{"self":[{"href":"https:\/\/hungerprojekt.ch\/fr\/wp-json\/wp\/v2\/pages\/1396","targetHints":{"allow":["GET"]}}],"collection":[{"href":"https:\/\/hungerprojekt.ch\/fr\/wp-json\/wp\/v2\/pages"}],"about":[{"href":"https:\/\/hungerprojekt.ch\/fr\/wp-json\/wp\/v2\/types\/page"}],"author":[{"embeddable":true,"href":"https:\/\/hungerprojekt.ch\/fr\/wp-json\/wp\/v2\/users\/1"}],"replies":[{"embeddable":true,"href":"https:\/\/hungerprojekt.ch\/fr\/wp-json\/wp\/v2\/comments?post=1396"}],"version-history":[{"count":18,"href":"https:\/\/hungerprojekt.ch\/fr\/wp-json\/wp\/v2\/pages\/1396\/revisions"}],"predecessor-version":[{"id":6207,"href":"https:\/\/hungerprojekt.ch\/fr\/wp-json\/wp\/v2\/pages\/1396\/revisions\/6207"}],"up":[{"embeddable":true,"href":"https:\/\/hungerprojekt.ch\/fr\/wp-json\/wp\/v2\/pages\/1383"}],"wp:attachment":[{"href":"https:\/\/hungerprojekt.ch\/fr\/wp-json\/wp\/v2\/media?parent=1396"}],"curies":[{"name":"wp","href":"https:\/\/api.w.org\/{rel}","templated":true}]}}