{"id":1410,"date":"2020-12-03T18:09:28","date_gmt":"2020-12-03T17:09:28","guid":{"rendered":"https:\/\/hungerprojekt.ch\/programmes-thp\/empowerment-von-frauen-in-indien\/"},"modified":"2020-12-12T13:36:19","modified_gmt":"2020-12-12T12:36:19","slug":"autonomisation-des-femmes-en-inde","status":"publish","type":"page","link":"https:\/\/hungerprojekt.ch\/fr\/programmes-thp\/autonomisation-des-femmes-en-inde\/","title":{"rendered":"Autonomisation des femmes en Inde"},"content":{"rendered":"<div class=\"wpb-content-wrapper\"><p>[vc_row css_animation=\u00a0\u00bb\u00a0\u00bb row_type=\u00a0\u00bbrow\u00a0\u00bb use_row_as_full_screen_section=\u00a0\u00bbno\u00a0\u00bb type=\u00a0\u00bbfull_width\u00a0\u00bb angled_section=\u00a0\u00bbno\u00a0\u00bb text_align=\u00a0\u00bbcenter\u00a0\u00bb background_image_as_pattern=\u00a0\u00bbwithout_pattern\u00a0\u00bb z_index=\u00a0\u00bb\u00a0\u00bb css=\u00a0\u00bb.vc_custom_1604521825735{background-color: #ffffff !important;}\u00a0\u00bb][vc_column][vc_row_inner row_type=\u00a0\u00bbrow\u00a0\u00bb type=\u00a0\u00bbfull_width\u00a0\u00bb text_align=\u00a0\u00bbcenter\u00a0\u00bb css_animation=\u00a0\u00bb\u00a0\u00bb][vc_column_inner offset=\u00a0\u00bbvc_hidden-sm vc_hidden-xs\u00a0\u00bb css=\u00a0\u00bb.vc_custom_1604762710274{padding-top: 500px !important;background-image: url(https:\/\/hungerprojekt.ch\/wp-content\/uploads\/2020\/11\/293266.jpg?id=472) !important;background-position: center !important;background-repeat: no-repeat !important;background-size: cover !important;}\u00a0\u00bb][\/vc_column_inner][\/vc_row_inner][vc_row_inner row_type=\u00a0\u00bbrow\u00a0\u00bb type=\u00a0\u00bbfull_width\u00a0\u00bb text_align=\u00a0\u00bbcenter\u00a0\u00bb css_animation=\u00a0\u00bb\u00a0\u00bb][vc_column_inner offset=\u00a0\u00bbvc_hidden-lg vc_hidden-md\u00a0\u00bb css=\u00a0\u00bb.vc_custom_1604762702538{padding-top: 200px !important;background-image: url(https:\/\/hungerprojekt.ch\/wp-content\/uploads\/2020\/11\/293266.jpg?id=472) !important;background-position: center !important;background-repeat: no-repeat !important;background-size: cover !important;}\u00a0\u00bb][\/vc_column_inner][\/vc_row_inner][\/vc_column][\/vc_row][vc_row css_animation=\u00a0\u00bb\u00a0\u00bb row_type=\u00a0\u00bbrow\u00a0\u00bb use_row_as_full_screen_section=\u00a0\u00bbno\u00a0\u00bb type=\u00a0\u00bbgrid\u00a0\u00bb angled_section=\u00a0\u00bbno\u00a0\u00bb text_align=\u00a0\u00bbleft\u00a0\u00bb background_image_as_pattern=\u00a0\u00bbwithout_pattern\u00a0\u00bb z_index=\u00a0\u00bb\u00a0\u00bb][vc_column width=\u00a0\u00bb9\/12&Prime; offset=\u00a0\u00bbvc_hidden-sm vc_hidden-xs\u00a0\u00bb][vc_column_text css=\u00a0\u00bb.vc_custom_1607017756751{margin-top: -100px !important;padding-top: 30px !important;padding-right: 40px !important;padding-left: 40px !important;background-color: #ffffff !important;}\u00a0\u00bb]<\/p>\n<h6 style=\"text-align: left;\"><a href=\"http:\/\/hungerprojekt.ch\/fr\/\">Home<\/a> &gt; <a href=\"https:\/\/hungerprojekt.ch\/fr\/programmes-thp\/\">Programmes THP<\/a> &gt; <a href=\"https:\/\/hungerprojekt.ch\/fr\/programmes-thp\/autonomisation-des-femmes-en-inde\/\">Autonomisation<\/a><\/h6>\n<p>[\/vc_column_text][vc_empty_space height=\u00a0\u00bb20&Prime; css=\u00a0\u00bb.vc_custom_1604579018353{background-color: #ffffff !important;}\u00a0\u00bb][vc_column_text css=\u00a0\u00bb.vc_custom_1607015566863{padding-right: 40px !important;padding-left: 40px !important;background-color: #ffffff !important;}\u00a0\u00bb]<\/p>\n<div class=\"et_pb_module et_pb_text et_pb_text_0 et_pb_text_align_center et_pb_bg_layout_light\">\n<div class=\"et_pb_text_inner\">\n<h1>Autonomisation des femmes en Inde<\/h1>\n<\/div>\n<\/div>\n<p>[\/vc_column_text][vc_video link=\u00a0\u00bbhttps:\/\/youtu.be\/x8gi8f3muxo\u00a0\u00bb css=\u00a0\u00bb.vc_custom_1604761720498{margin-top: 30px !important;padding-right: 40px !important;padding-left: 40px !important;}\u00a0\u00bb][vc_column_text css=\u00a0\u00bb.vc_custom_1607437850631{margin-top: 20px !important;padding-right: 40px !important;padding-left: 40px !important;background-color: #ffffff !important;}\u00a0\u00bb]En Inde, le renforcement du potentiel des femmes, pour leur permettre de devenir actrice du changement, a d\u00e9j\u00e0 apport\u00e9 beaucoup.<\/p>\n<p>&nbsp;<\/p>\n<p><span style=\"text-decoration: underline;\"><a href=\"\/wp-content\/uploads\/2020\/11\/sweep_factsheet_i.pdf\" target=\"_blank\" rel=\"noopener noreferrer\">Fachtsheet:\u00a0Strengthening Women&rsquo;s Empowerment in India\u00a0trough Electoral Processes (SWEEP)<\/a><\/span><\/p>\n<p>&nbsp;<\/p>\n<p><span style=\"text-decoration: underline;\"><a href=\"https:\/\/www.livemint.com\/Leisure\/NFEy7XCkBo8M0hFvFsYgSL\/The-Hunger-Project--How-the-women-found-their-voice.html\" target=\"_blank\" rel=\"noopener noreferrer\">Article: How the women found their voice<\/a><\/span><\/p>\n<p>&nbsp;<\/p>\n<p><span style=\"text-decoration: underline;\"><a href=\"http:\/\/www.hungerprojekt.ch\/fr\/programmes-thp\/thp-suisse\/inde\" target=\"_blank\" rel=\"noopener noreferrer\">THP Suisse en Inde<\/a><\/span><\/p>\n<p>&nbsp;<\/p>\n<p>&nbsp;<\/p>\n<div class=\"npobject\">\n<h2>Les quotas f\u00e9minins dans les Panch\u00e2yat<\/h2>\n<\/div>\n<p>&nbsp;<\/p>\n<p>En Inde, nous observons une des plus grandes exp\u00e9riences sociales de notre temps : En 1992, le gouvernement indien a l\u00e9gif\u00e9r\u00e9 pour d\u00e9l\u00e9guer, dans les r\u00e9gions rurales, le pouvoir politique et les ressources aupr\u00e8s de groupes \u00e9lus locaux, les \u00ab\u00a0Panch\u00e2yat\u00a0\u00bb.<\/p>\n<p>&nbsp;<\/p>\n<p><strong>Un des points importants de cette loi est qu\u2019un tiers des repr\u00e9sentants des Panch\u00e2yat doivent \u00eatre des femmes. Cela repr\u00e9sente un pas r\u00e9volutionnaire avec une port\u00e9e immense.<\/strong> Pour la premi\u00e8re fois, les femmes &#8211; dont la vie est marqu\u00e9e, depuis des centenaires, d\u2019impuissance, de malnutrition et de manque d\u2019\u00e9ducation &#8211; re\u00e7oivent, au moins en principe, un mandat politique et la possibilit\u00e9 de s\u2019engager pour les besoins des villageois et des villageoises et de mobiliser les ressources gouvernementales.<\/p>\n<p>&nbsp;<\/p>\n<p>La mise en place de cette loi, en pratique, est un grand challenge. Les structures patriarcales et f\u00e9odales sont tr\u00e8s ancr\u00e9es et sont tr\u00e8s souvent des obstacles. Dans le m\u00eame temps, les femmes doivent tout d\u2019abord s\u2019adapter \u00e0 leur nouveau r\u00f4le. Pour une femme indienne, par exemple, c\u2019est une toute nouvelle exp\u00e9rience de se faire entendre lors d\u2019un rassemblement politique \u2013 cela demande beaucoup de courage.<\/p>\n<p>&nbsp;<\/p>\n<p><img fetchpriority=\"high\" decoding=\"async\" class=\"alignnone wp-image-1413\" src=\"https:\/\/hungerprojekt.ch\/wp-content\/uploads\/2020\/11\/293240-300x198.jpg\" alt=\"\" width=\"515\" height=\"340\" srcset=\"https:\/\/hungerprojekt.ch\/wp-content\/uploads\/2020\/11\/293240-300x198.jpg 300w, https:\/\/hungerprojekt.ch\/wp-content\/uploads\/2020\/11\/293240.jpg 428w\" sizes=\"(max-width: 515px) 100vw, 515px\" \/><\/p>\n<p>&nbsp;<\/p>\n<div class=\"npobject\">\n<h2>Soutien des repr\u00e9sentantes \u00e9lues<\/h2>\n<\/div>\n<p>&nbsp;<\/p>\n<p>Sans une formation et un soutien ad\u00e9quats, ces femmes ont, dans un monde domin\u00e9 par les hommes, peu de chances d\u2019imposer leurs demandes \u2013 par exemple une meilleure alimentation, \u00e9ducation, sant\u00e9, de l\u2019eau propre, des mesures pour s\u00e9curiser le revenu.<\/p>\n<p>&nbsp;<\/p>\n<p>Pour le Projet Faim, la participation de plus d\u2019un million de femmes \u00e0 la vie politique r\u00e9gionale et suprar\u00e9gionale est tr\u00e8s importante. THP y voit une mesure d\u00e9cisive pour mettre un terme \u00e0 la faim chronique et \u00e0 la pauvret\u00e9.<\/p>\n<p>&nbsp;<\/p>\n<p><img decoding=\"async\" class=\"alignnone wp-image-1416\" src=\"https:\/\/hungerprojekt.ch\/wp-content\/uploads\/2020\/11\/293242-300x225.jpg\" alt=\"\" width=\"572\" height=\"429\" srcset=\"https:\/\/hungerprojekt.ch\/wp-content\/uploads\/2020\/11\/293242-300x225.jpg 300w, https:\/\/hungerprojekt.ch\/wp-content\/uploads\/2020\/11\/293242-1024x768.jpg 1024w, https:\/\/hungerprojekt.ch\/wp-content\/uploads\/2020\/11\/293242-768x576.jpg 768w, https:\/\/hungerprojekt.ch\/wp-content\/uploads\/2020\/11\/293242-800x600.jpg 800w, https:\/\/hungerprojekt.ch\/wp-content\/uploads\/2020\/11\/293242-700x525.jpg 700w, https:\/\/hungerprojekt.ch\/wp-content\/uploads\/2020\/11\/293242.jpg 1300w\" sizes=\"(max-width: 572px) 100vw, 572px\" \/><\/p>\n<p>&nbsp;<\/p>\n<div class=\"npobject\">\n<h2>Les quatre piliers du Projet Faim en Inde<\/h2>\n<\/div>\n<p>&nbsp;<\/p>\n<p>Pour cette raison, le Projet Faim en Inde se concentre sur le renforcement des femmes dans les groupes politiques locaux, les Panch\u00e2yat. Ce travail se base sur quatre piliers strat\u00e9giques:<\/p>\n<p>&nbsp;<\/p>\n<ul>\n<li>Des ateliers de Women\u00b4s Leadership pour les femmes \u00e9lues dans les villages pour renforcer leurs comp\u00e9tences de direction et les soutenir en continu.<\/li>\n<\/ul>\n<p>&nbsp;<\/p>\n<ul>\n<li>La cr\u00e9ation d\u2019alliances autour d\u2019actions, de coop\u00e9ration et de partenariats avec des organisations poursuivant le m\u00eame but.<\/li>\n<\/ul>\n<p>&nbsp;<\/p>\n<ul>\n<li>Une couverture m\u00e9diatique meilleure et renforc\u00e9e gr\u00e2ce \u00e0 la remise du prix Sarojini-Naidu pour les meilleurs reportages sur les succ\u00e8s des conseill\u00e8res dans les Panch\u00e2yat.<\/li>\n<\/ul>\n<p>&nbsp;<\/p>\n<ul>\n<li>Mobilisation du soutien international gr\u00e2ce aux investisseurs du Projet Faim.<\/li>\n<\/ul>\n<p>[\/vc_column_text][vc_gallery type=\u00a0\u00bbimage_grid\u00a0\u00bb images=\u00a0\u00bb1425,1422,1419&Prime; img_size=\u00a0\u00bb400&#215;400&Prime; column_number=\u00a0\u00bb3&Prime; grayscale=\u00a0\u00bbno\u00a0\u00bb images_space=\u00a0\u00bbgallery_without_space\u00a0\u00bb css=\u00a0\u00bb.vc_custom_1604763416427{margin-top: 30px !important;padding-right: 40px !important;padding-left: 40px !important;}\u00a0\u00bb][vc_column_text css=\u00a0\u00bb.vc_custom_1607015852930{margin-top: 50px !important;padding-right: 40px !important;padding-left: 40px !important;}\u00a0\u00bb]<\/p>\n<div class=\"npobject\">\n<h2>Sites THP en Inde<\/h2>\n<p>&nbsp;<\/p>\n<p>&nbsp;<\/p>\n<\/div>\n<p style=\"text-align: center;\"><iframe src=\"https:\/\/www.ngoaidmap.org\/organizations\/83?geolocation=gn_1269750&amp;level=1&amp;embed=true\" width=\"740\" height=\"400\" frameborder=\"0\"><span data-mce-type=\"bookmark\" style=\"display: inline-block; width: 0px; overflow: hidden; line-height: 0;\" class=\"mce_SELRES_start\">\ufeff<\/span><\/iframe><\/p>\n<p>[\/vc_column_text][\/vc_column][vc_column width=\u00a0\u00bb3\/12&Prime; offset=\u00a0\u00bbvc_hidden-md vc_hidden-sm vc_hidden-xs\u00a0\u00bb][vc_column_text css=\u00a0\u00bb.vc_custom_1607437640314{margin-top: 100px !important;margin-right: 1px !important;margin-left: 41px !important;padding-top: 20px !important;padding-bottom: 20px !important;padding-left: 20px !important;background-color: #0000aa !important;}\u00a0\u00bb]<\/p>\n<h5 style=\"text-align: left;\"><a href=\"https:\/\/hungerprojekt.ch\/fr\/programmes-thp\/\"><strong>PROGRAMMES THP<\/strong><\/a><\/h5>\n<h5 style=\"text-align: left;\"><a href=\"https:\/\/hungerprojekt.ch\/fr\/programmes-thp\/les-principes-de-notre-travail\/\">Principe de base<\/a><\/h5>\n<h5 style=\"text-align: left;\"><a href=\"https:\/\/hungerprojekt.ch\/fr\/programmes-thp\/strategie-de-lepicentre-en-afrique\/\">Strat\u00e9gie de l\u2019Epicentre<\/a><\/h5>\n<h5 style=\"text-align: left;\"><a href=\"https:\/\/hungerprojekt.ch\/fr\/programmes-thp\/programme-de-micro-finance-de-la-strategie-de-lepicentre\/\">Progr. de micro finance<\/a><\/h5>\n<h5 style=\"text-align: left;\"><span style=\"color: #ffd214;\"><a style=\"color: #ffd214;\" href=\"https:\/\/hungerprojekt.ch\/fr\/programmes-thp\/autonomisation-des-femmes-en-inde\/\">Autonomisation<\/a><\/span><\/h5>\n<h5 style=\"text-align: left;\"><a href=\"https:\/\/hungerprojekt.ch\/fr\/programmes-thp\/thp-et-lagenda-2030\/\">THP et l\u2019Agenda 2030<\/a><\/h5>\n<p>[\/vc_column_text][\/vc_column][\/vc_row][vc_row css_animation=\u00a0\u00bb\u00a0\u00bb row_type=\u00a0\u00bbrow\u00a0\u00bb use_row_as_full_screen_section=\u00a0\u00bbno\u00a0\u00bb type=\u00a0\u00bbgrid\u00a0\u00bb angled_section=\u00a0\u00bbno\u00a0\u00bb text_align=\u00a0\u00bbleft\u00a0\u00bb background_image_as_pattern=\u00a0\u00bbwithout_pattern\u00a0\u00bb z_index=\u00a0\u00bb\u00a0\u00bb][vc_column width=\u00a0\u00bb9\/12&Prime; offset=\u00a0\u00bbvc_hidden-lg vc_hidden-md\u00a0\u00bb][vc_column_text css=\u00a0\u00bb.vc_custom_1607017766664{padding-top: 30px !important;background-color: #ffffff !important;}\u00a0\u00bb]<\/p>\n<h6 style=\"text-align: left;\"><a href=\"http:\/\/hungerprojekt.ch\/fr\/\">Home<\/a> &gt; <a href=\"https:\/\/hungerprojekt.ch\/fr\/programmes-thp\/\">Programmes THP<\/a> &gt; <a href=\"https:\/\/hungerprojekt.ch\/fr\/programmes-thp\/autonomisation-des-femmes-en-inde\/\">Autonomisation<\/a><\/h6>\n<p>[\/vc_column_text][vc_empty_space height=\u00a0\u00bb20&Prime; css=\u00a0\u00bb.vc_custom_1604579018353{background-color: #ffffff !important;}\u00a0\u00bb][vc_column_text css=\u00a0\u00bb.vc_custom_1607017784460{background-color: #ffffff !important;}\u00a0\u00bb]<\/p>\n<div class=\"et_pb_module et_pb_text et_pb_text_0 et_pb_text_align_center et_pb_bg_layout_light\">\n<div class=\"et_pb_text_inner\">\n<h1>Autonomisation des femmes en Inde<\/h1>\n<\/div>\n<\/div>\n<p>[\/vc_column_text][vc_video link=\u00a0\u00bbhttps:\/\/youtu.be\/x8gi8f3muxo\u00a0\u00bb css=\u00a0\u00bb.vc_custom_1604763741084{margin-top: 30px !important;}\u00a0\u00bb][vc_column_text css=\u00a0\u00bb.vc_custom_1607437867066{margin-top: 20px !important;background-color: #ffffff !important;}\u00a0\u00bb]En Inde, le renforcement du potentiel des femmes, pour leur permettre de devenir actrice du changement, a d\u00e9j\u00e0 apport\u00e9 beaucoup.<\/p>\n<p>&nbsp;<\/p>\n<p><span style=\"text-decoration: underline;\"><a href=\"\/wp-content\/uploads\/2020\/11\/sweep_factsheet_i.pdf\" target=\"_blank\" rel=\"noopener noreferrer\">Fachtsheet:\u00a0Strengthening Women&rsquo;s Empowerment in India\u00a0trough Electoral Processes (SWEEP)<\/a><\/span><\/p>\n<p>&nbsp;<\/p>\n<p><span style=\"text-decoration: underline;\"><a href=\"https:\/\/www.livemint.com\/Leisure\/NFEy7XCkBo8M0hFvFsYgSL\/The-Hunger-Project--How-the-women-found-their-voice.html\" target=\"_blank\" rel=\"noopener noreferrer\">Article: How the women found their voice<\/a><\/span><\/p>\n<p>&nbsp;<\/p>\n<p><span style=\"text-decoration: underline;\"><a href=\"http:\/\/www.hungerprojekt.ch\/fr\/programmes-thp\/thp-suisse\/inde\" target=\"_blank\" rel=\"noopener noreferrer\">THP Suisse en Inde<\/a><\/span><\/p>\n<p>&nbsp;<\/p>\n<p>&nbsp;<\/p>\n<div class=\"npobject\">\n<h2>Les quotas f\u00e9minins dans les Panch\u00e2yat<\/h2>\n<\/div>\n<p>&nbsp;<\/p>\n<p>En Inde, nous observons une des plus grandes exp\u00e9riences sociales de notre temps : En 1992, le gouvernement indien a l\u00e9gif\u00e9r\u00e9 pour d\u00e9l\u00e9guer, dans les r\u00e9gions rurales, le pouvoir politique et les ressources aupr\u00e8s de groupes \u00e9lus locaux, les \u00ab\u00a0Panch\u00e2yat\u00a0\u00bb.<\/p>\n<p>&nbsp;<\/p>\n<p><strong>Un des points importants de cette loi est qu\u2019un tiers des repr\u00e9sentants des Panch\u00e2yat doivent \u00eatre des femmes. Cela repr\u00e9sente un pas r\u00e9volutionnaire avec une port\u00e9e immense.<\/strong> Pour la premi\u00e8re fois, les femmes &#8211; dont la vie est marqu\u00e9e, depuis des centenaires, d\u2019impuissance, de malnutrition et de manque d\u2019\u00e9ducation &#8211; re\u00e7oivent, au moins en principe, un mandat politique et la possibilit\u00e9 de s\u2019engager pour les besoins des villageois et des villageoises et de mobiliser les ressources gouvernementales.<\/p>\n<p>&nbsp;<\/p>\n<p>La mise en place de cette loi, en pratique, est un grand challenge. Les structures patriarcales et f\u00e9odales sont tr\u00e8s ancr\u00e9es et sont tr\u00e8s souvent des obstacles. Dans le m\u00eame temps, les femmes doivent tout d\u2019abord s\u2019adapter \u00e0 leur nouveau r\u00f4le. Pour une femme indienne, par exemple, c\u2019est une toute nouvelle exp\u00e9rience de se faire entendre lors d\u2019un rassemblement politique \u2013 cela demande beaucoup de courage.<\/p>\n<p>&nbsp;<\/p>\n<p><img fetchpriority=\"high\" decoding=\"async\" class=\"alignnone wp-image-1413\" src=\"https:\/\/hungerprojekt.ch\/wp-content\/uploads\/2020\/11\/293240-300x198.jpg\" alt=\"\" width=\"515\" height=\"340\" srcset=\"https:\/\/hungerprojekt.ch\/wp-content\/uploads\/2020\/11\/293240-300x198.jpg 300w, https:\/\/hungerprojekt.ch\/wp-content\/uploads\/2020\/11\/293240.jpg 428w\" sizes=\"(max-width: 515px) 100vw, 515px\" \/><\/p>\n<p>&nbsp;<\/p>\n<div class=\"npobject\">\n<h2>Soutien des repr\u00e9sentantes \u00e9lues<\/h2>\n<\/div>\n<p>&nbsp;<\/p>\n<p>Sans une formation et un soutien ad\u00e9quats, ces femmes ont, dans un monde domin\u00e9 par les hommes, peu de chances d\u2019imposer leurs demandes \u2013 par exemple une meilleure alimentation, \u00e9ducation, sant\u00e9, de l\u2019eau propre, des mesures pour s\u00e9curiser le revenu.<\/p>\n<p>&nbsp;<\/p>\n<p>Pour le Projet Faim, la participation de plus d\u2019un million de femmes \u00e0 la vie politique r\u00e9gionale et suprar\u00e9gionale est tr\u00e8s importante. THP y voit une mesure d\u00e9cisive pour mettre un terme \u00e0 la faim chronique et \u00e0 la pauvret\u00e9.<\/p>\n<p>&nbsp;<\/p>\n<p><img decoding=\"async\" class=\"alignnone wp-image-1416\" src=\"https:\/\/hungerprojekt.ch\/wp-content\/uploads\/2020\/11\/293242-300x225.jpg\" alt=\"\" width=\"572\" height=\"429\" srcset=\"https:\/\/hungerprojekt.ch\/wp-content\/uploads\/2020\/11\/293242-300x225.jpg 300w, https:\/\/hungerprojekt.ch\/wp-content\/uploads\/2020\/11\/293242-1024x768.jpg 1024w, https:\/\/hungerprojekt.ch\/wp-content\/uploads\/2020\/11\/293242-768x576.jpg 768w, https:\/\/hungerprojekt.ch\/wp-content\/uploads\/2020\/11\/293242-800x600.jpg 800w, https:\/\/hungerprojekt.ch\/wp-content\/uploads\/2020\/11\/293242-700x525.jpg 700w, https:\/\/hungerprojekt.ch\/wp-content\/uploads\/2020\/11\/293242.jpg 1300w\" sizes=\"(max-width: 572px) 100vw, 572px\" \/><\/p>\n<p>&nbsp;<\/p>\n<div class=\"npobject\">\n<h2>Les quatre piliers du Projet Faim en Inde<\/h2>\n<\/div>\n<p>&nbsp;<\/p>\n<p>Pour cette raison, le Projet Faim en Inde se concentre sur le renforcement des femmes dans les groupes politiques locaux, les Panch\u00e2yat. Ce travail se base sur quatre piliers strat\u00e9giques:<\/p>\n<p>&nbsp;<\/p>\n<ul>\n<li>Des ateliers de Women\u00b4s Leadership pour les femmes \u00e9lues dans les villages pour renforcer leurs comp\u00e9tences de direction et les soutenir en continu.<\/li>\n<\/ul>\n<p>&nbsp;<\/p>\n<ul>\n<li>La cr\u00e9ation d\u2019alliances autour d\u2019actions, de coop\u00e9ration et de partenariats avec des organisations poursuivant le m\u00eame but.<\/li>\n<\/ul>\n<p>&nbsp;<\/p>\n<ul>\n<li>Une couverture m\u00e9diatique meilleure et renforc\u00e9e gr\u00e2ce \u00e0 la remise du prix Sarojini-Naidu pour les meilleurs reportages sur les succ\u00e8s des conseill\u00e8res dans les Panch\u00e2yat.<\/li>\n<\/ul>\n<p>&nbsp;<\/p>\n<ul>\n<li>Mobilisation du soutien international gr\u00e2ce aux investisseurs du Projet Faim.<\/li>\n<\/ul>\n<p>[\/vc_column_text][vc_gallery type=\u00a0\u00bbimage_grid\u00a0\u00bb images=\u00a0\u00bb1425,1422,1419&Prime; img_size=\u00a0\u00bb400&#215;400&Prime; column_number=\u00a0\u00bb3&Prime; grayscale=\u00a0\u00bbno\u00a0\u00bb images_space=\u00a0\u00bbgallery_without_space\u00a0\u00bb css=\u00a0\u00bb.vc_custom_1604763753646{margin-top: 30px !important;}\u00a0\u00bb][vc_column_text css=\u00a0\u00bb.vc_custom_1607015889565{margin-top: 50px !important;}\u00a0\u00bb]<\/p>\n<div class=\"npobject\">\n<h2>Sites THP en Inde<\/h2>\n<p>&nbsp;<\/p>\n<\/div>\n<p style=\"text-align: center;\"><iframe src=\"https:\/\/www.ngoaidmap.org\/location\/gn_1269750?level=1&amp;organizations%5B%5D=83&amp;site=12&amp;embed=true\" width=\"300\" height=\"400\" frameborder=\"0\"><span data-mce-type=\"bookmark\" style=\"display: inline-block; width: 0px; overflow: hidden; line-height: 0;\" class=\"mce_SELRES_start\">\ufeff<\/span><\/iframe><\/p>\n<p>[\/vc_column_text][\/vc_column][vc_column width=\u00a0\u00bb3\/12&Prime; offset=\u00a0\u00bbvc_hidden-md vc_hidden-sm vc_hidden-xs\u00a0\u00bb][\/vc_column][\/vc_row][vc_row css_animation=\u00a0\u00bb\u00a0\u00bb row_type=\u00a0\u00bbrow\u00a0\u00bb use_row_as_full_screen_section=\u00a0\u00bbno\u00a0\u00bb type=\u00a0\u00bbfull_width\u00a0\u00bb angled_section=\u00a0\u00bbno\u00a0\u00bb text_align=\u00a0\u00bbcenter\u00a0\u00bb background_image_as_pattern=\u00a0\u00bbwithout_pattern\u00a0\u00bb z_index=\u00a0\u00bb\u00a0\u00bb css=\u00a0\u00bb.vc_custom_1602087442483{margin-top: 50px !important;background-color: #0011aa !important;}\u00a0\u00bb][vc_column][vc_row_inner row_type=\u00a0\u00bbrow\u00a0\u00bb type=\u00a0\u00bbgrid\u00a0\u00bb text_align=\u00a0\u00bbcenter\u00a0\u00bb css_animation=\u00a0\u00bb\u00a0\u00bb css=\u00a0\u00bb.vc_custom_1602082086628{padding-top: 50px !important;padding-bottom: 50px !important;}\u00a0\u00bb][vc_column_inner width=\u00a0\u00bb2\/3&Prime; css=\u00a0\u00bb.vc_custom_1602075588363{padding-top: 10px !important;padding-bottom: 10px !important;}\u00a0\u00bb]<div class=\"custom_font_holder\" style=\"font-family: Unna; font-size: 34px; line-height: 41px; font-style: normal; font-weight: 300; color: #ffffff; text-decoration: none; text-align: center;\">Empowerment \u2013 Donnez et changez des vies!<\/div>[\/vc_column_inner][vc_column_inner width=\u00a0\u00bb1\/3&Prime; css=\u00a0\u00bb.vc_custom_1602075582964{padding-top: 10px !important;padding-bottom: 10px !important;}\u00a0\u00bb]<a  itemprop=\"url\" href=\"\/fr\/votre-contribution\/\" target=\"_self\" data-hover-background-color='#ffffff' data-hover-border-color='#ffffff' data-hover-color='#0011aa' class=\"qbutton  small center default\" style=\"color: #ffffff; border-color: #ffffff; font-style: normal; font-weight: 700; font-family: Source Sans Pro; text-transform: uppercase; background-color: #0011aa;\">Faire un don<\/a>[\/vc_column_inner][\/vc_row_inner][\/vc_column][\/vc_row]<\/p>\n<\/div>","protected":false},"excerpt":{"rendered":"<p>[vc_row css_animation=\u00a0\u00bb\u00a0\u00bb row_type=\u00a0\u00bbrow\u00a0\u00bb use_row_as_full_screen_section=\u00a0\u00bbno\u00a0\u00bb type=\u00a0\u00bbfull_width\u00a0\u00bb angled_section=\u00a0\u00bbno\u00a0\u00bb text_align=\u00a0\u00bbcenter\u00a0\u00bb background_image_as_pattern=\u00a0\u00bbwithout_pattern\u00a0\u00bb z_index=\u00a0\u00bb\u00a0\u00bb css=\u00a0\u00bb.vc_custom_1604521825735{background-color: #ffffff !important;}\u00a0\u00bb][vc_column][vc_row_inner row_type=\u00a0\u00bbrow\u00a0\u00bb type=\u00a0\u00bbfull_width\u00a0\u00bb text_align=\u00a0\u00bbcenter\u00a0\u00bb css_animation=\u00a0\u00bb\u00a0\u00bb][vc_column_inner offset=\u00a0\u00bbvc_hidden-sm vc_hidden-xs\u00a0\u00bb css=\u00a0\u00bb.vc_custom_1604762710274{padding-top: 500px !important;background-image: url(https:\/\/hungerprojekt.ch\/wp-content\/uploads\/2020\/11\/293266.jpg?id=472) !important;background-position: center !important;background-repeat: no-repeat !important;background-size: cover !important;}\u00a0\u00bb][\/vc_column_inner][\/vc_row_inner][vc_row_inner row_type=\u00a0\u00bbrow\u00a0\u00bb type=\u00a0\u00bbfull_width\u00a0\u00bb text_align=\u00a0\u00bbcenter\u00a0\u00bb css_animation=\u00a0\u00bb\u00a0\u00bb][vc_column_inner offset=\u00a0\u00bbvc_hidden-lg vc_hidden-md\u00a0\u00bb css=\u00a0\u00bb.vc_custom_1604762702538{padding-top: 200px !important;background-image: url(https:\/\/hungerprojekt.ch\/wp-content\/uploads\/2020\/11\/293266.jpg?id=472) !important;background-position: center !important;background-repeat: no-repeat !important;background-size: cover&#8230;<\/p>\n","protected":false},"author":1,"featured_media":0,"parent":1383,"menu_order":1,"comment_status":"closed","ping_status":"closed","template":"full_width.php","meta":{"inline_featured_image":false,"footnotes":""},"class_list":["post-1410","page","type-page","status-publish","hentry"],"_links":{"self":[{"href":"https:\/\/hungerprojekt.ch\/fr\/wp-json\/wp\/v2\/pages\/1410","targetHints":{"allow":["GET"]}}],"collection":[{"href":"https:\/\/hungerprojekt.ch\/fr\/wp-json\/wp\/v2\/pages"}],"about":[{"href":"https:\/\/hungerprojekt.ch\/fr\/wp-json\/wp\/v2\/types\/page"}],"author":[{"embeddable":true,"href":"https:\/\/hungerprojekt.ch\/fr\/wp-json\/wp\/v2\/users\/1"}],"replies":[{"embeddable":true,"href":"https:\/\/hungerprojekt.ch\/fr\/wp-json\/wp\/v2\/comments?post=1410"}],"version-history":[{"count":9,"href":"https:\/\/hungerprojekt.ch\/fr\/wp-json\/wp\/v2\/pages\/1410\/revisions"}],"predecessor-version":[{"id":2801,"href":"https:\/\/hungerprojekt.ch\/fr\/wp-json\/wp\/v2\/pages\/1410\/revisions\/2801"}],"up":[{"embeddable":true,"href":"https:\/\/hungerprojekt.ch\/fr\/wp-json\/wp\/v2\/pages\/1383"}],"wp:attachment":[{"href":"https:\/\/hungerprojekt.ch\/fr\/wp-json\/wp\/v2\/media?parent=1410"}],"curies":[{"name":"wp","href":"https:\/\/api.w.org\/{rel}","templated":true}]}}