{"id":1438,"date":"2020-12-03T18:55:27","date_gmt":"2020-12-03T17:55:27","guid":{"rendered":"https:\/\/hungerprojekt.ch\/programmes-thp\/epicenterstrategie-in-afrika\/"},"modified":"2020-12-12T13:38:38","modified_gmt":"2020-12-12T12:38:38","slug":"strategie-de-lepicentre-en-afrique","status":"publish","type":"page","link":"https:\/\/hungerprojekt.ch\/fr\/programmes-thp\/strategie-de-lepicentre-en-afrique\/","title":{"rendered":"Strat\u00e9gie de l&rsquo;Epicentre en Afrique"},"content":{"rendered":"<div class=\"wpb-content-wrapper\"><p>[vc_row css_animation=\u00a0\u00bb\u00a0\u00bb row_type=\u00a0\u00bbrow\u00a0\u00bb use_row_as_full_screen_section=\u00a0\u00bbno\u00a0\u00bb type=\u00a0\u00bbfull_width\u00a0\u00bb angled_section=\u00a0\u00bbno\u00a0\u00bb text_align=\u00a0\u00bbcenter\u00a0\u00bb background_image_as_pattern=\u00a0\u00bbwithout_pattern\u00a0\u00bb z_index=\u00a0\u00bb\u00a0\u00bb css=\u00a0\u00bb.vc_custom_1604521825735{background-color: #ffffff !important;}\u00a0\u00bb][vc_column][vc_row_inner row_type=\u00a0\u00bbrow\u00a0\u00bb type=\u00a0\u00bbfull_width\u00a0\u00bb text_align=\u00a0\u00bbcenter\u00a0\u00bb css_animation=\u00a0\u00bb\u00a0\u00bb][vc_column_inner offset=\u00a0\u00bbvc_hidden-sm vc_hidden-xs\u00a0\u00bb css=\u00a0\u00bb.vc_custom_1604757562475{padding-top: 500px !important;background-image: url(https:\/\/hungerprojekt.ch\/wp-content\/uploads\/2020\/11\/35573122_b315b4b8d1_k.jpg?id=438) !important;background-position: center !important;background-repeat: no-repeat !important;background-size: cover !important;}\u00a0\u00bb][\/vc_column_inner][\/vc_row_inner][vc_row_inner row_type=\u00a0\u00bbrow\u00a0\u00bb type=\u00a0\u00bbfull_width\u00a0\u00bb text_align=\u00a0\u00bbcenter\u00a0\u00bb css_animation=\u00a0\u00bb\u00a0\u00bb][vc_column_inner offset=\u00a0\u00bbvc_hidden-lg vc_hidden-md\u00a0\u00bb css=\u00a0\u00bb.vc_custom_1604757569355{padding-top: 200px !important;background-image: url(https:\/\/hungerprojekt.ch\/wp-content\/uploads\/2020\/11\/35573122_b315b4b8d1_k.jpg?id=438) !important;background-position: center !important;background-repeat: no-repeat !important;background-size: cover !important;}\u00a0\u00bb][\/vc_column_inner][\/vc_row_inner][\/vc_column][\/vc_row][vc_row css_animation=\u00a0\u00bb\u00a0\u00bb row_type=\u00a0\u00bbrow\u00a0\u00bb use_row_as_full_screen_section=\u00a0\u00bbno\u00a0\u00bb type=\u00a0\u00bbgrid\u00a0\u00bb angled_section=\u00a0\u00bbno\u00a0\u00bb text_align=\u00a0\u00bbleft\u00a0\u00bb background_image_as_pattern=\u00a0\u00bbwithout_pattern\u00a0\u00bb z_index=\u00a0\u00bb\u00a0\u00bb][vc_column width=\u00a0\u00bb9\/12&Prime; offset=\u00a0\u00bbvc_hidden-sm vc_hidden-xs\u00a0\u00bb][vc_column_text css=\u00a0\u00bb.vc_custom_1607018638846{margin-top: -100px !important;padding-top: 30px !important;padding-right: 40px !important;padding-left: 40px !important;background-color: #ffffff !important;}\u00a0\u00bb]<\/p>\n<h6 style=\"text-align: left;\"><a href=\"http:\/\/hungerprojekt.ch\/fr\/\">Home<\/a> &gt; <a href=\"https:\/\/hungerprojekt.ch\/fr\/programmes-thp\/\">Programmes THP<\/a> &gt; <a href=\"https:\/\/hungerprojekt.ch\/fr\/programmes-thp\/strategie-de-lepicentre-en-afrique\/\">Strat\u00e9gie de l&rsquo;Epicentre<\/a><\/h6>\n<p>[\/vc_column_text][vc_empty_space height=\u00a0\u00bb20&Prime; css=\u00a0\u00bb.vc_custom_1604579018353{background-color: #ffffff !important;}\u00a0\u00bb][vc_column_text css=\u00a0\u00bb.vc_custom_1607018448527{padding-right: 40px !important;padding-left: 40px !important;background-color: #ffffff !important;}\u00a0\u00bb]<\/p>\n<div class=\"et_pb_module et_pb_text et_pb_text_0 et_pb_text_align_center et_pb_bg_layout_light\">\n<div class=\"et_pb_text_inner\">\n<h1 style=\"text-align: left;\">Strat\u00e9gie de l&rsquo;Epicentre en Afrique<\/h1>\n<\/div>\n<\/div>\n<p>[\/vc_column_text][vc_video link=\u00a0\u00bbhttps:\/\/www.youtube.com\/watch?v=lCJg7aLvrI8&Prime; css=\u00a0\u00bb.vc_custom_1607018418199{margin-top: 30px !important;padding-right: 40px !important;padding-left: 40px !important;}\u00a0\u00bb][vc_column_text css=\u00a0\u00bb.vc_custom_1607437173341{margin-top: 20px !important;padding-right: 40px !important;padding-left: 40px !important;background-color: #ffffff !important;}\u00a0\u00bb]<\/p>\n<div class=\"et_pb_module et_pb_text et_pb_text_0 et_pb_text_align_center et_pb_bg_layout_light\">\n<div class=\"et_pb_text_inner\">\n<p>Le Projet Faim travaille depuis 1991 en partenariat avec des personnes et des dirigeants en Afrique orientale, occidentale et australe. Il a d\u00e9velopp\u00e9 durant cette p\u00e9riode une strat\u00e9gie\u00a0<strong>rentable<\/strong>\u00a0et\u00a0<strong>facilement transf\u00e9rable<\/strong>\u00a0qui se nomme la strat\u00e9gie de l\u2019Epicentre.<\/p>\n<p>&nbsp;<\/p>\n<p>Cette\u00a0<strong>strat\u00e9gie \u00ab bottom-up \u00bb<\/strong>\u00a0s\u2019est montr\u00e9e tr\u00e8s efficace dans la lutte contre la faim et la pauvret\u00e9 en Afrique rurale<\/p>\n<\/div>\n<\/div>\n<p>&nbsp;<\/p>\n<p><span style=\"text-decoration: underline;\"><a href=\"\/wp-content\/uploads\/2020\/12\/epicenter_strategy_fr_181019.pdf\" target=\"_blank\" rel=\"noopener noreferrer\">Fice d`information: La strat\u00e9gie des \u00e9picentres en Afrique<\/a><\/span><\/p>\n<p>&nbsp;<\/p>\n<p>THP Suisse en <strong><a href=\"https:\/\/hungerprojekt.ch\/fr\/qui-sommes-nous\/thp-suisse-pays-avec-programmes\/burkina-faso\/\" rel=\"noopener noreferrer\"><span style=\"text-decoration: underline;\">Burkina Faso<\/span><\/a><\/strong>,\u00a0<span style=\"text-decoration: underline;\"><strong><a href=\"https:\/\/hungerprojekt.ch\/fr\/qui-sommes-nous\/thp-suisse-pays-avec-programmes\/ethiopie\/\">\u00c9thiopie<\/a><\/strong><\/span>,\u00a0<strong><a href=\"https:\/\/hungerprojekt.ch\/fr\/qui-sommes-nous\/thp-suisse-pays-avec-programmes\/ghana\/\" rel=\"noopener noreferrer\"><span style=\"text-decoration: underline;\">Ghana<\/span>,<\/a><\/strong>\u00a0<strong><a href=\"https:\/\/hungerprojekt.ch\/fr\/qui-sommes-nous\/thp-suisse-pays-avec-programmes\/mozambique\/\"><span style=\"text-decoration: underline;\">Mozambique<\/span><\/a><\/strong>\u00a0et en\u00a0<strong><a href=\"https:\/\/hungerprojekt.ch\/fr\/qui-sommes-nous\/thp-suisse-pays-avec-programmes\/inde\/\"><span style=\"text-decoration: underline;\">Inde<\/span><\/a>.<\/strong><\/p>\n<p>&nbsp;<\/p>\n<p>&nbsp;<\/p>\n<div class=\"npobject\">\n<h2>Centres dynamiques<\/h2>\n<\/div>\n<p>&nbsp;<\/p>\n<p><strong>Plusieurs villages<\/strong>\u00a0se regroupent en\u00a0<strong>centres dynamiques<\/strong>\u00a0et apprennent \u00e0 agir ensemble afin de pouvoir subvenir \u00e0 leurs besoins primaires. Ils re\u00e7oivent \u00e9galement un acc\u00e8s \u00e0 des ressources gouvernementales inconnues et \/ ou non utilis\u00e9es.<\/p>\n<p>&nbsp;<\/p>\n<p>Les \u00e9picentres se trouvent dans des r\u00e9gions qui sont loin (au moins 20 km) des petites et grandes villes et qui sont ainsi coup\u00e9s des services de sant\u00e9, des \u00e9coles, des march\u00e9s et souvent \u00e9galement coup\u00e9s des services d\u2019autres organisations non gouvernementales.<\/p>\n<p>&nbsp;<\/p>\n<p><img fetchpriority=\"high\" decoding=\"async\" class=\"alignnone wp-image-1441\" src=\"https:\/\/hungerprojekt.ch\/wp-content\/uploads\/2020\/11\/293256-300x169.jpg\" alt=\"\" width=\"559\" height=\"315\" srcset=\"https:\/\/hungerprojekt.ch\/wp-content\/uploads\/2020\/11\/293256-300x169.jpg 300w, https:\/\/hungerprojekt.ch\/wp-content\/uploads\/2020\/11\/293256-539x303.jpg 539w, https:\/\/hungerprojekt.ch\/wp-content\/uploads\/2020\/11\/293256.jpg 684w\" sizes=\"(max-width: 559px) 100vw, 559px\" \/><\/p>\n<p>&nbsp;<\/p>\n<div class=\"npobject\">\n<h2>4 phases en 8 ans<\/h2>\n<\/div>\n<p>&nbsp;<\/p>\n<p>La strat\u00e9gie de l\u2019\u00e9picentre est divis\u00e9e en quatre phases clairement diff\u00e9renci\u00e9es. Elle accompagne les villageois sur une p\u00e9riode d\u2019environ huit ans, hors de la pauvret\u00e9 extr\u00eame, sur le chemin d\u2019une autonomie durable (link zu Flyer Epicenterstrategie).<\/p>\n<p>&nbsp;<\/p>\n<p>L\u2019attitude de base qui est au d\u00e9part domin\u00e9e par la d\u00e9pendance, la r\u00e9signation et la discrimination des femmes est transform\u00e9e par ce processus. Il s\u2019en d\u00e9gage une nouvelle attitude qui est bas\u00e9e sur la responsabilit\u00e9, l\u2019autonomie et l\u2019\u00e9galit\u00e9 des sexes.<\/p>\n<p>&nbsp;<\/p>\n<div class=\"npobject\">\n<h2>Le bilan<\/h2>\n<\/div>\n<p>&nbsp;<\/p>\n<p>Au total\u00a0<strong>121 \u00e9picentres<\/strong>\u00a0ont \u00e9t\u00e9 cr\u00e9\u00e9s dans\u00a0<strong>8 Etats africains<\/strong>\u00a0jusqu\u2019\u00e0 aujourd\u2019hui. Ils atteignent environ\u00a0<strong>deux millions de personnes<\/strong>\u00a0et permettent une am\u00e9lioration durable dans les domaines de la sant\u00e9, l\u2019\u00e9ducation, l\u2019alimentation et des revenus des m\u00e9nages.<\/p>\n<p>&nbsp;<\/p>\n<p><img decoding=\"async\" class=\"alignnone wp-image-1444\" src=\"https:\/\/hungerprojekt.ch\/wp-content\/uploads\/2020\/11\/2932543257-300x200.jpg\" alt=\"\" width=\"517\" height=\"344\" srcset=\"https:\/\/hungerprojekt.ch\/wp-content\/uploads\/2020\/11\/2932543257-300x200.jpg 300w, https:\/\/hungerprojekt.ch\/wp-content\/uploads\/2020\/11\/2932543257-1024x681.jpg 1024w, https:\/\/hungerprojekt.ch\/wp-content\/uploads\/2020\/11\/2932543257-768x511.jpg 768w, https:\/\/hungerprojekt.ch\/wp-content\/uploads\/2020\/11\/2932543257-700x466.jpg 700w, https:\/\/hungerprojekt.ch\/wp-content\/uploads\/2020\/11\/2932543257.jpg 1200w\" sizes=\"(max-width: 517px) 100vw, 517px\" \/><\/p>\n<p>&nbsp;<\/p>\n<div class=\"npobject\">\n<h2>Nous recherchons des soutiens financiers pour les programmes suivants:<\/h2>\n<\/div>\n<p>&nbsp;<\/p>\n<ul>\n<li>Mobilisation des communaut\u00e9s<\/li>\n<li>micro finance pour l\u2019am\u00e9lioration du revenu des m\u00e9nages<\/li>\n<li>eau potable<\/li>\n<li>\u00e9ducation et alphab\u00e9tisation<\/li>\n<li>\u00e9galit\u00e9 des hommes et des femmes<\/li>\n<li>s\u00e9curit\u00e9 alimentaires<\/li>\n<li>sant\u00e9 et am\u00e9lioration de l\u2019alimentation<\/li>\n<li>hygi\u00e8ne et propret\u00e9 des environs<\/li>\n<li>suivi de l\u2019efficacit\u00e9 de programme<\/li>\n<\/ul>\n<p>&nbsp;<\/p>\n<p><img decoding=\"async\" class=\"alignnone wp-image-1447\" src=\"https:\/\/hungerprojekt.ch\/wp-content\/uploads\/2020\/11\/293258-298x300.jpg\" alt=\"\" width=\"510\" height=\"514\" srcset=\"https:\/\/hungerprojekt.ch\/wp-content\/uploads\/2020\/11\/293258-298x300.jpg 298w, https:\/\/hungerprojekt.ch\/wp-content\/uploads\/2020\/11\/293258-1018x1024.jpg 1018w, https:\/\/hungerprojekt.ch\/wp-content\/uploads\/2020\/11\/293258-150x150.jpg 150w, https:\/\/hungerprojekt.ch\/wp-content\/uploads\/2020\/11\/293258-768x772.jpg 768w, https:\/\/hungerprojekt.ch\/wp-content\/uploads\/2020\/11\/293258-700x704.jpg 700w, https:\/\/hungerprojekt.ch\/wp-content\/uploads\/2020\/11\/293258.jpg 1200w\" sizes=\"(max-width: 510px) 100vw, 510px\" \/>[\/vc_column_text][\/vc_column][vc_column width=\u00a0\u00bb3\/12&Prime; offset=\u00a0\u00bbvc_hidden-md vc_hidden-sm vc_hidden-xs\u00a0\u00bb][vc_column_text css=\u00a0\u00bb.vc_custom_1607437031788{margin-top: 100px !important;margin-right: 1px !important;margin-left: 41px !important;padding-top: 20px !important;padding-bottom: 20px !important;padding-left: 20px !important;background-color: #0000aa !important;}\u00a0\u00bb]<\/p>\n<h5 style=\"text-align: left;\"><a href=\"https:\/\/hungerprojekt.ch\/fr\/programmes-thp\/\"><strong>PROGRAMMES THP<\/strong><\/a><\/h5>\n<h5 style=\"text-align: left;\"><a href=\"https:\/\/hungerprojekt.ch\/fr\/programmes-thp\/les-principes-de-notre-travail\/\">Principe de base<\/a><\/h5>\n<h5 style=\"text-align: left;\"><span style=\"color: #ffd214;\"><a style=\"color: #ffd214;\" href=\"https:\/\/hungerprojekt.ch\/fr\/programmes-thp\/strategie-de-lepicentre-en-afrique\/\">Strat\u00e9gie de l\u2019Epicentre<\/a><\/span><\/h5>\n<h5 style=\"text-align: left;\"><a href=\"https:\/\/hungerprojekt.ch\/fr\/programmes-thp\/programme-de-micro-finance-de-la-strategie-de-lepicentre\/\">Progr. de micro finance<\/a><\/h5>\n<h5 style=\"text-align: left;\"><a href=\"https:\/\/hungerprojekt.ch\/fr\/programmes-thp\/autonomisation-des-femmes-en-inde\/\">Autonomisation<\/a><\/h5>\n<h5 style=\"text-align: left;\"><a href=\"https:\/\/hungerprojekt.ch\/fr\/programmes-thp\/thp-et-lagenda-2030\/\">THP et l\u2019Agenda 2030<\/a><\/h5>\n<p>[\/vc_column_text][\/vc_column][\/vc_row][vc_row css_animation=\u00a0\u00bb\u00a0\u00bb row_type=\u00a0\u00bbrow\u00a0\u00bb use_row_as_full_screen_section=\u00a0\u00bbno\u00a0\u00bb type=\u00a0\u00bbgrid\u00a0\u00bb angled_section=\u00a0\u00bbno\u00a0\u00bb text_align=\u00a0\u00bbleft\u00a0\u00bb background_image_as_pattern=\u00a0\u00bbwithout_pattern\u00a0\u00bb z_index=\u00a0\u00bb\u00a0\u00bb][vc_column width=\u00a0\u00bb9\/12&Prime; offset=\u00a0\u00bbvc_hidden-lg vc_hidden-md\u00a0\u00bb][vc_column_text css=\u00a0\u00bb.vc_custom_1607019304468{padding-top: 30px !important;background-color: #ffffff !important;}\u00a0\u00bb]<\/p>\n<h6 style=\"text-align: left;\"><a href=\"http:\/\/hungerprojekt.ch\/fr\/\">Home<\/a> &gt; <a href=\"https:\/\/hungerprojekt.ch\/fr\/programmes-thp\/\">Programmes THP<\/a> &gt; <a href=\"https:\/\/hungerprojekt.ch\/fr\/programmes-thp\/strategie-de-lepicentre-en-afrique\/\">Strat\u00e9gie de l&rsquo;Epicentre<\/a><\/h6>\n<p>[\/vc_column_text][vc_empty_space height=\u00a0\u00bb20&Prime; css=\u00a0\u00bb.vc_custom_1604579018353{background-color: #ffffff !important;}\u00a0\u00bb][vc_column_text css=\u00a0\u00bb.vc_custom_1607019322640{background-color: #ffffff !important;}\u00a0\u00bb]<\/p>\n<div class=\"et_pb_module et_pb_text et_pb_text_0 et_pb_text_align_center et_pb_bg_layout_light\">\n<div class=\"et_pb_text_inner\">\n<h1 style=\"text-align: left;\">Strat\u00e9gie de l&rsquo;Epicentre en Afrique<\/h1>\n<\/div>\n<\/div>\n<p>[\/vc_column_text][vc_video link=\u00a0\u00bbhttps:\/\/www.youtube.com\/watch?v=lCJg7aLvrI8&Prime; css=\u00a0\u00bb.vc_custom_1607019339034{margin-top: 30px !important;}\u00a0\u00bb][vc_column_text css=\u00a0\u00bb.vc_custom_1607437188413{margin-top: 20px !important;background-color: #ffffff !important;}\u00a0\u00bb]<\/p>\n<div class=\"et_pb_module et_pb_text et_pb_text_0 et_pb_text_align_center et_pb_bg_layout_light\">\n<div class=\"et_pb_text_inner\">\n<p>Le Projet Faim travaille depuis 1991 en partenariat avec des personnes et des dirigeants en Afrique orientale, occidentale et australe. Il a d\u00e9velopp\u00e9 durant cette p\u00e9riode une strat\u00e9gie\u00a0<strong>rentable<\/strong>\u00a0et\u00a0<strong>facilement transf\u00e9rable<\/strong>\u00a0qui se nomme la strat\u00e9gie de l\u2019Epicentre.<\/p>\n<p>&nbsp;<\/p>\n<p>Cette\u00a0<strong>strat\u00e9gie \u00ab bottom-up \u00bb<\/strong>\u00a0s\u2019est montr\u00e9e tr\u00e8s efficace dans la lutte contre la faim et la pauvret\u00e9 en Afrique rurale<\/p>\n<\/div>\n<\/div>\n<p>&nbsp;<\/p>\n<p><span style=\"text-decoration: underline;\"><a href=\"\/wp-content\/uploads\/2020\/12\/epicenter_strategy_fr_181019.pdf\" target=\"_blank\" rel=\"noopener noreferrer\">Fice d`information: La strat\u00e9gie des \u00e9picentres en Afrique<\/a><\/span><\/p>\n<p>&nbsp;<\/p>\n<p>THP Suisse en <strong><a href=\"https:\/\/hungerprojekt.ch\/fr\/qui-sommes-nous\/thp-suisse-pays-avec-programmes\/burkina-faso\/\" rel=\"noopener noreferrer\"><span style=\"text-decoration: underline;\">Burkina Faso<\/span><\/a><\/strong>,\u00a0<span style=\"text-decoration: underline;\"><strong><a href=\"https:\/\/hungerprojekt.ch\/fr\/qui-sommes-nous\/thp-suisse-pays-avec-programmes\/ethiopie\/\">\u00c9thiopie<\/a><\/strong><\/span>,\u00a0<strong><a href=\"https:\/\/hungerprojekt.ch\/fr\/qui-sommes-nous\/thp-suisse-pays-avec-programmes\/ghana\/\" rel=\"noopener noreferrer\"><span style=\"text-decoration: underline;\">Ghana<\/span>,<\/a><\/strong>\u00a0<strong><a href=\"https:\/\/hungerprojekt.ch\/fr\/qui-sommes-nous\/thp-suisse-pays-avec-programmes\/mozambique\/\"><span style=\"text-decoration: underline;\">Mozambique<\/span><\/a><\/strong>\u00a0et en\u00a0<strong><a href=\"https:\/\/hungerprojekt.ch\/fr\/qui-sommes-nous\/thp-suisse-pays-avec-programmes\/inde\/\"><span style=\"text-decoration: underline;\">Inde<\/span><\/a>.<\/strong><\/p>\n<p>&nbsp;<\/p>\n<p>&nbsp;<\/p>\n<div class=\"npobject\">\n<h2>Centres dynamiques<\/h2>\n<\/div>\n<p>&nbsp;<\/p>\n<p><strong>Plusieurs villages<\/strong>\u00a0se regroupent en\u00a0<strong>centres dynamiques<\/strong>\u00a0et apprennent \u00e0 agir ensemble afin de pouvoir subvenir \u00e0 leurs besoins primaires. Ils re\u00e7oivent \u00e9galement un acc\u00e8s \u00e0 des ressources gouvernementales inconnues et \/ ou non utilis\u00e9es.<\/p>\n<p>&nbsp;<\/p>\n<p>Les \u00e9picentres se trouvent dans des r\u00e9gions qui sont loin (au moins 20 km) des petites et grandes villes et qui sont ainsi coup\u00e9s des services de sant\u00e9, des \u00e9coles, des march\u00e9s et souvent \u00e9galement coup\u00e9s des services d\u2019autres organisations non gouvernementales.<\/p>\n<p>&nbsp;<\/p>\n<p><img fetchpriority=\"high\" decoding=\"async\" class=\"alignnone wp-image-1441\" src=\"https:\/\/hungerprojekt.ch\/wp-content\/uploads\/2020\/11\/293256-300x169.jpg\" alt=\"\" width=\"559\" height=\"315\" srcset=\"https:\/\/hungerprojekt.ch\/wp-content\/uploads\/2020\/11\/293256-300x169.jpg 300w, https:\/\/hungerprojekt.ch\/wp-content\/uploads\/2020\/11\/293256-539x303.jpg 539w, https:\/\/hungerprojekt.ch\/wp-content\/uploads\/2020\/11\/293256.jpg 684w\" sizes=\"(max-width: 559px) 100vw, 559px\" \/><\/p>\n<p>&nbsp;<\/p>\n<div class=\"npobject\">\n<h2>4 phases en 8 ans<\/h2>\n<\/div>\n<p>&nbsp;<\/p>\n<p>La strat\u00e9gie de l\u2019\u00e9picentre est divis\u00e9e en quatre phases clairement diff\u00e9renci\u00e9es. Elle accompagne les villageois sur une p\u00e9riode d\u2019environ huit ans, hors de la pauvret\u00e9 extr\u00eame, sur le chemin d\u2019une autonomie durable (link zu Flyer Epicenterstrategie).<\/p>\n<p>&nbsp;<\/p>\n<p>L\u2019attitude de base qui est au d\u00e9part domin\u00e9e par la d\u00e9pendance, la r\u00e9signation et la discrimination des femmes est transform\u00e9e par ce processus. Il s\u2019en d\u00e9gage une nouvelle attitude qui est bas\u00e9e sur la responsabilit\u00e9, l\u2019autonomie et l\u2019\u00e9galit\u00e9 des sexes.<\/p>\n<p>&nbsp;<\/p>\n<div class=\"npobject\">\n<h2>Le bilan<\/h2>\n<\/div>\n<p>&nbsp;<\/p>\n<p>Au total\u00a0<strong>121 \u00e9picentres<\/strong>\u00a0ont \u00e9t\u00e9 cr\u00e9\u00e9s dans\u00a0<strong>8 Etats africains<\/strong>\u00a0jusqu\u2019\u00e0 aujourd\u2019hui. Ils atteignent environ\u00a0<strong>deux millions de personnes<\/strong>\u00a0et permettent une am\u00e9lioration durable dans les domaines de la sant\u00e9, l\u2019\u00e9ducation, l\u2019alimentation et des revenus des m\u00e9nages.<\/p>\n<p>&nbsp;<\/p>\n<p><img decoding=\"async\" class=\"alignnone wp-image-1444\" src=\"https:\/\/hungerprojekt.ch\/wp-content\/uploads\/2020\/11\/2932543257-300x200.jpg\" alt=\"\" width=\"517\" height=\"344\" srcset=\"https:\/\/hungerprojekt.ch\/wp-content\/uploads\/2020\/11\/2932543257-300x200.jpg 300w, https:\/\/hungerprojekt.ch\/wp-content\/uploads\/2020\/11\/2932543257-1024x681.jpg 1024w, https:\/\/hungerprojekt.ch\/wp-content\/uploads\/2020\/11\/2932543257-768x511.jpg 768w, https:\/\/hungerprojekt.ch\/wp-content\/uploads\/2020\/11\/2932543257-700x466.jpg 700w, https:\/\/hungerprojekt.ch\/wp-content\/uploads\/2020\/11\/2932543257.jpg 1200w\" sizes=\"(max-width: 517px) 100vw, 517px\" \/><\/p>\n<p>&nbsp;<\/p>\n<div class=\"npobject\">\n<h2>Nous recherchons des soutiens financiers pour les programmes suivants:<\/h2>\n<\/div>\n<p>&nbsp;<\/p>\n<ul>\n<li>Mobilisation des communaut\u00e9s<\/li>\n<li>micro finance pour l\u2019am\u00e9lioration du revenu des m\u00e9nages<\/li>\n<li>eau potable<\/li>\n<li>\u00e9ducation et alphab\u00e9tisation<\/li>\n<li>\u00e9galit\u00e9 des hommes et des femmes<\/li>\n<li>s\u00e9curit\u00e9 alimentaires<\/li>\n<li>sant\u00e9 et am\u00e9lioration de l\u2019alimentation<\/li>\n<li>hygi\u00e8ne et propret\u00e9 des environs<\/li>\n<li>suivi de l\u2019efficacit\u00e9 de programme<\/li>\n<\/ul>\n<p>&nbsp;<\/p>\n<p><img decoding=\"async\" class=\"alignnone wp-image-1447\" src=\"https:\/\/hungerprojekt.ch\/wp-content\/uploads\/2020\/11\/293258-298x300.jpg\" alt=\"\" width=\"510\" height=\"514\" srcset=\"https:\/\/hungerprojekt.ch\/wp-content\/uploads\/2020\/11\/293258-298x300.jpg 298w, https:\/\/hungerprojekt.ch\/wp-content\/uploads\/2020\/11\/293258-1018x1024.jpg 1018w, https:\/\/hungerprojekt.ch\/wp-content\/uploads\/2020\/11\/293258-150x150.jpg 150w, https:\/\/hungerprojekt.ch\/wp-content\/uploads\/2020\/11\/293258-768x772.jpg 768w, https:\/\/hungerprojekt.ch\/wp-content\/uploads\/2020\/11\/293258-700x704.jpg 700w, https:\/\/hungerprojekt.ch\/wp-content\/uploads\/2020\/11\/293258.jpg 1200w\" sizes=\"(max-width: 510px) 100vw, 510px\" \/>[\/vc_column_text][\/vc_column][vc_column width=\u00a0\u00bb3\/12&Prime; offset=\u00a0\u00bbvc_hidden-md vc_hidden-sm vc_hidden-xs\u00a0\u00bb][\/vc_column][\/vc_row][vc_row css_animation=\u00a0\u00bb\u00a0\u00bb row_type=\u00a0\u00bbrow\u00a0\u00bb use_row_as_full_screen_section=\u00a0\u00bbno\u00a0\u00bb type=\u00a0\u00bbfull_width\u00a0\u00bb angled_section=\u00a0\u00bbno\u00a0\u00bb text_align=\u00a0\u00bbcenter\u00a0\u00bb background_image_as_pattern=\u00a0\u00bbwithout_pattern\u00a0\u00bb z_index=\u00a0\u00bb\u00a0\u00bb css=\u00a0\u00bb.vc_custom_1602087442483{margin-top: 50px !important;background-color: #0011aa !important;}\u00a0\u00bb][vc_column][vc_row_inner row_type=\u00a0\u00bbrow\u00a0\u00bb type=\u00a0\u00bbgrid\u00a0\u00bb text_align=\u00a0\u00bbcenter\u00a0\u00bb css_animation=\u00a0\u00bb\u00a0\u00bb css=\u00a0\u00bb.vc_custom_1602082086628{padding-top: 50px !important;padding-bottom: 50px !important;}\u00a0\u00bb][vc_column_inner width=\u00a0\u00bb2\/3&Prime; css=\u00a0\u00bb.vc_custom_1602075588363{padding-top: 10px !important;padding-bottom: 10px !important;}\u00a0\u00bb]<div class=\"custom_font_holder\" style=\"font-family: Unna; font-size: 34px; line-height: 41px; font-style: normal; font-weight: 300; color: #ffffff; text-decoration: none; text-align: center;\">Empowerment \u2013 Donnez et changez des vies!<\/div>[\/vc_column_inner][vc_column_inner width=\u00a0\u00bb1\/3&Prime; css=\u00a0\u00bb.vc_custom_1602075582964{padding-top: 10px !important;padding-bottom: 10px !important;}\u00a0\u00bb]<a  itemprop=\"url\" href=\"\/fr\/votre-contribution\/\" target=\"_self\" data-hover-background-color='#ffffff' data-hover-border-color='#ffffff' data-hover-color='#0011aa' class=\"qbutton  small center default\" style=\"color: #ffffff; border-color: #ffffff; font-style: normal; font-weight: 700; font-family: Source Sans Pro; text-transform: uppercase; background-color: #0011aa;\">Faire un don<\/a>[\/vc_column_inner][\/vc_row_inner][\/vc_column][\/vc_row]<\/p>\n<\/div>","protected":false},"excerpt":{"rendered":"<p>[vc_row css_animation=\u00a0\u00bb\u00a0\u00bb row_type=\u00a0\u00bbrow\u00a0\u00bb use_row_as_full_screen_section=\u00a0\u00bbno\u00a0\u00bb type=\u00a0\u00bbfull_width\u00a0\u00bb angled_section=\u00a0\u00bbno\u00a0\u00bb text_align=\u00a0\u00bbcenter\u00a0\u00bb background_image_as_pattern=\u00a0\u00bbwithout_pattern\u00a0\u00bb z_index=\u00a0\u00bb\u00a0\u00bb css=\u00a0\u00bb.vc_custom_1604521825735{background-color: #ffffff !important;}\u00a0\u00bb][vc_column][vc_row_inner row_type=\u00a0\u00bbrow\u00a0\u00bb type=\u00a0\u00bbfull_width\u00a0\u00bb text_align=\u00a0\u00bbcenter\u00a0\u00bb css_animation=\u00a0\u00bb\u00a0\u00bb][vc_column_inner offset=\u00a0\u00bbvc_hidden-sm vc_hidden-xs\u00a0\u00bb css=\u00a0\u00bb.vc_custom_1604757562475{padding-top: 500px !important;background-image: url(https:\/\/hungerprojekt.ch\/wp-content\/uploads\/2020\/11\/35573122_b315b4b8d1_k.jpg?id=438) !important;background-position: center !important;background-repeat: no-repeat !important;background-size: cover !important;}\u00a0\u00bb][\/vc_column_inner][\/vc_row_inner][vc_row_inner row_type=\u00a0\u00bbrow\u00a0\u00bb type=\u00a0\u00bbfull_width\u00a0\u00bb text_align=\u00a0\u00bbcenter\u00a0\u00bb css_animation=\u00a0\u00bb\u00a0\u00bb][vc_column_inner offset=\u00a0\u00bbvc_hidden-lg vc_hidden-md\u00a0\u00bb css=\u00a0\u00bb.vc_custom_1604757569355{padding-top: 200px !important;background-image: url(https:\/\/hungerprojekt.ch\/wp-content\/uploads\/2020\/11\/35573122_b315b4b8d1_k.jpg?id=438) !important;background-position: center !important;background-repeat: no-repeat !important;background-size: cover&#8230;<\/p>\n","protected":false},"author":1,"featured_media":0,"parent":1383,"menu_order":1,"comment_status":"closed","ping_status":"closed","template":"full_width.php","meta":{"inline_featured_image":false,"footnotes":""},"class_list":["post-1438","page","type-page","status-publish","hentry"],"_links":{"self":[{"href":"https:\/\/hungerprojekt.ch\/fr\/wp-json\/wp\/v2\/pages\/1438","targetHints":{"allow":["GET"]}}],"collection":[{"href":"https:\/\/hungerprojekt.ch\/fr\/wp-json\/wp\/v2\/pages"}],"about":[{"href":"https:\/\/hungerprojekt.ch\/fr\/wp-json\/wp\/v2\/types\/page"}],"author":[{"embeddable":true,"href":"https:\/\/hungerprojekt.ch\/fr\/wp-json\/wp\/v2\/users\/1"}],"replies":[{"embeddable":true,"href":"https:\/\/hungerprojekt.ch\/fr\/wp-json\/wp\/v2\/comments?post=1438"}],"version-history":[{"count":7,"href":"https:\/\/hungerprojekt.ch\/fr\/wp-json\/wp\/v2\/pages\/1438\/revisions"}],"predecessor-version":[{"id":2804,"href":"https:\/\/hungerprojekt.ch\/fr\/wp-json\/wp\/v2\/pages\/1438\/revisions\/2804"}],"up":[{"embeddable":true,"href":"https:\/\/hungerprojekt.ch\/fr\/wp-json\/wp\/v2\/pages\/1383"}],"wp:attachment":[{"href":"https:\/\/hungerprojekt.ch\/fr\/wp-json\/wp\/v2\/media?parent=1438"}],"curies":[{"name":"wp","href":"https:\/\/api.w.org\/{rel}","templated":true}]}}