{"id":1620,"date":"2020-12-05T16:47:00","date_gmt":"2020-12-05T15:47:00","guid":{"rendered":"https:\/\/hungerprojekt.ch\/notre-organisation\/thp-in-der-welt\/"},"modified":"2020-12-12T13:39:07","modified_gmt":"2020-12-12T12:39:07","slug":"thp-dans-le-monde","status":"publish","type":"page","link":"https:\/\/hungerprojekt.ch\/fr\/qui-sommes-nous\/thp-dans-le-monde\/","title":{"rendered":"THP dans le monde"},"content":{"rendered":"<div class=\"wpb-content-wrapper\"><p>[vc_row css_animation=\u00a0\u00bb\u00a0\u00bb row_type=\u00a0\u00bbrow\u00a0\u00bb use_row_as_full_screen_section=\u00a0\u00bbno\u00a0\u00bb type=\u00a0\u00bbfull_width\u00a0\u00bb angled_section=\u00a0\u00bbno\u00a0\u00bb text_align=\u00a0\u00bbcenter\u00a0\u00bb background_image_as_pattern=\u00a0\u00bbwithout_pattern\u00a0\u00bb z_index=\u00a0\u00bb\u00a0\u00bb css=\u00a0\u00bb.vc_custom_1604521825735{background-color: #ffffff !important;}\u00a0\u00bb][vc_column][vc_row_inner row_type=\u00a0\u00bbrow\u00a0\u00bb type=\u00a0\u00bbfull_width\u00a0\u00bb text_align=\u00a0\u00bbcenter\u00a0\u00bb css_animation=\u00a0\u00bb\u00a0\u00bb][vc_column_inner offset=\u00a0\u00bbvc_hidden-sm vc_hidden-xs\u00a0\u00bb css=\u00a0\u00bb.vc_custom_1604600747234{padding-top: 500px !important;background-image: url(https:\/\/hungerprojekt.ch\/wp-content\/uploads\/2020\/11\/48865289221_706fc5d855_k.jpg?id=267) !important;background-position: center !important;background-repeat: no-repeat !important;background-size: cover !important;}\u00a0\u00bb][\/vc_column_inner][\/vc_row_inner][vc_row_inner row_type=\u00a0\u00bbrow\u00a0\u00bb type=\u00a0\u00bbfull_width\u00a0\u00bb text_align=\u00a0\u00bbcenter\u00a0\u00bb css_animation=\u00a0\u00bb\u00a0\u00bb][vc_column_inner offset=\u00a0\u00bbvc_hidden-lg vc_hidden-md\u00a0\u00bb css=\u00a0\u00bb.vc_custom_1604600761128{padding-top: 200px !important;background-image: url(https:\/\/hungerprojekt.ch\/wp-content\/uploads\/2020\/11\/48865289221_706fc5d855_k.jpg?id=267) !important;background-position: center !important;background-repeat: no-repeat !important;background-size: cover !important;}\u00a0\u00bb][\/vc_column_inner][\/vc_row_inner][\/vc_column][\/vc_row][vc_row css_animation=\u00a0\u00bb\u00a0\u00bb row_type=\u00a0\u00bbrow\u00a0\u00bb use_row_as_full_screen_section=\u00a0\u00bbno\u00a0\u00bb type=\u00a0\u00bbgrid\u00a0\u00bb angled_section=\u00a0\u00bbno\u00a0\u00bb text_align=\u00a0\u00bbcenter\u00a0\u00bb background_image_as_pattern=\u00a0\u00bbwithout_pattern\u00a0\u00bb z_index=\u00a0\u00bb\u00a0\u00bb][vc_column width=\u00a0\u00bb9\/12&Prime; offset=\u00a0\u00bbvc_hidden-sm vc_hidden-xs\u00a0\u00bb][vc_column_text css=\u00a0\u00bb.vc_custom_1607425813243{margin-top: -100px !important;padding-top: 30px !important;padding-right: 40px !important;padding-left: 40px !important;background-color: #ffffff !important;}\u00a0\u00bb]<\/p>\n<h6 style=\"text-align: left;\"><a href=\"http:\/\/hungerprojekt.ch\/fr\/\">Home<\/a> &gt; <a href=\"\/fr\/qui-sommes-nous\/\">Qui sommes-nous<\/a> &gt; <a href=\"\/fr\/notre-organisation\/thp-dans-le-monde\/\">THP dans le monde<\/a><\/h6>\n<p>[\/vc_column_text][vc_empty_space height=\u00a0\u00bb20&Prime; css=\u00a0\u00bb.vc_custom_1604579018353{background-color: #ffffff !important;}\u00a0\u00bb][vc_column_text css=\u00a0\u00bb.vc_custom_1607441217047{padding-right: 40px !important;padding-left: 40px !important;background-color: #ffffff !important;}\u00a0\u00bb]<\/p>\n<div class=\"et_pb_module et_pb_text et_pb_text_0 et_pb_text_align_center et_pb_bg_layout_light\">\n<div class=\"et_pb_text_inner\">\n<h1 style=\"text-align: left;\">THP dans le monde<\/h1>\n<\/div>\n<\/div>\n<p>&nbsp;<\/p>\n<p>&nbsp;<\/p>\n<div class=\"et_pb_module et_pb_text et_pb_text_1 et_pb_text_align_center et_pb_bg_layout_light\">\n<div class=\"et_pb_text_inner\">\n<div class=\"npobject\">\n<div class=\"npobject\">\n<h2 style=\"text-align: left;\">Pays avec programmes y partenaires<\/h2>\n<p>&nbsp;<\/p>\n<\/div>\n<div class=\"npobject\">\n<p style=\"text-align: left;\">Le Projet Faim a atteint plus de 16 millions de personnes dans nos 13 pays de programme en Afrique du Sud, en Asie et en Am\u00e9rique latine en 2019. Les soi-disant <span style=\"text-decoration: underline;\"><a href=\"\/fr\/qui-sommes-nous\/thp-dans-le-monde\/pays-partenaires\/\">\u00abpays partenaires\u00bb<\/a><\/span> financent les travaux dans ces <span style=\"text-decoration: underline;\"><a href=\"\/fr\/qui-sommes-nous\/thp-dans-le-monde\/pays-avec-programmes\/\">\u00abpays avec programmes\u00bb<\/a><\/span>.<\/p>\n<p>&nbsp;<\/p>\n<p style=\"text-align: left;\">Dans tous les pays b\u00e9n\u00e9ficiant d\u2019un programme, le Projet Faim travaille exclusivement avec des cadres et des assistants au d\u00e9veloppement originaires des pays concern\u00e9s.<\/p>\n<\/div>\n<\/div>\n<\/div>\n<\/div>\n<p>[\/vc_column_text][vc_gallery type=\u00a0\u00bbimage_grid\u00a0\u00bb images=\u00a0\u00bb1626,1629&Prime; img_size=\u00a0\u00bbfull\u00a0\u00bb column_number=\u00a0\u00bb2&Prime; grayscale=\u00a0\u00bbno\u00a0\u00bb images_space=\u00a0\u00bbgallery_with_space\u00a0\u00bb css=\u00a0\u00bb.vc_custom_1604604142278{margin-top: 20px !important;padding-right: 40px !important;padding-left: 40px !important;background-color: #ffffff !important;}\u00a0\u00bb][vc_column_text css=\u00a0\u00bb.vc_custom_1607184033081{margin-top: 30px !important;padding-right: 40px !important;padding-left: 40px !important;background-color: #ffffff !important;}\u00a0\u00bb]<\/p>\n<div class=\"et_pb_module et_pb_text et_pb_text_0 et_pb_text_align_center et_pb_bg_layout_light\">\n<div class=\"et_pb_text_inner\"><\/div>\n<\/div>\n<div class=\"et_pb_module et_pb_text et_pb_text_1 et_pb_text_align_center et_pb_bg_layout_light\">\n<div class=\"et_pb_text_inner\">\n<div class=\"npobject\">\n<div class=\"npobject\">\n<h2 style=\"text-align: left;\">ONG Aide Plan<\/h2>\n<p>&nbsp;<\/p>\n<p><iframe src=\"https:\/\/ngoaidmap.org\/organizations\/83?embed=true\" width=\"800\" height=\"500\" frameborder=\"0\"><span data-mce-type=\"bookmark\" style=\"display: inline-block; width: 0px; overflow: hidden; line-height: 0;\" class=\"mce_SELRES_start\">\ufeff<\/span><\/iframe><\/p>\n<\/div>\n<div class=\"npobject\">\n<p>&nbsp;<\/p>\n<p style=\"text-align: left;\">Le Projet Faim est fi\u00e8re d&rsquo;\u00eatre une partie de la nouvelle InterAction Plan d&rsquo;aide des ONG.\u00a0<span class=\"goog-text-highlight\">La carte des\u00a0<\/span><span class=\"goog-text-highlight\">aides des\u00a0<\/span><span class=\"goog-text-highlight\">ONG vise \u00e0 rendre les\u00a0<\/span><span class=\"goog-text-highlight\">donn\u00e9es accessibles au\u00a0<\/span><span class=\"goog-text-highlight\">public sur le\u00a0<\/span><span class=\"goog-text-highlight\">d\u00e9veloppement international et la\u00a0<\/span><span class=\"goog-text-highlight\">r\u00e9ponse humanitaire plus accessible \u00e0 tous et piscines ensemble des\u00a0<\/span><span class=\"goog-text-highlight\">informations sur plus de 2.900 projets de plus de 85 organisations.\u00a0<\/span><\/p>\n<\/div>\n<\/div>\n<\/div>\n<\/div>\n<p>&nbsp;<\/p>\n<p><img fetchpriority=\"high\" decoding=\"async\" class=\"size-medium wp-image-1623 alignleft\" src=\"https:\/\/hungerprojekt.ch\/wp-content\/uploads\/2020\/11\/293274-300x173.jpg\" alt=\"\" width=\"300\" height=\"173\" srcset=\"https:\/\/hungerprojekt.ch\/wp-content\/uploads\/2020\/11\/293274-300x173.jpg 300w, https:\/\/hungerprojekt.ch\/wp-content\/uploads\/2020\/11\/293274-345x198.jpg 345w, https:\/\/hungerprojekt.ch\/wp-content\/uploads\/2020\/11\/293274.jpg 405w\" sizes=\"(max-width: 300px) 100vw, 300px\" \/>[\/vc_column_text][\/vc_column][vc_column width=\u00a0\u00bb3\/12&Prime; offset=\u00a0\u00bbvc_hidden-md vc_hidden-sm vc_hidden-xs\u00a0\u00bb][vc_column_text css=\u00a0\u00bb.vc_custom_1607425369772{margin-top: 100px !important;margin-right: 1px !important;margin-left: 41px !important;padding-top: 20px !important;padding-bottom: 20px !important;padding-left: 20px !important;background-color: #0000aa !important;}\u00a0\u00bb]<\/p>\n<h5 style=\"text-align: left;\"><a href=\"https:\/\/hungerprojekt.ch\/fr\/qui-sommes-nous\/\"><strong>QUI SOMMES-NOUS<\/strong><\/a><\/h5>\n<h5 style=\"text-align: left;\"><a href=\"\/fr\/qui-sommes-nous\/vision-et-mission\/\">Vision et Mission<\/a><\/h5>\n<h5 style=\"text-align: left;\"><a href=\"https:\/\/hungerprojekt.ch\/fr\/qui-sommes-nous\/organisation\/\">Organisation<\/a><\/h5>\n<h5 style=\"text-align: left;\"><span style=\"color: #ffd214;\"><a style=\"color: #ffd214;\" href=\"https:\/\/hungerprojekt.ch\/fr\/qui-sommes-nous\/thp-dans-le-monde\/\">THP dans le monde<\/a><\/span><\/h5>\n<h5 style=\"text-align: left;\">\u00a0 \u00a0 \u00a0 <a href=\"https:\/\/hungerprojekt.ch\/fr\/qui-sommes-nous\/thp-dans-le-monde\/pays-avec-programmes\/\">&#8211; Pays avec progr.<\/a><\/h5>\n<h5 style=\"text-align: left;\">\u00a0 \u00a0 \u00a0 <a href=\"https:\/\/hungerprojekt.ch\/fr\/qui-sommes-nous\/thp-dans-le-monde\/pays-partenaires\/\">&#8211; Pays partenaires<\/a><\/h5>\n<h5 style=\"text-align: left;\"><a href=\"https:\/\/hungerprojekt.ch\/fr\/qui-sommes-nous\/thp-suisse-pays-avec-programmes\/\">THP Suisse<\/a><\/h5>\n<h5 style=\"text-align: left;\"><a href=\"https:\/\/hungerprojekt.ch\/fr\/qui-sommes-nous\/thp-suisse-pays-avec-programmes\/burkina-faso\/\">\u00a0 \u00a0 \u00a0 &#8211; Burkina Faso<\/a><\/h5>\n<h5 style=\"text-align: left;\"><a href=\"https:\/\/hungerprojekt.ch\/fr\/qui-sommes-nous\/thp-suisse-pays-avec-programmes\/ethiopie\/\">\u00a0 \u00a0 \u00a0 &#8211; \u00c9thiopie<\/a><\/h5>\n<h5 style=\"text-align: left;\"><a href=\"https:\/\/hungerprojekt.ch\/fr\/qui-sommes-nous\/thp-suisse-pays-avec-programmes\/ghana\/\">\u00a0 \u00a0 \u00a0 &#8211; Ghana<\/a><\/h5>\n<h5 style=\"text-align: left;\"><a href=\"https:\/\/hungerprojekt.ch\/fr\/qui-sommes-nous\/thp-suisse-pays-avec-programmes\/inde\/\">\u00a0 \u00a0 \u00a0 &#8211; Inde<\/a><\/h5>\n<h5 style=\"text-align: left;\"><a href=\"https:\/\/hungerprojekt.ch\/fr\/qui-sommes-nous\/thp-suisse-pays-avec-programmes\/mozambique\/\">\u00a0 \u00a0 \u00a0 &#8211; Mozambique<\/a><\/h5>\n<h5 style=\"text-align: left;\"><a href=\"https:\/\/hungerprojekt.ch\/fr\/qui-sommes-nous\/rapport-annuel\/\">Rapport annuel<\/a><\/h5>\n<h5 style=\"text-align: left;\"><a href=\"\/fr\/qui-sommes-nous\/certificat-zewo\/\">Certificat ZEWO<\/a><\/h5>\n<h5 style=\"text-align: left;\"><a href=\"https:\/\/hungerprojekt.ch\/fr\/qui-sommes-nous\/videos-et-flyer\/\">Flyer et Vid\u00e9os<\/a><\/h5>\n<p>[\/vc_column_text][\/vc_column][\/vc_row][vc_row css_animation=\u00a0\u00bb\u00a0\u00bb row_type=\u00a0\u00bbrow\u00a0\u00bb use_row_as_full_screen_section=\u00a0\u00bbno\u00a0\u00bb type=\u00a0\u00bbgrid\u00a0\u00bb angled_section=\u00a0\u00bbno\u00a0\u00bb text_align=\u00a0\u00bbcenter\u00a0\u00bb background_image_as_pattern=\u00a0\u00bbwithout_pattern\u00a0\u00bb z_index=\u00a0\u00bb\u00a0\u00bb][vc_column width=\u00a0\u00bb9\/12&Prime; offset=\u00a0\u00bbvc_hidden-lg vc_hidden-md\u00a0\u00bb][vc_column_text css=\u00a0\u00bb.vc_custom_1607425825605{padding-top: 30px !important;background-color: #ffffff !important;}\u00a0\u00bb]<\/p>\n<h6 style=\"text-align: left;\"><a href=\"http:\/\/hungerprojekt.ch\/fr\/\">Home<\/a> &gt; <a href=\"\/fr\/qui-sommes-nous\/\">Qui sommes-nous<\/a> &gt; <a href=\"\/fr\/notre-organisation\/thp-dans-le-monde\/\">THP dans le monde<\/a><\/h6>\n<p>[\/vc_column_text][vc_empty_space height=\u00a0\u00bb20&Prime; css=\u00a0\u00bb.vc_custom_1604579018353{background-color: #ffffff !important;}\u00a0\u00bb][vc_column_text css=\u00a0\u00bb.vc_custom_1607441227975{background-color: #ffffff !important;}\u00a0\u00bb]<\/p>\n<div class=\"et_pb_module et_pb_text et_pb_text_0 et_pb_text_align_center et_pb_bg_layout_light\">\n<div class=\"et_pb_text_inner\">\n<h1 style=\"text-align: left;\">THP dans le monde<\/h1>\n<\/div>\n<\/div>\n<p>&nbsp;<\/p>\n<p>&nbsp;<\/p>\n<div class=\"et_pb_module et_pb_text et_pb_text_1 et_pb_text_align_center et_pb_bg_layout_light\">\n<div class=\"et_pb_text_inner\">\n<div class=\"npobject\">\n<div class=\"npobject\">\n<h2 style=\"text-align: left;\">Pays avec programmes y partenaires<\/h2>\n<p>&nbsp;<\/p>\n<\/div>\n<div class=\"npobject\">\n<p style=\"text-align: left;\">Le Projet Faim a atteint plus de 16 millions de personnes dans nos 13 pays de programme en Afrique du Sud, en Asie et en Am\u00e9rique latine en 2019. Les soi-disant <span style=\"text-decoration: underline;\"><a href=\"\/fr\/qui-sommes-nous\/thp-dans-le-monde\/pays-partenaires\/\">\u00abpays partenaires\u00bb<\/a><\/span> financent les travaux dans ces <span style=\"text-decoration: underline;\"><a href=\"\/fr\/qui-sommes-nous\/thp-dans-le-monde\/pays-avec-programmes\/\">\u00abpays avec programmes\u00bb<\/a><\/span>.<\/p>\n<p>&nbsp;<\/p>\n<p style=\"text-align: left;\">Dans tous les pays b\u00e9n\u00e9ficiant d\u2019un programme, le Projet Faim travaille exclusivement avec des cadres et des assistants au d\u00e9veloppement originaires des pays concern\u00e9s.<\/p>\n<\/div>\n<\/div>\n<\/div>\n<\/div>\n<p>[\/vc_column_text][vc_gallery type=\u00a0\u00bbimage_grid\u00a0\u00bb images=\u00a0\u00bb1626,1629&Prime; img_size=\u00a0\u00bbfull\u00a0\u00bb column_number=\u00a0\u00bb2&Prime; grayscale=\u00a0\u00bbno\u00a0\u00bb images_space=\u00a0\u00bbgallery_with_space\u00a0\u00bb css=\u00a0\u00bb.vc_custom_1604604467168{margin-top: 20px !important;background-color: #ffffff !important;}\u00a0\u00bb][vc_column_text css=\u00a0\u00bb.vc_custom_1604604911754{margin-top: 30px !important;background-color: #ffffff !important;}\u00a0\u00bb]<\/p>\n<div class=\"et_pb_module et_pb_text et_pb_text_0 et_pb_text_align_center et_pb_bg_layout_light\">\n<div class=\"et_pb_text_inner\"><\/div>\n<\/div>\n<div class=\"et_pb_module et_pb_text et_pb_text_1 et_pb_text_align_center et_pb_bg_layout_light\">\n<div class=\"et_pb_text_inner\">\n<div class=\"npobject\">\n<div class=\"npobject\">\n<h2 style=\"text-align: left;\">Hilfslandkarte<\/h2>\n<p>&nbsp;<\/p>\n<p><iframe src=\"https:\/\/ngoaidmap.org\/organizations\/83?embed=true\" width=\"300\" height=\"400\" frameborder=\"0\"><span data-mce-type=\"bookmark\" style=\"display: inline-block; width: 0px; overflow: hidden; line-height: 0;\" class=\"mce_SELRES_start\">\ufeff<\/span><\/iframe><\/p>\n<\/div>\n<div class=\"npobject\">\n<p>&nbsp;<\/p>\n<p style=\"text-align: left;\">Das Hunger-Projekt ist stolz darauf, Teil der neuen NGO Aid Map von InterAction zu sein. Die NGO Aid Map hat zum Ziel, \u00f6ffentlich zug\u00e4ngliche Daten zur internationalen Entwicklung und humanit\u00e4ren Hilfe f\u00fcr jedermann zug\u00e4nglich zu machen und b\u00fcndelt Informationen zu mehr als 2.900 Projekten von mehr als 85 Organisationen.<\/p>\n<\/div>\n<\/div>\n<\/div>\n<\/div>\n<p>&nbsp;<\/p>\n<p><img fetchpriority=\"high\" decoding=\"async\" class=\"size-medium wp-image-1623 alignleft\" src=\"https:\/\/hungerprojekt.ch\/wp-content\/uploads\/2020\/11\/293274-300x173.jpg\" alt=\"\" width=\"300\" height=\"173\" srcset=\"https:\/\/hungerprojekt.ch\/wp-content\/uploads\/2020\/11\/293274-300x173.jpg 300w, https:\/\/hungerprojekt.ch\/wp-content\/uploads\/2020\/11\/293274-345x198.jpg 345w, https:\/\/hungerprojekt.ch\/wp-content\/uploads\/2020\/11\/293274.jpg 405w\" sizes=\"(max-width: 300px) 100vw, 300px\" \/>[\/vc_column_text][\/vc_column][vc_column width=\u00a0\u00bb3\/12&Prime; offset=\u00a0\u00bbvc_hidden-md vc_hidden-sm vc_hidden-xs\u00a0\u00bb][\/vc_column][\/vc_row][vc_row css_animation=\u00a0\u00bb\u00a0\u00bb row_type=\u00a0\u00bbrow\u00a0\u00bb use_row_as_full_screen_section=\u00a0\u00bbno\u00a0\u00bb type=\u00a0\u00bbfull_width\u00a0\u00bb angled_section=\u00a0\u00bbno\u00a0\u00bb text_align=\u00a0\u00bbcenter\u00a0\u00bb background_image_as_pattern=\u00a0\u00bbwithout_pattern\u00a0\u00bb z_index=\u00a0\u00bb\u00a0\u00bb css=\u00a0\u00bb.vc_custom_1602087442483{margin-top: 50px !important;background-color: #0011aa !important;}\u00a0\u00bb][vc_column][vc_row_inner row_type=\u00a0\u00bbrow\u00a0\u00bb type=\u00a0\u00bbgrid\u00a0\u00bb text_align=\u00a0\u00bbcenter\u00a0\u00bb css_animation=\u00a0\u00bb\u00a0\u00bb css=\u00a0\u00bb.vc_custom_1602082086628{padding-top: 50px !important;padding-bottom: 50px !important;}\u00a0\u00bb][vc_column_inner width=\u00a0\u00bb2\/3&Prime; css=\u00a0\u00bb.vc_custom_1602075588363{padding-top: 10px !important;padding-bottom: 10px !important;}\u00a0\u00bb]<div class=\"custom_font_holder\" style=\"font-family: Unna; font-size: 34px; line-height: 41px; font-style: normal; font-weight: 300; color: #ffffff; text-decoration: none; text-align: center;\">Empowerment \u2013 Donnez et changez des vies!<\/div>[\/vc_column_inner][vc_column_inner width=\u00a0\u00bb1\/3&Prime; css=\u00a0\u00bb.vc_custom_1602075582964{padding-top: 10px !important;padding-bottom: 10px !important;}\u00a0\u00bb]<a  itemprop=\"url\" href=\"\/fr\/votre-contribution\/\" target=\"_self\" data-hover-background-color='#ffffff' data-hover-border-color='#ffffff' data-hover-color='#0011aa' class=\"qbutton  small center default\" style=\"color: #ffffff; border-color: #ffffff; font-style: normal; font-weight: 700; font-family: Source Sans Pro; text-transform: uppercase; background-color: #0011aa;\">Faire un don<\/a>[\/vc_column_inner][\/vc_row_inner][\/vc_column][\/vc_row]<\/p>\n<\/div>","protected":false},"excerpt":{"rendered":"<p>[vc_row css_animation=\u00a0\u00bb\u00a0\u00bb row_type=\u00a0\u00bbrow\u00a0\u00bb use_row_as_full_screen_section=\u00a0\u00bbno\u00a0\u00bb type=\u00a0\u00bbfull_width\u00a0\u00bb angled_section=\u00a0\u00bbno\u00a0\u00bb text_align=\u00a0\u00bbcenter\u00a0\u00bb background_image_as_pattern=\u00a0\u00bbwithout_pattern\u00a0\u00bb z_index=\u00a0\u00bb\u00a0\u00bb css=\u00a0\u00bb.vc_custom_1604521825735{background-color: #ffffff !important;}\u00a0\u00bb][vc_column][vc_row_inner row_type=\u00a0\u00bbrow\u00a0\u00bb type=\u00a0\u00bbfull_width\u00a0\u00bb text_align=\u00a0\u00bbcenter\u00a0\u00bb css_animation=\u00a0\u00bb\u00a0\u00bb][vc_column_inner offset=\u00a0\u00bbvc_hidden-sm vc_hidden-xs\u00a0\u00bb css=\u00a0\u00bb.vc_custom_1604600747234{padding-top: 500px !important;background-image: url(https:\/\/hungerprojekt.ch\/wp-content\/uploads\/2020\/11\/48865289221_706fc5d855_k.jpg?id=267) !important;background-position: center !important;background-repeat: no-repeat !important;background-size: cover !important;}\u00a0\u00bb][\/vc_column_inner][\/vc_row_inner][vc_row_inner row_type=\u00a0\u00bbrow\u00a0\u00bb type=\u00a0\u00bbfull_width\u00a0\u00bb text_align=\u00a0\u00bbcenter\u00a0\u00bb css_animation=\u00a0\u00bb\u00a0\u00bb][vc_column_inner offset=\u00a0\u00bbvc_hidden-lg vc_hidden-md\u00a0\u00bb css=\u00a0\u00bb.vc_custom_1604600761128{padding-top: 200px !important;background-image: url(https:\/\/hungerprojekt.ch\/wp-content\/uploads\/2020\/11\/48865289221_706fc5d855_k.jpg?id=267) !important;background-position: center !important;background-repeat: no-repeat !important;background-size: cover&#8230;<\/p>\n","protected":false},"author":1,"featured_media":0,"parent":1503,"menu_order":1,"comment_status":"closed","ping_status":"closed","template":"full_width.php","meta":{"inline_featured_image":false,"footnotes":""},"class_list":["post-1620","page","type-page","status-publish","hentry"],"_links":{"self":[{"href":"https:\/\/hungerprojekt.ch\/fr\/wp-json\/wp\/v2\/pages\/1620","targetHints":{"allow":["GET"]}}],"collection":[{"href":"https:\/\/hungerprojekt.ch\/fr\/wp-json\/wp\/v2\/pages"}],"about":[{"href":"https:\/\/hungerprojekt.ch\/fr\/wp-json\/wp\/v2\/types\/page"}],"author":[{"embeddable":true,"href":"https:\/\/hungerprojekt.ch\/fr\/wp-json\/wp\/v2\/users\/1"}],"replies":[{"embeddable":true,"href":"https:\/\/hungerprojekt.ch\/fr\/wp-json\/wp\/v2\/comments?post=1620"}],"version-history":[{"count":10,"href":"https:\/\/hungerprojekt.ch\/fr\/wp-json\/wp\/v2\/pages\/1620\/revisions"}],"predecessor-version":[{"id":2862,"href":"https:\/\/hungerprojekt.ch\/fr\/wp-json\/wp\/v2\/pages\/1620\/revisions\/2862"}],"up":[{"embeddable":true,"href":"https:\/\/hungerprojekt.ch\/fr\/wp-json\/wp\/v2\/pages\/1503"}],"wp:attachment":[{"href":"https:\/\/hungerprojekt.ch\/fr\/wp-json\/wp\/v2\/media?parent=1620"}],"curies":[{"name":"wp","href":"https:\/\/api.w.org\/{rel}","templated":true}]}}