{"id":1721,"date":"2020-12-06T12:51:31","date_gmt":"2020-12-06T11:51:31","guid":{"rendered":"https:\/\/hungerprojekt.ch\/notre-organisation\/thp-suisse-pays-avec-programmes\/aethiopien\/"},"modified":"2021-02-08T11:16:50","modified_gmt":"2021-02-08T10:16:50","slug":"ethiopie","status":"publish","type":"page","link":"https:\/\/hungerprojekt.ch\/fr\/qui-sommes-nous\/thp-suisse-pays-avec-programmes\/ethiopie\/","title":{"rendered":"\u00c9thiopie"},"content":{"rendered":"<div class=\"wpb-content-wrapper\"><p>[vc_row css_animation=\u00a0\u00bb\u00a0\u00bb row_type=\u00a0\u00bbrow\u00a0\u00bb use_row_as_full_screen_section=\u00a0\u00bbno\u00a0\u00bb type=\u00a0\u00bbfull_width\u00a0\u00bb angled_section=\u00a0\u00bbno\u00a0\u00bb text_align=\u00a0\u00bbcenter\u00a0\u00bb background_image_as_pattern=\u00a0\u00bbwithout_pattern\u00a0\u00bb z_index=\u00a0\u00bb\u00a0\u00bb css=\u00a0\u00bb.vc_custom_1604521825735{background-color: #ffffff !important;}\u00a0\u00bb][vc_column][vc_row_inner row_type=\u00a0\u00bbrow\u00a0\u00bb type=\u00a0\u00bbfull_width\u00a0\u00bb text_align=\u00a0\u00bbcenter\u00a0\u00bb css_animation=\u00a0\u00bb\u00a0\u00bb][vc_column_inner offset=\u00a0\u00bbvc_hidden-sm vc_hidden-xs\u00a0\u00bb css=\u00a0\u00bb.vc_custom_1604864757575{padding-top: 500px !important;background-image: url(https:\/\/hungerprojekt.ch\/wp-content\/uploads\/2020\/11\/297888.jpg?id=593) !important;background-position: center !important;background-repeat: no-repeat !important;background-size: cover !important;}\u00a0\u00bb][\/vc_column_inner][\/vc_row_inner][vc_row_inner row_type=\u00a0\u00bbrow\u00a0\u00bb type=\u00a0\u00bbfull_width\u00a0\u00bb text_align=\u00a0\u00bbcenter\u00a0\u00bb css_animation=\u00a0\u00bb\u00a0\u00bb][vc_column_inner offset=\u00a0\u00bbvc_hidden-lg vc_hidden-md\u00a0\u00bb css=\u00a0\u00bb.vc_custom_1604864766009{padding-top: 200px !important;background-image: url(https:\/\/hungerprojekt.ch\/wp-content\/uploads\/2020\/11\/297888.jpg?id=593) !important;background-position: center !important;background-repeat: no-repeat !important;background-size: cover !important;}\u00a0\u00bb][\/vc_column_inner][\/vc_row_inner][\/vc_column][\/vc_row][vc_row css_animation=\u00a0\u00bb\u00a0\u00bb row_type=\u00a0\u00bbrow\u00a0\u00bb use_row_as_full_screen_section=\u00a0\u00bbno\u00a0\u00bb type=\u00a0\u00bbgrid\u00a0\u00bb angled_section=\u00a0\u00bbno\u00a0\u00bb text_align=\u00a0\u00bbleft\u00a0\u00bb background_image_as_pattern=\u00a0\u00bbwithout_pattern\u00a0\u00bb z_index=\u00a0\u00bb\u00a0\u00bb][vc_column width=\u00a0\u00bb9\/12&Prime; offset=\u00a0\u00bbvc_hidden-sm vc_hidden-xs\u00a0\u00bb][vc_column_text css=\u00a0\u00bb.vc_custom_1607260134444{margin-top: -100px !important;padding-top: 30px !important;padding-right: 40px !important;padding-left: 40px !important;background-color: #ffffff !important;}\u00a0\u00bb]<\/p>\n<h6 style=\"text-align: left;\"><a href=\"http:\/\/hungerprojekt.ch\/fr\/\">Home<\/a> &gt; <a href=\"\/fr\/qui-sommes-nous\/\">Qui sommes-nous <\/a> &gt;\u00a0<a href=\"\/fr\/notre-organisation\/thp-suisse-pays-avec-programmes\/\">THP Suisse<\/a>\u00a0&gt; <a href=\"https:\/\/hungerprojekt.ch\/fr\/notre-organisation\/thp-suisse-pays-avec-programmes\/aethiopien\/\">\u00c9thiopie<\/a><\/h6>\n<p>[\/vc_column_text][vc_empty_space height=\u00a0\u00bb20&Prime; css=\u00a0\u00bb.vc_custom_1604579018353{background-color: #ffffff !important;}\u00a0\u00bb][vc_column_text css=\u00a0\u00bb.vc_custom_1612779278224{padding-right: 40px !important;padding-left: 40px !important;background-color: #ffffff !important;}\u00a0\u00bb]<\/p>\n<div class=\"et_pb_module et_pb_text et_pb_text_0 et_pb_text_align_center et_pb_bg_layout_light\">\n<div class=\"et_pb_text_inner\">\n<h1>\u00c9thiopie<\/h1>\n<p>&nbsp;<\/p>\n<p><strong>L&rsquo;\u00c9thiopie est le seul pays d&rsquo;Afrique qui n&rsquo;a jamais \u00e9t\u00e9 colonis\u00e9 et l&rsquo;un des plus anciens pays du monde. Pourtant, il est toujours aux prises avec des troubles politiques, d&rsquo;un taux de pauvret\u00e9 \u00e9lev\u00e9 et d&rsquo;un faible taux d&rsquo;\u00e9ducation.<\/strong><\/p>\n<p>&nbsp;<\/p>\n<p>L&rsquo;\u00c9thiopie a connu des d\u00e9cennies de troubles politiques et a subi des pressions suppl\u00e9mentaires en raison de l&rsquo;afflux de r\u00e9fugi\u00e9s du Sud-Soudan. Environ un tiers de la population vit en dessous du seuil de pauvret\u00e9. Alors que les effets n\u00e9gatifs du changement climatique continuent de menacer l&rsquo;agriculture, la population vivant en dessous du seuil de pauvret\u00e9 pourrait augmenter. Environ la moiti\u00e9 des enfants \u00e2g\u00e9s de 5 \u00e0 14 ans travaillent.<\/p>\n<p>&nbsp;<\/p>\n<p>En 2020, les tensions politiques et ethniques ont conduit \u00e0 des conflits f\u00e9roces, mais jusqu&rsquo;alors limit\u00e9s localement, dans la r\u00e9gion du Tigr\u00e9. Avant cela, une transformation politique de grande envergure du pays avait commenc\u00e9 sous la direction du Premier ministre et laur\u00e9at du prix Nobel de la paix Abyi Ahmed.<\/p>\n<p>&nbsp;<\/p>\n<p>Heureusement, les conflits violents actuels se limitent \u00e0 la r\u00e9gion du Tigr\u00e9, dans le nord du pays. Il est \u00e0 craindre, cependant, que les tensions politiques aient des effets n\u00e9gatifs indirects, m\u00eame dans les r\u00e9gions du pays o\u00f9 se trouvent nos \u00e9picentres. Il est donc plus important que jamais de soutenir les populations locales.<\/p>\n<p>&nbsp;<\/p>\n<h2><strong>R\u00e9alisations r\u00e9centes<\/strong><\/h2>\n<p>&nbsp;<\/p>\n<p>THP Suisse a r\u00e9cemment obtenu quelques succ\u00e8s en Ethiopie.<\/p>\n<p>&nbsp;<\/p>\n<p>Ainsi, l&rsquo;<strong>\u00e9picentre de Jaldu a <\/strong>pu obtenir son ind\u00e9pendance \u00e0 la fin de 2018 et celle-ci a \u00e9t\u00e9 officiellement d\u00e9clar\u00e9e en 2019. Ainsi, l&rsquo;\u00e9picentre remplit d\u00e9sormais toutes les conditions pour r\u00e9pondre aux besoins fondamentaux des membres de sa communaut\u00e9 de mani\u00e8re ind\u00e9pendante (et sans le soutien du projet contre la faim). Fin 2018, 19 055 personnes de 33 villages avaient acc\u00e8s \u00e0 l&rsquo;\u00e9picentre.<\/p>\n<p>&nbsp;<\/p>\n<p>Le score obtenu au test d&rsquo;ind\u00e9pendance \u00e9tait de 81,29 points sur les 80 requis :<\/p>\n<p>&nbsp;<\/p>\n<ul>\n<li>100 % des petits agriculteurs utilisent des pratiques de gestion agricole am\u00e9lior\u00e9es<\/li>\n<\/ul>\n<p>&nbsp;<\/p>\n<ul>\n<li>92% des membres de la communaut\u00e9 ont acc\u00e8s aux services financiers<\/li>\n<\/ul>\n<p>&nbsp;<\/p>\n<ul>\n<li>77% des enfants vont r\u00e9guli\u00e8rement \u00e0 l&rsquo;\u00e9cole<\/li>\n<\/ul>\n<p>&nbsp;<\/p>\n<ul>\n<li>67% des membres de la communaut\u00e9 utilisent au moins une source simple d&rsquo;eau potable<\/li>\n<\/ul>\n<p>&nbsp;<\/p>\n<ul>\n<li>90% des m\u00e9nages comptent au moins un membre qui sait lire et \u00e9crire<\/li>\n<\/ul>\n<p>&nbsp;<\/p>\n<ul>\n<li>89% des travailleurs consultent un m\u00e9decin lorsqu&rsquo;ils sont malades<\/li>\n<\/ul>\n<p>&nbsp;<\/p>\n<ul>\n<li>Score concernant l&rsquo;indicateur d&rsquo;autonomisation des femmes : 57,68 sur 100 points possibles<\/li>\n<\/ul>\n<p>&nbsp;<\/p>\n<ul>\n<li>87% des femmes re\u00e7oivent des soins pr\u00e9nataux<\/li>\n<\/ul>\n<p>&nbsp;<\/p>\n<ul>\n<li>67 % des naissances sont assist\u00e9es par du personnel infirmier dipl\u00f4m\u00e9<\/li>\n<\/ul>\n<p>&nbsp;<\/p>\n<ul>\n<li>42% des femmes poss\u00e8dent une petite entreprise<\/li>\n<\/ul>\n<p>&nbsp;<\/p>\n<p>Avant cela, l&rsquo;<strong>\u00e9picentre de Meskan <\/strong>pourrait d\u00e9j\u00e0 d\u00e9clarer son ind\u00e9pendance \u00e0 la fin de 2017. La c\u00e9r\u00e9monie d&rsquo;ouverture a eu lieu au d\u00e9but de l&rsquo;ann\u00e9e 2018.<\/p>\n<\/div>\n<\/div>\n<p>&nbsp;<\/p>\n<p><img fetchpriority=\"high\" decoding=\"async\" class=\"alignnone wp-image-1724\" src=\"https:\/\/hungerprojekt.ch\/wp-content\/uploads\/2020\/11\/297889-300x200.jpg\" alt=\"\" width=\"521\" height=\"347\" srcset=\"https:\/\/hungerprojekt.ch\/wp-content\/uploads\/2020\/11\/297889-300x200.jpg 300w, https:\/\/hungerprojekt.ch\/wp-content\/uploads\/2020\/11\/297889-1024x681.jpg 1024w, https:\/\/hungerprojekt.ch\/wp-content\/uploads\/2020\/11\/297889-768x511.jpg 768w, https:\/\/hungerprojekt.ch\/wp-content\/uploads\/2020\/11\/297889-700x466.jpg 700w, https:\/\/hungerprojekt.ch\/wp-content\/uploads\/2020\/11\/297889.jpg 1400w\" sizes=\"(max-width: 521px) 100vw, 521px\" \/><\/p>\n<p>&nbsp;<\/p>\n<div class=\"npobject\">\n<h2>Reports on the Missions to THP l&rsquo;\u00c9thiopie<\/h2>\n<\/div>\n<p>&nbsp;<\/p>\n<p><span style=\"text-decoration: underline;\"><a href=\"\/wp-content\/uploads\/2020\/12\/mission_report_ethiopia_2019.pdf\" target=\"_blank\" rel=\"noopener noreferrer\">Mission Report 2019 (EN)<\/a><\/span><\/p>\n<p>&nbsp;<\/p>\n<p><span style=\"text-decoration: underline;\"><a href=\"\/wp-content\/uploads\/2020\/12\/mission_report_ethiopia_mesqan.pdf\" target=\"_blank\" rel=\"noopener noreferrer\">Mission Report 2017 (EN)<\/a><\/span><\/p>\n<p>&nbsp;<\/p>\n<p><img decoding=\"async\" class=\"alignnone wp-image-1730\" src=\"https:\/\/hungerprojekt.ch\/wp-content\/uploads\/2020\/11\/297891-300x200.jpg\" alt=\"\" width=\"536\" height=\"357\" srcset=\"https:\/\/hungerprojekt.ch\/wp-content\/uploads\/2020\/11\/297891-300x200.jpg 300w, https:\/\/hungerprojekt.ch\/wp-content\/uploads\/2020\/11\/297891-1024x681.jpg 1024w, https:\/\/hungerprojekt.ch\/wp-content\/uploads\/2020\/11\/297891-768x511.jpg 768w, https:\/\/hungerprojekt.ch\/wp-content\/uploads\/2020\/11\/297891-700x466.jpg 700w, https:\/\/hungerprojekt.ch\/wp-content\/uploads\/2020\/11\/297891.jpg 1200w\" sizes=\"(max-width: 536px) 100vw, 536px\" \/><\/p>\n<p>&nbsp;<\/p>\n<div class=\"npobject\">\n<h2>Sites THP \u00e0 l&rsquo;\u00c9thiopie<\/h2>\n<p>&nbsp;<\/p>\n<\/div>\n<p><img decoding=\"async\" class=\"alignnone wp-image-1157\" src=\"https:\/\/hungerprojekt.ch\/wp-content\/uploads\/2020\/11\/aethiopien-karte-233x300.jpg\" alt=\"\" width=\"406\" height=\"523\" srcset=\"https:\/\/hungerprojekt.ch\/wp-content\/uploads\/2020\/11\/aethiopien-karte-233x300.jpg 233w, https:\/\/hungerprojekt.ch\/wp-content\/uploads\/2020\/11\/aethiopien-karte.jpg 377w\" sizes=\"(max-width: 406px) 100vw, 406px\" \/>[\/vc_column_text][\/vc_column][vc_column width=\u00a0\u00bb3\/12&Prime; offset=\u00a0\u00bbvc_hidden-md vc_hidden-sm vc_hidden-xs\u00a0\u00bb][vc_column_text css=\u00a0\u00bb.vc_custom_1607434690338{margin-top: 100px !important;margin-right: 1px !important;margin-left: 41px !important;padding-top: 20px !important;padding-bottom: 20px !important;padding-left: 20px !important;background-color: #0000aa !important;}\u00a0\u00bb]<\/p>\n<h5 style=\"text-align: left;\"><a href=\"https:\/\/hungerprojekt.ch\/fr\/qui-sommes-nous\/\"><strong>QUI SOMMES-NOUS<\/strong><\/a><\/h5>\n<h5 style=\"text-align: left;\"><a href=\"\/fr\/qui-sommes-nous\/vision-et-mission\/\">Vision et Mission<\/a><\/h5>\n<h5 style=\"text-align: left;\"><a href=\"https:\/\/hungerprojekt.ch\/fr\/qui-sommes-nous\/organisation\/\">Organisation<\/a><\/h5>\n<h5 style=\"text-align: left;\"><a href=\"https:\/\/hungerprojekt.ch\/fr\/qui-sommes-nous\/thp-dans-le-monde\/\">THP dans le monde<\/a><\/h5>\n<h5 style=\"text-align: left;\">\u00a0 \u00a0 \u00a0 <a href=\"https:\/\/hungerprojekt.ch\/fr\/qui-sommes-nous\/thp-dans-le-monde\/pays-avec-programmes\/\">&#8211; Pays avec progr.<\/a><\/h5>\n<h5 style=\"text-align: left;\">\u00a0 \u00a0 \u00a0 <a href=\"https:\/\/hungerprojekt.ch\/fr\/qui-sommes-nous\/thp-dans-le-monde\/pays-partenaires\/\">&#8211; Pays partenaires<\/a><\/h5>\n<h5 style=\"text-align: left;\"><a href=\"https:\/\/hungerprojekt.ch\/fr\/qui-sommes-nous\/thp-suisse-pays-avec-programmes\/\">THP Suisse<\/a><\/h5>\n<h5 style=\"text-align: left;\"><a href=\"https:\/\/hungerprojekt.ch\/fr\/qui-sommes-nous\/thp-suisse-pays-avec-programmes\/burkina-faso\/\">\u00a0 \u00a0 \u00a0 &#8211; Burkina Faso<\/a><\/h5>\n<h5 style=\"text-align: left;\"><span style=\"color: #ffd214;\"><a style=\"color: #ffd214;\" href=\"https:\/\/hungerprojekt.ch\/fr\/qui-sommes-nous\/thp-suisse-pays-avec-programmes\/ethiopie\/\">\u00a0 \u00a0 \u00a0 &#8211; \u00c9thiopie<\/a><\/span><\/h5>\n<h5 style=\"text-align: left;\"><a href=\"https:\/\/hungerprojekt.ch\/fr\/qui-sommes-nous\/thp-suisse-pays-avec-programmes\/ghana\/\">\u00a0 \u00a0 \u00a0 &#8211; Ghana<\/a><\/h5>\n<h5 style=\"text-align: left;\"><a href=\"https:\/\/hungerprojekt.ch\/fr\/qui-sommes-nous\/thp-suisse-pays-avec-programmes\/inde\/\">\u00a0 \u00a0 \u00a0 &#8211; Inde<\/a><\/h5>\n<h5 style=\"text-align: left;\"><a href=\"https:\/\/hungerprojekt.ch\/fr\/qui-sommes-nous\/thp-suisse-pays-avec-programmes\/mozambique\/\">\u00a0 \u00a0 \u00a0 &#8211; Mozambique<\/a><\/h5>\n<h5 style=\"text-align: left;\"><a href=\"https:\/\/hungerprojekt.ch\/fr\/qui-sommes-nous\/rapport-annuel\/\">Rapport annuel<\/a><\/h5>\n<h5 style=\"text-align: left;\"><a href=\"\/fr\/qui-sommes-nous\/certificat-zewo\/\">Certificat ZEWO<\/a><\/h5>\n<h5 style=\"text-align: left;\"><a href=\"https:\/\/hungerprojekt.ch\/fr\/qui-sommes-nous\/videos-et-flyer\/\">Flyer et Vid\u00e9os<\/a><\/h5>\n<p>[\/vc_column_text][\/vc_column][\/vc_row][vc_row css_animation=\u00a0\u00bb\u00a0\u00bb row_type=\u00a0\u00bbrow\u00a0\u00bb use_row_as_full_screen_section=\u00a0\u00bbno\u00a0\u00bb type=\u00a0\u00bbgrid\u00a0\u00bb angled_section=\u00a0\u00bbno\u00a0\u00bb text_align=\u00a0\u00bbleft\u00a0\u00bb background_image_as_pattern=\u00a0\u00bbwithout_pattern\u00a0\u00bb z_index=\u00a0\u00bb\u00a0\u00bb][vc_column width=\u00a0\u00bb9\/12&Prime; offset=\u00a0\u00bbvc_hidden-lg vc_hidden-md\u00a0\u00bb][vc_column_text css=\u00a0\u00bb.vc_custom_1607260144638{padding-top: 30px !important;background-color: #ffffff !important;}\u00a0\u00bb]<\/p>\n<h6 style=\"text-align: left;\"><a href=\"http:\/\/hungerprojekt.ch\/fr\/\">Home<\/a> &gt; <a href=\"\/fr\/qui-sommes-nous\/\">Qui sommes-nous <\/a> &gt;\u00a0<a href=\"\/fr\/notre-organisation\/thp-suisse-pays-avec-programmes\/\">THP Suisse<\/a>\u00a0&gt; <a href=\"https:\/\/hungerprojekt.ch\/fr\/notre-organisation\/thp-suisse-pays-avec-programmes\/aethiopien\/\">\u00c9thiopie<\/a><\/h6>\n<p>[\/vc_column_text][vc_empty_space height=\u00a0\u00bb20&Prime; css=\u00a0\u00bb.vc_custom_1604579018353{background-color: #ffffff !important;}\u00a0\u00bb][vc_column_text css=\u00a0\u00bb.vc_custom_1612779289034{background-color: #ffffff !important;}\u00a0\u00bb]<\/p>\n<div class=\"et_pb_module et_pb_text et_pb_text_0 et_pb_text_align_center et_pb_bg_layout_light\">\n<div class=\"et_pb_text_inner\">\n<h1>\u00c9thiopie<\/h1>\n<p>&nbsp;<\/p>\n<p><strong>L&rsquo;\u00c9thiopie est le seul pays d&rsquo;Afrique qui n&rsquo;a jamais \u00e9t\u00e9 colonis\u00e9 et l&rsquo;un des plus anciens pays du monde. Pourtant, il est toujours aux prises avec des troubles politiques, d&rsquo;un taux de pauvret\u00e9 \u00e9lev\u00e9 et d&rsquo;un faible taux d&rsquo;\u00e9ducation.<\/strong><\/p>\n<p>&nbsp;<\/p>\n<p>L&rsquo;\u00c9thiopie a connu des d\u00e9cennies de troubles politiques et a subi des pressions suppl\u00e9mentaires en raison de l&rsquo;afflux de r\u00e9fugi\u00e9s du Sud-Soudan. Environ un tiers de la population vit en dessous du seuil de pauvret\u00e9. Alors que les effets n\u00e9gatifs du changement climatique continuent de menacer l&rsquo;agriculture, la population vivant en dessous du seuil de pauvret\u00e9 pourrait augmenter. Environ la moiti\u00e9 des enfants \u00e2g\u00e9s de 5 \u00e0 14 ans travaillent.<\/p>\n<p>&nbsp;<\/p>\n<p>En 2020, les tensions politiques et ethniques ont conduit \u00e0 des conflits f\u00e9roces, mais jusqu&rsquo;alors limit\u00e9s localement, dans la r\u00e9gion du Tigr\u00e9. Avant cela, une transformation politique de grande envergure du pays avait commenc\u00e9 sous la direction du Premier ministre et laur\u00e9at du prix Nobel de la paix Abyi Ahmed.<\/p>\n<p>&nbsp;<\/p>\n<p>Heureusement, les conflits violents actuels se limitent \u00e0 la r\u00e9gion du Tigr\u00e9, dans le nord du pays. Il est \u00e0 craindre, cependant, que les tensions politiques aient des effets n\u00e9gatifs indirects, m\u00eame dans les r\u00e9gions du pays o\u00f9 se trouvent nos \u00e9picentres. Il est donc plus important que jamais de soutenir les populations locales.<\/p>\n<p>&nbsp;<\/p>\n<h2><strong>R\u00e9alisations r\u00e9centes<\/strong><\/h2>\n<p>&nbsp;<\/p>\n<p>THP Suisse a r\u00e9cemment obtenu quelques succ\u00e8s en Ethiopie.<\/p>\n<p>&nbsp;<\/p>\n<p>Ainsi, l&rsquo;<strong>\u00e9picentre de Jaldu a <\/strong>pu obtenir son ind\u00e9pendance \u00e0 la fin de 2018 et celle-ci a \u00e9t\u00e9 officiellement d\u00e9clar\u00e9e en 2019. Ainsi, l&rsquo;\u00e9picentre remplit d\u00e9sormais toutes les conditions pour r\u00e9pondre aux besoins fondamentaux des membres de sa communaut\u00e9 de mani\u00e8re ind\u00e9pendante (et sans le soutien du projet contre la faim). Fin 2018, 19 055 personnes de 33 villages avaient acc\u00e8s \u00e0 l&rsquo;\u00e9picentre.<\/p>\n<p>&nbsp;<\/p>\n<p>Le score obtenu au test d&rsquo;ind\u00e9pendance \u00e9tait de 81,29 points sur les 80 requis :<\/p>\n<p>&nbsp;<\/p>\n<ul>\n<li>100 % des petits agriculteurs utilisent des pratiques de gestion agricole am\u00e9lior\u00e9es<\/li>\n<\/ul>\n<p>&nbsp;<\/p>\n<ul>\n<li>92% des membres de la communaut\u00e9 ont acc\u00e8s aux services financiers<\/li>\n<\/ul>\n<p>&nbsp;<\/p>\n<ul>\n<li>77% des enfants vont r\u00e9guli\u00e8rement \u00e0 l&rsquo;\u00e9cole<\/li>\n<\/ul>\n<p>&nbsp;<\/p>\n<ul>\n<li>67% des membres de la communaut\u00e9 utilisent au moins une source simple d&rsquo;eau potable<\/li>\n<\/ul>\n<p>&nbsp;<\/p>\n<ul>\n<li>90% des m\u00e9nages comptent au moins un membre qui sait lire et \u00e9crire<\/li>\n<\/ul>\n<p>&nbsp;<\/p>\n<ul>\n<li>89% des travailleurs consultent un m\u00e9decin lorsqu&rsquo;ils sont malades<\/li>\n<\/ul>\n<p>&nbsp;<\/p>\n<ul>\n<li>Score concernant l&rsquo;indicateur d&rsquo;autonomisation des femmes : 57,68 sur 100 points possibles<\/li>\n<\/ul>\n<p>&nbsp;<\/p>\n<ul>\n<li>87% des femmes re\u00e7oivent des soins pr\u00e9nataux<\/li>\n<\/ul>\n<p>&nbsp;<\/p>\n<ul>\n<li>67 % des naissances sont assist\u00e9es par du personnel infirmier dipl\u00f4m\u00e9<\/li>\n<\/ul>\n<p>&nbsp;<\/p>\n<ul>\n<li>42% des femmes poss\u00e8dent une petite entreprise<\/li>\n<\/ul>\n<p>&nbsp;<\/p>\n<p>Avant cela, l&rsquo;<strong>\u00e9picentre de Meskan <\/strong>pourrait d\u00e9j\u00e0 d\u00e9clarer son ind\u00e9pendance \u00e0 la fin de 2017. La c\u00e9r\u00e9monie d&rsquo;ouverture a eu lieu au d\u00e9but de l&rsquo;ann\u00e9e 2018.<\/p>\n<\/div>\n<\/div>\n<p>&nbsp;<\/p>\n<p><img fetchpriority=\"high\" decoding=\"async\" class=\"alignnone wp-image-1724\" src=\"https:\/\/hungerprojekt.ch\/wp-content\/uploads\/2020\/11\/297889-300x200.jpg\" alt=\"\" width=\"521\" height=\"347\" srcset=\"https:\/\/hungerprojekt.ch\/wp-content\/uploads\/2020\/11\/297889-300x200.jpg 300w, https:\/\/hungerprojekt.ch\/wp-content\/uploads\/2020\/11\/297889-1024x681.jpg 1024w, https:\/\/hungerprojekt.ch\/wp-content\/uploads\/2020\/11\/297889-768x511.jpg 768w, https:\/\/hungerprojekt.ch\/wp-content\/uploads\/2020\/11\/297889-700x466.jpg 700w, https:\/\/hungerprojekt.ch\/wp-content\/uploads\/2020\/11\/297889.jpg 1400w\" sizes=\"(max-width: 521px) 100vw, 521px\" \/><\/p>\n<p>&nbsp;<\/p>\n<div class=\"npobject\">\n<h2>Reports on the Missions to THP l&rsquo;\u00c9thiopie<\/h2>\n<\/div>\n<p>&nbsp;<\/p>\n<p><span style=\"text-decoration: underline;\"><a href=\"\/wp-content\/uploads\/2020\/12\/mission_report_ethiopia_2019.pdf\" target=\"_blank\" rel=\"noopener noreferrer\">Mission Report 2019 (EN)<\/a><\/span><\/p>\n<p>&nbsp;<\/p>\n<p><span style=\"text-decoration: underline;\"><a href=\"\/wp-content\/uploads\/2020\/12\/mission_report_ethiopia_mesqan.pdf\" target=\"_blank\" rel=\"noopener noreferrer\">Mission Report 2017 (EN)<\/a><\/span><\/p>\n<p>&nbsp;<\/p>\n<p><img decoding=\"async\" class=\"alignnone wp-image-1730\" src=\"https:\/\/hungerprojekt.ch\/wp-content\/uploads\/2020\/11\/297891-300x200.jpg\" alt=\"\" width=\"536\" height=\"357\" srcset=\"https:\/\/hungerprojekt.ch\/wp-content\/uploads\/2020\/11\/297891-300x200.jpg 300w, https:\/\/hungerprojekt.ch\/wp-content\/uploads\/2020\/11\/297891-1024x681.jpg 1024w, https:\/\/hungerprojekt.ch\/wp-content\/uploads\/2020\/11\/297891-768x511.jpg 768w, https:\/\/hungerprojekt.ch\/wp-content\/uploads\/2020\/11\/297891-700x466.jpg 700w, https:\/\/hungerprojekt.ch\/wp-content\/uploads\/2020\/11\/297891.jpg 1200w\" sizes=\"(max-width: 536px) 100vw, 536px\" \/><\/p>\n<p>&nbsp;<\/p>\n<div class=\"npobject\">\n<h2>Sites THP \u00e0 l&rsquo;\u00c9thiopie<\/h2>\n<p>&nbsp;<\/p>\n<\/div>\n<p><img decoding=\"async\" class=\"alignnone wp-image-1157\" src=\"https:\/\/hungerprojekt.ch\/wp-content\/uploads\/2020\/11\/aethiopien-karte-233x300.jpg\" alt=\"\" width=\"406\" height=\"523\" srcset=\"https:\/\/hungerprojekt.ch\/wp-content\/uploads\/2020\/11\/aethiopien-karte-233x300.jpg 233w, https:\/\/hungerprojekt.ch\/wp-content\/uploads\/2020\/11\/aethiopien-karte.jpg 377w\" sizes=\"(max-width: 406px) 100vw, 406px\" \/>[\/vc_column_text][\/vc_column][vc_column width=\u00a0\u00bb3\/12&Prime; offset=\u00a0\u00bbvc_hidden-md vc_hidden-sm vc_hidden-xs\u00a0\u00bb][\/vc_column][\/vc_row][vc_row css_animation=\u00a0\u00bb\u00a0\u00bb row_type=\u00a0\u00bbrow\u00a0\u00bb use_row_as_full_screen_section=\u00a0\u00bbno\u00a0\u00bb type=\u00a0\u00bbfull_width\u00a0\u00bb angled_section=\u00a0\u00bbno\u00a0\u00bb text_align=\u00a0\u00bbcenter\u00a0\u00bb background_image_as_pattern=\u00a0\u00bbwithout_pattern\u00a0\u00bb z_index=\u00a0\u00bb\u00a0\u00bb css=\u00a0\u00bb.vc_custom_1602087442483{margin-top: 50px !important;background-color: #0011aa !important;}\u00a0\u00bb][vc_column][vc_row_inner row_type=\u00a0\u00bbrow\u00a0\u00bb type=\u00a0\u00bbgrid\u00a0\u00bb text_align=\u00a0\u00bbcenter\u00a0\u00bb css_animation=\u00a0\u00bb\u00a0\u00bb css=\u00a0\u00bb.vc_custom_1602082086628{padding-top: 50px !important;padding-bottom: 50px !important;}\u00a0\u00bb][vc_column_inner width=\u00a0\u00bb2\/3&Prime; css=\u00a0\u00bb.vc_custom_1602075588363{padding-top: 10px !important;padding-bottom: 10px !important;}\u00a0\u00bb]<div class=\"custom_font_holder\" style=\"font-family: Unna; font-size: 34px; line-height: 41px; font-style: normal; font-weight: 300; color: #ffffff; text-decoration: none; text-align: center;\">Empowerment \u2013 Donnez et changez des vies!<\/div>[\/vc_column_inner][vc_column_inner width=\u00a0\u00bb1\/3&Prime; css=\u00a0\u00bb.vc_custom_1602075582964{padding-top: 10px !important;padding-bottom: 10px !important;}\u00a0\u00bb]<a  itemprop=\"url\" href=\"\/fr\/votre-contribution\/\" target=\"_self\" data-hover-background-color='#ffffff' data-hover-border-color='#ffffff' data-hover-color='#0011aa' class=\"qbutton  small center default\" style=\"color: #ffffff; border-color: #ffffff; font-style: normal; font-weight: 700; font-family: Source Sans Pro; text-transform: uppercase; background-color: #0011aa;\">Faire un don<\/a>[\/vc_column_inner][\/vc_row_inner][\/vc_column][\/vc_row]<\/p>\n<\/div>","protected":false},"excerpt":{"rendered":"<p>[vc_row css_animation=\u00a0\u00bb\u00a0\u00bb row_type=\u00a0\u00bbrow\u00a0\u00bb use_row_as_full_screen_section=\u00a0\u00bbno\u00a0\u00bb type=\u00a0\u00bbfull_width\u00a0\u00bb angled_section=\u00a0\u00bbno\u00a0\u00bb text_align=\u00a0\u00bbcenter\u00a0\u00bb background_image_as_pattern=\u00a0\u00bbwithout_pattern\u00a0\u00bb z_index=\u00a0\u00bb\u00a0\u00bb css=\u00a0\u00bb.vc_custom_1604521825735{background-color: #ffffff !important;}\u00a0\u00bb][vc_column][vc_row_inner row_type=\u00a0\u00bbrow\u00a0\u00bb type=\u00a0\u00bbfull_width\u00a0\u00bb text_align=\u00a0\u00bbcenter\u00a0\u00bb css_animation=\u00a0\u00bb\u00a0\u00bb][vc_column_inner offset=\u00a0\u00bbvc_hidden-sm vc_hidden-xs\u00a0\u00bb css=\u00a0\u00bb.vc_custom_1604864757575{padding-top: 500px !important;background-image: url(https:\/\/hungerprojekt.ch\/wp-content\/uploads\/2020\/11\/297888.jpg?id=593) !important;background-position: center !important;background-repeat: no-repeat !important;background-size: cover !important;}\u00a0\u00bb][\/vc_column_inner][\/vc_row_inner][vc_row_inner row_type=\u00a0\u00bbrow\u00a0\u00bb type=\u00a0\u00bbfull_width\u00a0\u00bb text_align=\u00a0\u00bbcenter\u00a0\u00bb css_animation=\u00a0\u00bb\u00a0\u00bb][vc_column_inner offset=\u00a0\u00bbvc_hidden-lg vc_hidden-md\u00a0\u00bb css=\u00a0\u00bb.vc_custom_1604864766009{padding-top: 200px !important;background-image: url(https:\/\/hungerprojekt.ch\/wp-content\/uploads\/2020\/11\/297888.jpg?id=593) !important;background-position: center !important;background-repeat: no-repeat !important;background-size: cover&#8230;<\/p>\n","protected":false},"author":1,"featured_media":0,"parent":1704,"menu_order":1,"comment_status":"closed","ping_status":"closed","template":"full_width.php","meta":{"inline_featured_image":false,"footnotes":""},"class_list":["post-1721","page","type-page","status-publish","hentry"],"_links":{"self":[{"href":"https:\/\/hungerprojekt.ch\/fr\/wp-json\/wp\/v2\/pages\/1721","targetHints":{"allow":["GET"]}}],"collection":[{"href":"https:\/\/hungerprojekt.ch\/fr\/wp-json\/wp\/v2\/pages"}],"about":[{"href":"https:\/\/hungerprojekt.ch\/fr\/wp-json\/wp\/v2\/types\/page"}],"author":[{"embeddable":true,"href":"https:\/\/hungerprojekt.ch\/fr\/wp-json\/wp\/v2\/users\/1"}],"replies":[{"embeddable":true,"href":"https:\/\/hungerprojekt.ch\/fr\/wp-json\/wp\/v2\/comments?post=1721"}],"version-history":[{"count":7,"href":"https:\/\/hungerprojekt.ch\/fr\/wp-json\/wp\/v2\/pages\/1721\/revisions"}],"predecessor-version":[{"id":2902,"href":"https:\/\/hungerprojekt.ch\/fr\/wp-json\/wp\/v2\/pages\/1721\/revisions\/2902"}],"up":[{"embeddable":true,"href":"https:\/\/hungerprojekt.ch\/fr\/wp-json\/wp\/v2\/pages\/1704"}],"wp:attachment":[{"href":"https:\/\/hungerprojekt.ch\/fr\/wp-json\/wp\/v2\/media?parent=1721"}],"curies":[{"name":"wp","href":"https:\/\/api.w.org\/{rel}","templated":true}]}}