{"id":1769,"date":"2020-12-06T14:46:02","date_gmt":"2020-12-06T13:46:02","guid":{"rendered":"https:\/\/hungerprojekt.ch\/qui-sommes-nous\/thp-suisse-pays-avec-programmes\/ghana\/"},"modified":"2021-02-08T11:28:04","modified_gmt":"2021-02-08T10:28:04","slug":"ghana","status":"publish","type":"page","link":"https:\/\/hungerprojekt.ch\/fr\/qui-sommes-nous\/thp-suisse-pays-avec-programmes\/ghana\/","title":{"rendered":"Ghana"},"content":{"rendered":"<div class=\"wpb-content-wrapper\"><p>[vc_row css_animation=\u00a0\u00bb\u00a0\u00bb row_type=\u00a0\u00bbrow\u00a0\u00bb use_row_as_full_screen_section=\u00a0\u00bbno\u00a0\u00bb type=\u00a0\u00bbfull_width\u00a0\u00bb angled_section=\u00a0\u00bbno\u00a0\u00bb text_align=\u00a0\u00bbcenter\u00a0\u00bb background_image_as_pattern=\u00a0\u00bbwithout_pattern\u00a0\u00bb z_index=\u00a0\u00bb\u00a0\u00bb css=\u00a0\u00bb.vc_custom_1604521825735{background-color: #ffffff !important;}\u00a0\u00bb][vc_column][vc_row_inner row_type=\u00a0\u00bbrow\u00a0\u00bb type=\u00a0\u00bbfull_width\u00a0\u00bb text_align=\u00a0\u00bbcenter\u00a0\u00bb css_animation=\u00a0\u00bb\u00a0\u00bb][vc_column_inner offset=\u00a0\u00bbvc_hidden-sm vc_hidden-xs\u00a0\u00bb css=\u00a0\u00bb.vc_custom_1604868951570{padding-top: 500px !important;background-image: url(https:\/\/hungerprojekt.ch\/wp-content\/uploads\/2020\/11\/297854.jpg?id=615) !important;background-position: center !important;background-repeat: no-repeat !important;background-size: cover !important;}\u00a0\u00bb][\/vc_column_inner][\/vc_row_inner][vc_row_inner row_type=\u00a0\u00bbrow\u00a0\u00bb type=\u00a0\u00bbfull_width\u00a0\u00bb text_align=\u00a0\u00bbcenter\u00a0\u00bb css_animation=\u00a0\u00bb\u00a0\u00bb][vc_column_inner offset=\u00a0\u00bbvc_hidden-lg vc_hidden-md\u00a0\u00bb css=\u00a0\u00bb.vc_custom_1604868957972{padding-top: 200px !important;background-image: url(https:\/\/hungerprojekt.ch\/wp-content\/uploads\/2020\/11\/297854.jpg?id=615) !important;background-position: center !important;background-repeat: no-repeat !important;background-size: cover !important;}\u00a0\u00bb][\/vc_column_inner][\/vc_row_inner][\/vc_column][\/vc_row][vc_row css_animation=\u00a0\u00bb\u00a0\u00bb row_type=\u00a0\u00bbrow\u00a0\u00bb use_row_as_full_screen_section=\u00a0\u00bbno\u00a0\u00bb type=\u00a0\u00bbgrid\u00a0\u00bb angled_section=\u00a0\u00bbno\u00a0\u00bb text_align=\u00a0\u00bbleft\u00a0\u00bb background_image_as_pattern=\u00a0\u00bbwithout_pattern\u00a0\u00bb z_index=\u00a0\u00bb\u00a0\u00bb][vc_column width=\u00a0\u00bb9\/12&Prime; offset=\u00a0\u00bbvc_hidden-sm vc_hidden-xs\u00a0\u00bb][vc_column_text css=\u00a0\u00bb.vc_custom_1607262580603{margin-top: -100px !important;padding-top: 30px !important;padding-right: 40px !important;padding-left: 40px !important;background-color: #ffffff !important;}\u00a0\u00bb]<\/p>\n<h6 style=\"text-align: left;\"><a href=\"http:\/\/hungerprojekt.ch\/fr\/\">Home<\/a> &gt; <a href=\"\/fr\/qui-sommes-nous\/\">Qui sommes-nous <\/a> &gt;\u00a0<a href=\"\/fr\/notre-organisation\/thp-suisse-pays-avec-programmes\/\">THP Suisse<\/a> &gt; <a href=\"\/fr\/qui-sommes-nous\/thp-suisse-pays-avec-programmes\/ghana\/\">Ghana<\/a><\/h6>\n<p>[\/vc_column_text][vc_empty_space height=\u00a0\u00bb20&Prime; css=\u00a0\u00bb.vc_custom_1604579018353{background-color: #ffffff !important;}\u00a0\u00bb][vc_column_text css=\u00a0\u00bb.vc_custom_1612780064255{padding-right: 40px !important;padding-left: 40px !important;background-color: #ffffff !important;}\u00a0\u00bb]<\/p>\n<div class=\"et_pb_module et_pb_text et_pb_text_0 et_pb_text_align_center et_pb_bg_layout_light\">\n<div class=\"et_pb_text_inner\">\n<h1><strong>Ghana<\/strong><\/h1>\n<p>&nbsp;<\/p>\n<p><strong>Au Ghana, l&rsquo;un des pays les plus d\u00e9velopp\u00e9s d&rsquo;Afrique occidentale, moins de la moiti\u00e9 des femmes ont re\u00e7u une \u00e9ducation secondaire et pr\u00e8s d&rsquo;un tiers de la population vit avec moins de 1,25 dollar par jour.<\/strong><\/p>\n<p>&nbsp;<\/p>\n<p>La capitale du Ghana, Accra, est l&rsquo;une des villes les plus riches et les plus modernes du continent et conna\u00eet actuellement une p\u00e9riode de croissance et d&rsquo;urbanisation rapides. Le revenu a augment\u00e9 \u00e0 un taux annuel moyen de 4 % par habitant au cours des 15 derni\u00e8res ann\u00e9es. Cette situation est le r\u00e9sultat des prix \u00e9lev\u00e9s des produits de base, des bonnes conditions commerciales, de la stabilit\u00e9 macro\u00e9conomique et des r\u00e9formes structurelles.<\/p>\n<p>&nbsp;<\/p>\n<p>Bien que le PIB du pays continue de cro\u00eetre avec la production de p\u00e9trole, l&rsquo;extraction d&rsquo;or et d&rsquo;autres industries, la plupart de ces richesses ne sont pas distribu\u00e9es parmi la population en raison du niveau \u00e9lev\u00e9 de corruption. La plupart des pauvres au Ghana vivent dans des zones rurales sans services de base tels que les soins de sant\u00e9 et l&rsquo;eau potable. Les petits exploitants, qui sont les plus touch\u00e9s par la pauvret\u00e9 rurale au Ghana, d\u00e9pendent d&rsquo;outils agricoles obsol\u00e8tes et n&rsquo;ont pas acc\u00e8s aux semences am\u00e9lior\u00e9es et \u00e0 des engrais pour permettant d\u2019augmenter le rendement des cultures.<\/p>\n<p>&nbsp;<\/p>\n<p>Le Ghana (limitrophe de la C\u00f4te d&rsquo;Ivoire, du Burkina Faso et du Togo) a \u00e9t\u00e9 le premier pays colonial d&rsquo;Afrique subsaharienne \u00e0 obtenir son ind\u00e9pendance en 1957. Apr\u00e8s une p\u00e9riode de turbulences avec plusieurs coups d&rsquo;\u00c9tat militaires, une d\u00e9mocratie stable a \u00e9t\u00e9 \u00e9tablie dans les ann\u00e9es 1990, qui est toujours en place aujourd&rsquo;hui.<\/p>\n<p>&nbsp;<\/p>\n<h2><strong>R\u00e9alisations r\u00e9centes<\/strong><\/h2>\n<p>&nbsp;<\/p>\n<p>Le Ghana est depuis longtemps soutenu par la THP Suisse. R\u00e9cemment, les succ\u00e8s suivants ont \u00e9t\u00e9 obtenus :<\/p>\n<p>&nbsp;<\/p>\n<p>En 2019, deux Epicentres au Ghana, <strong>Agyapomaa et Ponponya, <\/strong>qui ont \u00e9t\u00e9 soutenus par le Projet Faim Suisse, ont obtenu leur ind\u00e9pendance et sont maintenant ind\u00e9pendants. Cela signifie qu&rsquo;un total de 9 383 personnes dans 17 communaut\u00e9s a pu \u00eatre atteint. Le Hunger Project Switzerland a pu contribuer \u00e0 ce succ\u00e8s pour un montant total de 156 547 CHF en 2019.<\/p>\n<p>&nbsp;<\/p>\n<p>L&rsquo;\u00e9picentre d&rsquo;Agyapomaa obtient actuellement 84,64 points sur les 80 points requis dans le test d&rsquo;ind\u00e9pendance. L&rsquo;\u00e9picentre montre les remarquable r\u00e9sultats suivants :<\/p>\n<p>&nbsp;<\/p>\n<ul>\n<li>aucun membre de la communaut\u00e9 de l&rsquo;\u00e9picentre ne souffre de la faim s\u00e9v\u00e8re<\/li>\n<\/ul>\n<p>&nbsp;<\/p>\n<ul>\n<li>84% des membres de la communaut\u00e9 sont convaincus que les femmes et les hommes partagent la responsabilit\u00e9 des d\u00e9cisions du m\u00e9nage<\/li>\n<\/ul>\n<p>&nbsp;<\/p>\n<ul>\n<li>80% des m\u00e9nages utilisent des installations sanitaires am\u00e9lior\u00e9es<\/li>\n<\/ul>\n<p>&nbsp;<\/p>\n<ul>\n<li>94% des enfants en \u00e2ge scolaire sont scolaris\u00e9s<\/li>\n<\/ul>\n<p>&nbsp;<\/p>\n<ul>\n<li>77% des enfants dorment sous une moustiquaire<\/li>\n<\/ul>\n<p>&nbsp;<\/p>\n<ul>\n<li>Score sur l&rsquo;indice d&rsquo;autonomisation des femmes (WEI) : 74,92 sur 100 points possibles<\/li>\n<\/ul>\n<p>&nbsp;<\/p>\n<p>L&rsquo;\u00e9picentre de Ponponya obtient 81,7 points sur les 80 points requis dans le test d&rsquo;ind\u00e9pendance. L&rsquo;\u00e9picentre a les r\u00e9sultats suivants :<\/p>\n<p>&nbsp;<\/p>\n<ul>\n<li>Mobilisation de la communaut\u00e9 :\n<ul>\n<li>81% des membres de la communaut\u00e9 de l&rsquo;\u00e9picentre se consid\u00e8rent capables de changer leur communaut\u00e9<\/li>\n<li>84% des membres ont particip\u00e9 aux derni\u00e8res \u00e9lections<\/li>\n<\/ul>\n<\/li>\n<\/ul>\n<p>&nbsp;<\/p>\n<ul>\n<li>aucun membre de la communaut\u00e9 de l&rsquo;\u00e9picentre ne souffre de la faim s\u00e9v\u00e8re<\/li>\n<\/ul>\n<p>&nbsp;<\/p>\n<ul>\n<li>tous les petits agriculteurs appliquent des pratiques agricoles am\u00e9lior\u00e9es<\/li>\n<\/ul>\n<p>&nbsp;<\/p>\n<ul>\n<li>91% des enfants vont r\u00e9guli\u00e8rement \u00e0 l&rsquo;\u00e9cole<\/li>\n<\/ul>\n<p>&nbsp;<\/p>\n<ul>\n<li>31% des femmes poss\u00e8dent une petite entreprise<\/li>\n<\/ul>\n<p>&nbsp;<\/p>\n<ul>\n<li>le nombre d&rsquo;enfants de moins de 5 ans atteints de maladies diarrh\u00e9iques a diminu\u00e9 de 48<\/li>\n<\/ul>\n<p>&nbsp;<\/p>\n<ul>\n<li>Score sur l&rsquo;indice d&rsquo;autonomisation des femmes (HOW) : 78,48 sur 100 points possibles<\/li>\n<\/ul>\n<\/div>\n<\/div>\n<p>&nbsp;<\/p>\n<p><img fetchpriority=\"high\" decoding=\"async\" class=\"alignnone wp-image-1772\" src=\"https:\/\/hungerprojekt.ch\/wp-content\/uploads\/2020\/11\/297856-300x225.jpg\" alt=\"\" width=\"647\" height=\"485\" srcset=\"https:\/\/hungerprojekt.ch\/wp-content\/uploads\/2020\/11\/297856-300x225.jpg 300w, https:\/\/hungerprojekt.ch\/wp-content\/uploads\/2020\/11\/297856-1024x768.jpg 1024w, https:\/\/hungerprojekt.ch\/wp-content\/uploads\/2020\/11\/297856-768x576.jpg 768w, https:\/\/hungerprojekt.ch\/wp-content\/uploads\/2020\/11\/297856-800x600.jpg 800w, https:\/\/hungerprojekt.ch\/wp-content\/uploads\/2020\/11\/297856-700x525.jpg 700w, https:\/\/hungerprojekt.ch\/wp-content\/uploads\/2020\/11\/297856.jpg 1200w\" sizes=\"(max-width: 647px) 100vw, 647px\" \/><\/p>\n<p>&nbsp;<\/p>\n<h2>Reports on the Missions to THP Ghana<\/h2>\n<p>&nbsp;<\/p>\n<p><span style=\"text-decoration: underline;\"><a href=\"\/wp-content\/uploads\/2020\/12\/mission_report_ghana.pdf\" target=\"_blank\" rel=\"noopener noreferrer\">Mission Report Ghana 2016<\/a><\/span><\/p>\n<p>&nbsp;<\/p>\n<p><img decoding=\"async\" class=\"alignnone wp-image-1775\" src=\"https:\/\/hungerprojekt.ch\/wp-content\/uploads\/2020\/11\/297857-300x225.jpg\" alt=\"\" width=\"467\" height=\"350\" srcset=\"https:\/\/hungerprojekt.ch\/wp-content\/uploads\/2020\/11\/297857-300x225.jpg 300w, https:\/\/hungerprojekt.ch\/wp-content\/uploads\/2020\/11\/297857-1024x768.jpg 1024w, https:\/\/hungerprojekt.ch\/wp-content\/uploads\/2020\/11\/297857-768x576.jpg 768w, https:\/\/hungerprojekt.ch\/wp-content\/uploads\/2020\/11\/297857-800x600.jpg 800w, https:\/\/hungerprojekt.ch\/wp-content\/uploads\/2020\/11\/297857-700x525.jpg 700w, https:\/\/hungerprojekt.ch\/wp-content\/uploads\/2020\/11\/297857.jpg 1200w\" sizes=\"(max-width: 467px) 100vw, 467px\" \/><\/p>\n<p>&nbsp;<\/p>\n<p>&nbsp;<\/p>\n<div class=\"npobject\">\n<h2>Sites THP au Ghana<\/h2>\n<\/div>\n<p>&nbsp;<\/p>\n<p><img decoding=\"async\" class=\"alignnone wp-image-1166\" src=\"https:\/\/hungerprojekt.ch\/wp-content\/uploads\/2020\/11\/ghana-karte-300x228.jpg\" alt=\"\" width=\"577\" height=\"439\" srcset=\"https:\/\/hungerprojekt.ch\/wp-content\/uploads\/2020\/11\/ghana-karte-300x228.jpg 300w, https:\/\/hungerprojekt.ch\/wp-content\/uploads\/2020\/11\/ghana-karte.jpg 499w\" sizes=\"(max-width: 577px) 100vw, 577px\" \/>[\/vc_column_text][\/vc_column][vc_column width=\u00a0\u00bb3\/12&Prime; offset=\u00a0\u00bbvc_hidden-md vc_hidden-sm vc_hidden-xs\u00a0\u00bb][vc_column_text css=\u00a0\u00bb.vc_custom_1607434826625{margin-top: 100px !important;margin-right: 1px !important;margin-left: 41px !important;padding-top: 20px !important;padding-bottom: 20px !important;padding-left: 20px !important;background-color: #0000aa !important;}\u00a0\u00bb]<\/p>\n<h5 style=\"text-align: left;\"><a href=\"https:\/\/hungerprojekt.ch\/fr\/qui-sommes-nous\/\"><strong>QUI SOMMES-NOUS<\/strong><\/a><\/h5>\n<h5 style=\"text-align: left;\"><a href=\"\/fr\/qui-sommes-nous\/vision-et-mission\/\">Vision et Mission<\/a><\/h5>\n<h5 style=\"text-align: left;\"><a href=\"https:\/\/hungerprojekt.ch\/fr\/qui-sommes-nous\/organisation\/\">Organisation<\/a><\/h5>\n<h5 style=\"text-align: left;\"><a href=\"https:\/\/hungerprojekt.ch\/fr\/qui-sommes-nous\/thp-dans-le-monde\/\">THP dans le monde<\/a><\/h5>\n<h5 style=\"text-align: left;\">\u00a0 \u00a0 \u00a0 <a href=\"https:\/\/hungerprojekt.ch\/fr\/qui-sommes-nous\/thp-dans-le-monde\/pays-avec-programmes\/\">&#8211; Pays avec progr.<\/a><\/h5>\n<h5 style=\"text-align: left;\">\u00a0 \u00a0 \u00a0 <a href=\"https:\/\/hungerprojekt.ch\/fr\/qui-sommes-nous\/thp-dans-le-monde\/pays-partenaires\/\">&#8211; Pays partenaires<\/a><\/h5>\n<h5 style=\"text-align: left;\"><a href=\"https:\/\/hungerprojekt.ch\/fr\/qui-sommes-nous\/thp-suisse-pays-avec-programmes\/\">THP Suisse<\/a><\/h5>\n<h5 style=\"text-align: left;\"><a href=\"https:\/\/hungerprojekt.ch\/fr\/qui-sommes-nous\/thp-suisse-pays-avec-programmes\/burkina-faso\/\">\u00a0 \u00a0 \u00a0 &#8211; Burkina Faso<\/a><\/h5>\n<h5 style=\"text-align: left;\"><a href=\"https:\/\/hungerprojekt.ch\/fr\/qui-sommes-nous\/thp-suisse-pays-avec-programmes\/ethiopie\/\">\u00a0 \u00a0 \u00a0 &#8211; \u00c9thiopie<\/a><\/h5>\n<h5 style=\"text-align: left;\"><span style=\"color: #ffd214;\"><a style=\"color: #ffd214;\" href=\"https:\/\/hungerprojekt.ch\/fr\/qui-sommes-nous\/thp-suisse-pays-avec-programmes\/ghana\/\">\u00a0 \u00a0 \u00a0 &#8211; Ghana<\/a><\/span><\/h5>\n<h5 style=\"text-align: left;\"><a href=\"https:\/\/hungerprojekt.ch\/fr\/qui-sommes-nous\/thp-suisse-pays-avec-programmes\/inde\/\">\u00a0 \u00a0 \u00a0 &#8211; Inde<\/a><\/h5>\n<h5 style=\"text-align: left;\"><a href=\"https:\/\/hungerprojekt.ch\/fr\/qui-sommes-nous\/thp-suisse-pays-avec-programmes\/mozambique\/\">\u00a0 \u00a0 \u00a0 &#8211; Mozambique<\/a><\/h5>\n<h5 style=\"text-align: left;\"><a href=\"https:\/\/hungerprojekt.ch\/fr\/qui-sommes-nous\/rapport-annuel\/\">Rapport annuel<\/a><\/h5>\n<h5 style=\"text-align: left;\"><a href=\"\/fr\/qui-sommes-nous\/certificat-zewo\/\">Certificat ZEWO<\/a><\/h5>\n<h5 style=\"text-align: left;\"><a href=\"https:\/\/hungerprojekt.ch\/fr\/qui-sommes-nous\/videos-et-flyer\/\">Flyer et Vid\u00e9os<\/a><\/h5>\n<p>[\/vc_column_text][\/vc_column][\/vc_row][vc_row css_animation=\u00a0\u00bb\u00a0\u00bb row_type=\u00a0\u00bbrow\u00a0\u00bb use_row_as_full_screen_section=\u00a0\u00bbno\u00a0\u00bb type=\u00a0\u00bbgrid\u00a0\u00bb angled_section=\u00a0\u00bbno\u00a0\u00bb text_align=\u00a0\u00bbleft\u00a0\u00bb background_image_as_pattern=\u00a0\u00bbwithout_pattern\u00a0\u00bb z_index=\u00a0\u00bb\u00a0\u00bb][vc_column width=\u00a0\u00bb9\/12&Prime; offset=\u00a0\u00bbvc_hidden-lg vc_hidden-md\u00a0\u00bb][vc_column_text css=\u00a0\u00bb.vc_custom_1607263130622{padding-top: 30px !important;background-color: #ffffff !important;}\u00a0\u00bb]<\/p>\n<h6 style=\"text-align: left;\"><a href=\"http:\/\/hungerprojekt.ch\/fr\/\">Home<\/a> &gt; <a href=\"\/fr\/qui-sommes-nous\/\">Qui sommes-nous <\/a> &gt;\u00a0<a href=\"\/fr\/notre-organisation\/thp-suisse-pays-avec-programmes\/\">THP Suisse<\/a> &gt; <a href=\"\/fr\/qui-sommes-nous\/thp-suisse-pays-avec-programmes\/ghana\/\">Ghana<\/a><\/h6>\n<p>[\/vc_column_text][vc_empty_space height=\u00a0\u00bb20&Prime; css=\u00a0\u00bb.vc_custom_1604579018353{background-color: #ffffff !important;}\u00a0\u00bb][vc_column_text css=\u00a0\u00bb.vc_custom_1612780075012{background-color: #ffffff !important;}\u00a0\u00bb]<\/p>\n<div class=\"et_pb_module et_pb_text et_pb_text_0 et_pb_text_align_center et_pb_bg_layout_light\">\n<div class=\"et_pb_text_inner\">\n<h1><strong>Ghana<\/strong><\/h1>\n<p>&nbsp;<\/p>\n<p><strong>Au Ghana, l&rsquo;un des pays les plus d\u00e9velopp\u00e9s d&rsquo;Afrique occidentale, moins de la moiti\u00e9 des femmes ont re\u00e7u une \u00e9ducation secondaire et pr\u00e8s d&rsquo;un tiers de la population vit avec moins de 1,25 dollar par jour.<\/strong><\/p>\n<p>&nbsp;<\/p>\n<p>La capitale du Ghana, Accra, est l&rsquo;une des villes les plus riches et les plus modernes du continent et conna\u00eet actuellement une p\u00e9riode de croissance et d&rsquo;urbanisation rapides. Le revenu a augment\u00e9 \u00e0 un taux annuel moyen de 4 % par habitant au cours des 15 derni\u00e8res ann\u00e9es. Cette situation est le r\u00e9sultat des prix \u00e9lev\u00e9s des produits de base, des bonnes conditions commerciales, de la stabilit\u00e9 macro\u00e9conomique et des r\u00e9formes structurelles.<\/p>\n<p>&nbsp;<\/p>\n<p>Bien que le PIB du pays continue de cro\u00eetre avec la production de p\u00e9trole, l&rsquo;extraction d&rsquo;or et d&rsquo;autres industries, la plupart de ces richesses ne sont pas distribu\u00e9es parmi la population en raison du niveau \u00e9lev\u00e9 de corruption. La plupart des pauvres au Ghana vivent dans des zones rurales sans services de base tels que les soins de sant\u00e9 et l&rsquo;eau potable. Les petits exploitants, qui sont les plus touch\u00e9s par la pauvret\u00e9 rurale au Ghana, d\u00e9pendent d&rsquo;outils agricoles obsol\u00e8tes et n&rsquo;ont pas acc\u00e8s aux semences am\u00e9lior\u00e9es et \u00e0 des engrais pour permettant d\u2019augmenter le rendement des cultures.<\/p>\n<p>&nbsp;<\/p>\n<p>Le Ghana (limitrophe de la C\u00f4te d&rsquo;Ivoire, du Burkina Faso et du Togo) a \u00e9t\u00e9 le premier pays colonial d&rsquo;Afrique subsaharienne \u00e0 obtenir son ind\u00e9pendance en 1957. Apr\u00e8s une p\u00e9riode de turbulences avec plusieurs coups d&rsquo;\u00c9tat militaires, une d\u00e9mocratie stable a \u00e9t\u00e9 \u00e9tablie dans les ann\u00e9es 1990, qui est toujours en place aujourd&rsquo;hui.<\/p>\n<p>&nbsp;<\/p>\n<h2><strong>R\u00e9alisations r\u00e9centes<\/strong><\/h2>\n<p>&nbsp;<\/p>\n<p>Le Ghana est depuis longtemps soutenu par la THP Suisse. R\u00e9cemment, les succ\u00e8s suivants ont \u00e9t\u00e9 obtenus :<\/p>\n<p>&nbsp;<\/p>\n<p>En 2019, deux Epicentres au Ghana, <strong>Agyapomaa et Ponponya, <\/strong>qui ont \u00e9t\u00e9 soutenus par le Projet Faim Suisse, ont obtenu leur ind\u00e9pendance et sont maintenant ind\u00e9pendants. Cela signifie qu&rsquo;un total de 9 383 personnes dans 17 communaut\u00e9s a pu \u00eatre atteint. Le Hunger Project Switzerland a pu contribuer \u00e0 ce succ\u00e8s pour un montant total de 156 547 CHF en 2019.<\/p>\n<p>&nbsp;<\/p>\n<p>L&rsquo;\u00e9picentre d&rsquo;Agyapomaa obtient actuellement 84,64 points sur les 80 points requis dans le test d&rsquo;ind\u00e9pendance. L&rsquo;\u00e9picentre montre les remarquable r\u00e9sultats suivants :<\/p>\n<p>&nbsp;<\/p>\n<ul>\n<li>aucun membre de la communaut\u00e9 de l&rsquo;\u00e9picentre ne souffre de la faim s\u00e9v\u00e8re<\/li>\n<\/ul>\n<p>&nbsp;<\/p>\n<ul>\n<li>84% des membres de la communaut\u00e9 sont convaincus que les femmes et les hommes partagent la responsabilit\u00e9 des d\u00e9cisions du m\u00e9nage<\/li>\n<\/ul>\n<p>&nbsp;<\/p>\n<ul>\n<li>80% des m\u00e9nages utilisent des installations sanitaires am\u00e9lior\u00e9es<\/li>\n<\/ul>\n<p>&nbsp;<\/p>\n<ul>\n<li>94% des enfants en \u00e2ge scolaire sont scolaris\u00e9s<\/li>\n<\/ul>\n<p>&nbsp;<\/p>\n<ul>\n<li>77% des enfants dorment sous une moustiquaire<\/li>\n<\/ul>\n<p>&nbsp;<\/p>\n<ul>\n<li>Score sur l&rsquo;indice d&rsquo;autonomisation des femmes (WEI) : 74,92 sur 100 points possibles<\/li>\n<\/ul>\n<p>&nbsp;<\/p>\n<p>L&rsquo;\u00e9picentre de Ponponya obtient 81,7 points sur les 80 points requis dans le test d&rsquo;ind\u00e9pendance. L&rsquo;\u00e9picentre a les r\u00e9sultats suivants :<\/p>\n<p>&nbsp;<\/p>\n<ul>\n<li>Mobilisation de la communaut\u00e9 :\n<ul>\n<li>81% des membres de la communaut\u00e9 de l&rsquo;\u00e9picentre se consid\u00e8rent capables de changer leur communaut\u00e9<\/li>\n<li>84% des membres ont particip\u00e9 aux derni\u00e8res \u00e9lections<\/li>\n<\/ul>\n<\/li>\n<\/ul>\n<p>&nbsp;<\/p>\n<ul>\n<li>aucun membre de la communaut\u00e9 de l&rsquo;\u00e9picentre ne souffre de la faim s\u00e9v\u00e8re<\/li>\n<\/ul>\n<p>&nbsp;<\/p>\n<ul>\n<li>tous les petits agriculteurs appliquent des pratiques agricoles am\u00e9lior\u00e9es<\/li>\n<\/ul>\n<p>&nbsp;<\/p>\n<ul>\n<li>91% des enfants vont r\u00e9guli\u00e8rement \u00e0 l&rsquo;\u00e9cole<\/li>\n<\/ul>\n<p>&nbsp;<\/p>\n<ul>\n<li>31% des femmes poss\u00e8dent une petite entreprise<\/li>\n<\/ul>\n<p>&nbsp;<\/p>\n<ul>\n<li>le nombre d&rsquo;enfants de moins de 5 ans atteints de maladies diarrh\u00e9iques a diminu\u00e9 de 48<\/li>\n<\/ul>\n<p>&nbsp;<\/p>\n<ul>\n<li>Score sur l&rsquo;indice d&rsquo;autonomisation des femmes (HOW) : 78,48 sur 100 points possibles<\/li>\n<\/ul>\n<\/div>\n<\/div>\n<p>&nbsp;<\/p>\n<p><img fetchpriority=\"high\" decoding=\"async\" class=\"alignnone wp-image-1772\" src=\"https:\/\/hungerprojekt.ch\/wp-content\/uploads\/2020\/11\/297856-300x225.jpg\" alt=\"\" width=\"647\" height=\"485\" srcset=\"https:\/\/hungerprojekt.ch\/wp-content\/uploads\/2020\/11\/297856-300x225.jpg 300w, https:\/\/hungerprojekt.ch\/wp-content\/uploads\/2020\/11\/297856-1024x768.jpg 1024w, https:\/\/hungerprojekt.ch\/wp-content\/uploads\/2020\/11\/297856-768x576.jpg 768w, https:\/\/hungerprojekt.ch\/wp-content\/uploads\/2020\/11\/297856-800x600.jpg 800w, https:\/\/hungerprojekt.ch\/wp-content\/uploads\/2020\/11\/297856-700x525.jpg 700w, https:\/\/hungerprojekt.ch\/wp-content\/uploads\/2020\/11\/297856.jpg 1200w\" sizes=\"(max-width: 647px) 100vw, 647px\" \/><\/p>\n<p>&nbsp;<\/p>\n<h2>Reports on the Missions to THP Ghana<\/h2>\n<p>&nbsp;<\/p>\n<p><span style=\"text-decoration: underline;\"><a href=\"\/wp-content\/uploads\/2020\/12\/mission_report_ghana.pdf\" target=\"_blank\" rel=\"noopener noreferrer\">Mission Report Ghana 2016<\/a><\/span><\/p>\n<p>&nbsp;<\/p>\n<p><img decoding=\"async\" class=\"alignnone wp-image-1775\" src=\"https:\/\/hungerprojekt.ch\/wp-content\/uploads\/2020\/11\/297857-300x225.jpg\" alt=\"\" width=\"467\" height=\"350\" srcset=\"https:\/\/hungerprojekt.ch\/wp-content\/uploads\/2020\/11\/297857-300x225.jpg 300w, https:\/\/hungerprojekt.ch\/wp-content\/uploads\/2020\/11\/297857-1024x768.jpg 1024w, https:\/\/hungerprojekt.ch\/wp-content\/uploads\/2020\/11\/297857-768x576.jpg 768w, https:\/\/hungerprojekt.ch\/wp-content\/uploads\/2020\/11\/297857-800x600.jpg 800w, https:\/\/hungerprojekt.ch\/wp-content\/uploads\/2020\/11\/297857-700x525.jpg 700w, https:\/\/hungerprojekt.ch\/wp-content\/uploads\/2020\/11\/297857.jpg 1200w\" sizes=\"(max-width: 467px) 100vw, 467px\" \/><\/p>\n<p>&nbsp;<\/p>\n<p>&nbsp;<\/p>\n<div class=\"npobject\">\n<h2>Sites THP au Ghana<\/h2>\n<\/div>\n<p>&nbsp;<\/p>\n<p><img decoding=\"async\" class=\"alignnone wp-image-1166\" src=\"https:\/\/hungerprojekt.ch\/wp-content\/uploads\/2020\/11\/ghana-karte-300x228.jpg\" alt=\"\" width=\"577\" height=\"439\" srcset=\"https:\/\/hungerprojekt.ch\/wp-content\/uploads\/2020\/11\/ghana-karte-300x228.jpg 300w, https:\/\/hungerprojekt.ch\/wp-content\/uploads\/2020\/11\/ghana-karte.jpg 499w\" sizes=\"(max-width: 577px) 100vw, 577px\" \/>[\/vc_column_text][\/vc_column][vc_column width=\u00a0\u00bb3\/12&Prime; offset=\u00a0\u00bbvc_hidden-md vc_hidden-sm vc_hidden-xs\u00a0\u00bb][\/vc_column][\/vc_row][vc_row css_animation=\u00a0\u00bb\u00a0\u00bb row_type=\u00a0\u00bbrow\u00a0\u00bb use_row_as_full_screen_section=\u00a0\u00bbno\u00a0\u00bb type=\u00a0\u00bbfull_width\u00a0\u00bb angled_section=\u00a0\u00bbno\u00a0\u00bb text_align=\u00a0\u00bbcenter\u00a0\u00bb background_image_as_pattern=\u00a0\u00bbwithout_pattern\u00a0\u00bb z_index=\u00a0\u00bb\u00a0\u00bb css=\u00a0\u00bb.vc_custom_1602087442483{margin-top: 50px !important;background-color: #0011aa !important;}\u00a0\u00bb][vc_column][vc_row_inner row_type=\u00a0\u00bbrow\u00a0\u00bb type=\u00a0\u00bbgrid\u00a0\u00bb text_align=\u00a0\u00bbcenter\u00a0\u00bb css_animation=\u00a0\u00bb\u00a0\u00bb css=\u00a0\u00bb.vc_custom_1602082086628{padding-top: 50px !important;padding-bottom: 50px !important;}\u00a0\u00bb][vc_column_inner width=\u00a0\u00bb2\/3&Prime; css=\u00a0\u00bb.vc_custom_1602075588363{padding-top: 10px !important;padding-bottom: 10px !important;}\u00a0\u00bb]<div class=\"custom_font_holder\" style=\"font-family: Unna; font-size: 34px; line-height: 41px; font-style: normal; font-weight: 300; color: #ffffff; text-decoration: none; text-align: center;\">Empowerment \u2013 Donnez et changez des vies!<\/div>[\/vc_column_inner][vc_column_inner width=\u00a0\u00bb1\/3&Prime; css=\u00a0\u00bb.vc_custom_1602075582964{padding-top: 10px !important;padding-bottom: 10px !important;}\u00a0\u00bb]<a  itemprop=\"url\" href=\"\/fr\/votre-contribution\/\" target=\"_self\" data-hover-background-color='#ffffff' data-hover-border-color='#ffffff' data-hover-color='#0011aa' class=\"qbutton  small center default\" style=\"color: #ffffff; border-color: #ffffff; font-style: normal; font-weight: 700; font-family: Source Sans Pro; text-transform: uppercase; background-color: #0011aa;\">Faire un don<\/a>[\/vc_column_inner][\/vc_row_inner][\/vc_column][\/vc_row]<\/p>\n<\/div>","protected":false},"excerpt":{"rendered":"<p>[vc_row css_animation=\u00a0\u00bb\u00a0\u00bb row_type=\u00a0\u00bbrow\u00a0\u00bb use_row_as_full_screen_section=\u00a0\u00bbno\u00a0\u00bb type=\u00a0\u00bbfull_width\u00a0\u00bb angled_section=\u00a0\u00bbno\u00a0\u00bb text_align=\u00a0\u00bbcenter\u00a0\u00bb background_image_as_pattern=\u00a0\u00bbwithout_pattern\u00a0\u00bb z_index=\u00a0\u00bb\u00a0\u00bb css=\u00a0\u00bb.vc_custom_1604521825735{background-color: #ffffff !important;}\u00a0\u00bb][vc_column][vc_row_inner row_type=\u00a0\u00bbrow\u00a0\u00bb type=\u00a0\u00bbfull_width\u00a0\u00bb text_align=\u00a0\u00bbcenter\u00a0\u00bb css_animation=\u00a0\u00bb\u00a0\u00bb][vc_column_inner offset=\u00a0\u00bbvc_hidden-sm vc_hidden-xs\u00a0\u00bb css=\u00a0\u00bb.vc_custom_1604868951570{padding-top: 500px !important;background-image: url(https:\/\/hungerprojekt.ch\/wp-content\/uploads\/2020\/11\/297854.jpg?id=615) !important;background-position: center !important;background-repeat: no-repeat !important;background-size: cover !important;}\u00a0\u00bb][\/vc_column_inner][\/vc_row_inner][vc_row_inner row_type=\u00a0\u00bbrow\u00a0\u00bb type=\u00a0\u00bbfull_width\u00a0\u00bb text_align=\u00a0\u00bbcenter\u00a0\u00bb css_animation=\u00a0\u00bb\u00a0\u00bb][vc_column_inner offset=\u00a0\u00bbvc_hidden-lg vc_hidden-md\u00a0\u00bb css=\u00a0\u00bb.vc_custom_1604868957972{padding-top: 200px !important;background-image: url(https:\/\/hungerprojekt.ch\/wp-content\/uploads\/2020\/11\/297854.jpg?id=615) !important;background-position: center !important;background-repeat: no-repeat !important;background-size: cover&#8230;<\/p>\n","protected":false},"author":1,"featured_media":0,"parent":1704,"menu_order":1,"comment_status":"closed","ping_status":"closed","template":"full_width.php","meta":{"inline_featured_image":false,"footnotes":""},"class_list":["post-1769","page","type-page","status-publish","hentry"],"_links":{"self":[{"href":"https:\/\/hungerprojekt.ch\/fr\/wp-json\/wp\/v2\/pages\/1769","targetHints":{"allow":["GET"]}}],"collection":[{"href":"https:\/\/hungerprojekt.ch\/fr\/wp-json\/wp\/v2\/pages"}],"about":[{"href":"https:\/\/hungerprojekt.ch\/fr\/wp-json\/wp\/v2\/types\/page"}],"author":[{"embeddable":true,"href":"https:\/\/hungerprojekt.ch\/fr\/wp-json\/wp\/v2\/users\/1"}],"replies":[{"embeddable":true,"href":"https:\/\/hungerprojekt.ch\/fr\/wp-json\/wp\/v2\/comments?post=1769"}],"version-history":[{"count":8,"href":"https:\/\/hungerprojekt.ch\/fr\/wp-json\/wp\/v2\/pages\/1769\/revisions"}],"predecessor-version":[{"id":2905,"href":"https:\/\/hungerprojekt.ch\/fr\/wp-json\/wp\/v2\/pages\/1769\/revisions\/2905"}],"up":[{"embeddable":true,"href":"https:\/\/hungerprojekt.ch\/fr\/wp-json\/wp\/v2\/pages\/1704"}],"wp:attachment":[{"href":"https:\/\/hungerprojekt.ch\/fr\/wp-json\/wp\/v2\/media?parent=1769"}],"curies":[{"name":"wp","href":"https:\/\/api.w.org\/{rel}","templated":true}]}}