{"id":1837,"date":"2020-12-06T22:31:12","date_gmt":"2020-12-06T21:31:12","guid":{"rendered":"https:\/\/hungerprojekt.ch\/qui-sommes-nous\/vision-und-mission\/"},"modified":"2024-01-16T10:54:03","modified_gmt":"2024-01-16T09:54:03","slug":"vision-et-mission","status":"publish","type":"page","link":"https:\/\/hungerprojekt.ch\/fr\/qui-sommes-nous\/vision-et-mission\/","title":{"rendered":"Vision et mission"},"content":{"rendered":"<div class=\"wpb-content-wrapper\"><p>[vc_row css_animation=\u00a0\u00bb\u00a0\u00bb row_type=\u00a0\u00bbrow\u00a0\u00bb use_row_as_full_screen_section=\u00a0\u00bbno\u00a0\u00bb type=\u00a0\u00bbfull_width\u00a0\u00bb angled_section=\u00a0\u00bbno\u00a0\u00bb text_align=\u00a0\u00bbcenter\u00a0\u00bb background_image_as_pattern=\u00a0\u00bbwithout_pattern\u00a0\u00bb z_index=\u00a0\u00bb\u00a0\u00bb css=\u00a0\u00bb.vc_custom_1604521825735{background-color: #ffffff !important;}\u00a0\u00bb][vc_column][vc_row_inner row_type=\u00a0\u00bbrow\u00a0\u00bb type=\u00a0\u00bbfull_width\u00a0\u00bb text_align=\u00a0\u00bbcenter\u00a0\u00bb css_animation=\u00a0\u00bb\u00a0\u00bb][vc_column_inner offset=\u00a0\u00bbvc_hidden-sm vc_hidden-xs\u00a0\u00bb css=\u00a0\u00bb.vc_custom_1604591124079{padding-top: 500px !important;background-image: url(https:\/\/hungerprojekt.ch\/wp-content\/uploads\/2020\/11\/23389181502_050466fb06_o.jpg?id=247) !important;background-position: center !important;background-repeat: no-repeat !important;background-size: cover !important;}\u00a0\u00bb][\/vc_column_inner][\/vc_row_inner][vc_row_inner row_type=\u00a0\u00bbrow\u00a0\u00bb type=\u00a0\u00bbfull_width\u00a0\u00bb text_align=\u00a0\u00bbcenter\u00a0\u00bb css_animation=\u00a0\u00bb\u00a0\u00bb][vc_column_inner offset=\u00a0\u00bbvc_hidden-lg vc_hidden-md\u00a0\u00bb css=\u00a0\u00bb.vc_custom_1604591140743{padding-top: 200px !important;background-image: url(https:\/\/hungerprojekt.ch\/wp-content\/uploads\/2020\/11\/23389181502_050466fb06_o.jpg?id=247) !important;background-position: center !important;background-repeat: no-repeat !important;background-size: cover !important;}\u00a0\u00bb][\/vc_column_inner][\/vc_row_inner][\/vc_column][\/vc_row][vc_row css_animation=\u00a0\u00bb\u00a0\u00bb row_type=\u00a0\u00bbrow\u00a0\u00bb use_row_as_full_screen_section=\u00a0\u00bbno\u00a0\u00bb type=\u00a0\u00bbgrid\u00a0\u00bb angled_section=\u00a0\u00bbno\u00a0\u00bb text_align=\u00a0\u00bbcenter\u00a0\u00bb background_image_as_pattern=\u00a0\u00bbwithout_pattern\u00a0\u00bb z_index=\u00a0\u00bb\u00a0\u00bb][vc_column width=\u00a0\u00bb9\/12&Prime; offset=\u00a0\u00bbvc_hidden-sm vc_hidden-xs\u00a0\u00bb][vc_column_text css=\u00a0\u00bb.vc_custom_1607290702406{margin-top: -100px !important;padding-top: 30px !important;padding-right: 40px !important;padding-left: 40px !important;background-color: #ffffff !important;}\u00a0\u00bb]<\/p>\n<h6 style=\"text-align: left;\"><a href=\"http:\/\/hungerprojekt.ch\/fr\/\">Home<\/a> &gt; <a href=\"\/fr\/qui-sommes-nous\/\">Qui sommes-nous <\/a> &gt;\u00a0<a href=\"\/fr\/qui-sommes-nous\/vision-et-mission\/\">Vision et mission<\/a><\/h6>\n<p>[\/vc_column_text][vc_empty_space height=\u00a0\u00bb20&Prime; css=\u00a0\u00bb.vc_custom_1604579018353{background-color: #ffffff !important;}\u00a0\u00bb][vc_column_text css=\u00a0\u00bb.vc_custom_1705398813175{padding-right: 40px !important;padding-left: 40px !important;background-color: #ffffff !important;}\u00a0\u00bb]<\/p>\n<div class=\"et_pb_module et_pb_text et_pb_text_0 et_pb_text_align_center et_pb_bg_layout_light\">\n<div class=\"et_pb_text_inner\">\n<div class=\"et_pb_module et_pb_text et_pb_text_0 et_pb_text_align_center et_pb_bg_layout_light\">\n<div class=\"et_pb_text_inner\">\n<h1 style=\"text-align: left;\">Vision, mission principes et l&rsquo;Agenda 2030<\/h1>\n<\/div>\n<p>&nbsp;<\/p>\n<h1><\/h1>\n<div class=\"et_pb_text_inner\">\n<div class=\"npobject\">\n<h2 style=\"text-align: left;\">Notre vision<\/h2>\n<\/div>\n<div class=\"npobject\">\n<h3><\/h3>\n<h3 style=\"text-align: left;\">Notre vision est un monde sans faim.<\/h3>\n<\/div>\n<\/div>\n<\/div>\n<div class=\"et_pb_module et_pb_text et_pb_text_1 et_pb_text_align_center et_pb_bg_layout_light\">\n<div class=\"et_pb_text_inner\">\n<p>&nbsp;<\/p>\n<\/div>\n<\/div>\n<div class=\"npobject\">\n<h2><\/h2>\n<h2 style=\"text-align: left;\">Notre mission<\/h2>\n<\/div>\n<div class=\"npobject\">\n<h3><\/h3>\n<h3 style=\"text-align: left;\">Notre mission est de\u00a0faciliter la mise en \u0153uvre d\u2019actions individuelles et collectives visant \u00e0 transformer les syst\u00e8mes d\u2019iniquit\u00e9 qui cr\u00e9ent la faim et la font perdurer.<\/h3>\n<\/div>\n<p>&nbsp;<\/p>\n<div class=\"npobject\">\n<h3 style=\"text-align: left;\"><span style=\"text-decoration: underline;\"><a href=\"\/fr\/programmes-thp\/les-principes-de-notre-travail\/\" target=\"_blank\" rel=\"noopener noreferrer\">Nos 3 piliers<\/a><\/span><\/h3>\n<\/div>\n<p>&nbsp;<\/p>\n<div class=\"npobject\">\n<h3 style=\"text-align: left;\"><span style=\"text-decoration: underline;\"><a class=\"nplink\" href=\"https:\/\/hungerprojekt.ch\/wp-content\/uploads\/2023\/12\/Nos-10-principes.pdf\" target=\"_blank\" rel=\"noopener noreferrer\">Nos 10 principes<\/a><\/span><\/h3>\n<\/div>\n<p>&nbsp;<\/p>\n<h3 style=\"text-align: left;\"><span style=\"text-decoration: underline;\"><a class=\"nplink\" href=\"\/fr\/programmes-thp\/thp-et-lagenda-2030\/\" target=\"_blank\" rel=\"noopener noreferrer\">THP et l&rsquo;Agenda 2030<\/a><\/span><\/h3>\n<p>&nbsp;<\/p>\n<p>&nbsp;<\/p>\n<\/div>\n<\/div>\n<p><img fetchpriority=\"high\" decoding=\"async\" class=\"wp-image-1840 alignnone\" src=\"https:\/\/hungerprojekt.ch\/wp-content\/uploads\/2020\/11\/agenda2030-300x150.png\" alt=\"\" width=\"484\" height=\"242\" srcset=\"https:\/\/hungerprojekt.ch\/wp-content\/uploads\/2020\/11\/agenda2030-300x150.png 300w, https:\/\/hungerprojekt.ch\/wp-content\/uploads\/2020\/11\/agenda2030.png 400w\" sizes=\"(max-width: 484px) 100vw, 484px\" \/><\/p>\n<p>&nbsp;<\/p>\n<div class=\"npobject\">\n<h2 style=\"text-align: left;\">D\u00e9claration pour le Projet Faim Suisse<\/h2>\n<\/div>\n<p>&nbsp;<\/p>\n<div class=\"npobject\">\n<p style=\"text-align: left;\">Nous invitons les Suisses et leurs institutions \u00e0 s\u2019engager avec le Projet Faim pour mettre un terme \u00e0 la faim chronique dans le monde. Gr\u00e2ce au partenariat avec des personnes qui se battent, chaque jour, pour survivre dans des conditions difficiles tout en cherchant des solutions durables contre l\u2019humiliation, la pauvret\u00e9 et la faim, nous gagnons, nous aussi, de pr\u00e9cieuses exp\u00e9riences qui nous aident \u00e0 affronter nos propres d\u00e9fis.<\/p>\n<\/div>\n<p>[\/vc_column_text][\/vc_column][vc_column width=\u00a0\u00bb3\/12&Prime; offset=\u00a0\u00bbvc_hidden-md vc_hidden-sm vc_hidden-xs\u00a0\u00bb][vc_column_text css=\u00a0\u00bb.vc_custom_1607452383332{margin-top: 100px !important;margin-left: 43px !important;padding-top: 20px !important;padding-bottom: 20px !important;padding-left: 20px !important;background-color: #0000aa !important;}\u00a0\u00bb]<\/p>\n<h5 style=\"text-align: left;\"><a href=\"https:\/\/hungerprojekt.ch\/fr\/qui-sommes-nous\/\"><strong>QUI SOMMES-NOUS<\/strong><\/a><\/h5>\n<h5 style=\"text-align: left;\"><span style=\"color: #ffd214;\"><a style=\"color: #ffd214;\" href=\"\/fr\/qui-sommes-nous\/vision-et-mission\/\">Vision et Mission<\/a><\/span><\/h5>\n<h5 style=\"text-align: left;\"><a href=\"https:\/\/hungerprojekt.ch\/fr\/qui-sommes-nous\/organisation\/\">Organisation<\/a><\/h5>\n<h5 style=\"text-align: left;\"><a href=\"https:\/\/hungerprojekt.ch\/fr\/qui-sommes-nous\/thp-dans-le-monde\/\">THP dans le monde<\/a><\/h5>\n<h5 style=\"text-align: left;\">\u00a0 \u00a0 \u00a0 <a href=\"https:\/\/hungerprojekt.ch\/fr\/qui-sommes-nous\/thp-dans-le-monde\/pays-avec-programmes\/\">&#8211; Pays avec progr.<\/a><\/h5>\n<h5 style=\"text-align: left;\">\u00a0 \u00a0 \u00a0 <a href=\"https:\/\/hungerprojekt.ch\/fr\/qui-sommes-nous\/thp-dans-le-monde\/pays-partenaires\/\">&#8211; Pays partenaires<\/a><\/h5>\n<h5 style=\"text-align: left;\"><a href=\"https:\/\/hungerprojekt.ch\/fr\/qui-sommes-nous\/thp-suisse-pays-avec-programmes\/\">THP Suisse<\/a><\/h5>\n<h5 style=\"text-align: left;\"><a href=\"https:\/\/hungerprojekt.ch\/fr\/qui-sommes-nous\/thp-suisse-pays-avec-programmes\/burkina-faso\/\">\u00a0 \u00a0 \u00a0 &#8211; Burkina Faso<\/a><\/h5>\n<h5 style=\"text-align: left;\"><a href=\"https:\/\/hungerprojekt.ch\/fr\/qui-sommes-nous\/thp-suisse-pays-avec-programmes\/ethiopie\/\">\u00a0 \u00a0 \u00a0 &#8211; \u00c9thiopie<\/a><\/h5>\n<h5 style=\"text-align: left;\"><a href=\"https:\/\/hungerprojekt.ch\/fr\/qui-sommes-nous\/thp-suisse-pays-avec-programmes\/ghana\/\">\u00a0 \u00a0 \u00a0 &#8211; Ghana<\/a><\/h5>\n<h5 style=\"text-align: left;\"><a href=\"https:\/\/hungerprojekt.ch\/fr\/qui-sommes-nous\/thp-suisse-pays-avec-programmes\/inde\/\">\u00a0 \u00a0 \u00a0 &#8211; Inde<\/a><\/h5>\n<h5 style=\"text-align: left;\"><a href=\"https:\/\/hungerprojekt.ch\/fr\/qui-sommes-nous\/thp-suisse-pays-avec-programmes\/mozambique\/\">\u00a0 \u00a0 \u00a0 &#8211; Mozambique<\/a><\/h5>\n<h5 style=\"text-align: left;\"><a href=\"https:\/\/hungerprojekt.ch\/fr\/qui-sommes-nous\/rapport-annuel\/\">Rapport annuel<\/a><\/h5>\n<h5 style=\"text-align: left;\"><a href=\"\/fr\/qui-sommes-nous\/certificat-zewo\/\">Certificat ZEWO<\/a><\/h5>\n<h5 style=\"text-align: left;\"><a href=\"https:\/\/hungerprojekt.ch\/fr\/qui-sommes-nous\/videos-et-flyer\/\">Flyer et Vid\u00e9os<\/a><\/h5>\n<p>[\/vc_column_text][\/vc_column][\/vc_row][vc_row css_animation=\u00a0\u00bb\u00a0\u00bb row_type=\u00a0\u00bbrow\u00a0\u00bb use_row_as_full_screen_section=\u00a0\u00bbno\u00a0\u00bb type=\u00a0\u00bbgrid\u00a0\u00bb angled_section=\u00a0\u00bbno\u00a0\u00bb text_align=\u00a0\u00bbcenter\u00a0\u00bb background_image_as_pattern=\u00a0\u00bbwithout_pattern\u00a0\u00bb z_index=\u00a0\u00bb\u00a0\u00bb][vc_column width=\u00a0\u00bb9\/12&Prime; offset=\u00a0\u00bbvc_hidden-lg vc_hidden-md\u00a0\u00bb][vc_column_text css=\u00a0\u00bb.vc_custom_1607290727573{padding-top: 30px !important;background-color: #ffffff !important;}\u00a0\u00bb]<\/p>\n<h6 style=\"text-align: left;\"><a href=\"http:\/\/hungerprojekt.ch\/fr\/\">Home<\/a> &gt; <a href=\"\/fr\/qui-sommes-nous\/\">Qui sommes-nous <\/a> &gt;\u00a0<a href=\"\/fr\/qui-sommes-nous\/vision-et-mission\/\">Vision et mission<\/a><\/h6>\n<p>[\/vc_column_text][vc_empty_space height=\u00a0\u00bb20&Prime; css=\u00a0\u00bb.vc_custom_1604579018353{background-color: #ffffff !important;}\u00a0\u00bb][vc_column_text css=\u00a0\u00bb.vc_custom_1705398837398{background-color: #ffffff !important;}\u00a0\u00bb]<\/p>\n<div class=\"et_pb_module et_pb_text et_pb_text_0 et_pb_text_align_center et_pb_bg_layout_light\">\n<div class=\"et_pb_text_inner\">\n<div class=\"et_pb_module et_pb_text et_pb_text_0 et_pb_text_align_center et_pb_bg_layout_light\">\n<div class=\"et_pb_text_inner\">\n<div class=\"et_pb_module et_pb_text et_pb_text_0 et_pb_text_align_center et_pb_bg_layout_light\">\n<div class=\"et_pb_text_inner\">\n<h1 style=\"text-align: left;\">Vision, mission principes et l&rsquo;Agenda 2030<\/h1>\n<\/div>\n<p>&nbsp;<\/p>\n<h1><\/h1>\n<div class=\"et_pb_text_inner\">\n<div class=\"npobject\">\n<h2 style=\"text-align: left;\">Notre vision<\/h2>\n<\/div>\n<div class=\"npobject\">\n<h3><\/h3>\n<h3 style=\"text-align: left;\">Notre vision est un monde sans faim.<\/h3>\n<\/div>\n<\/div>\n<\/div>\n<div class=\"et_pb_module et_pb_text et_pb_text_1 et_pb_text_align_center et_pb_bg_layout_light\">\n<div class=\"et_pb_text_inner\">\n<p>&nbsp;<\/p>\n<\/div>\n<\/div>\n<div class=\"npobject\">\n<h2><\/h2>\n<h2 style=\"text-align: left;\">Notre mission<\/h2>\n<\/div>\n<div class=\"npobject\">\n<h3><\/h3>\n<h3 style=\"text-align: left;\">Notre mission est de\u00a0faciliter la mise en \u0153uvre d\u2019actions individuelles et collectives visant \u00e0 transformer les syst\u00e8mes d\u2019iniquit\u00e9 qui cr\u00e9ent la faim et la font perdurer.<\/h3>\n<\/div>\n<p>&nbsp;<\/p>\n<div class=\"npobject\">\n<h3 style=\"text-align: left;\"><span style=\"text-decoration: underline;\"><a href=\"\/fr\/programmes-thp\/les-principes-de-notre-travail\/\" target=\"_blank\" rel=\"noopener noreferrer\">Nos 3 piliers<\/a><\/span><\/h3>\n<\/div>\n<p>&nbsp;<\/p>\n<div class=\"npobject\">\n<h3 style=\"text-align: left;\"><span style=\"text-decoration: underline;\"><a class=\"nplink\" href=\"https:\/\/hungerprojekt.ch\/wp-content\/uploads\/2023\/12\/Nos-10-principes.pdf\" target=\"_blank\" rel=\"noopener noreferrer\">Nos 10 principes<\/a><\/span><\/h3>\n<\/div>\n<p>&nbsp;<\/p>\n<h3 style=\"text-align: left;\"><span style=\"text-decoration: underline;\"><a class=\"nplink\" href=\"\/fr\/programmes-thp\/thp-et-lagenda-2030\/\" target=\"_blank\" rel=\"noopener noreferrer\">THP et l&rsquo;Agenda 2030<\/a><\/span><\/h3>\n<p>&nbsp;<\/p>\n<\/div>\n<\/div>\n<h1 style=\"text-align: left;\"><img decoding=\"async\" class=\"wp-image-1840 alignnone\" style=\"font-size: 16px;\" src=\"https:\/\/hungerprojekt.ch\/wp-content\/uploads\/2020\/11\/agenda2030-300x150.png\" alt=\"\" width=\"484\" height=\"242\" srcset=\"https:\/\/hungerprojekt.ch\/wp-content\/uploads\/2020\/11\/agenda2030-300x150.png 300w, https:\/\/hungerprojekt.ch\/wp-content\/uploads\/2020\/11\/agenda2030.png 400w\" sizes=\"(max-width: 484px) 100vw, 484px\" \/><\/h1>\n<\/div>\n<\/div>\n<p>&nbsp;<\/p>\n<div class=\"npobject\">\n<h2 style=\"text-align: left;\">D\u00e9claration pour le Projet Faim Suisse<\/h2>\n<\/div>\n<p>&nbsp;<\/p>\n<div class=\"npobject\">\n<p style=\"text-align: left;\">Nous invitons les Suisses et leurs institutions \u00e0 s\u2019engager avec le Projet Faim pour mettre un terme \u00e0 la faim chronique dans le monde. Gr\u00e2ce au partenariat avec des personnes qui se battent, chaque jour, pour survivre dans des conditions difficiles tout en cherchant des solutions durables contre l\u2019humiliation, la pauvret\u00e9 et la faim, nous gagnons, nous aussi, de pr\u00e9cieuses exp\u00e9riences qui nous aident \u00e0 affronter nos propres d\u00e9fis.<\/p>\n<\/div>\n<p>[\/vc_column_text][\/vc_column][vc_column width=\u00a0\u00bb3\/12&Prime; offset=\u00a0\u00bbvc_hidden-md vc_hidden-sm vc_hidden-xs\u00a0\u00bb][\/vc_column][\/vc_row][vc_row css_animation=\u00a0\u00bb\u00a0\u00bb row_type=\u00a0\u00bbrow\u00a0\u00bb use_row_as_full_screen_section=\u00a0\u00bbno\u00a0\u00bb type=\u00a0\u00bbfull_width\u00a0\u00bb angled_section=\u00a0\u00bbno\u00a0\u00bb text_align=\u00a0\u00bbcenter\u00a0\u00bb background_image_as_pattern=\u00a0\u00bbwithout_pattern\u00a0\u00bb z_index=\u00a0\u00bb\u00a0\u00bb css=\u00a0\u00bb.vc_custom_1602087442483{margin-top: 50px !important;background-color: #0011aa !important;}\u00a0\u00bb][vc_column][vc_row_inner row_type=\u00a0\u00bbrow\u00a0\u00bb type=\u00a0\u00bbgrid\u00a0\u00bb text_align=\u00a0\u00bbcenter\u00a0\u00bb css_animation=\u00a0\u00bb\u00a0\u00bb css=\u00a0\u00bb.vc_custom_1602082086628{padding-top: 50px !important;padding-bottom: 50px !important;}\u00a0\u00bb][vc_column_inner width=\u00a0\u00bb2\/3&Prime; css=\u00a0\u00bb.vc_custom_1602075588363{padding-top: 10px !important;padding-bottom: 10px !important;}\u00a0\u00bb]<div class=\"custom_font_holder\" style=\"font-family: Unna; font-size: 34px; line-height: 41px; font-style: normal; font-weight: 300; color: #ffffff; text-decoration: none; text-align: center;\">Empowerment \u2013 Donnez et changez des vies!<\/div>[\/vc_column_inner][vc_column_inner width=\u00a0\u00bb1\/3&Prime; css=\u00a0\u00bb.vc_custom_1602075582964{padding-top: 10px !important;padding-bottom: 10px !important;}\u00a0\u00bb]<a  itemprop=\"url\" href=\"\/fr\/votre-contribution\/\" target=\"_self\" data-hover-background-color='#ffffff' data-hover-border-color='#ffffff' data-hover-color='#0011aa' class=\"qbutton  small center default\" style=\"color: #ffffff; border-color: #ffffff; font-style: normal; font-weight: 700; font-family: Source Sans Pro; text-transform: uppercase; background-color: #0011aa;\">Faire un don<\/a>[\/vc_column_inner][\/vc_row_inner][\/vc_column][\/vc_row]<\/p>\n<\/div>","protected":false},"excerpt":{"rendered":"<p>[vc_row css_animation=\u00a0\u00bb\u00a0\u00bb row_type=\u00a0\u00bbrow\u00a0\u00bb use_row_as_full_screen_section=\u00a0\u00bbno\u00a0\u00bb type=\u00a0\u00bbfull_width\u00a0\u00bb angled_section=\u00a0\u00bbno\u00a0\u00bb text_align=\u00a0\u00bbcenter\u00a0\u00bb background_image_as_pattern=\u00a0\u00bbwithout_pattern\u00a0\u00bb z_index=\u00a0\u00bb\u00a0\u00bb css=\u00a0\u00bb.vc_custom_1604521825735{background-color: #ffffff !important;}\u00a0\u00bb][vc_column][vc_row_inner row_type=\u00a0\u00bbrow\u00a0\u00bb type=\u00a0\u00bbfull_width\u00a0\u00bb text_align=\u00a0\u00bbcenter\u00a0\u00bb css_animation=\u00a0\u00bb\u00a0\u00bb][vc_column_inner offset=\u00a0\u00bbvc_hidden-sm vc_hidden-xs\u00a0\u00bb css=\u00a0\u00bb.vc_custom_1604591124079{padding-top: 500px !important;background-image: url(https:\/\/hungerprojekt.ch\/wp-content\/uploads\/2020\/11\/23389181502_050466fb06_o.jpg?id=247) !important;background-position: center !important;background-repeat: no-repeat !important;background-size: cover !important;}\u00a0\u00bb][\/vc_column_inner][\/vc_row_inner][vc_row_inner row_type=\u00a0\u00bbrow\u00a0\u00bb type=\u00a0\u00bbfull_width\u00a0\u00bb text_align=\u00a0\u00bbcenter\u00a0\u00bb css_animation=\u00a0\u00bb\u00a0\u00bb][vc_column_inner offset=\u00a0\u00bbvc_hidden-lg vc_hidden-md\u00a0\u00bb css=\u00a0\u00bb.vc_custom_1604591140743{padding-top: 200px !important;background-image: url(https:\/\/hungerprojekt.ch\/wp-content\/uploads\/2020\/11\/23389181502_050466fb06_o.jpg?id=247) !important;background-position: center !important;background-repeat: no-repeat !important;background-size: cover&#8230;<\/p>\n","protected":false},"author":1,"featured_media":0,"parent":1503,"menu_order":1,"comment_status":"closed","ping_status":"closed","template":"full_width.php","meta":{"inline_featured_image":false,"footnotes":""},"class_list":["post-1837","page","type-page","status-publish","hentry"],"_links":{"self":[{"href":"https:\/\/hungerprojekt.ch\/fr\/wp-json\/wp\/v2\/pages\/1837","targetHints":{"allow":["GET"]}}],"collection":[{"href":"https:\/\/hungerprojekt.ch\/fr\/wp-json\/wp\/v2\/pages"}],"about":[{"href":"https:\/\/hungerprojekt.ch\/fr\/wp-json\/wp\/v2\/types\/page"}],"author":[{"embeddable":true,"href":"https:\/\/hungerprojekt.ch\/fr\/wp-json\/wp\/v2\/users\/1"}],"replies":[{"embeddable":true,"href":"https:\/\/hungerprojekt.ch\/fr\/wp-json\/wp\/v2\/comments?post=1837"}],"version-history":[{"count":15,"href":"https:\/\/hungerprojekt.ch\/fr\/wp-json\/wp\/v2\/pages\/1837\/revisions"}],"predecessor-version":[{"id":4692,"href":"https:\/\/hungerprojekt.ch\/fr\/wp-json\/wp\/v2\/pages\/1837\/revisions\/4692"}],"up":[{"embeddable":true,"href":"https:\/\/hungerprojekt.ch\/fr\/wp-json\/wp\/v2\/pages\/1503"}],"wp:attachment":[{"href":"https:\/\/hungerprojekt.ch\/fr\/wp-json\/wp\/v2\/media?parent=1837"}],"curies":[{"name":"wp","href":"https:\/\/api.w.org\/{rel}","templated":true}]}}