{"id":1858,"date":"2020-12-07T10:13:27","date_gmt":"2020-12-07T09:13:27","guid":{"rendered":"https:\/\/hungerprojekt.ch\/qui-sommes-nous\/zewo-zertifizierung\/"},"modified":"2026-01-15T11:00:38","modified_gmt":"2026-01-15T10:00:38","slug":"certificat-zewo","status":"publish","type":"page","link":"https:\/\/hungerprojekt.ch\/fr\/qui-sommes-nous\/certificat-zewo\/","title":{"rendered":"Certificat ZEWO"},"content":{"rendered":"<div class=\"wpb-content-wrapper\"><p>[vc_row css_animation=\u00a0\u00bb\u00a0\u00bb row_type=\u00a0\u00bbrow\u00a0\u00bb use_row_as_full_screen_section=\u00a0\u00bbno\u00a0\u00bb type=\u00a0\u00bbfull_width\u00a0\u00bb angled_section=\u00a0\u00bbno\u00a0\u00bb text_align=\u00a0\u00bbcenter\u00a0\u00bb background_image_as_pattern=\u00a0\u00bbwithout_pattern\u00a0\u00bb z_index=\u00a0\u00bb\u00a0\u00bb css=\u00a0\u00bb.vc_custom_1604521825735{background-color: #ffffff !important;}\u00a0\u00bb][vc_column][vc_row_inner row_type=\u00a0\u00bbrow\u00a0\u00bb type=\u00a0\u00bbfull_width\u00a0\u00bb text_align=\u00a0\u00bbcenter\u00a0\u00bb css_animation=\u00a0\u00bb\u00a0\u00bb][vc_column_inner offset=\u00a0\u00bbvc_hidden-sm vc_hidden-xs\u00a0\u00bb css=\u00a0\u00bb.vc_custom_1604741667762{padding-top: 500px !important;background-image: url(https:\/\/hungerprojekt.ch\/wp-content\/uploads\/2020\/11\/5510497082_2de7816b87_k.jpg?id=369) !important;background-position: center !important;background-repeat: no-repeat !important;background-size: cover !important;}\u00a0\u00bb][\/vc_column_inner][\/vc_row_inner][vc_row_inner row_type=\u00a0\u00bbrow\u00a0\u00bb type=\u00a0\u00bbfull_width\u00a0\u00bb text_align=\u00a0\u00bbcenter\u00a0\u00bb css_animation=\u00a0\u00bb\u00a0\u00bb][vc_column_inner offset=\u00a0\u00bbvc_hidden-lg vc_hidden-md\u00a0\u00bb css=\u00a0\u00bb.vc_custom_1604741674200{padding-top: 200px !important;background-image: url(https:\/\/hungerprojekt.ch\/wp-content\/uploads\/2020\/11\/5510497082_2de7816b87_k.jpg?id=369) !important;background-position: center !important;background-repeat: no-repeat !important;background-size: cover !important;}\u00a0\u00bb][\/vc_column_inner][\/vc_row_inner][\/vc_column][\/vc_row][vc_row css_animation=\u00a0\u00bb\u00a0\u00bb row_type=\u00a0\u00bbrow\u00a0\u00bb use_row_as_full_screen_section=\u00a0\u00bbno\u00a0\u00bb type=\u00a0\u00bbgrid\u00a0\u00bb angled_section=\u00a0\u00bbno\u00a0\u00bb text_align=\u00a0\u00bbleft\u00a0\u00bb background_image_as_pattern=\u00a0\u00bbwithout_pattern\u00a0\u00bb z_index=\u00a0\u00bb\u00a0\u00bb][vc_column width=\u00a0\u00bb9\/12&Prime; offset=\u00a0\u00bbvc_hidden-sm vc_hidden-xs\u00a0\u00bb][vc_column_text css=\u00a0\u00bb.vc_custom_1607332598625{margin-top: -100px !important;padding-top: 30px !important;padding-right: 40px !important;padding-left: 40px !important;background-color: #ffffff !important;}\u00a0\u00bb]<\/p>\n<h6 style=\"text-align: left;\"><a href=\"http:\/\/hungerprojekt.ch\/fr\/\">Home<\/a> &gt;\u00a0<a href=\"https:\/\/hungerprojekt.ch\/fr\/qui-sommes-nous\/\">Qui sommes-nous<\/a> &gt; <a href=\"https:\/\/hungerprojekt.ch\/fr\/qui-sommes-nous\/certificat-zewo\/\">Certificat ZEWO<\/a><\/h6>\n<p>[\/vc_column_text][vc_empty_space height=\u00a0\u00bb20&Prime; css=\u00a0\u00bb.vc_custom_1604579018353{background-color: #ffffff !important;}\u00a0\u00bb][vc_column_text css=\u00a0\u00bb.vc_custom_1768471194144{padding-right: 40px !important;padding-left: 40px !important;background-color: #ffffff !important;}\u00a0\u00bb]<\/p>\n<div class=\"et_pb_module et_pb_text et_pb_text_0 et_pb_text_align_center et_pb_bg_layout_light\">\n<div class=\"et_pb_text_inner\">\n<h1 style=\"text-align: left;\">Certificat ZEWO<\/h1>\n<\/div>\n<\/div>\n<p>&nbsp;<\/p>\n<div class=\"et_pb_module et_pb_text et_pb_text_1 et_pb_text_align_center et_pb_bg_layout_light\">\n<div class=\"et_pb_text_inner\">\n<div class=\"npobject\">\n<div class=\"npobject\">\n<div class=\"npobject\">\n<p>Le Projet Faim Suisse est ZEWO-certifi\u00e9. E<span lang=\"FR-CH\">n tant qu\u2019organisation d\u2019utilit\u00e9 publique, il b\u00e9n\u00e9ficie d\u2019une exon\u00e9ration de charges fiscales. <\/span><\/p>\n<p>&nbsp;<\/p>\n<\/div>\n<\/div>\n<\/div>\n<\/div>\n<\/div>\n<div class=\"npobject\"><\/div>\n<div><a href=\"https:\/\/hungerprojekt.ch\/wp-content\/uploads\/2026\/01\/Confirmation-du-droit-dutiliser-le-label-de-quali.pdf\"><span style=\"text-decoration: underline;\">ZEWO certificat<\/span><\/a><\/div>\n<div><span style=\"text-decoration: underline;\"><a href=\"https:\/\/zewo.ch\/fr\/deduire-les-dons-de-ses-impots\/\" target=\"_blank\" rel=\"noopener noreferrer\">Exon\u00e9ration fiscale<\/a><\/span><\/div>\n<div><\/div>\n<div><\/div>\n<p>&nbsp;<\/p>\n<p>&nbsp;<\/p>\n<div><img fetchpriority=\"high\" decoding=\"async\" class=\"alignnone wp-image-1866\" src=\"https:\/\/hungerprojekt.ch\/wp-content\/uploads\/\/2020\/12\/zewo-logo-rotschwarz-fr-FR.svg\" alt=\"\" width=\"441\" height=\"124\" \/><\/div>\n<p>&nbsp;<\/p>\n<p>&nbsp;<\/p>\n<h1>Suivi, \u00e9valuation<\/h1>\n<p>&nbsp;<\/p>\n<p>Le Projet Faim s\u2019assure que les donations sont utilis\u00e9es de mani\u00e8re appropri\u00e9e. De plus, un repr\u00e9sentant du Projet Faim Suisse visite les programmes tous les deux ans, en accord avec les directives de la ZEWO.<\/p>\n<p>&nbsp;<\/p>\n<p>Le Projet Faim s\u2019engage \u00e0 livrer \u00e0 ses soutiens financiers des donn\u00e9es objectives et fiables sur les r\u00e9sultats des projets et sur l\u2019efficacit\u00e9 de ses strat\u00e9gies. Le syst\u00e8me de contr\u00f4le et d\u2019\u00e9valuation du Projet Faim (Participatory Monitoring and Evaluation System, PM&amp;E) a les objectifs suivants:<\/p>\n<p>&nbsp;<\/p>\n<ul>\n<li>Soutien des communaut\u00e9s partenaires en mettant \u00e0 leur disposition les informations et les outils de travail n\u00e9cessaires pour d\u00e9terminer les besoins, d\u00e9finir les points importants et suivre les avanc\u00e9es des projets de d\u00e9veloppement des communes.<\/li>\n<\/ul>\n<p>&nbsp;<\/p>\n<ul>\n<li>Promotion des processus d\u2019apprentissage au sein de l\u2019organisation permettant aux employ\u00e9s du Projet Faim et des organisations partenaires de revoir et d\u2019optimiser les programmes de mani\u00e8re r\u00e9guli\u00e8re.<\/li>\n<\/ul>\n<p>&nbsp;<\/p>\n<ul>\n<li>Promotion de la responsabilit\u00e9 et de la transparence au sein de l\u2019organisation, entre les partenaires et les investisseurs.<\/li>\n<\/ul>\n<p>&nbsp;<\/p>\n<ul>\n<li>Mise \u00e0 disposition d\u2019arguments, visant \u00e0 convaincre les d\u00e9cideurs politiques et autres leaders d\u2019opinion, d\u2019adopter les approches \u00e9prouv\u00e9es du Projet Faim de d\u00e9velopper les projets d\u00e9veloppement du bas vers le haut et centr\u00e9s sur la th\u00e9matique hommes-femmes.<\/li>\n<\/ul>\n<p>&nbsp;<\/p>\n<ul>\n<li>Notre plateforme internet de suivi des donn\u00e9es vise \u00e0 int\u00e9grer les informations g\u00e9n\u00e9rales et financi\u00e8res des programmes pour contr\u00f4ler: les\u00a0<strong>intrants<\/strong>\u00a0(ressources financi\u00e8res et humaines); les\u00a0<strong>activit\u00e9s<\/strong>\u00a0(ateliers de formation et projets \u00e0 l\u2019initiative des communaut\u00e9s); les<strong>\u00a0indicateurs<\/strong>\u00a0(nombre de personnes form\u00e9es, nombre de projets termin\u00e9s); les\u00a0<strong>r\u00e9sultats \u00e0 court-terme<\/strong>\u00a0(acc\u00e8s am\u00e9lior\u00e9 aux ressources, capacit\u00e9 renforc\u00e9e); et les\u00a0<strong>impacts \u00e0 long-terme<\/strong>\u00a0(subsistance am\u00e9lior\u00e9e, communaut\u00e9s en bonne sant\u00e9) dans chacun des 11 pays programmes<\/li>\n<\/ul>\n<p>&nbsp;<\/p>\n<ul>\n<li>Les pays programmes de THP suivent tous les trimestres depuis 2008 les actions et indicateurs de performance. Ils sont maintenant en cours d\u2019identifier les indicateurs de r\u00e9sultats principaux qui mesureront le progr\u00e8s par rapport \u00e0 des objectifs \u00e0 plus long terme. Un\u00a0<strong>projet pilote d\u2019\u00e9valuation<\/strong>\u00a0est actuellement en cours d\u2019ex\u00e9cution pour tester de nouveaux outils de collecte de donn\u00e9es (sondage des m\u00e9nages, guides de groupes de discussion, questionnaires pour informateurs cl\u00e9s). Cela permettra \u00e0 THP de suivre les r\u00e9sultats de ses programmes de mani\u00e8re plus syst\u00e9matique au niveau des m\u00e9nages aussi bien qu\u2019au niveau de la communaut\u00e9.<\/li>\n<\/ul>\n<p>&nbsp;<\/p>\n<p>&nbsp;<\/p>\n<div class=\"npobject\">\n<h2>Evaluation externe<\/h2>\n<p>&nbsp;<\/p>\n<ul>\n<li>THP demande \u00e9galement \u00e0 des experts externes d\u2019examiner de fa\u00e7on critique l\u2019impact de ses programmes. Les \u00e9valuations d\u2019impacts externes offrent une vision objective et transparente des projets. Elles repr\u00e9sentent une base importante pour les prises de d\u00e9cision relatives \u00e0 la gestion des programmes. Ces rapports valident le travail et ont une grande valeur quant aux suggestions qui y sont faites et aux exemples de bonne pratique qui y sont donn\u00e9s. Ils peuvent \u00eatre partag\u00e9s avec les int\u00e9ress\u00e9s et d\u2019autres praticiens du d\u00e9veloppement.<\/li>\n<\/ul>\n<\/div>\n<p>&nbsp;<\/p>\n<ul>\n<li>Le 2009 Uganda Assessment, A Change to Believe in\u00a0pr\u00e9sente, par exemple, une analyse captivante de notre travail dans ce pays. Il montre comment le Projet Faim se d\u00e9marque d\u2019autres organisations similaires et montre les principaux domaines de croissance.<\/li>\n<\/ul>\n<p>[\/vc_column_text][\/vc_column][vc_column width=\u00a0\u00bb3\/12&Prime; offset=\u00a0\u00bbvc_hidden-md vc_hidden-sm vc_hidden-xs\u00a0\u00bb][vc_column_text css=\u00a0\u00bb.vc_custom_1607435464062{margin-top: 100px !important;margin-right: 1px !important;margin-left: 41px !important;padding-top: 20px !important;padding-bottom: 20px !important;padding-left: 20px !important;background-color: #0000aa !important;}\u00a0\u00bb]<\/p>\n<h5 style=\"text-align: left;\"><a href=\"https:\/\/hungerprojekt.ch\/fr\/qui-sommes-nous\/\"><strong>QUI SOMMES-NOUS<\/strong><\/a><\/h5>\n<h5 style=\"text-align: left;\"><a href=\"https:\/\/hungerprojekt.ch\/fr\/qui-sommes-nous\/vision-et-mission\/\">Vision et Mission<\/a><\/h5>\n<h5 style=\"text-align: left;\"><a href=\"https:\/\/hungerprojekt.ch\/fr\/qui-sommes-nous\/organisation\/\">Organisation<\/a><\/h5>\n<h5 style=\"text-align: left;\"><a href=\"https:\/\/hungerprojekt.ch\/fr\/qui-sommes-nous\/thp-dans-le-monde\/\">THP dans le monde<\/a><\/h5>\n<h5 style=\"text-align: left;\">\u00a0 \u00a0 \u00a0 <a href=\"https:\/\/hungerprojekt.ch\/fr\/qui-sommes-nous\/thp-dans-le-monde\/pays-avec-programmes\/\">&#8211; Pays avec progr.<\/a><\/h5>\n<h5 style=\"text-align: left;\">\u00a0 \u00a0 \u00a0 <a href=\"https:\/\/hungerprojekt.ch\/fr\/qui-sommes-nous\/thp-dans-le-monde\/pays-partenaires\/\">&#8211; Pays partenaires<\/a><\/h5>\n<h5 style=\"text-align: left;\"><a href=\"https:\/\/hungerprojekt.ch\/fr\/qui-sommes-nous\/thp-suisse-pays-avec-programmes\/\">THP Suisse<\/a><\/h5>\n<h5 style=\"text-align: left;\"><a href=\"https:\/\/hungerprojekt.ch\/fr\/qui-sommes-nous\/thp-suisse-pays-avec-programmes\/burkina-faso\/\">\u00a0 \u00a0 \u00a0 &#8211; Burkina Faso<\/a><\/h5>\n<h5 style=\"text-align: left;\"><a href=\"https:\/\/hungerprojekt.ch\/fr\/qui-sommes-nous\/thp-suisse-pays-avec-programmes\/ethiopie\/\">\u00a0 \u00a0 \u00a0 &#8211; \u00c9thiopie<\/a><\/h5>\n<h5 style=\"text-align: left;\"><a href=\"https:\/\/hungerprojekt.ch\/fr\/qui-sommes-nous\/thp-suisse-pays-avec-programmes\/ghana\/\">\u00a0 \u00a0 \u00a0 &#8211; Ghana<\/a><\/h5>\n<h5 style=\"text-align: left;\"><a href=\"https:\/\/hungerprojekt.ch\/fr\/qui-sommes-nous\/thp-suisse-pays-avec-programmes\/inde\/\">\u00a0 \u00a0 \u00a0 &#8211; Inde<\/a><\/h5>\n<h5 style=\"text-align: left;\"><a href=\"https:\/\/hungerprojekt.ch\/fr\/qui-sommes-nous\/thp-suisse-pays-avec-programmes\/mozambique\/\">\u00a0 \u00a0 \u00a0 &#8211; Mozambique<\/a><\/h5>\n<h5 style=\"text-align: left;\"><a href=\"https:\/\/hungerprojekt.ch\/fr\/qui-sommes-nous\/rapport-annuel\/\">Rapport annuel<\/a><\/h5>\n<h5 style=\"text-align: left;\"><span style=\"color: #ffd214;\"><a style=\"color: #ffd214;\" href=\"https:\/\/hungerprojekt.ch\/fr\/qui-sommes-nous\/certificat-zewo\/\">Certificat ZEWO<\/a><\/span><\/h5>\n<h5 style=\"text-align: left;\"><a href=\"https:\/\/hungerprojekt.ch\/fr\/qui-sommes-nous\/videos-et-flyer\/\">Flyer et Vid\u00e9os<\/a><\/h5>\n<p>[\/vc_column_text][\/vc_column][\/vc_row][vc_row css_animation=\u00a0\u00bb\u00a0\u00bb row_type=\u00a0\u00bbrow\u00a0\u00bb use_row_as_full_screen_section=\u00a0\u00bbno\u00a0\u00bb type=\u00a0\u00bbgrid\u00a0\u00bb angled_section=\u00a0\u00bbno\u00a0\u00bb text_align=\u00a0\u00bbleft\u00a0\u00bb background_image_as_pattern=\u00a0\u00bbwithout_pattern\u00a0\u00bb z_index=\u00a0\u00bb\u00a0\u00bb][vc_column width=\u00a0\u00bb9\/12&Prime; offset=\u00a0\u00bbvc_hidden-lg vc_hidden-md\u00a0\u00bb][vc_column_text css=\u00a0\u00bb.vc_custom_1607332616640{padding-top: 30px !important;background-color: #ffffff !important;}\u00a0\u00bb]<\/p>\n<h6 style=\"text-align: left;\"><a href=\"http:\/\/hungerprojekt.ch\/fr\/\">Home<\/a> &gt;\u00a0<a href=\"https:\/\/hungerprojekt.ch\/fr\/qui-sommes-nous\/\">Qui sommes-nous<\/a> &gt; <a href=\"https:\/\/hungerprojekt.ch\/fr\/qui-sommes-nous\/certificat-zewo\/\">Certificat ZEWO<\/a><\/h6>\n<p>[\/vc_column_text][vc_empty_space height=\u00a0\u00bb20&Prime; css=\u00a0\u00bb.vc_custom_1604579018353{background-color: #ffffff !important;}\u00a0\u00bb][vc_column_text css=\u00a0\u00bb.vc_custom_1768471228298{background-color: #ffffff !important;}\u00a0\u00bb]<\/p>\n<div class=\"et_pb_module et_pb_text et_pb_text_0 et_pb_text_align_center et_pb_bg_layout_light\">\n<div class=\"et_pb_text_inner\">\n<h1 style=\"text-align: left;\">Certificat ZEWO<\/h1>\n<\/div>\n<\/div>\n<p>&nbsp;<\/p>\n<div class=\"et_pb_module et_pb_text et_pb_text_1 et_pb_text_align_center et_pb_bg_layout_light\">\n<div class=\"et_pb_text_inner\">\n<div class=\"npobject\">\n<div class=\"npobject\">\n<div class=\"npobject\">\n<div class=\"et_pb_module et_pb_text et_pb_text_1 et_pb_text_align_center et_pb_bg_layout_light\">\n<div class=\"et_pb_text_inner\">\n<div class=\"npobject\">\n<div class=\"npobject\">\n<div class=\"npobject\">\n<p>Le Projet Faim Suisse est ZEWO-certifi\u00e9. E<span lang=\"FR-CH\">n tant qu\u2019organisation d\u2019utilit\u00e9 publique, il b\u00e9n\u00e9ficie d\u2019une exon\u00e9ration de charges fiscales. <\/span><\/p>\n<p>&nbsp;<\/p>\n<\/div>\n<\/div>\n<\/div>\n<\/div>\n<\/div>\n<div class=\"npobject\"><\/div>\n<div><span style=\"text-decoration: underline;\"><a href=\"https:\/\/hungerprojekt.ch\/wp-content\/uploads\/2026\/01\/Confirmation-du-droit-dutiliser-le-label-de-quali.pdf\" target=\"_blank\" rel=\"noopener noreferrer\">ZEWO certificat<\/a><\/span><\/div>\n<div><span style=\"text-decoration: underline;\"><a href=\"https:\/\/zewo.ch\/fr\/deduire-les-dons-de-ses-impots\/\" target=\"_blank\" rel=\"noopener noreferrer\">Exon\u00e9ration fiscale<\/a><\/span><\/div>\n<\/div>\n<\/div>\n<\/div>\n<\/div>\n<\/div>\n<div><\/div>\n<div><\/div>\n<div><\/div>\n<p>&nbsp;<\/p>\n<p>&nbsp;<\/p>\n<div><img fetchpriority=\"high\" decoding=\"async\" class=\"alignnone wp-image-1866\" src=\"https:\/\/hungerprojekt.ch\/wp-content\/uploads\/\/2020\/12\/zewo-logo-rotschwarz-fr-FR.svg\" alt=\"\" width=\"441\" height=\"124\" \/><\/div>\n<p>&nbsp;<\/p>\n<p>&nbsp;<\/p>\n<h1>Suivi, \u00e9valuation<\/h1>\n<p>&nbsp;<\/p>\n<p>Le Projet Faim s\u2019assure que les donations sont utilis\u00e9es de mani\u00e8re appropri\u00e9e. De plus, un repr\u00e9sentant du Projet Faim Suisse visite les programmes tous les deux ans, en accord avec les directives de la ZEWO.<\/p>\n<p>&nbsp;<\/p>\n<p>Le Projet Faim s\u2019engage \u00e0 livrer \u00e0 ses soutiens financiers des donn\u00e9es objectives et fiables sur les r\u00e9sultats des projets et sur l\u2019efficacit\u00e9 de ses strat\u00e9gies. Le syst\u00e8me de contr\u00f4le et d\u2019\u00e9valuation du Projet Faim (Participatory Monitoring and Evaluation System, PM&amp;E) a les objectifs suivants:<\/p>\n<p>&nbsp;<\/p>\n<ul>\n<li>Soutien des communaut\u00e9s partenaires en mettant \u00e0 leur disposition les informations et les outils de travail n\u00e9cessaires pour d\u00e9terminer les besoins, d\u00e9finir les points importants et suivre les avanc\u00e9es des projets de d\u00e9veloppement des communes.<\/li>\n<\/ul>\n<p>&nbsp;<\/p>\n<ul>\n<li>Promotion des processus d\u2019apprentissage au sein de l\u2019organisation permettant aux employ\u00e9s du Projet Faim et des organisations partenaires de revoir et d\u2019optimiser les programmes de mani\u00e8re r\u00e9guli\u00e8re.<\/li>\n<\/ul>\n<p>&nbsp;<\/p>\n<ul>\n<li>Promotion de la responsabilit\u00e9 et de la transparence au sein de l\u2019organisation, entre les partenaires et les investisseurs.<\/li>\n<\/ul>\n<p>&nbsp;<\/p>\n<ul>\n<li>Mise \u00e0 disposition d\u2019arguments, visant \u00e0 convaincre les d\u00e9cideurs politiques et autres leaders d\u2019opinion, d\u2019adopter les approches \u00e9prouv\u00e9es du Projet Faim de d\u00e9velopper les projets d\u00e9veloppement du bas vers le haut et centr\u00e9s sur la th\u00e9matique hommes-femmes.<\/li>\n<\/ul>\n<p>&nbsp;<\/p>\n<ul>\n<li>Notre plateforme internet de suivi des donn\u00e9es vise \u00e0 int\u00e9grer les informations g\u00e9n\u00e9rales et financi\u00e8res des programmes pour contr\u00f4ler: les\u00a0<strong>intrants<\/strong>\u00a0(ressources financi\u00e8res et humaines); les\u00a0<strong>activit\u00e9s<\/strong>\u00a0(ateliers de formation et projets \u00e0 l\u2019initiative des communaut\u00e9s); les<strong>\u00a0indicateurs<\/strong>\u00a0(nombre de personnes form\u00e9es, nombre de projets termin\u00e9s); les\u00a0<strong>r\u00e9sultats \u00e0 court-terme<\/strong>\u00a0(acc\u00e8s am\u00e9lior\u00e9 aux ressources, capacit\u00e9 renforc\u00e9e); et les\u00a0<strong>impacts \u00e0 long-terme<\/strong>\u00a0(subsistance am\u00e9lior\u00e9e, communaut\u00e9s en bonne sant\u00e9) dans chacun des 11 pays programmes<\/li>\n<\/ul>\n<p>&nbsp;<\/p>\n<ul>\n<li>Les pays programmes de THP suivent tous les trimestres depuis 2008 les actions et indicateurs de performance. Ils sont maintenant en cours d\u2019identifier les indicateurs de r\u00e9sultats principaux qui mesureront le progr\u00e8s par rapport \u00e0 des objectifs \u00e0 plus long terme. Un\u00a0<strong>projet pilote d\u2019\u00e9valuation<\/strong>\u00a0est actuellement en cours d\u2019ex\u00e9cution pour tester de nouveaux outils de collecte de donn\u00e9es (sondage des m\u00e9nages, guides de groupes de discussion, questionnaires pour informateurs cl\u00e9s). Cela permettra \u00e0 THP de suivre les r\u00e9sultats de ses programmes de mani\u00e8re plus syst\u00e9matique au niveau des m\u00e9nages aussi bien qu\u2019au niveau de la communaut\u00e9.<\/li>\n<\/ul>\n<p>&nbsp;<\/p>\n<p>&nbsp;<\/p>\n<div class=\"npobject\">\n<h2>Evaluation externe<\/h2>\n<p>&nbsp;<\/p>\n<ul>\n<li>THP demande \u00e9galement \u00e0 des experts externes d\u2019examiner de fa\u00e7on critique l\u2019impact de ses programmes. Les \u00e9valuations d\u2019impacts externes offrent une vision objective et transparente des projets. Elles repr\u00e9sentent une base importante pour les prises de d\u00e9cision relatives \u00e0 la gestion des programmes. Ces rapports valident le travail et ont une grande valeur quant aux suggestions qui y sont faites et aux exemples de bonne pratique qui y sont donn\u00e9s. Ils peuvent \u00eatre partag\u00e9s avec les int\u00e9ress\u00e9s et d\u2019autres praticiens du d\u00e9veloppement.<\/li>\n<\/ul>\n<\/div>\n<p>&nbsp;<\/p>\n<ul>\n<li>Le 2009 Uganda Assessment, A Change to Believe in\u00a0pr\u00e9sente, par exemple, une analyse captivante de notre travail dans ce pays. Il montre comment le Projet Faim se d\u00e9marque d\u2019autres organisations similaires et montre les principaux domaines de croissance.<\/li>\n<\/ul>\n<p>[\/vc_column_text][\/vc_column][vc_column width=\u00a0\u00bb3\/12&Prime; offset=\u00a0\u00bbvc_hidden-md vc_hidden-sm vc_hidden-xs\u00a0\u00bb][\/vc_column][\/vc_row][vc_row css_animation=\u00a0\u00bb\u00a0\u00bb row_type=\u00a0\u00bbrow\u00a0\u00bb use_row_as_full_screen_section=\u00a0\u00bbno\u00a0\u00bb type=\u00a0\u00bbfull_width\u00a0\u00bb angled_section=\u00a0\u00bbno\u00a0\u00bb text_align=\u00a0\u00bbcenter\u00a0\u00bb background_image_as_pattern=\u00a0\u00bbwithout_pattern\u00a0\u00bb z_index=\u00a0\u00bb\u00a0\u00bb css=\u00a0\u00bb.vc_custom_1602087442483{margin-top: 50px !important;background-color: #0011aa !important;}\u00a0\u00bb][vc_column][vc_row_inner row_type=\u00a0\u00bbrow\u00a0\u00bb type=\u00a0\u00bbgrid\u00a0\u00bb text_align=\u00a0\u00bbcenter\u00a0\u00bb css_animation=\u00a0\u00bb\u00a0\u00bb css=\u00a0\u00bb.vc_custom_1602082086628{padding-top: 50px !important;padding-bottom: 50px !important;}\u00a0\u00bb][vc_column_inner width=\u00a0\u00bb2\/3&Prime; css=\u00a0\u00bb.vc_custom_1602075588363{padding-top: 10px !important;padding-bottom: 10px !important;}\u00a0\u00bb]<div class=\"custom_font_holder\" style=\"font-family: Unna; font-size: 34px; line-height: 41px; font-style: normal; font-weight: 300; color: #ffffff; text-decoration: none; text-align: center;\">Empowerment \u2013 Donnez et changez des vies!<\/div>[\/vc_column_inner][vc_column_inner width=\u00a0\u00bb1\/3&Prime; css=\u00a0\u00bb.vc_custom_1602075582964{padding-top: 10px !important;padding-bottom: 10px !important;}\u00a0\u00bb]<a  itemprop=\"url\" href=\"\/fr\/votre-contribution\/\" target=\"_self\" data-hover-background-color='#ffffff' data-hover-border-color='#ffffff' data-hover-color='#0011aa' class=\"qbutton  small center default\" style=\"color: #ffffff; border-color: #ffffff; font-style: normal; font-weight: 700; font-family: Source Sans Pro; text-transform: uppercase; background-color: #0011aa;\">Faire un don<\/a>[\/vc_column_inner][\/vc_row_inner][\/vc_column][\/vc_row]<\/p>\n<\/div>","protected":false},"excerpt":{"rendered":"<p>[vc_row css_animation=\u00a0\u00bb\u00a0\u00bb row_type=\u00a0\u00bbrow\u00a0\u00bb use_row_as_full_screen_section=\u00a0\u00bbno\u00a0\u00bb type=\u00a0\u00bbfull_width\u00a0\u00bb angled_section=\u00a0\u00bbno\u00a0\u00bb text_align=\u00a0\u00bbcenter\u00a0\u00bb background_image_as_pattern=\u00a0\u00bbwithout_pattern\u00a0\u00bb z_index=\u00a0\u00bb\u00a0\u00bb css=\u00a0\u00bb.vc_custom_1604521825735{background-color: #ffffff !important;}\u00a0\u00bb][vc_column][vc_row_inner row_type=\u00a0\u00bbrow\u00a0\u00bb type=\u00a0\u00bbfull_width\u00a0\u00bb text_align=\u00a0\u00bbcenter\u00a0\u00bb css_animation=\u00a0\u00bb\u00a0\u00bb][vc_column_inner offset=\u00a0\u00bbvc_hidden-sm vc_hidden-xs\u00a0\u00bb css=\u00a0\u00bb.vc_custom_1604741667762{padding-top: 500px !important;background-image: url(https:\/\/hungerprojekt.ch\/wp-content\/uploads\/2020\/11\/5510497082_2de7816b87_k.jpg?id=369) !important;background-position: center !important;background-repeat: no-repeat !important;background-size: cover !important;}\u00a0\u00bb][\/vc_column_inner][\/vc_row_inner][vc_row_inner row_type=\u00a0\u00bbrow\u00a0\u00bb type=\u00a0\u00bbfull_width\u00a0\u00bb text_align=\u00a0\u00bbcenter\u00a0\u00bb css_animation=\u00a0\u00bb\u00a0\u00bb][vc_column_inner offset=\u00a0\u00bbvc_hidden-lg vc_hidden-md\u00a0\u00bb css=\u00a0\u00bb.vc_custom_1604741674200{padding-top: 200px !important;background-image: url(https:\/\/hungerprojekt.ch\/wp-content\/uploads\/2020\/11\/5510497082_2de7816b87_k.jpg?id=369) !important;background-position: center !important;background-repeat: no-repeat !important;background-size: cover&#8230;<\/p>\n","protected":false},"author":1,"featured_media":0,"parent":1503,"menu_order":1,"comment_status":"closed","ping_status":"closed","template":"full_width.php","meta":{"inline_featured_image":false,"footnotes":""},"class_list":["post-1858","page","type-page","status-publish","hentry"],"_links":{"self":[{"href":"https:\/\/hungerprojekt.ch\/fr\/wp-json\/wp\/v2\/pages\/1858","targetHints":{"allow":["GET"]}}],"collection":[{"href":"https:\/\/hungerprojekt.ch\/fr\/wp-json\/wp\/v2\/pages"}],"about":[{"href":"https:\/\/hungerprojekt.ch\/fr\/wp-json\/wp\/v2\/types\/page"}],"author":[{"embeddable":true,"href":"https:\/\/hungerprojekt.ch\/fr\/wp-json\/wp\/v2\/users\/1"}],"replies":[{"embeddable":true,"href":"https:\/\/hungerprojekt.ch\/fr\/wp-json\/wp\/v2\/comments?post=1858"}],"version-history":[{"count":13,"href":"https:\/\/hungerprojekt.ch\/fr\/wp-json\/wp\/v2\/pages\/1858\/revisions"}],"predecessor-version":[{"id":6176,"href":"https:\/\/hungerprojekt.ch\/fr\/wp-json\/wp\/v2\/pages\/1858\/revisions\/6176"}],"up":[{"embeddable":true,"href":"https:\/\/hungerprojekt.ch\/fr\/wp-json\/wp\/v2\/pages\/1503"}],"wp:attachment":[{"href":"https:\/\/hungerprojekt.ch\/fr\/wp-json\/wp\/v2\/media?parent=1858"}],"curies":[{"name":"wp","href":"https:\/\/api.w.org\/{rel}","templated":true}]}}