{"id":1887,"date":"2020-12-07T14:40:30","date_gmt":"2020-12-07T13:40:30","guid":{"rendered":"https:\/\/hungerprojekt.ch\/votre-contribution\/freiwilligenarbeit\/"},"modified":"2021-10-05T17:43:47","modified_gmt":"2021-10-05T15:43:47","slug":"benevolat","status":"publish","type":"page","link":"https:\/\/hungerprojekt.ch\/fr\/votre-contribution\/benevolat\/","title":{"rendered":"B\u00e9n\u00e9volat"},"content":{"rendered":"<div class=\"wpb-content-wrapper\"><p>[vc_row css_animation=\u00a0\u00bb\u00a0\u00bb row_type=\u00a0\u00bbrow\u00a0\u00bb use_row_as_full_screen_section=\u00a0\u00bbno\u00a0\u00bb type=\u00a0\u00bbfull_width\u00a0\u00bb angled_section=\u00a0\u00bbno\u00a0\u00bb text_align=\u00a0\u00bbcenter\u00a0\u00bb background_image_as_pattern=\u00a0\u00bbwithout_pattern\u00a0\u00bb z_index=\u00a0\u00bb\u00a0\u00bb css=\u00a0\u00bb.vc_custom_1604521825735{background-color: #ffffff !important;}\u00a0\u00bb][vc_column][vc_row_inner row_type=\u00a0\u00bbrow\u00a0\u00bb type=\u00a0\u00bbfull_width\u00a0\u00bb text_align=\u00a0\u00bbcenter\u00a0\u00bb css_animation=\u00a0\u00bb\u00a0\u00bb][vc_column_inner offset=\u00a0\u00bbvc_hidden-sm vc_hidden-xs\u00a0\u00bb css=\u00a0\u00bb.vc_custom_1604845042553{padding-top: 500px !important;background-image: url(https:\/\/hungerprojekt.ch\/wp-content\/uploads\/2020\/10\/5016074_20d255afb5_k.jpg?id=141) !important;background-position: center !important;background-repeat: no-repeat !important;background-size: cover !important;}\u00a0\u00bb][\/vc_column_inner][\/vc_row_inner][vc_row_inner row_type=\u00a0\u00bbrow\u00a0\u00bb type=\u00a0\u00bbfull_width\u00a0\u00bb text_align=\u00a0\u00bbcenter\u00a0\u00bb css_animation=\u00a0\u00bb\u00a0\u00bb][vc_column_inner offset=\u00a0\u00bbvc_hidden-lg vc_hidden-md\u00a0\u00bb css=\u00a0\u00bb.vc_custom_1604845030915{padding-top: 200px !important;background-image: url(https:\/\/hungerprojekt.ch\/wp-content\/uploads\/2020\/10\/5016074_20d255afb5_k.jpg?id=141) !important;background-position: center !important;background-repeat: no-repeat !important;background-size: cover !important;}\u00a0\u00bb][\/vc_column_inner][\/vc_row_inner][\/vc_column][\/vc_row][vc_row css_animation=\u00a0\u00bb\u00a0\u00bb row_type=\u00a0\u00bbrow\u00a0\u00bb use_row_as_full_screen_section=\u00a0\u00bbno\u00a0\u00bb type=\u00a0\u00bbgrid\u00a0\u00bb angled_section=\u00a0\u00bbno\u00a0\u00bb text_align=\u00a0\u00bbleft\u00a0\u00bb background_image_as_pattern=\u00a0\u00bbwithout_pattern\u00a0\u00bb z_index=\u00a0\u00bb\u00a0\u00bb][vc_column width=\u00a0\u00bb9\/12&Prime; offset=\u00a0\u00bbvc_hidden-sm vc_hidden-xs\u00a0\u00bb][vc_column_text css=\u00a0\u00bb.vc_custom_1607348701760{margin-top: -100px !important;padding-top: 30px !important;padding-right: 40px !important;padding-left: 40px !important;background-color: #ffffff !important;}\u00a0\u00bb]<\/p>\n<h6 style=\"text-align: left;\"><a href=\"http:\/\/hungerprojekt.ch\/fr\/\">Home<\/a> &gt; <a href=\"https:\/\/hungerprojekt.ch\/fr\/votre-contribution\/\">Votre contribution<\/a> &gt; <a href=\"https:\/\/hungerprojekt.ch\/fr\/votre-contribution\/benevolat\/\">B\u00e9n\u00e9volat<\/a><\/h6>\n<p>[\/vc_column_text][vc_empty_space height=\u00a0\u00bb20&Prime; css=\u00a0\u00bb.vc_custom_1604579018353{background-color: #ffffff !important;}\u00a0\u00bb][vc_column_text css=\u00a0\u00bb.vc_custom_1633448624989{padding-right: 40px !important;padding-left: 40px !important;background-color: #ffffff !important;}\u00a0\u00bb]<\/p>\n<div class=\"et_pb_module et_pb_text et_pb_text_0 et_pb_text_align_center et_pb_bg_layout_light\">\n<div class=\"et_pb_text_inner\">\n<h1>B\u00e9n\u00e9volat<\/h1>\n<div class=\"npcontent\">\n<div class=\"npobject\"><\/div>\n<\/div>\n<\/div>\n<\/div>\n<p>Des volontaires motiv\u00e9s nous appuient dans notre travail. Souhaitez-vous \u00e9galement vous engagez socialement? Nous serions ravis de vous accueillir dans notre \u00e9quipe.<\/p>\n<p>&nbsp;<\/p>\n<p><a class=\"nplink\" href=\"mailto:alexandra.%E2%80%8Bkoch@%E2%80%8Bhungerprojekt.%E2%80%8Bch\" target=\"_blank\" rel=\"noopener noreferrer\">alex\u00adan\u00addra.\u200bkoch@\u200bhun\u00adger\u00adpro\u00adjekt.\u200bch<\/a><\/p>\n<p>&nbsp;<\/p>\n<p>&nbsp;<\/p>\n<div class=\"npobject\">\n<h2>T\u00e2ches de b\u00e9n\u00e9volat<\/h2>\n<p>&nbsp;<\/p>\n<\/div>\n<div class=\"npobject\">\n<ul>\n<li>\u00c9tablir et maintenir des contacts avec les investisseurs<\/li>\n<li>Relations publiques<\/li>\n<li>M\u00e9dias sociaux<\/li>\n<li>Travail de recherche<\/li>\n<li>Participation \u00e0 des actions et \u00e9v\u00e9nements<\/li>\n<li>Traductions<\/li>\n<\/ul>\n<p>&nbsp;<\/p>\n<\/div>\n<p><span style=\"text-decoration: underline;\"><a href=\"https:\/\/www.benevol-jobs.ch\/fr\/annonces?search=Das%20Hunger%20Projekt%20Schweiz&amp;job_geo_location=&amp;radius=50&amp;Suchen=Suchen&amp;lat=&amp;lon=&amp;country=&amp;administrative_area_level_1=\" target=\"_blank\" rel=\"noopener noreferrer\">Lien vers les annonces<\/a><\/span><\/p>\n<p>&nbsp;<\/p>\n<p>&nbsp;<\/p>\n<div class=\"npobject\">\n<h2>Petits portraits de b\u00e9n\u00e9voles<\/h2>\n<\/div>\n<p>&nbsp;<\/p>\n<p>&nbsp;<\/p>\n<p><img fetchpriority=\"high\" decoding=\"async\" class=\" wp-image-1890 alignleft\" src=\"https:\/\/hungerprojekt.ch\/wp-content\/uploads\/2020\/11\/christa17.jpg\" alt=\"\" width=\"276\" height=\"326\" \/>\u00abA la recherche d&rsquo;une activit\u00e9 significative, je suis tomb\u00e9 sur le Hunger Project. Je suis particuli\u00e8rement motiv\u00e9 par la mission du Hunger Project, qui est avant tout de promouvoir la responsabilit\u00e9 et l&rsquo;autod\u00e9termination des femmes et de r\u00e9duire ainsi la faim et la pauvret\u00e9. Aujourd&rsquo;hui, je suis responsable de la cr\u00e9ation de divers documents imprim\u00e9s. Ce travail me rappelle encore et encore qu&rsquo;il ne peut pas \u00eatre tenu pour acquis de vivre dans un environnement privil\u00e9gi\u00e9 et s\u00fbr\u00bb <em>Christa Eberle<\/em><\/p>\n<p>&nbsp;<\/p>\n<p>&nbsp;<\/p>\n<p><img decoding=\"async\" class=\"wp-image-1893 alignleft\" src=\"https:\/\/hungerprojekt.ch\/wp-content\/uploads\/2020\/11\/juerg_bild.jpg\" alt=\"\" width=\"273\" height=\"377\" \/><\/p>\n<p>\u00abApr\u00e8s 44 ans d&rsquo;enseignement (les 24 derni\u00e8res ann\u00e9es dans votre propre \u00e9cole), vous ne pouvez pas simplement arr\u00eater de travailler, et vous voulez aussi \u00ab\u00a0donner quelque chose en retour\u00a0\u00bb. Si n\u00e9cessaire, j&rsquo;\u00e9cris des traductions pour le projet Hunger sur l&rsquo;ordinateur. Parfois, j&rsquo;aide avec ma femme B\u00e9atrice aux \u00e9v\u00e9nements du stand THP aux \u00e9v\u00e9nements du march\u00e9. En ces occasions et en d&rsquo;autres occasions, nous avons toujours rencontr\u00e9 des gens int\u00e9ressants et engag\u00e9s. Ce qui m&rsquo;impressionne particuli\u00e8rement dans le projet Hunger, c&rsquo;est ce qui peut \u00eatre accompli avec peu d&rsquo;argent si les gens sur le terrain sont form\u00e9s pour s&rsquo;aider eux-m\u00eames et si les femmes en particulier sont promues et soutenues.\u00bb <em>J\u00f6rg Lienhart<\/em><\/p>\n<p>&nbsp;<\/p>\n<p>&nbsp;<\/p>\n<p><img decoding=\"async\" class=\"wp-image-1896 alignleft\" src=\"https:\/\/hungerprojekt.ch\/wp-content\/uploads\/2020\/11\/lydia_7-225x300.jpg\" alt=\"\" width=\"273\" height=\"364\" srcset=\"https:\/\/hungerprojekt.ch\/wp-content\/uploads\/2020\/11\/lydia_7-225x300.jpg 225w, https:\/\/hungerprojekt.ch\/wp-content\/uploads\/2020\/11\/lydia_7.jpg 300w\" sizes=\"(max-width: 273px) 100vw, 273px\" \/><em>\u00ab<\/em>Comme mon p\u00e8re \u00e9tait membre du THP avant ma naissance, je pouvais devenir membre du THP d\u00e8s mon plus jeune \u00e2ge. Cela m&rsquo;inspire de voir quand les gens peuvent \u00e9largir leurs horizons parce que le THP montre aux gens comment ils peuvent se d\u00e9velopper. En bref: THP ne donne pas le poisson, mais la canne \u00e0 p\u00eache. C&rsquo;est juste agr\u00e9able de savoir que vous pouvez aider des gens qui n&rsquo;ont pas les m\u00eames possibilit\u00e9s que moi, mais qui aimeraient avoir ces occasions. Les gens peuvent faire beaucoup de choses avec peu de ressources. \u00c7a aide non seulement les gens que vous aidez, mais aussi moi. Cela me change aussi en positif. En plus, c&rsquo;est ma petite contribution \u00e0 changer le monde pour le mieux.<em>\u00bb\u00a0Lydia Heini<\/em>[\/vc_column_text][\/vc_column][vc_column width=\u00a0\u00bb3\/12&Prime; offset=\u00a0\u00bbvc_hidden-md vc_hidden-sm vc_hidden-xs\u00a0\u00bb][vc_column_text css=\u00a0\u00bb.vc_custom_1607450785633{margin-top: 100px !important;margin-right: 1px !important;margin-left: 41px !important;padding-top: 20px !important;padding-bottom: 20px !important;padding-left: 20px !important;background-color: #0000aa !important;}\u00a0\u00bb]<\/p>\n<h5 style=\"text-align: left;\"><a href=\"https:\/\/hungerprojekt.ch\/fr\/votre-contribution\/\"><strong>VOTRE CONTRIBUTION<\/strong><\/a><\/h5>\n<h5 style=\"text-align: left;\"><a href=\"https:\/\/hungerprojekt.ch\/fr\/votre-contribution\/partenariat\/\">Partenariat<\/a><\/h5>\n<h5><span style=\"color: #ffd214;\"><a style=\"color: #ffd214;\" href=\"https:\/\/hungerprojekt.ch\/fr\/votre-contribution\/benevolat\/\">B\u00e9n\u00e9volat<\/a><\/span><\/h5>\n<h5 style=\"text-align: left;\"><a href=\"\/fr\/votre-contribution\/exemption-de-impot\/\">Exemption d\u2019imp\u00f4t<\/a><\/h5>\n<p>[\/vc_column_text][\/vc_column][\/vc_row][vc_row css_animation=\u00a0\u00bb\u00a0\u00bb row_type=\u00a0\u00bbrow\u00a0\u00bb use_row_as_full_screen_section=\u00a0\u00bbno\u00a0\u00bb type=\u00a0\u00bbgrid\u00a0\u00bb angled_section=\u00a0\u00bbno\u00a0\u00bb text_align=\u00a0\u00bbleft\u00a0\u00bb background_image_as_pattern=\u00a0\u00bbwithout_pattern\u00a0\u00bb z_index=\u00a0\u00bb\u00a0\u00bb][vc_column width=\u00a0\u00bb9\/12&Prime; offset=\u00a0\u00bbvc_hidden-lg vc_hidden-md\u00a0\u00bb][vc_column_text css=\u00a0\u00bb.vc_custom_1607349249851{padding-top: 30px !important;background-color: #ffffff !important;}\u00a0\u00bb]<\/p>\n<h6 style=\"text-align: left;\"><a href=\"http:\/\/hungerprojekt.ch\/fr\/\">Home<\/a> &gt; <a href=\"https:\/\/hungerprojekt.ch\/fr\/votre-contribution\/\">Votre contribution<\/a> &gt; <a href=\"https:\/\/hungerprojekt.ch\/fr\/votre-contribution\/benevolat\/\">B\u00e9n\u00e9volat<\/a><\/h6>\n<p>[\/vc_column_text][vc_empty_space height=\u00a0\u00bb20&Prime; css=\u00a0\u00bb.vc_custom_1604579018353{background-color: #ffffff !important;}\u00a0\u00bb][vc_column_text css=\u00a0\u00bb.vc_custom_1631537111399{background-color: #ffffff !important;}\u00a0\u00bb]<\/p>\n<div class=\"et_pb_module et_pb_text et_pb_text_0 et_pb_text_align_center et_pb_bg_layout_light\">\n<div class=\"et_pb_text_inner\">\n<h1>B\u00e9n\u00e9volat<\/h1>\n<div class=\"npcontent\">\n<div class=\"npobject\">\n<div class=\"et_pb_module et_pb_text et_pb_text_0 et_pb_text_align_center et_pb_bg_layout_light\">\n<div class=\"et_pb_text_inner\">\n<div class=\"npcontent\">\n<div class=\"npobject\">\n<h2>Nous recherchons des membres du conseil d&rsquo;administration b\u00e9n\u00e9voles<\/h2>\n<\/div>\n<\/div>\n<\/div>\n<\/div>\n<p>&nbsp;<\/p>\n<p style=\"text-align: left;\"><span style=\"text-decoration: underline;\"><a class=\"nplink\" href=\"https:\/\/hungerprojekt.ch\/wp-content\/uploads\/2021\/09\/Annonce-Recherche-membres_FR_HP-2.pdf\">Annonce recherche<\/a><\/span><\/p>\n<p style=\"text-align: left;\"><span style=\"text-decoration: underline;\"><a class=\"nplink\" href=\"https:\/\/hungerprojekt.ch\/wp-content\/uploads\/2021\/09\/Testimoniales-membres-du-conseil-dadministration_FR.pdf\">Testimoniales des membres du conseil d&rsquo;administration<\/a><\/span><\/p>\n<p>&nbsp;<\/p>\n<\/div>\n<div class=\"npobject\"><\/div>\n<\/div>\n<\/div>\n<\/div>\n<p>&nbsp;<\/p>\n<p>Des volontaires motiv\u00e9s nous appuient dans notre travail. Souhaitez-vous \u00e9galement vous engagez socialement? Nous serions ravis de vous accueillir dans notre \u00e9quipe.<\/p>\n<p>&nbsp;<\/p>\n<p><a class=\"nplink\" href=\"mailto:alexandra.%E2%80%8Bkoch@%E2%80%8Bhungerprojekt.%E2%80%8Bch\" target=\"_blank\" rel=\"noopener noreferrer\">alex\u00adan\u00addra.\u200bkoch@\u200bhun\u00adger\u00adpro\u00adjekt.\u200bch<\/a><\/p>\n<p>&nbsp;<\/p>\n<p>&nbsp;<\/p>\n<div class=\"npobject\">\n<h2>T\u00e2ches de b\u00e9n\u00e9volat<\/h2>\n<p>&nbsp;<\/p>\n<\/div>\n<div class=\"npobject\">\n<ul>\n<li>\u00c9tablir et maintenir des contacts avec les investisseurs<\/li>\n<li>Relations publiques<\/li>\n<li>M\u00e9dias sociaux<\/li>\n<li>Travail de recherche<\/li>\n<li>Participation \u00e0 des actions et \u00e9v\u00e9nements<\/li>\n<li>Traductions<\/li>\n<\/ul>\n<p>&nbsp;<\/p>\n<\/div>\n<p><span style=\"text-decoration: underline;\"><a href=\"https:\/\/www.benevol-jobs.ch\/fr\/annonces?search=Das%20Hunger%20Projekt%20Schweiz&amp;job_geo_location=&amp;radius=50&amp;Suchen=Suchen&amp;lat=&amp;lon=&amp;country=&amp;administrative_area_level_1=\" target=\"_blank\" rel=\"noopener noreferrer\">Lien vers les annonces<\/a><\/span><\/p>\n<p>&nbsp;<\/p>\n<p>&nbsp;<\/p>\n<div class=\"npobject\">\n<h2>Petits portraits de b\u00e9n\u00e9voles<\/h2>\n<\/div>\n<p>&nbsp;<\/p>\n<p>&nbsp;<\/p>\n<p><img fetchpriority=\"high\" decoding=\"async\" class=\" wp-image-1890 alignleft\" src=\"https:\/\/hungerprojekt.ch\/wp-content\/uploads\/2020\/11\/christa17.jpg\" alt=\"\" width=\"276\" height=\"326\" \/>\u00abA la recherche d&rsquo;une activit\u00e9 significative, je suis tomb\u00e9 sur le Hunger Project. Je suis particuli\u00e8rement motiv\u00e9 par la mission du Hunger Project, qui est avant tout de promouvoir la responsabilit\u00e9 et l&rsquo;autod\u00e9termination des femmes et de r\u00e9duire ainsi la faim et la pauvret\u00e9. Aujourd&rsquo;hui, je suis responsable de la cr\u00e9ation de divers documents imprim\u00e9s. Ce travail me rappelle encore et encore qu&rsquo;il ne peut pas \u00eatre tenu pour acquis de vivre dans un environnement privil\u00e9gi\u00e9 et s\u00fbr\u00bb <em>Christa Eberle<\/em><\/p>\n<p>&nbsp;<\/p>\n<p>&nbsp;<\/p>\n<p><img decoding=\"async\" class=\"wp-image-1893 alignleft\" src=\"https:\/\/hungerprojekt.ch\/wp-content\/uploads\/2020\/11\/juerg_bild.jpg\" alt=\"\" width=\"273\" height=\"377\" \/><\/p>\n<p>\u00abApr\u00e8s 44 ans d&rsquo;enseignement (les 24 derni\u00e8res ann\u00e9es dans votre propre \u00e9cole), vous ne pouvez pas simplement arr\u00eater de travailler, et vous voulez aussi \u00ab\u00a0donner quelque chose en retour\u00a0\u00bb. Si n\u00e9cessaire, j&rsquo;\u00e9cris des traductions pour le projet Hunger sur l&rsquo;ordinateur. Parfois, j&rsquo;aide avec ma femme B\u00e9atrice aux \u00e9v\u00e9nements du stand THP aux \u00e9v\u00e9nements du march\u00e9. En ces occasions et en d&rsquo;autres occasions, nous avons toujours rencontr\u00e9 des gens int\u00e9ressants et engag\u00e9s. Ce qui m&rsquo;impressionne particuli\u00e8rement dans le projet Hunger, c&rsquo;est ce qui peut \u00eatre accompli avec peu d&rsquo;argent si les gens sur le terrain sont form\u00e9s pour s&rsquo;aider eux-m\u00eames et si les femmes en particulier sont promues et soutenues.\u00bb <em>J\u00f6rg Lienhart<\/em><\/p>\n<p>&nbsp;<\/p>\n<p>&nbsp;<\/p>\n<p><img decoding=\"async\" class=\"wp-image-1896 alignleft\" src=\"https:\/\/hungerprojekt.ch\/wp-content\/uploads\/2020\/11\/lydia_7-225x300.jpg\" alt=\"\" width=\"273\" height=\"364\" srcset=\"https:\/\/hungerprojekt.ch\/wp-content\/uploads\/2020\/11\/lydia_7-225x300.jpg 225w, https:\/\/hungerprojekt.ch\/wp-content\/uploads\/2020\/11\/lydia_7.jpg 300w\" sizes=\"(max-width: 273px) 100vw, 273px\" \/><em>\u00ab<\/em>Comme mon p\u00e8re \u00e9tait membre du THP avant ma naissance, je pouvais devenir membre du THP d\u00e8s mon plus jeune \u00e2ge. Cela m&rsquo;inspire de voir quand les gens peuvent \u00e9largir leurs horizons parce que le THP montre aux gens comment ils peuvent se d\u00e9velopper. En bref: THP ne donne pas le poisson, mais la canne \u00e0 p\u00eache. C&rsquo;est juste agr\u00e9able de savoir que vous pouvez aider des gens qui n&rsquo;ont pas les m\u00eames possibilit\u00e9s que moi, mais qui aimeraient avoir ces occasions. Les gens peuvent faire beaucoup de choses avec peu de ressources. \u00c7a aide non seulement les gens que vous aidez, mais aussi moi. Cela me change aussi en positif. En plus, c&rsquo;est ma petite contribution \u00e0 changer le monde pour le mieux.<em>\u00bb\u00a0Lydia Heini<\/em>[\/vc_column_text][\/vc_column][vc_column width=\u00a0\u00bb3\/12&Prime; offset=\u00a0\u00bbvc_hidden-md vc_hidden-sm vc_hidden-xs\u00a0\u00bb][\/vc_column][\/vc_row][vc_row css_animation=\u00a0\u00bb\u00a0\u00bb row_type=\u00a0\u00bbrow\u00a0\u00bb use_row_as_full_screen_section=\u00a0\u00bbno\u00a0\u00bb type=\u00a0\u00bbfull_width\u00a0\u00bb angled_section=\u00a0\u00bbno\u00a0\u00bb text_align=\u00a0\u00bbcenter\u00a0\u00bb background_image_as_pattern=\u00a0\u00bbwithout_pattern\u00a0\u00bb z_index=\u00a0\u00bb\u00a0\u00bb css=\u00a0\u00bb.vc_custom_1602087442483{margin-top: 50px !important;background-color: #0011aa !important;}\u00a0\u00bb][vc_column][vc_row_inner row_type=\u00a0\u00bbrow\u00a0\u00bb type=\u00a0\u00bbgrid\u00a0\u00bb text_align=\u00a0\u00bbcenter\u00a0\u00bb css_animation=\u00a0\u00bb\u00a0\u00bb css=\u00a0\u00bb.vc_custom_1602082086628{padding-top: 50px !important;padding-bottom: 50px !important;}\u00a0\u00bb][vc_column_inner width=\u00a0\u00bb2\/3&Prime; css=\u00a0\u00bb.vc_custom_1602075588363{padding-top: 10px !important;padding-bottom: 10px !important;}\u00a0\u00bb]<div class=\"custom_font_holder\" style=\"font-family: Unna; font-size: 34px; line-height: 41px; font-style: normal; font-weight: 300; color: #ffffff; text-decoration: none; text-align: center;\">Empowerment \u2013 Donnez et changez des vies!<\/div>[\/vc_column_inner][vc_column_inner width=\u00a0\u00bb1\/3&Prime; css=\u00a0\u00bb.vc_custom_1602075582964{padding-top: 10px !important;padding-bottom: 10px !important;}\u00a0\u00bb]<a  itemprop=\"url\" href=\"\/fr\/votre-contribution\/\" target=\"_self\" data-hover-background-color='#ffffff' data-hover-border-color='#ffffff' data-hover-color='#0011aa' class=\"qbutton  small center default\" style=\"color: #ffffff; border-color: #ffffff; font-style: normal; font-weight: 700; font-family: Source Sans Pro; text-transform: uppercase; background-color: #0011aa;\">Faire un don<\/a>[\/vc_column_inner][\/vc_row_inner][\/vc_column][\/vc_row]<\/p>\n<\/div>","protected":false},"excerpt":{"rendered":"<p>[vc_row css_animation=\u00a0\u00bb\u00a0\u00bb row_type=\u00a0\u00bbrow\u00a0\u00bb use_row_as_full_screen_section=\u00a0\u00bbno\u00a0\u00bb type=\u00a0\u00bbfull_width\u00a0\u00bb angled_section=\u00a0\u00bbno\u00a0\u00bb text_align=\u00a0\u00bbcenter\u00a0\u00bb background_image_as_pattern=\u00a0\u00bbwithout_pattern\u00a0\u00bb z_index=\u00a0\u00bb\u00a0\u00bb css=\u00a0\u00bb.vc_custom_1604521825735{background-color: #ffffff !important;}\u00a0\u00bb][vc_column][vc_row_inner row_type=\u00a0\u00bbrow\u00a0\u00bb type=\u00a0\u00bbfull_width\u00a0\u00bb text_align=\u00a0\u00bbcenter\u00a0\u00bb css_animation=\u00a0\u00bb\u00a0\u00bb][vc_column_inner offset=\u00a0\u00bbvc_hidden-sm vc_hidden-xs\u00a0\u00bb css=\u00a0\u00bb.vc_custom_1604845042553{padding-top: 500px !important;background-image: url(https:\/\/hungerprojekt.ch\/wp-content\/uploads\/2020\/10\/5016074_20d255afb5_k.jpg?id=141) !important;background-position: center !important;background-repeat: no-repeat !important;background-size: cover !important;}\u00a0\u00bb][\/vc_column_inner][\/vc_row_inner][vc_row_inner row_type=\u00a0\u00bbrow\u00a0\u00bb type=\u00a0\u00bbfull_width\u00a0\u00bb text_align=\u00a0\u00bbcenter\u00a0\u00bb css_animation=\u00a0\u00bb\u00a0\u00bb][vc_column_inner offset=\u00a0\u00bbvc_hidden-lg vc_hidden-md\u00a0\u00bb css=\u00a0\u00bb.vc_custom_1604845030915{padding-top: 200px !important;background-image: url(https:\/\/hungerprojekt.ch\/wp-content\/uploads\/2020\/10\/5016074_20d255afb5_k.jpg?id=141) !important;background-position: center !important;background-repeat: no-repeat !important;background-size: cover&#8230;<\/p>\n","protected":false},"author":1,"featured_media":0,"parent":6064,"menu_order":1,"comment_status":"closed","ping_status":"closed","template":"full_width.php","meta":{"inline_featured_image":false,"footnotes":""},"class_list":["post-1887","page","type-page","status-publish","hentry"],"_links":{"self":[{"href":"https:\/\/hungerprojekt.ch\/fr\/wp-json\/wp\/v2\/pages\/1887","targetHints":{"allow":["GET"]}}],"collection":[{"href":"https:\/\/hungerprojekt.ch\/fr\/wp-json\/wp\/v2\/pages"}],"about":[{"href":"https:\/\/hungerprojekt.ch\/fr\/wp-json\/wp\/v2\/types\/page"}],"author":[{"embeddable":true,"href":"https:\/\/hungerprojekt.ch\/fr\/wp-json\/wp\/v2\/users\/1"}],"replies":[{"embeddable":true,"href":"https:\/\/hungerprojekt.ch\/fr\/wp-json\/wp\/v2\/comments?post=1887"}],"version-history":[{"count":18,"href":"https:\/\/hungerprojekt.ch\/fr\/wp-json\/wp\/v2\/pages\/1887\/revisions"}],"predecessor-version":[{"id":3250,"href":"https:\/\/hungerprojekt.ch\/fr\/wp-json\/wp\/v2\/pages\/1887\/revisions\/3250"}],"up":[{"embeddable":true,"href":"https:\/\/hungerprojekt.ch\/fr\/wp-json\/wp\/v2\/pages\/6064"}],"wp:attachment":[{"href":"https:\/\/hungerprojekt.ch\/fr\/wp-json\/wp\/v2\/media?parent=1887"}],"curies":[{"name":"wp","href":"https:\/\/api.w.org\/{rel}","templated":true}]}}