{"id":4382,"date":"2023-07-07T14:51:50","date_gmt":"2023-07-07T12:51:50","guid":{"rendered":"https:\/\/hungerprojekt.ch\/qui-sommes-nous\/40-ans-daction-contre-la-faim\/"},"modified":"2023-08-18T16:52:05","modified_gmt":"2023-08-18T14:52:05","slug":"40-ans-daction-contre-la-faim","status":"publish","type":"page","link":"https:\/\/hungerprojekt.ch\/fr\/qui-sommes-nous\/40-ans-daction-contre-la-faim\/","title":{"rendered":"40 ans d&rsquo;action contre la faim!"},"content":{"rendered":"<div class=\"wpb-content-wrapper\"><p>[vc_row css_animation=\u00a0\u00bb\u00a0\u00bb row_type=\u00a0\u00bbrow\u00a0\u00bb use_row_as_full_screen_section=\u00a0\u00bbno\u00a0\u00bb type=\u00a0\u00bbfull_width\u00a0\u00bb angled_section=\u00a0\u00bbno\u00a0\u00bb text_align=\u00a0\u00bbcenter\u00a0\u00bb background_image_as_pattern=\u00a0\u00bbwithout_pattern\u00a0\u00bb z_index=\u00a0\u00bb\u00a0\u00bb css=\u00a0\u00bb.vc_custom_1604521825735{background-color: #ffffff !important;}\u00a0\u00bb][vc_column][\/vc_column][\/vc_row][vc_row css_animation=\u00a0\u00bb\u00a0\u00bb row_type=\u00a0\u00bbrow\u00a0\u00bb use_row_as_full_screen_section=\u00a0\u00bbno\u00a0\u00bb type=\u00a0\u00bbgrid\u00a0\u00bb angled_section=\u00a0\u00bbno\u00a0\u00bb text_align=\u00a0\u00bbleft\u00a0\u00bb background_image_as_pattern=\u00a0\u00bbwithout_pattern\u00a0\u00bb z_index=\u00a0\u00bb\u00a0\u00bb][vc_column][vc_empty_space height=\u00a0\u00bb80&Prime; css=\u00a0\u00bb.vc_custom_1688291141200{background-color: #ffffff !important;}\u00a0\u00bb][vc_column_text]<\/p>\n<h1>40 ans d&rsquo;action contre la faim!<\/h1>\n<p>[\/vc_column_text][vc_single_image image=\u00a0\u00bb4180&Prime; img_size=\u00a0\u00bbfull\u00a0\u00bb alignment=\u00a0\u00bbcenter\u00a0\u00bb qode_css_animation=\u00a0\u00bb\u00a0\u00bb][vc_empty_space height=\u00a0\u00bb30&Prime; css=\u00a0\u00bb.vc_custom_1688291820918{background-color: #ffffff !important;}\u00a0\u00bb][vc_column_text css=\u00a0\u00bb.vc_custom_1688734718048{padding-right: 40px !important;padding-left: 40px !important;background-color: #ffffff !important;}\u00a0\u00bb]<\/p>\n<div class=\"et_pb_module et_pb_text et_pb_text_0 et_pb_text_align_center et_pb_bg_layout_light\">\n<div class=\"et_pb_text_inner\">\n<h1 style=\"text-align: left;\"><\/h1>\n<\/div>\n<\/div>\n<div class=\"et_pb_module et_pb_text et_pb_text_1 et_pb_text_align_center et_pb_bg_layout_light\">\n<div class=\"et_pb_text_inner\">\n<div class=\"npobject\">\n<div class=\"npobject\">\n<div class=\"npobject\">\n<p style=\"text-align: left;\"><span style=\"color: #000000;\"><img fetchpriority=\"high\" decoding=\"async\" class=\"wp-image-4379 size-medium alignleft\" src=\"https:\/\/hungerprojekt.ch\/wp-content\/uploads\/2023\/07\/40YR-FR-268x300.jpg\" alt=\"\" width=\"225\" height=\"247\" \/>Le 1er juillet 1983, les aspirations d&rsquo;un petit groupe de personnes engag\u00e9es sont devenues pour la premi\u00e8re fois une organisation officielle. Leur objectif ? Lutter contre la faim dans le monde &#8211; le Projet Faim Suisse est n\u00e9. Ce qui a commenc\u00e9 avec seulement quelques membres est devenu une organisation comptant plusieurs centaines de personnes engag\u00e9es, de personnes de soutien et, entre-temps, plusieurs collaborateurs permanents. Nous avons tous un objectif : un monde sans faim. M\u00eame si cet objectif n&rsquo;est malheureusement pas encore atteint aujourd&rsquo;hui, nous avons r\u00e9alis\u00e9 beaucoup de choses ensemble au cours de ces quatre d\u00e9cennies. Mais il reste encore beaucoup \u00e0 faire aujourd&rsquo;hui pour r\u00e9aliser notre vision : un monde dans lequel toutes les filles et tous les gar\u00e7ons, toutes les femmes et tous les hommes m\u00e8nent une vie saine et \u00e9panouie, dans l&rsquo;autod\u00e9termination et la dignit\u00e9.<\/span><\/p>\n<p>&nbsp;<\/p>\n<\/div>\n<\/div>\n<\/div>\n<\/div>\n<\/div>\n<p>[\/vc_column_text][vc_video link=\u00a0\u00bbhttps:\/\/youtu.be\/Nsdpx-V8E74&Prime; el_width=\u00a0\u00bb70&Prime; align=\u00a0\u00bbcenter\u00a0\u00bb][vc_empty_space height=\u00a0\u00bb20&Prime; css=\u00a0\u00bb.vc_custom_1688292564759{background-color: #ffffff !important;}\u00a0\u00bb][vc_column_text]Rejoignez-nous pour un voyage \u00e0 travers les quatre derni\u00e8res d\u00e9cennies et les succ\u00e8s que nous avons pu y remporter :[\/vc_column_text][vc_empty_space height=\u00a0\u00bb25&Prime; css=\u00a0\u00bb.vc_custom_1688293309894{background-color: #ffffff !important;}\u00a0\u00bb]<a  itemprop=\"url\" href=\"https:\/\/hungerprojekt.ch\/fr\/qui-sommes-nous\/40-ans-de-thp-suisse-un-voyage-dans-le-temps\/\" target=\"_self\"  class=\"qbutton  small center default\" style=\"margin: 0px 0px 1px 250px; \">LES MOMENTS FORTS DES 40 DERNI\u00c8RES ANN\u00c9ES<\/a>[vc_empty_space height=\u00a0\u00bb25&Prime; css=\u00a0\u00bb.vc_custom_1688293305164{background-color: #ffffff !important;}\u00a0\u00bb][vc_column_text]Ensemble, nous avons fait bouger les choses au cours des 40 derni\u00e8res ann\u00e9es ! En voici un petit extrait. Depuis la cr\u00e9ation du Projet Faim, nous avons entre autres r\u00e9alis\u00e9 ce qui suit :[\/vc_column_text][vc_empty_space height=\u00a0\u00bb20&Prime; css=\u00a0\u00bb.vc_custom_1688292564759{background-color: #ffffff !important;}\u00a0\u00bb][vc_row_inner row_type=\u00a0\u00bbrow\u00a0\u00bb type=\u00a0\u00bbfull_width\u00a0\u00bb text_align=\u00a0\u00bbleft\u00a0\u00bb css_animation=\u00a0\u00bb\u00a0\u00bb][vc_column_inner width=\u00a0\u00bb1\/4&Prime;][vc_single_image image=\u00a0\u00bb4220&Prime; alignment=\u00a0\u00bbright\u00a0\u00bb qode_css_animation=\u00a0\u00bb\u00a0\u00bb][\/vc_column_inner][vc_column_inner width=\u00a0\u00bb1\/2&Prime;][vc_column_text css=\u00a0\u00bb.vc_custom_1688293364185{margin-top: 60px !important;}\u00a0\u00bb]<strong>Plus d&rsquo;un million de personnes vivent dans des \u00e9picentres autonomes*. <\/strong>[\/vc_column_text][\/vc_column_inner][vc_column_inner width=\u00a0\u00bb1\/4&Prime;][\/vc_column_inner][\/vc_row_inner][vc_row_inner row_type=\u00a0\u00bbrow\u00a0\u00bb type=\u00a0\u00bbfull_width\u00a0\u00bb text_align=\u00a0\u00bbleft\u00a0\u00bb css_animation=\u00a0\u00bb\u00a0\u00bb][vc_column_inner width=\u00a0\u00bb1\/4&Prime;][vc_single_image image=\u00a0\u00bb4217&Prime; alignment=\u00a0\u00bbright\u00a0\u00bb qode_css_animation=\u00a0\u00bb\u00a0\u00bb][\/vc_column_inner][vc_column_inner width=\u00a0\u00bb1\/2&Prime;][vc_column_text css=\u00a0\u00bb.vc_custom_1688293451770{margin-top: 40px !important;}\u00a0\u00bb]<strong>Plus de 500.000 femmes ont particip\u00e9 \u00e0 des formations pour devenir ind\u00e9pendantes*.<\/strong>[\/vc_column_text][\/vc_column_inner][vc_column_inner width=\u00a0\u00bb1\/4&Prime;][\/vc_column_inner][\/vc_row_inner][vc_row_inner row_type=\u00a0\u00bbrow\u00a0\u00bb type=\u00a0\u00bbfull_width\u00a0\u00bb text_align=\u00a0\u00bbleft\u00a0\u00bb css_animation=\u00a0\u00bb\u00a0\u00bb][vc_column_inner width=\u00a0\u00bb1\/4&Prime;][vc_single_image image=\u00a0\u00bb4214&Prime; alignment=\u00a0\u00bbright\u00a0\u00bb qode_css_animation=\u00a0\u00bb\u00a0\u00bb][\/vc_column_inner][vc_column_inner width=\u00a0\u00bb1\/2&Prime;][vc_column_text css=\u00a0\u00bb.vc_custom_1688293487248{margin-top: 30px !important;}\u00a0\u00bb]<strong>Plus de 194 000 femmes en Inde utilisent activement leur voix en tant que d\u00e9put\u00e9es \u00e9lues pour le d\u00e9veloppement de leurs communaut\u00e9s*.<\/strong>[\/vc_column_text][\/vc_column_inner][vc_column_inner width=\u00a0\u00bb1\/4&Prime;][\/vc_column_inner][\/vc_row_inner][vc_row_inner row_type=\u00a0\u00bbrow\u00a0\u00bb type=\u00a0\u00bbfull_width\u00a0\u00bb text_align=\u00a0\u00bbleft\u00a0\u00bb css_animation=\u00a0\u00bb\u00a0\u00bb][vc_column_inner width=\u00a0\u00bb1\/4&Prime;][vc_single_image image=\u00a0\u00bb4223&Prime; alignment=\u00a0\u00bbright\u00a0\u00bb qode_css_animation=\u00a0\u00bb\u00a0\u00bb][\/vc_column_inner][vc_column_inner width=\u00a0\u00bb1\/2&Prime;][vc_column_text css=\u00a0\u00bb.vc_custom_1688293494457{margin-top: 30px !important;}\u00a0\u00bb]<strong>43 Projets soutenus par THP-Suisse dans 9 pays (Ghana, S\u00e9n\u00e9gal, Inde, Ouganda, Mozambique, Burkina Faso, \u00c9thiopie, B\u00e9nin, Bangladesh)<\/strong>[\/vc_column_text][\/vc_column_inner][vc_column_inner width=\u00a0\u00bb1\/4&Prime;][\/vc_column_inner][\/vc_row_inner][vc_row_inner row_type=\u00a0\u00bbrow\u00a0\u00bb type=\u00a0\u00bbgrid\u00a0\u00bb text_align=\u00a0\u00bbcenter\u00a0\u00bb css_animation=\u00a0\u00bb\u00a0\u00bb css=\u00a0\u00bb.vc_custom_1602082086628{padding-top: 50px !important;padding-bottom: 50px !important;}\u00a0\u00bb][vc_column_inner css=\u00a0\u00bb.vc_custom_1602075588363{padding-top: 10px !important;padding-bottom: 10px !important;}\u00a0\u00bb][vc_column_text]<\/p>\n<p style=\"text-align: left;\">*Les chiffres se r\u00e9f\u00e8rent au THP global depuis le d\u00e9but des enregistrements.<\/p>\n<p>&nbsp;<\/p>\n<p style=\"text-align: left;\">Mais l\u2019\u00e9radication de la faim dans le monde n&rsquo;est pas encore atteinte. Au contraire, la pand\u00e9mie et les guerres mondiales ne font qu&rsquo;aggraver le probl\u00e8me. C&rsquo;est pourquoi notre collaboration est plus que jamais n\u00e9cessaire pour atteindre l&rsquo;objectif de ne plus voir aucun habitant de la plan\u00e8te souffrir de la faim d&rsquo;ici 2030 ! Les derni\u00e8res d\u00e9cennies nous ont appris tout ce que nous pouvons r\u00e9aliser lorsque nous nous engageons avec des centaines de personnes \u00e0 atteindre un objectif. Avec vous, nous envisageons donc un avenir sans faim ni pauvret\u00e9. Soutenez-nous !<\/p>\n<p>[\/vc_column_text][\/vc_column_inner][\/vc_row_inner][\/vc_column][\/vc_row][vc_row css_animation=\u00a0\u00bb\u00a0\u00bb row_type=\u00a0\u00bbrow\u00a0\u00bb use_row_as_full_screen_section=\u00a0\u00bbno\u00a0\u00bb type=\u00a0\u00bbfull_width\u00a0\u00bb angled_section=\u00a0\u00bbno\u00a0\u00bb text_align=\u00a0\u00bbcenter\u00a0\u00bb background_image_as_pattern=\u00a0\u00bbwithout_pattern\u00a0\u00bb z_index=\u00a0\u00bb\u00a0\u00bb css=\u00a0\u00bb.vc_custom_1602087442483{margin-top: 50px !important;background-color: #0011aa !important;}\u00a0\u00bb][vc_column][vc_row_inner row_type=\u00a0\u00bbrow\u00a0\u00bb type=\u00a0\u00bbgrid\u00a0\u00bb text_align=\u00a0\u00bbcenter\u00a0\u00bb css_animation=\u00a0\u00bb\u00a0\u00bb css=\u00a0\u00bb.vc_custom_1602082086628{padding-top: 50px !important;padding-bottom: 50px !important;}\u00a0\u00bb][vc_column_inner width=\u00a0\u00bb2\/3&Prime; css=\u00a0\u00bb.vc_custom_1602075588363{padding-top: 10px !important;padding-bottom: 10px !important;}\u00a0\u00bb]<div class=\"custom_font_holder\" style=\"font-family: Unna; font-size: 34px; line-height: 41px; font-style: normal; font-weight: 300; color: #ffffff; text-decoration: none; text-align: center;\">Empowerment &#8211; Investieren Sie in Menschen!<\/div>[\/vc_column_inner][vc_column_inner width=\u00a0\u00bb1\/3&Prime; css=\u00a0\u00bb.vc_custom_1602075582964{padding-top: 10px !important;padding-bottom: 10px !important;}\u00a0\u00bb]<a  itemprop=\"url\" href=\"\/spenden\/\" target=\"_self\" data-hover-background-color='#ffffff' data-hover-border-color='#ffffff' data-hover-color='#0011aa' class=\"qbutton  small center default\" style=\"color: #ffffff; border-color: #ffffff; font-style: normal; font-weight: 700; font-family: Source Sans Pro; text-transform: uppercase; background-color: #0011aa;\">Jetzt spenden<\/a>[\/vc_column_inner][\/vc_row_inner][\/vc_column][\/vc_row]<\/p>\n<\/div>","protected":false},"excerpt":{"rendered":"<p>[vc_row css_animation=\u00a0\u00bb\u00a0\u00bb row_type=\u00a0\u00bbrow\u00a0\u00bb use_row_as_full_screen_section=\u00a0\u00bbno\u00a0\u00bb type=\u00a0\u00bbfull_width\u00a0\u00bb angled_section=\u00a0\u00bbno\u00a0\u00bb text_align=\u00a0\u00bbcenter\u00a0\u00bb background_image_as_pattern=\u00a0\u00bbwithout_pattern\u00a0\u00bb z_index=\u00a0\u00bb\u00a0\u00bb css=\u00a0\u00bb.vc_custom_1604521825735{background-color: #ffffff !important;}\u00a0\u00bb][vc_column][\/vc_column][\/vc_row][vc_row css_animation=\u00a0\u00bb\u00a0\u00bb row_type=\u00a0\u00bbrow\u00a0\u00bb use_row_as_full_screen_section=\u00a0\u00bbno\u00a0\u00bb type=\u00a0\u00bbgrid\u00a0\u00bb angled_section=\u00a0\u00bbno\u00a0\u00bb text_align=\u00a0\u00bbleft\u00a0\u00bb background_image_as_pattern=\u00a0\u00bbwithout_pattern\u00a0\u00bb z_index=\u00a0\u00bb\u00a0\u00bb][vc_column][vc_empty_space height=\u00a0\u00bb80&Prime; css=\u00a0\u00bb.vc_custom_1688291141200{background-color: #ffffff !important;}\u00a0\u00bb][vc_column_text] 40 ans d&rsquo;action contre la faim! [\/vc_column_text][vc_single_image image=\u00a0\u00bb4180&Prime; img_size=\u00a0\u00bbfull\u00a0\u00bb alignment=\u00a0\u00bbcenter\u00a0\u00bb qode_css_animation=\u00a0\u00bb\u00a0\u00bb][vc_empty_space height=\u00a0\u00bb30&Prime; css=\u00a0\u00bb.vc_custom_1688291820918{background-color: #ffffff !important;}\u00a0\u00bb][vc_column_text css=\u00a0\u00bb.vc_custom_1688734718048{padding-right: 40px !important;padding-left: 40px !important;background-color: #ffffff&#8230;<\/p>\n","protected":false},"author":5,"featured_media":0,"parent":1503,"menu_order":1,"comment_status":"closed","ping_status":"closed","template":"full_width.php","meta":{"inline_featured_image":false,"footnotes":""},"class_list":["post-4382","page","type-page","status-publish","hentry"],"_links":{"self":[{"href":"https:\/\/hungerprojekt.ch\/fr\/wp-json\/wp\/v2\/pages\/4382","targetHints":{"allow":["GET"]}}],"collection":[{"href":"https:\/\/hungerprojekt.ch\/fr\/wp-json\/wp\/v2\/pages"}],"about":[{"href":"https:\/\/hungerprojekt.ch\/fr\/wp-json\/wp\/v2\/types\/page"}],"author":[{"embeddable":true,"href":"https:\/\/hungerprojekt.ch\/fr\/wp-json\/wp\/v2\/users\/5"}],"replies":[{"embeddable":true,"href":"https:\/\/hungerprojekt.ch\/fr\/wp-json\/wp\/v2\/comments?post=4382"}],"version-history":[{"count":8,"href":"https:\/\/hungerprojekt.ch\/fr\/wp-json\/wp\/v2\/pages\/4382\/revisions"}],"predecessor-version":[{"id":4408,"href":"https:\/\/hungerprojekt.ch\/fr\/wp-json\/wp\/v2\/pages\/4382\/revisions\/4408"}],"up":[{"embeddable":true,"href":"https:\/\/hungerprojekt.ch\/fr\/wp-json\/wp\/v2\/pages\/1503"}],"wp:attachment":[{"href":"https:\/\/hungerprojekt.ch\/fr\/wp-json\/wp\/v2\/media?parent=4382"}],"curies":[{"name":"wp","href":"https:\/\/api.w.org\/{rel}","templated":true}]}}